{"id":84731,"date":"2020-06-26T14:27:16","date_gmt":"2020-06-26T12:27:16","guid":{"rendered":"https:\/\/www.anjouautomation.com\/note-legali\/"},"modified":"2020-06-26T14:42:52","modified_gmt":"2020-06-26T12:42:52","slug":"note-legali","status":"publish","type":"page","link":"https:\/\/www.anjouautomation.com\/it\/note-legali\/","title":{"rendered":"Note legali"},"content":{"rendered":"<div class=\"wpb-content-wrapper\"><p>[vc_row row_height_percent=&#8221;0&#8243; override_padding=&#8221;yes&#8221; h_padding=&#8221;2&#8243; top_padding=&#8221;3&#8243; bottom_padding=&#8221;1&#8243; overlay_alpha=&#8221;50&#8243; gutter_size=&#8221;3&#8243; column_width_percent=&#8221;100&#8243; shift_y=&#8221;0&#8243; z_index=&#8221;0&#8243; el_class=&#8221;.content-mentions&#8221; shape_dividers=&#8221;&#8221;][vc_column width=&#8221;1\/2&#8243;][vc_custom_heading sub_reduced=&#8221;yes&#8221;]Aujouautomation.fr \u00e8 pubblicato dalla societ\u00e0:[\/vc_custom_heading][vc_column_text]Anjou Automation<br \/>\nSAS con capitale sociale di 7.067.666,00 \u20ac<br \/>\n880, rue L\u00e9o Baekeland &#8211; B.P. 57<br \/>\n85290 MORTAGNE SUR SEVRE<\/p>\n<p>Direttori della pubblicazione:<br \/>\nPascal CHERBONNIER[\/vc_column_text][\/vc_column][vc_column width=&#8221;1\/2&#8243;][vc_custom_heading sub_reduced=&#8221;yes&#8221;]L\u2019host del sito anjouautomation.fr \u00e8:[\/vc_custom_heading][vc_column_text]OVH<br \/>\n2 rue kellermann<br \/>\nBP 80157<br \/>\n59053 ROUBAIX Cedex 1<br \/>\nTelfono :+33 (0)8 203 203 63<br \/>\nE-mail : support@ovh.com[\/vc_column_text][\/vc_column][\/vc_row][vc_row row_height_percent=&#8221;0&#8243; overlay_alpha=&#8221;50&#8243; gutter_size=&#8221;3&#8243; column_width_percent=&#8221;100&#8243; shift_y=&#8221;0&#8243; z_index=&#8221;0&#8243; el_class=&#8221;.content-mentions&#8221;][vc_column width=&#8221;1\/1&#8243;][vc_custom_heading sub_reduced=&#8221;yes&#8221;]Il sito anjouautomation.fr \u00e8 stato realizzato da:[\/vc_custom_heading][vc_column_text]<\/p>\n<p>Agenzia web Enjin<br \/>\nE-mail : <a href=\"mailto:contact@enjin.fr\">contact@enjin.fr<\/a><br \/>\nSito web : <a href=\"https:\/\/www.enjin.fr\">www.enjin.fr<\/a><\/p>\n<p>[\/vc_column_text][vc_custom_heading sub_reduced=&#8221;yes&#8221;]Propriet\u00e0 intellettuale[\/vc_custom_heading][vc_column_text]I contenuti del sito anjouautomation.fr (struttura, design, testi, immagini, animazioni, logo) sono di propriet\u00e0 esclusiva della societ\u00e0 Anjou Automation. \u00c8 assolutamente vietato qualsiasi utilizzo degli elementi del sito anjouautomation.fr, ivi comprese la riproduzione, la modifica, la diffusione o la ripubblicazione, senza il previo consenso scritto della societ\u00e0 Anjou Automation. Qualsiasi richiesta di autorizzazione per la riproduzione totale o parziale di questo sito deve essere indirizzata a contact@anjouautomation.fr[\/vc_column_text][vc_custom_heading sub_reduced=&#8221;yes&#8221;]Limitazione di responsabilit\u00e0[\/vc_custom_heading][vc_column_text]<\/p>\n<p>Il sito anjouautomation.fr non pu\u00f2 essere ritenuto responsabile per errori riscontrati sul sito, problemi tecnici, interpretazione delle informazioni pubblicate e conseguenze del loro utilizzo. Pertanto, l\u2019utente riconosce di utilizzare queste informazioni sotto la sua esclusiva responsabilit\u00e0.<\/p>\n<p>[\/vc_column_text][vc_custom_heading sub_reduced=&#8221;yes&#8221;]Politica sui cookie[\/vc_custom_heading][vc_column_text]<\/p>\n<p>Il sito anjouautomation.fr utilizza i cookie, piccoli file di testo che vengono inseriti nel computer dell\u2019utente per aiutarci a fornire una migliore esperienza di navigazione. I cookie sono utilizzati, sul nostro sito, per fornire dati di tracciamento anonimi ad un\u2019applicazione di terze parti: Google Analytics. In generale, i cookie miglioreranno l\u2019esperienza di navigazione. Tuttavia, \u00e8 possibile disattivare nel browser i cookie di questo sito. Il rifiuto di installare un cookie pu\u00f2 comportare l\u2019impossibilit\u00e0 di accedere a determinati servizi. Tuttavia, si pu\u00f2 configurare il browser in modo che rifiuti l\u2019installazione dei cookie:<\/p>\n<ul>\n<li>Internet Explorer : <a href=\"\/\/support.microsoft.com\/fr-fr\/help\/17442\/windows-inter-net-explorer-delete-manage-cookies\u00bb\" target=\"\u00bb_blank\u00bbrel=\u00bbnoopener\u00bb\" rel=\"noopener noreferrer\">https:\/\/support.microsoft.com\/fr-fr\/help\/17442\/windows-internet-explorer-delete-ma-nage-cookies<\/a><\/li>\n<li>Firefox : <a href=\"\u00bbhttps:\/\/support.mo-zilla.org\/fr\/kb\/empecher-sites-enregistrer-preferences\u00bbtarget=\u00bb_blank\u00bb\" rel=\"\u00bbnoopener\u00bb\">https:\/\/support.mozilla.org\/fr\/kb\/empecher-sites-enregistrer-prefe-rences<\/a><\/li>\n<li>Safari : <a href=\"\/\/support.apple.com\/kb\/PH21411?viewlocale=fr_CA&amp;locale=fr_CA\u00bb\" target=\"\u00bb_blank\u00bb\" rel=\"\u00bbnoopener\u00bb noopener noreferrer\">https:\/\/support.apple.com\/kb\/PH21411?viewlocale=fr_CA&amp;lo-cale=fr_CA<\/a><\/li>\n<li>Chrome : <a href=\"\/\/sup-port.google.com\/chrome\/answer\/95647?co=GENIE.Platform%3DDesktop&amp;hl=fr\u00bb\" target=\"\u00bb_blank\u00bbrel=\u00bbnoopener\u00bb\" rel=\"noopener noreferrer\">https:\/\/support.google.com\/chrome\/answer\/95647?co=GENIE.Platform%3DDesktop&amp;am-p;hl=fr<\/a><\/li>\n<\/ul>\n<p>[\/vc_column_text][vc_custom_heading sub_reduced=&#8221;yes&#8221;]Informativa sulla privacy[\/vc_custom_heading][vc_column_text]La presente Informativa sulla privacy descrive in dettaglio i termini di raccolta, utilizzo e condivisione dei dati personali o non personali che l\u2019utente fornisce ad Anjou Automation quando utilizza il nostro sito web.[\/vc_column_text][\/vc_column][\/vc_row][vc_row row_height_percent=&#8221;0&#8243; override_padding=&#8221;yes&#8221; h_padding=&#8221;2&#8243; top_padding=&#8221;1&#8243; bottom_padding=&#8221;4&#8243; overlay_alpha=&#8221;50&#8243; gutter_size=&#8221;4&#8243; column_width_percent=&#8221;100&#8243; shift_y=&#8221;0&#8243; z_index=&#8221;0&#8243; el_class=&#8221;.content-mentions&#8221;][vc_column column_width_percent=&#8221;100&#8243; gutter_size=&#8221;4&#8243; overlay_alpha=&#8221;50&#8243; shift_x=&#8221;0&#8243; shift_y=&#8221;0&#8243; shift_y_down=&#8221;0&#8243; z_index=&#8221;0&#8243; medium_width=&#8221;4&#8243; mobile_width=&#8221;0&#8243; width=&#8221;1\/2&#8243;][vc_custom_heading heading_semantic=&#8221;h3&#8243; text_size=&#8221;h3&#8243; sub_reduced=&#8221;yes&#8221;]\u2013 Definizione di dati personali e non personali[\/vc_custom_heading][vc_column_text]<\/p>\n<p>I dati personali (\u201cDati personali\u201d) si riferiscono a qualsiasi informazione che identifica l\u2019utente come persona specifica e i dati non personali (\u201cDati non personali\u201d) si riferiscono a qualsiasi informazione che non lo identifica come persona specifica. Anjou Automation si atterr\u00e0 sempre alla definizione normativa applicabile, per determinare quali dati sono personali e quali non lo sono ai fini della presente Informativa sulla Privacy. Laddove la presente Informativa sulla privacy fa riferimento ai \u201cdati\u201d o ai \u201cdati dell\u2019utente\u201d, essi possono comprendere sia dati personali sia non personali. La presente Informativa sulla privacy si applica esclusivamente ai dati raccolti dal nostro sito.<\/p>\n<p>[\/vc_column_text][vc_custom_heading heading_semantic=&#8221;h3&#8243; text_size=&#8221;h3&#8243; sub_reduced=&#8221;yes&#8221;]\u2013 Esercizio dei diritti relativi ai dati personali[\/vc_custom_heading][vc_column_text]<\/p>\n<p>L\u2019utente dispone del diritto di accesso, di modifica, di rettifica e di cancellazione dei dati raccolti su questo sito, alle condizioni previste dall\u2019articolo 31 della legge del 6 gennaio 1978 e successive modifiche, relativa all\u2019informatica, agli archivi e alle libert\u00e0, e a quelle previste dal regolamento europeo 2016\/679 del 27 aprile 2016 (RGPD). Per esercitare questo diritto, \u00e8 possibile contattarci tramite il nostro modulo di contatto.<\/p>\n<p>[\/vc_column_text][\/vc_column][vc_column column_width_percent=&#8221;100&#8243; gutter_size=&#8221;4&#8243; overlay_alpha=&#8221;50&#8243; shift_x=&#8221;0&#8243; shift_y=&#8221;0&#8243; shift_y_down=&#8221;0&#8243; z_index=&#8221;0&#8243; medium_width=&#8221;4&#8243; mobile_width=&#8221;0&#8243; width=&#8221;1\/2&#8243;][vc_custom_heading heading_semantic=&#8221;h3&#8243; text_size=&#8221;h3&#8243; sub_reduced=&#8221;yes&#8221;]\u2013 Dati raccolti e utilizzo[\/vc_custom_heading][vc_column_text]<\/p>\n<p>I dati raccolti su anjouautomation.fr sono utilizzati soltanto nel quadro giuridico previsto, in Francia, per il rispetto della vita privata. La societ\u00e0 Anjou Automation \u00e8 l\u2019unico destinatario dei dati. Quando si utilizza il sito anjouautomation.fr, possono essere raccolti i seguenti dati personali: \u2013 l\u2019URL dei link attraverso i quali si accede al sito anjouautomation.fr, &#8211; l\u2019indirizzo IP. Questi dati vengono utilizzati per facilitare la navigazione sul sito e per misurare il numero di visitatori del sito. Quando si utilizza il nostro modulo di contatto: &#8211; Nome e cognome &#8211; Indirizzo e-mail. Questi dati vengono utilizzati solo per rispondere, via e-mail o per telefono, dopo che l\u2019utente ha preso contatto con noi. La societ\u00e0 Anjou Automation \u00e8 l\u2019unico destinatario dei dati. Alcun dato personale dell\u2019utente del sito non \u00e8 e non sar\u00e0 pubblicato a sua insaputa, non sar\u00e0 scambiato, trasferito, ceduto o venduto, su qualsiasi supporto, a terzi.<\/p>\n<p>[\/vc_column_text][\/vc_column][\/vc_row]<\/p>\n<\/div>","protected":false},"excerpt":{"rendered":"<p>[vc_row row_height_percent=&#8221;0&#8243; override_padding=&#8221;yes&#8221; h_padding=&#8221;2&#8243; top_padding=&#8221;3&#8243; bottom_padding=&#8221;1&#8243; overlay_alpha=&#8221;50&#8243; gutter_size=&#8221;3&#8243; column_width_percent=&#8221;100&#8243; shift_y=&#8221;0&#8243; z_index=&#8221;0&#8243; el_class=&#8221;.content-mentions&#8221; shape_dividers=&#8221;&#8221;][vc_column width=&#8221;1\/2&#8243;][vc_custom_heading sub_reduced=&#8221;yes&#8221;]Aujouautomation.fr \u00e8 pubblicato dalla societ\u00e0:[\/vc_custom_heading][vc_column_text]Anjou Automation [&hellip;]<\/p>\n","protected":false},"author":1,"featured_media":0,"parent":0,"menu_order":0,"comment_status":"closed","ping_status":"closed","template":"","meta":{"footnotes":""},"class_list":["post-84731","page","type-page","status-publish","hentry"],"yoast_head":"<!-- This site is optimized with the Yoast SEO plugin v27.5 - https:\/\/yoast.com\/product\/yoast-seo-wordpress\/ -->\n<title>Note legali - Anjou Automation<\/title>\n<meta name=\"robots\" content=\"index, follow, max-snippet:-1, max-image-preview:large, max-video-preview:-1\" \/>\n<link rel=\"canonical\" href=\"https:\/\/www.anjouautomation.com\/it\/note-legali\/\" \/>\n<meta property=\"og:locale\" content=\"it_IT\" \/>\n<meta property=\"og:type\" content=\"article\" \/>\n<meta property=\"og:title\" content=\"Note legali - Anjou Automation\" \/>\n<meta property=\"og:description\" content=\"[vc_row row_height_percent=&#8221;0&#8243; override_padding=&#8221;yes&#8221; h_padding=&#8221;2&#8243; top_padding=&#8221;3&#8243; bottom_padding=&#8221;1&#8243; overlay_alpha=&#8221;50&#8243; gutter_size=&#8221;3&#8243; column_width_percent=&#8221;100&#8243; shift_y=&#8221;0&#8243; z_index=&#8221;0&#8243; el_class=&#8221;.content-mentions&#8221; shape_dividers=&#8221;&#8221;][vc_column width=&#8221;1\/2&#8243;][vc_custom_heading sub_reduced=&#8221;yes&#8221;]Aujouautomation.fr \u00e8 pubblicato dalla societ\u00e0:[\/vc_custom_heading][vc_column_text]Anjou Automation [&hellip;]\" \/>\n<meta property=\"og:url\" content=\"https:\/\/www.anjouautomation.com\/it\/note-legali\/\" \/>\n<meta property=\"og:site_name\" content=\"Anjou Automation\" \/>\n<meta property=\"article:modified_time\" content=\"2020-06-26T12:42:52+00:00\" \/>\n<meta property=\"og:image\" content=\"https:\/\/www.anjouautomation.com\/wp-content\/uploads\/2020\/07\/open-graph.jpg\" \/>\n\t<meta property=\"og:image:width\" content=\"1200\" \/>\n\t<meta property=\"og:image:height\" content=\"627\" \/>\n\t<meta property=\"og:image:type\" content=\"image\/jpeg\" \/>\n<meta name=\"twitter:card\" content=\"summary_large_image\" \/>\n<meta name=\"twitter:label1\" content=\"Tempo di lettura stimato\" \/>\n\t<meta name=\"twitter:data1\" content=\"5 minuti\" \/>\n<script type=\"application\/ld+json\" class=\"yoast-schema-graph\">{\"@context\":\"https:\\\/\\\/schema.org\",\"@graph\":[{\"@type\":\"WebPage\",\"@id\":\"https:\\\/\\\/www.anjouautomation.com\\\/it\\\/note-legali\\\/\",\"url\":\"https:\\\/\\\/www.anjouautomation.com\\\/it\\\/note-legali\\\/\",\"name\":\"Note legali - Anjou Automation\",\"isPartOf\":{\"@id\":\"https:\\\/\\\/www.anjouautomation.com\\\/it\\\/#website\"},\"datePublished\":\"2020-06-26T12:27:16+00:00\",\"dateModified\":\"2020-06-26T12:42:52+00:00\",\"breadcrumb\":{\"@id\":\"https:\\\/\\\/www.anjouautomation.com\\\/it\\\/note-legali\\\/#breadcrumb\"},\"inLanguage\":\"it-IT\",\"potentialAction\":[{\"@type\":\"ReadAction\",\"target\":[\"https:\\\/\\\/www.anjouautomation.com\\\/it\\\/note-legali\\\/\"]}]},{\"@type\":\"BreadcrumbList\",\"@id\":\"https:\\\/\\\/www.anjouautomation.com\\\/it\\\/note-legali\\\/#breadcrumb\",\"itemListElement\":[{\"@type\":\"ListItem\",\"position\":1,\"name\":\"Homepage\",\"item\":\"https:\\\/\\\/www.anjouautomation.com\\\/it\\\/\"},{\"@type\":\"ListItem\",\"position\":2,\"name\":\"Note legali\"}]},{\"@type\":\"WebSite\",\"@id\":\"https:\\\/\\\/www.anjouautomation.com\\\/it\\\/#website\",\"url\":\"https:\\\/\\\/www.anjouautomation.com\\\/it\\\/\",\"name\":\"Anjou Automation\",\"description\":\"\u00c9quipements de r\u00e9gulation et d&#039;automatisme\",\"publisher\":{\"@id\":\"https:\\\/\\\/www.anjouautomation.com\\\/it\\\/#organization\"},\"potentialAction\":[{\"@type\":\"SearchAction\",\"target\":{\"@type\":\"EntryPoint\",\"urlTemplate\":\"https:\\\/\\\/www.anjouautomation.com\\\/it\\\/?s={search_term_string}\"},\"query-input\":{\"@type\":\"PropertyValueSpecification\",\"valueRequired\":true,\"valueName\":\"search_term_string\"}}],\"inLanguage\":\"it-IT\"},{\"@type\":\"Organization\",\"@id\":\"https:\\\/\\\/www.anjouautomation.com\\\/it\\\/#organization\",\"name\":\"Anjou Automation\",\"url\":\"https:\\\/\\\/www.anjouautomation.com\\\/it\\\/\",\"logo\":{\"@type\":\"ImageObject\",\"inLanguage\":\"it-IT\",\"@id\":\"https:\\\/\\\/www.anjouautomation.com\\\/it\\\/#\\\/schema\\\/logo\\\/image\\\/\",\"url\":\"https:\\\/\\\/www.anjouautomation.com\\\/wp-content\\\/uploads\\\/2020\\\/05\\\/logo-anjou-automation.png\",\"contentUrl\":\"https:\\\/\\\/www.anjouautomation.com\\\/wp-content\\\/uploads\\\/2020\\\/05\\\/logo-anjou-automation.png\",\"width\":301,\"height\":66,\"caption\":\"Anjou Automation\"},\"image\":{\"@id\":\"https:\\\/\\\/www.anjouautomation.com\\\/it\\\/#\\\/schema\\\/logo\\\/image\\\/\"}}]}<\/script>\n<!-- \/ Yoast SEO plugin. -->","yoast_head_json":{"title":"Note legali - Anjou Automation","robots":{"index":"index","follow":"follow","max-snippet":"max-snippet:-1","max-image-preview":"max-image-preview:large","max-video-preview":"max-video-preview:-1"},"canonical":"https:\/\/www.anjouautomation.com\/it\/note-legali\/","og_locale":"it_IT","og_type":"article","og_title":"Note legali - Anjou Automation","og_description":"[vc_row row_height_percent=&#8221;0&#8243; override_padding=&#8221;yes&#8221; h_padding=&#8221;2&#8243; top_padding=&#8221;3&#8243; bottom_padding=&#8221;1&#8243; overlay_alpha=&#8221;50&#8243; gutter_size=&#8221;3&#8243; column_width_percent=&#8221;100&#8243; shift_y=&#8221;0&#8243; z_index=&#8221;0&#8243; el_class=&#8221;.content-mentions&#8221; shape_dividers=&#8221;&#8221;][vc_column width=&#8221;1\/2&#8243;][vc_custom_heading sub_reduced=&#8221;yes&#8221;]Aujouautomation.fr \u00e8 pubblicato dalla societ\u00e0:[\/vc_custom_heading][vc_column_text]Anjou Automation [&hellip;]","og_url":"https:\/\/www.anjouautomation.com\/it\/note-legali\/","og_site_name":"Anjou Automation","article_modified_time":"2020-06-26T12:42:52+00:00","og_image":[{"width":1200,"height":627,"url":"https:\/\/www.anjouautomation.com\/wp-content\/uploads\/2020\/07\/open-graph.jpg","type":"image\/jpeg"}],"twitter_card":"summary_large_image","twitter_misc":{"Tempo di lettura stimato":"5 minuti"},"schema":{"@context":"https:\/\/schema.org","@graph":[{"@type":"WebPage","@id":"https:\/\/www.anjouautomation.com\/it\/note-legali\/","url":"https:\/\/www.anjouautomation.com\/it\/note-legali\/","name":"Note legali - Anjou Automation","isPartOf":{"@id":"https:\/\/www.anjouautomation.com\/it\/#website"},"datePublished":"2020-06-26T12:27:16+00:00","dateModified":"2020-06-26T12:42:52+00:00","breadcrumb":{"@id":"https:\/\/www.anjouautomation.com\/it\/note-legali\/#breadcrumb"},"inLanguage":"it-IT","potentialAction":[{"@type":"ReadAction","target":["https:\/\/www.anjouautomation.com\/it\/note-legali\/"]}]},{"@type":"BreadcrumbList","@id":"https:\/\/www.anjouautomation.com\/it\/note-legali\/#breadcrumb","itemListElement":[{"@type":"ListItem","position":1,"name":"Homepage","item":"https:\/\/www.anjouautomation.com\/it\/"},{"@type":"ListItem","position":2,"name":"Note legali"}]},{"@type":"WebSite","@id":"https:\/\/www.anjouautomation.com\/it\/#website","url":"https:\/\/www.anjouautomation.com\/it\/","name":"Anjou Automation","description":"\u00c9quipements de r\u00e9gulation et d&#039;automatisme","publisher":{"@id":"https:\/\/www.anjouautomation.com\/it\/#organization"},"potentialAction":[{"@type":"SearchAction","target":{"@type":"EntryPoint","urlTemplate":"https:\/\/www.anjouautomation.com\/it\/?s={search_term_string}"},"query-input":{"@type":"PropertyValueSpecification","valueRequired":true,"valueName":"search_term_string"}}],"inLanguage":"it-IT"},{"@type":"Organization","@id":"https:\/\/www.anjouautomation.com\/it\/#organization","name":"Anjou Automation","url":"https:\/\/www.anjouautomation.com\/it\/","logo":{"@type":"ImageObject","inLanguage":"it-IT","@id":"https:\/\/www.anjouautomation.com\/it\/#\/schema\/logo\/image\/","url":"https:\/\/www.anjouautomation.com\/wp-content\/uploads\/2020\/05\/logo-anjou-automation.png","contentUrl":"https:\/\/www.anjouautomation.com\/wp-content\/uploads\/2020\/05\/logo-anjou-automation.png","width":301,"height":66,"caption":"Anjou Automation"},"image":{"@id":"https:\/\/www.anjouautomation.com\/it\/#\/schema\/logo\/image\/"}}]}},"_links":{"self":[{"href":"https:\/\/www.anjouautomation.com\/it\/wp-json\/wp\/v2\/pages\/84731","targetHints":{"allow":["GET"]}}],"collection":[{"href":"https:\/\/www.anjouautomation.com\/it\/wp-json\/wp\/v2\/pages"}],"about":[{"href":"https:\/\/www.anjouautomation.com\/it\/wp-json\/wp\/v2\/types\/page"}],"author":[{"embeddable":true,"href":"https:\/\/www.anjouautomation.com\/it\/wp-json\/wp\/v2\/users\/1"}],"replies":[{"embeddable":true,"href":"https:\/\/www.anjouautomation.com\/it\/wp-json\/wp\/v2\/comments?post=84731"}],"version-history":[{"count":3,"href":"https:\/\/www.anjouautomation.com\/it\/wp-json\/wp\/v2\/pages\/84731\/revisions"}],"predecessor-version":[{"id":84740,"href":"https:\/\/www.anjouautomation.com\/it\/wp-json\/wp\/v2\/pages\/84731\/revisions\/84740"}],"wp:attachment":[{"href":"https:\/\/www.anjouautomation.com\/it\/wp-json\/wp\/v2\/media?parent=84731"}],"curies":[{"name":"wp","href":"https:\/\/api.w.org\/{rel}","templated":true}]}}