{"id":84661,"date":"2020-06-26T12:09:08","date_gmt":"2020-06-26T10:09:08","guid":{"rendered":"https:\/\/www.anjouautomation.com\/la-societa\/"},"modified":"2020-07-03T11:04:24","modified_gmt":"2020-07-03T09:04:24","slug":"la-societa","status":"publish","type":"page","link":"https:\/\/www.anjouautomation.com\/it\/la-societa\/","title":{"rendered":"La societ\u00e0"},"content":{"rendered":"<div class=\"wpb-content-wrapper\"><p>[vc_row row_height_percent=&#8221;0&#8243; override_padding=&#8221;yes&#8221; h_padding=&#8221;2&#8243; top_padding=&#8221;3&#8243; bottom_padding=&#8221;3&#8243; back_image=&#8221;83618&#8243; back_repeat=&#8221;no-repeat&#8221; back_position=&#8221;center center&#8221; overlay_alpha=&#8221;50&#8243; gutter_size=&#8221;3&#8243; column_width_percent=&#8221;100&#8243; shift_y=&#8221;0&#8243; z_index=&#8221;0&#8243;][vc_column column_width_percent=&#8221;100&#8243; align_horizontal=&#8221;align_center&#8221; gutter_size=&#8221;2&#8243; style=&#8221;dark&#8221; overlay_alpha=&#8221;50&#8243; shift_x=&#8221;0&#8243; shift_y=&#8221;0&#8243; shift_y_down=&#8221;0&#8243; z_index=&#8221;0&#8243; medium_width=&#8221;0&#8243; mobile_width=&#8221;0&#8243; width=&#8221;1\/1&#8243;][vc_icon icon=&#8221;fa fa-apartment&#8221; icon_color=&#8221;blanc&#8221; size=&#8221;fa-2x&#8221;][\/vc_icon][vc_custom_heading heading_semantic=&#8221;h1&#8243; text_size=&#8221;h1&#8243;]La societ\u00e0[\/vc_custom_heading][vc_column_text]Scoprire il nostro know-how, i nostri mestieri di predilezione\u2026[\/vc_column_text][\/vc_column][\/vc_row][vc_row row_height_percent=&#8221;0&#8243; override_padding=&#8221;yes&#8221; h_padding=&#8221;2&#8243; top_padding=&#8221;5&#8243; bottom_padding=&#8221;5&#8243; overlay_alpha=&#8221;100&#8243; gutter_size=&#8221;100&#8243; column_width_percent=&#8221;100&#8243; shift_y=&#8221;0&#8243; z_index=&#8221;0&#8243; style=&#8221;inherited&#8221; el_class=&#8221;contact-form&#8221;][vc_column column_width_percent=&#8221;100&#8243; position_vertical=&#8221;middle&#8221; gutter_size=&#8221;3&#8243; overlay_alpha=&#8221;50&#8243; shift_x=&#8221;0&#8243; shift_y=&#8221;0&#8243; shift_y_down=&#8221;0&#8243; z_index=&#8221;0&#8243; medium_width=&#8221;0&#8243; mobile_width=&#8221;0&#8243; width=&#8221;1\/3&#8243;][vc_single_image media=&#8221;83175&#8243; media_width_percent=&#8221;100&#8243;][\/vc_column][vc_column column_width_use_pixel=&#8221;yes&#8221; position_vertical=&#8221;middle&#8221; gutter_size=&#8221;2&#8243; overlay_alpha=&#8221;100&#8243; shift_x=&#8221;0&#8243; shift_y=&#8221;0&#8243; shift_y_down=&#8221;0&#8243; z_index=&#8221;0&#8243; medium_width=&#8221;100&#8243; mobile_width=&#8221;0&#8243; zoom_width=&#8221;0&#8243; zoom_height=&#8221;0&#8243; width=&#8221;2\/3&#8243; column_width_pixel=&#8221;1000&#8243;][vc_custom_heading heading_semantic=&#8221;p&#8221;]Anjou Automation, dal 1982[\/vc_custom_heading][vc_column_text]Anjou Automation progetta e produce da sempre apparecchiature di regolazione e automazione per il settore dell\u2019orticoltura e della frutticoltura in serra. Storica attivit\u00e0 principale dell\u2019azienda, i regolatori di clima e di irrigazione vengono installati in tutto il mondo e la societ\u00e0 \u00e8 oggi riconosciuta a livello mondiale.<\/p>\n<p>Oggi, Anjou Automation \u00e8 in grado di offrire soluzioni chiavi in mano ai propri clienti grazie all\u2019ampliamento della gamma di prodotti, quali:<br \/>\n\u2022 la meccanizzazione tramite motoriduttori, riduttori manuali, bracci telescopici e cremagliere;<br \/>\n\u2022 il pompaggio attraverso la gestione della stazione di pompaggio;<br \/>\n\u2022 la fertilizzazione tramite stazione di iniezione di concime e di regolazione della fertilizzazione.<\/p>\n<p>Anjou Automation ha saputo crescere su valori come il dinamismo, la reattivit\u00e0 e la diversificazione. Cos\u00ec, nel tempo, ha completato e sviluppato la sua gamma. Oggi, Anjou Automation \u00e8 presente anche in altri settori, quali:<br \/>\n\u2022 l\u2019agroindustria, con i suoi rilevatori di livello rotanti con paletta;<br \/>\n\u2022 l\u2019industria automobilistica, attraverso la progettazione e la produzione di cruscotti per ambulanze;<br \/>\n\u2022 la meccanizzazione agricola, con scatole di comando a distanza.[\/vc_column_text][\/vc_column][\/vc_row][vc_row row_height_percent=&#8221;0&#8243; override_padding=&#8221;yes&#8221; h_padding=&#8221;2&#8243; top_padding=&#8221;5&#8243; bottom_padding=&#8221;5&#8243; back_image=&#8221;83236&#8243; back_repeat=&#8221;no-repeat&#8221; back_attachment=&#8221;fixed&#8221; back_position=&#8221;center center&#8221; overlay_alpha=&#8221;100&#8243; gutter_size=&#8221;100&#8243; column_width_percent=&#8221;100&#8243; shift_y=&#8221;0&#8243; z_index=&#8221;0&#8243; style=&#8221;inherited&#8221; el_class=&#8221;contact-form&#8221; el_id=&#8221;societe_groupe&#8221;][vc_column column_width_use_pixel=&#8221;yes&#8221; position_vertical=&#8221;middle&#8221; gutter_size=&#8221;2&#8243; style=&#8221;dark&#8221; overlay_alpha=&#8221;100&#8243; shift_x=&#8221;0&#8243; shift_y=&#8221;0&#8243; shift_y_down=&#8221;0&#8243; z_index=&#8221;0&#8243; medium_width=&#8221;100&#8243; mobile_width=&#8221;0&#8243; zoom_width=&#8221;0&#8243; zoom_height=&#8221;0&#8243; width=&#8221;5\/6&#8243; column_width_pixel=&#8221;1000&#8243;][vc_custom_heading heading_semantic=&#8221;p&#8221;]Il Gruppo NADIA[\/vc_custom_heading][vc_column_text]Oggi, \u00e8 considerata un esempio di successo grazie alla diversit\u00e0 delle attivit\u00e0, che genera notevole valore aggiunto e \u201cammortizzatore di crisi\u201d.<\/p>\n<p>Emanazione della societ\u00e0 NADIA, fabbricante di targhe automobilistiche, nata nel 1962, ha saputo diversificare le proprie attivit\u00e0 e svilupparsi per diventare un gruppo industriale multidisciplinare, strutturato in 6 rami di attivit\u00e0.<\/p>\n<p>Considerato atipico, per molti anni, quando la tendenza era di concentrarsi su un\u2019unica attivit\u00e0, il gruppo NADIA gestisce molteplici attivit\u00e0, alimentate da un know-how basato su uomini e donne di esperienza, vicini ai clienti sul campo, esperti nel loro mestiere di produttori e alla costante ricerca di innovazione.<\/p>\n<p>Le societ\u00e0 del Gruppo progettano e producono prodotti in modo completamente integrato. Il Gruppo dispone di un reparto di Ricerca, che garantisce una grande capacit\u00e0 di innovazione e reattivit\u00e0. Decisamente orientate verso l\u2019esportazione, alcune aziende vi realizzano fino all\u201980% del loro fatturato.<\/p>\n<p>Tutte sono leader indiscusse nei rispettivi mercati e trasmettono un\u2019immagine di qualit\u00e0 e di servizio impeccabile, con prodotti originali e ad alte prestazioni.[\/vc_column_text][\/vc_column][vc_column column_width_percent=&#8221;100&#8243; position_vertical=&#8221;middle&#8221; gutter_size=&#8221;3&#8243; overlay_alpha=&#8221;50&#8243; shift_x=&#8221;0&#8243; shift_y=&#8221;0&#8243; shift_y_down=&#8221;0&#8243; z_index=&#8221;0&#8243; medium_width=&#8221;0&#8243; mobile_width=&#8221;0&#8243; width=&#8221;1\/6&#8243;][vc_single_image media=&#8221;83138&#8243; media_width_percent=&#8221;100&#8243;][\/vc_column][\/vc_row][vc_row unlock_row_content=&#8221;yes&#8221; row_height_percent=&#8221;0&#8243; override_padding=&#8221;yes&#8221; h_padding=&#8221;0&#8243; top_padding=&#8221;0&#8243; bottom_padding=&#8221;0&#8243; back_color=&#8221;gris-fonce&#8221; overlay_color=&#8221;noir-fonce&#8221; overlay_alpha=&#8221;86&#8243; gutter_size=&#8221;100&#8243; column_width_percent=&#8221;100&#8243; shift_y=&#8221;0&#8243; z_index=&#8221;0&#8243; style=&#8221;inherited&#8221; el_class=&#8221;contact-infos&#8221;][vc_column column_width_use_pixel=&#8221;yes&#8221; align_horizontal=&#8221;align_center&#8221; gutter_size=&#8221;4&#8243; override_padding=&#8221;yes&#8221; column_padding=&#8221;3&#8243; overlay_alpha=&#8221;100&#8243; shift_x=&#8221;0&#8243; shift_y=&#8221;0&#8243; shift_y_down=&#8221;0&#8243; z_index=&#8221;0&#8243; medium_width=&#8221;100&#8243; mobile_width=&#8221;0&#8243; zoom_width=&#8221;0&#8243; zoom_height=&#8221;0&#8243; width=&#8221;1\/3&#8243; column_width_pixel=&#8221;1400&#8243;][vc_row_inner row_inner_height_percent=&#8221;0&#8243; overlay_alpha=&#8221;100&#8243; gutter_size=&#8221;3&#8243; shift_y=&#8221;0&#8243;][vc_column_inner column_width_percent=&#8221;100&#8243; position_horizontal=&#8221;left&#8221; position_vertical=&#8221;middle&#8221; gutter_size=&#8221;3&#8243; overlay_alpha=&#8221;100&#8243; shift_x=&#8221;0&#8243; shift_y=&#8221;0&#8243; shift_y_down=&#8221;0&#8243; z_index=&#8221;0&#8243; medium_width=&#8221;3&#8243; mobile_width=&#8221;0&#8243; zoom_width=&#8221;0&#8243; zoom_height=&#8221;0&#8243; width=&#8221;1\/1&#8243;][vc_icon position=&#8221;left&#8221; title_aligned_icon=&#8221;yes&#8221; icon=&#8221;fa fa-phone2&#8243; icon_color=&#8221;accent&#8221; size=&#8221;fa-3x&#8221; heading_semantic=&#8221;p&#8221; text_size=&#8221;h5&#8243; text_weight=&#8221;700&#8243; title=&#8221;Per telefono&#8221; link=&#8221;url:tel%3A%2B33251630282|||&#8221;]Contattarci<br \/>\n+33 (0)2 51 63 02 82[\/vc_icon][vc_icon position=&#8221;left&#8221; title_aligned_icon=&#8221;yes&#8221; icon=&#8221;fa fa-envelope2&#8243; icon_color=&#8221;accent&#8221; size=&#8221;fa-3x&#8221; heading_semantic=&#8221;p&#8221; text_size=&#8221;h5&#8243; text_weight=&#8221;700&#8243; title=&#8221;Per e-mail&#8221; link=&#8221;url:mailto%3Acontact%40anjouautomation.fr|||&#8221;]Scriverci<br \/>\ncontact@anjouautomation.fr[\/vc_icon][vc_icon position=&#8221;left&#8221; title_aligned_icon=&#8221;yes&#8221; icon=&#8221;fa fa-map-pin&#8221; icon_color=&#8221;accent&#8221; size=&#8221;fa-3x&#8221; heading_semantic=&#8221;p&#8221; text_size=&#8221;h5&#8243; text_weight=&#8221;700&#8243; title=&#8221;I nostri uffici&#8221; link=&#8221;url:https%3A%2F%2Fwww.google.com%2Fmaps%2Fplace%2FAnjou%2BAutomation%2F%4046.9822107%2C-0.9286674%2C15z%2Fdata%3D!4m5!3m4!1s0x0%3A0x1c434ab99bf14086!8m2!3d46.9822107!4d-0.9286674||target:%20_blank|&#8221;]880, rue L\u00e9o Baekeland &#8211; B.P. 57<br \/>\n85290 MORTAGNE SUR SEVRE[\/vc_icon][\/vc_column_inner][\/vc_row_inner][\/vc_column][vc_column column_width_percent=&#8221;100&#8243; position_vertical=&#8221;middle&#8221; align_horizontal=&#8221;align_center&#8221; gutter_size=&#8221;3&#8243; expand_height=&#8221;yes&#8221; overlay_alpha=&#8221;50&#8243; shift_x=&#8221;0&#8243; shift_y=&#8221;0&#8243; shift_y_down=&#8221;0&#8243; z_index=&#8221;0&#8243; medium_width=&#8221;0&#8243; mobile_width=&#8221;0&#8243; width=&#8221;2\/3&#8243;][vc_gmaps map_color=&#8221;accent&#8221; zoom=&#8221;14&#8243; map_saturation=&#8221;-20&#8243; map_brightness=&#8221;0&#8243; latlon=&#8221;46.9822107, -0.9286674&#8243;][\/vc_column][\/vc_row]<\/p>\n<\/div>","protected":false},"excerpt":{"rendered":"<p>[vc_row row_height_percent=&#8221;0&#8243; override_padding=&#8221;yes&#8221; h_padding=&#8221;2&#8243; top_padding=&#8221;3&#8243; bottom_padding=&#8221;3&#8243; back_image=&#8221;83618&#8243; back_repeat=&#8221;no-repeat&#8221; back_position=&#8221;center center&#8221; overlay_alpha=&#8221;50&#8243; gutter_size=&#8221;3&#8243; column_width_percent=&#8221;100&#8243; shift_y=&#8221;0&#8243; z_index=&#8221;0&#8243;][vc_column column_width_percent=&#8221;100&#8243; align_horizontal=&#8221;align_center&#8221; gutter_size=&#8221;2&#8243; style=&#8221;dark&#8221; overlay_alpha=&#8221;50&#8243; [&hellip;]<\/p>\n","protected":false},"author":1,"featured_media":0,"parent":0,"menu_order":0,"comment_status":"open","ping_status":"closed","template":"","meta":{"footnotes":""},"class_list":["post-84661","page","type-page","status-publish","hentry"],"yoast_head":"<!-- This site is optimized with the Yoast SEO plugin v27.5 - https:\/\/yoast.com\/product\/yoast-seo-wordpress\/ -->\n<title>La societ\u00e0 - Anjou Automation | Apparecchiature di controllo ed automazione<\/title>\n<meta name=\"description\" content=\"Storica attivit\u00e0 principale dell\u2019azienda, i regolatori di clima e di irrigazione vengono installati in tutto il mondo e la societ\u00e0 \u00e8 oggi riconosciuta a livello mondiale.\" \/>\n<meta name=\"robots\" content=\"index, follow, max-snippet:-1, max-image-preview:large, max-video-preview:-1\" \/>\n<link rel=\"canonical\" href=\"https:\/\/www.anjouautomation.com\/it\/la-societa\/\" \/>\n<meta property=\"og:locale\" content=\"it_IT\" \/>\n<meta property=\"og:type\" content=\"article\" \/>\n<meta property=\"og:title\" content=\"La societ\u00e0 - Anjou Automation | Apparecchiature di controllo ed automazione\" \/>\n<meta property=\"og:description\" content=\"Storica attivit\u00e0 principale dell\u2019azienda, i regolatori di clima e di irrigazione vengono installati in tutto il mondo e la societ\u00e0 \u00e8 oggi riconosciuta a livello mondiale.\" \/>\n<meta property=\"og:url\" content=\"https:\/\/www.anjouautomation.com\/it\/la-societa\/\" \/>\n<meta property=\"og:site_name\" content=\"Anjou Automation\" \/>\n<meta property=\"article:modified_time\" content=\"2020-07-03T09:04:24+00:00\" \/>\n<meta property=\"og:image\" content=\"https:\/\/www.anjouautomation.com\/wp-content\/uploads\/2020\/07\/open-graph.jpg\" \/>\n\t<meta property=\"og:image:width\" content=\"1200\" \/>\n\t<meta property=\"og:image:height\" content=\"627\" \/>\n\t<meta property=\"og:image:type\" content=\"image\/jpeg\" \/>\n<meta name=\"twitter:card\" content=\"summary_large_image\" \/>\n<meta name=\"twitter:label1\" content=\"Tempo di lettura stimato\" \/>\n\t<meta name=\"twitter:data1\" content=\"5 minuti\" \/>\n<script type=\"application\/ld+json\" class=\"yoast-schema-graph\">{\"@context\":\"https:\\\/\\\/schema.org\",\"@graph\":[{\"@type\":\"WebPage\",\"@id\":\"https:\\\/\\\/www.anjouautomation.com\\\/it\\\/la-societa\\\/\",\"url\":\"https:\\\/\\\/www.anjouautomation.com\\\/it\\\/la-societa\\\/\",\"name\":\"La societ\u00e0 - Anjou Automation | Apparecchiature di controllo ed automazione\",\"isPartOf\":{\"@id\":\"https:\\\/\\\/www.anjouautomation.com\\\/it\\\/#website\"},\"datePublished\":\"2020-06-26T10:09:08+00:00\",\"dateModified\":\"2020-07-03T09:04:24+00:00\",\"description\":\"Storica attivit\u00e0 principale dell\u2019azienda, i regolatori di clima e di irrigazione vengono installati in tutto il mondo e la societ\u00e0 \u00e8 oggi riconosciuta a livello mondiale.\",\"breadcrumb\":{\"@id\":\"https:\\\/\\\/www.anjouautomation.com\\\/it\\\/la-societa\\\/#breadcrumb\"},\"inLanguage\":\"it-IT\",\"potentialAction\":[{\"@type\":\"ReadAction\",\"target\":[\"https:\\\/\\\/www.anjouautomation.com\\\/it\\\/la-societa\\\/\"]}]},{\"@type\":\"BreadcrumbList\",\"@id\":\"https:\\\/\\\/www.anjouautomation.com\\\/it\\\/la-societa\\\/#breadcrumb\",\"itemListElement\":[{\"@type\":\"ListItem\",\"position\":1,\"name\":\"Homepage\",\"item\":\"https:\\\/\\\/www.anjouautomation.com\\\/it\\\/\"},{\"@type\":\"ListItem\",\"position\":2,\"name\":\"La societ\u00e0\"}]},{\"@type\":\"WebSite\",\"@id\":\"https:\\\/\\\/www.anjouautomation.com\\\/it\\\/#website\",\"url\":\"https:\\\/\\\/www.anjouautomation.com\\\/it\\\/\",\"name\":\"Anjou Automation\",\"description\":\"\u00c9quipements de r\u00e9gulation et d&#039;automatisme\",\"publisher\":{\"@id\":\"https:\\\/\\\/www.anjouautomation.com\\\/it\\\/#organization\"},\"potentialAction\":[{\"@type\":\"SearchAction\",\"target\":{\"@type\":\"EntryPoint\",\"urlTemplate\":\"https:\\\/\\\/www.anjouautomation.com\\\/it\\\/?s={search_term_string}\"},\"query-input\":{\"@type\":\"PropertyValueSpecification\",\"valueRequired\":true,\"valueName\":\"search_term_string\"}}],\"inLanguage\":\"it-IT\"},{\"@type\":\"Organization\",\"@id\":\"https:\\\/\\\/www.anjouautomation.com\\\/it\\\/#organization\",\"name\":\"Anjou Automation\",\"url\":\"https:\\\/\\\/www.anjouautomation.com\\\/it\\\/\",\"logo\":{\"@type\":\"ImageObject\",\"inLanguage\":\"it-IT\",\"@id\":\"https:\\\/\\\/www.anjouautomation.com\\\/it\\\/#\\\/schema\\\/logo\\\/image\\\/\",\"url\":\"https:\\\/\\\/www.anjouautomation.com\\\/wp-content\\\/uploads\\\/2020\\\/05\\\/logo-anjou-automation.png\",\"contentUrl\":\"https:\\\/\\\/www.anjouautomation.com\\\/wp-content\\\/uploads\\\/2020\\\/05\\\/logo-anjou-automation.png\",\"width\":301,\"height\":66,\"caption\":\"Anjou Automation\"},\"image\":{\"@id\":\"https:\\\/\\\/www.anjouautomation.com\\\/it\\\/#\\\/schema\\\/logo\\\/image\\\/\"}}]}<\/script>\n<!-- \/ Yoast SEO plugin. -->","yoast_head_json":{"title":"La societ\u00e0 - Anjou Automation | Apparecchiature di controllo ed automazione","description":"Storica attivit\u00e0 principale dell\u2019azienda, i regolatori di clima e di irrigazione vengono installati in tutto il mondo e la societ\u00e0 \u00e8 oggi riconosciuta a livello mondiale.","robots":{"index":"index","follow":"follow","max-snippet":"max-snippet:-1","max-image-preview":"max-image-preview:large","max-video-preview":"max-video-preview:-1"},"canonical":"https:\/\/www.anjouautomation.com\/it\/la-societa\/","og_locale":"it_IT","og_type":"article","og_title":"La societ\u00e0 - Anjou Automation | Apparecchiature di controllo ed automazione","og_description":"Storica attivit\u00e0 principale dell\u2019azienda, i regolatori di clima e di irrigazione vengono installati in tutto il mondo e la societ\u00e0 \u00e8 oggi riconosciuta a livello mondiale.","og_url":"https:\/\/www.anjouautomation.com\/it\/la-societa\/","og_site_name":"Anjou Automation","article_modified_time":"2020-07-03T09:04:24+00:00","og_image":[{"width":1200,"height":627,"url":"https:\/\/www.anjouautomation.com\/wp-content\/uploads\/2020\/07\/open-graph.jpg","type":"image\/jpeg"}],"twitter_card":"summary_large_image","twitter_misc":{"Tempo di lettura stimato":"5 minuti"},"schema":{"@context":"https:\/\/schema.org","@graph":[{"@type":"WebPage","@id":"https:\/\/www.anjouautomation.com\/it\/la-societa\/","url":"https:\/\/www.anjouautomation.com\/it\/la-societa\/","name":"La societ\u00e0 - Anjou Automation | Apparecchiature di controllo ed automazione","isPartOf":{"@id":"https:\/\/www.anjouautomation.com\/it\/#website"},"datePublished":"2020-06-26T10:09:08+00:00","dateModified":"2020-07-03T09:04:24+00:00","description":"Storica attivit\u00e0 principale dell\u2019azienda, i regolatori di clima e di irrigazione vengono installati in tutto il mondo e la societ\u00e0 \u00e8 oggi riconosciuta a livello mondiale.","breadcrumb":{"@id":"https:\/\/www.anjouautomation.com\/it\/la-societa\/#breadcrumb"},"inLanguage":"it-IT","potentialAction":[{"@type":"ReadAction","target":["https:\/\/www.anjouautomation.com\/it\/la-societa\/"]}]},{"@type":"BreadcrumbList","@id":"https:\/\/www.anjouautomation.com\/it\/la-societa\/#breadcrumb","itemListElement":[{"@type":"ListItem","position":1,"name":"Homepage","item":"https:\/\/www.anjouautomation.com\/it\/"},{"@type":"ListItem","position":2,"name":"La societ\u00e0"}]},{"@type":"WebSite","@id":"https:\/\/www.anjouautomation.com\/it\/#website","url":"https:\/\/www.anjouautomation.com\/it\/","name":"Anjou Automation","description":"\u00c9quipements de r\u00e9gulation et d&#039;automatisme","publisher":{"@id":"https:\/\/www.anjouautomation.com\/it\/#organization"},"potentialAction":[{"@type":"SearchAction","target":{"@type":"EntryPoint","urlTemplate":"https:\/\/www.anjouautomation.com\/it\/?s={search_term_string}"},"query-input":{"@type":"PropertyValueSpecification","valueRequired":true,"valueName":"search_term_string"}}],"inLanguage":"it-IT"},{"@type":"Organization","@id":"https:\/\/www.anjouautomation.com\/it\/#organization","name":"Anjou Automation","url":"https:\/\/www.anjouautomation.com\/it\/","logo":{"@type":"ImageObject","inLanguage":"it-IT","@id":"https:\/\/www.anjouautomation.com\/it\/#\/schema\/logo\/image\/","url":"https:\/\/www.anjouautomation.com\/wp-content\/uploads\/2020\/05\/logo-anjou-automation.png","contentUrl":"https:\/\/www.anjouautomation.com\/wp-content\/uploads\/2020\/05\/logo-anjou-automation.png","width":301,"height":66,"caption":"Anjou Automation"},"image":{"@id":"https:\/\/www.anjouautomation.com\/it\/#\/schema\/logo\/image\/"}}]}},"_links":{"self":[{"href":"https:\/\/www.anjouautomation.com\/it\/wp-json\/wp\/v2\/pages\/84661","targetHints":{"allow":["GET"]}}],"collection":[{"href":"https:\/\/www.anjouautomation.com\/it\/wp-json\/wp\/v2\/pages"}],"about":[{"href":"https:\/\/www.anjouautomation.com\/it\/wp-json\/wp\/v2\/types\/page"}],"author":[{"embeddable":true,"href":"https:\/\/www.anjouautomation.com\/it\/wp-json\/wp\/v2\/users\/1"}],"replies":[{"embeddable":true,"href":"https:\/\/www.anjouautomation.com\/it\/wp-json\/wp\/v2\/comments?post=84661"}],"version-history":[{"count":3,"href":"https:\/\/www.anjouautomation.com\/it\/wp-json\/wp\/v2\/pages\/84661\/revisions"}],"predecessor-version":[{"id":84664,"href":"https:\/\/www.anjouautomation.com\/it\/wp-json\/wp\/v2\/pages\/84661\/revisions\/84664"}],"wp:attachment":[{"href":"https:\/\/www.anjouautomation.com\/it\/wp-json\/wp\/v2\/media?parent=84661"}],"curies":[{"name":"wp","href":"https:\/\/api.w.org\/{rel}","templated":true}]}}