{"id":96629,"date":"2026-01-12T15:00:07","date_gmt":"2026-01-12T14:00:07","guid":{"rendered":"https:\/\/www.anjouautomation.com\/?post_type=product&#038;p=96629"},"modified":"2026-01-14T11:46:48","modified_gmt":"2026-01-14T10:46:48","slug":"anjou-solar-drive","status":"publish","type":"product","link":"https:\/\/www.anjouautomation.com\/fr\/produit\/anjou-solar-drive\/","title":{"rendered":"Anjou Solar Drive"},"content":{"rendered":"","protected":false},"excerpt":{"rendered":"<p>L\u2019Anjou Solar Drive est un motor\u00e9ducteur 100% autonome gr\u00e2ce \u00e0 ses panneaux solaires et sa batterie. Gr\u00e2ce \u00e0 un concept unique sur le march\u00e9, vous pouvez d\u00e9sormais motoriser vos a\u00e9rations lat\u00e9rales sans \u00e9l\u00e9ctricit\u00e9. Il s\u2019inscrit parfaitement dans une d\u00e9marche \u00e9cologique et r\u00e9pond \u00e0 vos besoins \u00e9conomiques.<\/p>\n","protected":false},"featured_media":96641,"template":"","meta":[],"product_brand":[],"product_cat":[332,118],"product_tag":[],"class_list":{"0":"post-96629","1":"product","2":"type-product","3":"status-publish","4":"has-post-thumbnail","6":"product_cat-motoreducteurs-aeration-par-enroulement","7":"product_cat-mecanisation","9":"first","10":"instock","11":"downloadable","12":"shipping-taxable","13":"purchasable","14":"product-type-simple"},"yoast_head":"<!-- This site is optimized with the Yoast SEO plugin v27.4 - https:\/\/yoast.com\/product\/yoast-seo-wordpress\/ -->\n<title>Anjou Solar Drive - Anjou Automation<\/title>\n<meta name=\"robots\" content=\"index, follow, max-snippet:-1, max-image-preview:large, max-video-preview:-1\" \/>\n<link rel=\"canonical\" href=\"https:\/\/www.anjouautomation.com\/fr\/produit\/anjou-solar-drive\/\" \/>\n<meta property=\"og:locale\" content=\"fr_FR\" \/>\n<meta property=\"og:type\" content=\"article\" \/>\n<meta property=\"og:title\" content=\"Anjou Solar Drive - Anjou Automation\" \/>\n<meta property=\"og:description\" content=\"L\u2019Anjou Solar Drive est un motor\u00e9ducteur 100% autonome gr\u00e2ce \u00e0 ses panneaux solaires et sa batterie. Gr\u00e2ce \u00e0 un concept unique sur le march\u00e9, vous pouvez d\u00e9sormais motoriser vos a\u00e9rations lat\u00e9rales sans \u00e9l\u00e9ctricit\u00e9. Il s\u2019inscrit parfaitement dans une d\u00e9marche \u00e9cologique et r\u00e9pond \u00e0 vos besoins \u00e9conomiques.\" \/>\n<meta property=\"og:url\" content=\"https:\/\/www.anjouautomation.com\/fr\/produit\/anjou-solar-drive\/\" \/>\n<meta property=\"og:site_name\" content=\"Anjou Automation\" \/>\n<meta property=\"article:modified_time\" content=\"2026-01-14T10:46:48+00:00\" \/>\n<meta property=\"og:image\" content=\"https:\/\/www.anjouautomation.com\/wp-content\/uploads\/2026\/01\/ASD_0_0.jpg\" \/>\n\t<meta property=\"og:image:width\" content=\"499\" \/>\n\t<meta property=\"og:image:height\" content=\"499\" \/>\n\t<meta property=\"og:image:type\" content=\"image\/jpeg\" \/>\n<meta name=\"twitter:card\" content=\"summary_large_image\" \/>\n<meta name=\"twitter:label1\" content=\"Dur\u00e9e de lecture estim\u00e9e\" \/>\n\t<meta name=\"twitter:data1\" content=\"1 minute\" \/>\n<script type=\"application\/ld+json\" class=\"yoast-schema-graph\">{\"@context\":\"https:\\\/\\\/schema.org\",\"@graph\":[{\"@type\":\"WebPage\",\"@id\":\"https:\\\/\\\/www.anjouautomation.com\\\/fr\\\/produit\\\/anjou-solar-drive\\\/\",\"url\":\"https:\\\/\\\/www.anjouautomation.com\\\/fr\\\/produit\\\/anjou-solar-drive\\\/\",\"name\":\"Anjou Solar Drive - Anjou Automation\",\"isPartOf\":{\"@id\":\"https:\\\/\\\/www.anjouautomation.com\\\/fr\\\/#website\"},\"primaryImageOfPage\":{\"@id\":\"https:\\\/\\\/www.anjouautomation.com\\\/fr\\\/produit\\\/anjou-solar-drive\\\/#primaryimage\"},\"image\":{\"@id\":\"https:\\\/\\\/www.anjouautomation.com\\\/fr\\\/produit\\\/anjou-solar-drive\\\/#primaryimage\"},\"thumbnailUrl\":\"https:\\\/\\\/www.anjouautomation.com\\\/wp-content\\\/uploads\\\/2026\\\/01\\\/ASD_0_0.jpg\",\"datePublished\":\"2026-01-12T14:00:07+00:00\",\"dateModified\":\"2026-01-14T10:46:48+00:00\",\"breadcrumb\":{\"@id\":\"https:\\\/\\\/www.anjouautomation.com\\\/fr\\\/produit\\\/anjou-solar-drive\\\/#breadcrumb\"},\"inLanguage\":\"fr-FR\",\"potentialAction\":[{\"@type\":\"ReadAction\",\"target\":[\"https:\\\/\\\/www.anjouautomation.com\\\/fr\\\/produit\\\/anjou-solar-drive\\\/\"]}]},{\"@type\":\"ImageObject\",\"inLanguage\":\"fr-FR\",\"@id\":\"https:\\\/\\\/www.anjouautomation.com\\\/fr\\\/produit\\\/anjou-solar-drive\\\/#primaryimage\",\"url\":\"https:\\\/\\\/www.anjouautomation.com\\\/wp-content\\\/uploads\\\/2026\\\/01\\\/ASD_0_0.jpg\",\"contentUrl\":\"https:\\\/\\\/www.anjouautomation.com\\\/wp-content\\\/uploads\\\/2026\\\/01\\\/ASD_0_0.jpg\",\"width\":499,\"height\":499},{\"@type\":\"BreadcrumbList\",\"@id\":\"https:\\\/\\\/www.anjouautomation.com\\\/fr\\\/produit\\\/anjou-solar-drive\\\/#breadcrumb\",\"itemListElement\":[{\"@type\":\"ListItem\",\"position\":1,\"name\":\"Home\",\"item\":\"https:\\\/\\\/www.anjouautomation.com\\\/fr\\\/\"},{\"@type\":\"ListItem\",\"position\":2,\"name\":\"Les produits\",\"item\":\"https:\\\/\\\/www.anjouautomation.com\\\/fr\\\/produits\\\/\"},{\"@type\":\"ListItem\",\"position\":3,\"name\":\"M\u00e9canisation\",\"item\":\"https:\\\/\\\/www.anjouautomation.com\\\/fr\\\/categorie-produit\\\/mecanisation\\\/\"},{\"@type\":\"ListItem\",\"position\":4,\"name\":\"Anjou Solar Drive\"}]},{\"@type\":\"WebSite\",\"@id\":\"https:\\\/\\\/www.anjouautomation.com\\\/fr\\\/#website\",\"url\":\"https:\\\/\\\/www.anjouautomation.com\\\/fr\\\/\",\"name\":\"Anjou Automation\",\"description\":\"\u00c9quipements de r\u00e9gulation et d&#039;automatisme\",\"publisher\":{\"@id\":\"https:\\\/\\\/www.anjouautomation.com\\\/fr\\\/#organization\"},\"potentialAction\":[{\"@type\":\"SearchAction\",\"target\":{\"@type\":\"EntryPoint\",\"urlTemplate\":\"https:\\\/\\\/www.anjouautomation.com\\\/fr\\\/?s={search_term_string}\"},\"query-input\":{\"@type\":\"PropertyValueSpecification\",\"valueRequired\":true,\"valueName\":\"search_term_string\"}}],\"inLanguage\":\"fr-FR\"},{\"@type\":\"Organization\",\"@id\":\"https:\\\/\\\/www.anjouautomation.com\\\/fr\\\/#organization\",\"name\":\"Anjou Automation\",\"url\":\"https:\\\/\\\/www.anjouautomation.com\\\/fr\\\/\",\"logo\":{\"@type\":\"ImageObject\",\"inLanguage\":\"fr-FR\",\"@id\":\"https:\\\/\\\/www.anjouautomation.com\\\/fr\\\/#\\\/schema\\\/logo\\\/image\\\/\",\"url\":\"https:\\\/\\\/www.anjouautomation.com\\\/wp-content\\\/uploads\\\/2020\\\/05\\\/logo-anjou-automation.png\",\"contentUrl\":\"https:\\\/\\\/www.anjouautomation.com\\\/wp-content\\\/uploads\\\/2020\\\/05\\\/logo-anjou-automation.png\",\"width\":301,\"height\":66,\"caption\":\"Anjou Automation\"},\"image\":{\"@id\":\"https:\\\/\\\/www.anjouautomation.com\\\/fr\\\/#\\\/schema\\\/logo\\\/image\\\/\"}}]}<\/script>\n<!-- \/ Yoast SEO plugin. -->","yoast_head_json":{"title":"Anjou Solar Drive - Anjou Automation","robots":{"index":"index","follow":"follow","max-snippet":"max-snippet:-1","max-image-preview":"max-image-preview:large","max-video-preview":"max-video-preview:-1"},"canonical":"https:\/\/www.anjouautomation.com\/fr\/produit\/anjou-solar-drive\/","og_locale":"fr_FR","og_type":"article","og_title":"Anjou Solar Drive - Anjou Automation","og_description":"L\u2019Anjou Solar Drive est un motor\u00e9ducteur 100% autonome gr\u00e2ce \u00e0 ses panneaux solaires et sa batterie. Gr\u00e2ce \u00e0 un concept unique sur le march\u00e9, vous pouvez d\u00e9sormais motoriser vos a\u00e9rations lat\u00e9rales sans \u00e9l\u00e9ctricit\u00e9. Il s\u2019inscrit parfaitement dans une d\u00e9marche \u00e9cologique et r\u00e9pond \u00e0 vos besoins \u00e9conomiques.","og_url":"https:\/\/www.anjouautomation.com\/fr\/produit\/anjou-solar-drive\/","og_site_name":"Anjou Automation","article_modified_time":"2026-01-14T10:46:48+00:00","og_image":[{"width":499,"height":499,"url":"https:\/\/www.anjouautomation.com\/wp-content\/uploads\/2026\/01\/ASD_0_0.jpg","type":"image\/jpeg"}],"twitter_card":"summary_large_image","twitter_misc":{"Dur\u00e9e de lecture estim\u00e9e":"1 minute"},"schema":{"@context":"https:\/\/schema.org","@graph":[{"@type":"WebPage","@id":"https:\/\/www.anjouautomation.com\/fr\/produit\/anjou-solar-drive\/","url":"https:\/\/www.anjouautomation.com\/fr\/produit\/anjou-solar-drive\/","name":"Anjou Solar Drive - Anjou Automation","isPartOf":{"@id":"https:\/\/www.anjouautomation.com\/fr\/#website"},"primaryImageOfPage":{"@id":"https:\/\/www.anjouautomation.com\/fr\/produit\/anjou-solar-drive\/#primaryimage"},"image":{"@id":"https:\/\/www.anjouautomation.com\/fr\/produit\/anjou-solar-drive\/#primaryimage"},"thumbnailUrl":"https:\/\/www.anjouautomation.com\/wp-content\/uploads\/2026\/01\/ASD_0_0.jpg","datePublished":"2026-01-12T14:00:07+00:00","dateModified":"2026-01-14T10:46:48+00:00","breadcrumb":{"@id":"https:\/\/www.anjouautomation.com\/fr\/produit\/anjou-solar-drive\/#breadcrumb"},"inLanguage":"fr-FR","potentialAction":[{"@type":"ReadAction","target":["https:\/\/www.anjouautomation.com\/fr\/produit\/anjou-solar-drive\/"]}]},{"@type":"ImageObject","inLanguage":"fr-FR","@id":"https:\/\/www.anjouautomation.com\/fr\/produit\/anjou-solar-drive\/#primaryimage","url":"https:\/\/www.anjouautomation.com\/wp-content\/uploads\/2026\/01\/ASD_0_0.jpg","contentUrl":"https:\/\/www.anjouautomation.com\/wp-content\/uploads\/2026\/01\/ASD_0_0.jpg","width":499,"height":499},{"@type":"BreadcrumbList","@id":"https:\/\/www.anjouautomation.com\/fr\/produit\/anjou-solar-drive\/#breadcrumb","itemListElement":[{"@type":"ListItem","position":1,"name":"Home","item":"https:\/\/www.anjouautomation.com\/fr\/"},{"@type":"ListItem","position":2,"name":"Les produits","item":"https:\/\/www.anjouautomation.com\/fr\/produits\/"},{"@type":"ListItem","position":3,"name":"M\u00e9canisation","item":"https:\/\/www.anjouautomation.com\/fr\/categorie-produit\/mecanisation\/"},{"@type":"ListItem","position":4,"name":"Anjou Solar Drive"}]},{"@type":"WebSite","@id":"https:\/\/www.anjouautomation.com\/fr\/#website","url":"https:\/\/www.anjouautomation.com\/fr\/","name":"Anjou Automation","description":"\u00c9quipements de r\u00e9gulation et d&#039;automatisme","publisher":{"@id":"https:\/\/www.anjouautomation.com\/fr\/#organization"},"potentialAction":[{"@type":"SearchAction","target":{"@type":"EntryPoint","urlTemplate":"https:\/\/www.anjouautomation.com\/fr\/?s={search_term_string}"},"query-input":{"@type":"PropertyValueSpecification","valueRequired":true,"valueName":"search_term_string"}}],"inLanguage":"fr-FR"},{"@type":"Organization","@id":"https:\/\/www.anjouautomation.com\/fr\/#organization","name":"Anjou Automation","url":"https:\/\/www.anjouautomation.com\/fr\/","logo":{"@type":"ImageObject","inLanguage":"fr-FR","@id":"https:\/\/www.anjouautomation.com\/fr\/#\/schema\/logo\/image\/","url":"https:\/\/www.anjouautomation.com\/wp-content\/uploads\/2020\/05\/logo-anjou-automation.png","contentUrl":"https:\/\/www.anjouautomation.com\/wp-content\/uploads\/2020\/05\/logo-anjou-automation.png","width":301,"height":66,"caption":"Anjou Automation"},"image":{"@id":"https:\/\/www.anjouautomation.com\/fr\/#\/schema\/logo\/image\/"}}]}},"_links":{"self":[{"href":"https:\/\/www.anjouautomation.com\/fr\/wp-json\/wp\/v2\/product\/96629","targetHints":{"allow":["GET"]}}],"collection":[{"href":"https:\/\/www.anjouautomation.com\/fr\/wp-json\/wp\/v2\/product"}],"about":[{"href":"https:\/\/www.anjouautomation.com\/fr\/wp-json\/wp\/v2\/types\/product"}],"wp:featuredmedia":[{"embeddable":true,"href":"https:\/\/www.anjouautomation.com\/fr\/wp-json\/wp\/v2\/media\/96641"}],"wp:attachment":[{"href":"https:\/\/www.anjouautomation.com\/fr\/wp-json\/wp\/v2\/media?parent=96629"}],"wp:term":[{"taxonomy":"product_brand","embeddable":true,"href":"https:\/\/www.anjouautomation.com\/fr\/wp-json\/wp\/v2\/product_brand?post=96629"},{"taxonomy":"product_cat","embeddable":true,"href":"https:\/\/www.anjouautomation.com\/fr\/wp-json\/wp\/v2\/product_cat?post=96629"},{"taxonomy":"product_tag","embeddable":true,"href":"https:\/\/www.anjouautomation.com\/fr\/wp-json\/wp\/v2\/product_tag?post=96629"}],"curies":[{"name":"wp","href":"https:\/\/api.w.org\/{rel}","templated":true}]}}