{"id":96077,"date":"2025-12-10T16:00:43","date_gmt":"2025-12-10T15:00:43","guid":{"rendered":"https:\/\/www.anjouautomation.com\/?post_type=product&#038;p=96077"},"modified":"2026-01-19T14:46:00","modified_gmt":"2026-01-19T13:46:00","slug":"mikro","status":"publish","type":"product","link":"https:\/\/www.anjouautomation.com\/fr\/produit\/mikro\/","title":{"rendered":"Mikro"},"content":{"rendered":"","protected":false},"excerpt":{"rendered":"<p>Le MIKRO, c\u2019est l\u2019alliance d\u2019un coffret de puissance et d\u2019une premi\u00e8re r\u00e9gulation climatique simplifi\u00e9e.<br \/>\nLe MIKRO est disponible en version 1 ou 2 moteurs et inclus :<\/p>\n<p>\u2022 Disjoncteur magn\u00e9to-thermique pour protection du motor\u00e9ducteur et contacteur inverseur.<br \/>\n\u2022 Un \u00e9cran pour affichage de la temp\u00e9rature et param\u00e9trage de la consigne d\u2019ouverture.<br \/>\n\u2022 Une sonde de temp\u00e9rature signal CTN.<\/p>\n<p>Produit disponible en version triphas\u00e9e, monophas\u00e9e ou monophas\u00e9e \/ triphas\u00e9e.<\/p>\n","protected":false},"featured_media":96730,"template":"","meta":[],"product_brand":[],"product_cat":[115,114],"product_tag":[],"class_list":{"0":"post-96077","1":"product","2":"type-product","3":"status-publish","4":"has-post-thumbnail","6":"product_cat-regulateurs-climatiques","7":"product_cat-climat-capteurs","9":"first","10":"instock","11":"downloadable","12":"shipping-taxable","13":"purchasable","14":"product-type-simple"},"yoast_head":"<!-- This site is optimized with the Yoast SEO plugin v27.4 - https:\/\/yoast.com\/product\/yoast-seo-wordpress\/ -->\n<title>Mikro - Anjou Automation<\/title>\n<meta name=\"robots\" content=\"index, follow, max-snippet:-1, max-image-preview:large, max-video-preview:-1\" \/>\n<link rel=\"canonical\" href=\"https:\/\/www.anjouautomation.com\/fr\/produit\/mikro\/\" \/>\n<meta property=\"og:locale\" content=\"fr_FR\" \/>\n<meta property=\"og:type\" content=\"article\" \/>\n<meta property=\"og:title\" content=\"Mikro - Anjou Automation\" \/>\n<meta property=\"og:description\" content=\"Le MIKRO, c\u2019est l\u2019alliance d\u2019un coffret de puissance et d\u2019une premi\u00e8re r\u00e9gulation climatique simplifi\u00e9e. Le MIKRO est disponible en version 1 ou 2 moteurs et inclus :  \u2022 Disjoncteur magn\u00e9to-thermique pour protection du motor\u00e9ducteur et contacteur inverseur. \u2022 Un \u00e9cran pour affichage de la temp\u00e9rature et param\u00e9trage de la consigne d\u2019ouverture. \u2022 Une sonde de temp\u00e9rature signal CTN.  Produit disponible en version triphas\u00e9e, monophas\u00e9e ou monophas\u00e9e \/ triphas\u00e9e.\" \/>\n<meta property=\"og:url\" content=\"https:\/\/www.anjouautomation.com\/fr\/produit\/mikro\/\" \/>\n<meta property=\"og:site_name\" content=\"Anjou Automation\" \/>\n<meta property=\"article:modified_time\" content=\"2026-01-19T13:46:00+00:00\" \/>\n<meta property=\"og:image\" content=\"https:\/\/www.anjouautomation.com\/wp-content\/uploads\/2025\/12\/CLI_Mikro-scaled.jpg\" \/>\n\t<meta property=\"og:image:width\" content=\"2484\" \/>\n\t<meta property=\"og:image:height\" content=\"2560\" \/>\n\t<meta property=\"og:image:type\" content=\"image\/jpeg\" \/>\n<meta name=\"twitter:card\" content=\"summary_large_image\" \/>\n<meta name=\"twitter:label1\" content=\"Dur\u00e9e de lecture estim\u00e9e\" \/>\n\t<meta name=\"twitter:data1\" content=\"1 minute\" \/>\n<script type=\"application\/ld+json\" class=\"yoast-schema-graph\">{\"@context\":\"https:\\\/\\\/schema.org\",\"@graph\":[{\"@type\":\"WebPage\",\"@id\":\"https:\\\/\\\/www.anjouautomation.com\\\/fr\\\/produit\\\/mikro\\\/\",\"url\":\"https:\\\/\\\/www.anjouautomation.com\\\/fr\\\/produit\\\/mikro\\\/\",\"name\":\"Mikro - Anjou Automation\",\"isPartOf\":{\"@id\":\"https:\\\/\\\/www.anjouautomation.com\\\/fr\\\/#website\"},\"primaryImageOfPage\":{\"@id\":\"https:\\\/\\\/www.anjouautomation.com\\\/fr\\\/produit\\\/mikro\\\/#primaryimage\"},\"image\":{\"@id\":\"https:\\\/\\\/www.anjouautomation.com\\\/fr\\\/produit\\\/mikro\\\/#primaryimage\"},\"thumbnailUrl\":\"https:\\\/\\\/www.anjouautomation.com\\\/wp-content\\\/uploads\\\/2025\\\/12\\\/CLI_Mikro-scaled.jpg\",\"datePublished\":\"2025-12-10T15:00:43+00:00\",\"dateModified\":\"2026-01-19T13:46:00+00:00\",\"breadcrumb\":{\"@id\":\"https:\\\/\\\/www.anjouautomation.com\\\/fr\\\/produit\\\/mikro\\\/#breadcrumb\"},\"inLanguage\":\"fr-FR\",\"potentialAction\":[{\"@type\":\"ReadAction\",\"target\":[\"https:\\\/\\\/www.anjouautomation.com\\\/fr\\\/produit\\\/mikro\\\/\"]}]},{\"@type\":\"ImageObject\",\"inLanguage\":\"fr-FR\",\"@id\":\"https:\\\/\\\/www.anjouautomation.com\\\/fr\\\/produit\\\/mikro\\\/#primaryimage\",\"url\":\"https:\\\/\\\/www.anjouautomation.com\\\/wp-content\\\/uploads\\\/2025\\\/12\\\/CLI_Mikro-scaled.jpg\",\"contentUrl\":\"https:\\\/\\\/www.anjouautomation.com\\\/wp-content\\\/uploads\\\/2025\\\/12\\\/CLI_Mikro-scaled.jpg\",\"width\":2484,\"height\":2560},{\"@type\":\"BreadcrumbList\",\"@id\":\"https:\\\/\\\/www.anjouautomation.com\\\/fr\\\/produit\\\/mikro\\\/#breadcrumb\",\"itemListElement\":[{\"@type\":\"ListItem\",\"position\":1,\"name\":\"Home\",\"item\":\"https:\\\/\\\/www.anjouautomation.com\\\/fr\\\/\"},{\"@type\":\"ListItem\",\"position\":2,\"name\":\"Les produits\",\"item\":\"https:\\\/\\\/www.anjouautomation.com\\\/fr\\\/produits\\\/\"},{\"@type\":\"ListItem\",\"position\":3,\"name\":\"Climat \\\/ capteurs\",\"item\":\"https:\\\/\\\/www.anjouautomation.com\\\/fr\\\/categorie-produit\\\/climat-capteurs\\\/\"},{\"@type\":\"ListItem\",\"position\":4,\"name\":\"Mikro\"}]},{\"@type\":\"WebSite\",\"@id\":\"https:\\\/\\\/www.anjouautomation.com\\\/fr\\\/#website\",\"url\":\"https:\\\/\\\/www.anjouautomation.com\\\/fr\\\/\",\"name\":\"Anjou Automation\",\"description\":\"\u00c9quipements de r\u00e9gulation et d&#039;automatisme\",\"publisher\":{\"@id\":\"https:\\\/\\\/www.anjouautomation.com\\\/fr\\\/#organization\"},\"potentialAction\":[{\"@type\":\"SearchAction\",\"target\":{\"@type\":\"EntryPoint\",\"urlTemplate\":\"https:\\\/\\\/www.anjouautomation.com\\\/fr\\\/?s={search_term_string}\"},\"query-input\":{\"@type\":\"PropertyValueSpecification\",\"valueRequired\":true,\"valueName\":\"search_term_string\"}}],\"inLanguage\":\"fr-FR\"},{\"@type\":\"Organization\",\"@id\":\"https:\\\/\\\/www.anjouautomation.com\\\/fr\\\/#organization\",\"name\":\"Anjou Automation\",\"url\":\"https:\\\/\\\/www.anjouautomation.com\\\/fr\\\/\",\"logo\":{\"@type\":\"ImageObject\",\"inLanguage\":\"fr-FR\",\"@id\":\"https:\\\/\\\/www.anjouautomation.com\\\/fr\\\/#\\\/schema\\\/logo\\\/image\\\/\",\"url\":\"https:\\\/\\\/www.anjouautomation.com\\\/wp-content\\\/uploads\\\/2020\\\/05\\\/logo-anjou-automation.png\",\"contentUrl\":\"https:\\\/\\\/www.anjouautomation.com\\\/wp-content\\\/uploads\\\/2020\\\/05\\\/logo-anjou-automation.png\",\"width\":301,\"height\":66,\"caption\":\"Anjou Automation\"},\"image\":{\"@id\":\"https:\\\/\\\/www.anjouautomation.com\\\/fr\\\/#\\\/schema\\\/logo\\\/image\\\/\"}}]}<\/script>\n<!-- \/ Yoast SEO plugin. -->","yoast_head_json":{"title":"Mikro - Anjou Automation","robots":{"index":"index","follow":"follow","max-snippet":"max-snippet:-1","max-image-preview":"max-image-preview:large","max-video-preview":"max-video-preview:-1"},"canonical":"https:\/\/www.anjouautomation.com\/fr\/produit\/mikro\/","og_locale":"fr_FR","og_type":"article","og_title":"Mikro - Anjou Automation","og_description":"Le MIKRO, c\u2019est l\u2019alliance d\u2019un coffret de puissance et d\u2019une premi\u00e8re r\u00e9gulation climatique simplifi\u00e9e. Le MIKRO est disponible en version 1 ou 2 moteurs et inclus :  \u2022 Disjoncteur magn\u00e9to-thermique pour protection du motor\u00e9ducteur et contacteur inverseur. \u2022 Un \u00e9cran pour affichage de la temp\u00e9rature et param\u00e9trage de la consigne d\u2019ouverture. \u2022 Une sonde de temp\u00e9rature signal CTN.  Produit disponible en version triphas\u00e9e, monophas\u00e9e ou monophas\u00e9e \/ triphas\u00e9e.","og_url":"https:\/\/www.anjouautomation.com\/fr\/produit\/mikro\/","og_site_name":"Anjou Automation","article_modified_time":"2026-01-19T13:46:00+00:00","og_image":[{"width":2484,"height":2560,"url":"https:\/\/www.anjouautomation.com\/wp-content\/uploads\/2025\/12\/CLI_Mikro-scaled.jpg","type":"image\/jpeg"}],"twitter_card":"summary_large_image","twitter_misc":{"Dur\u00e9e de lecture estim\u00e9e":"1 minute"},"schema":{"@context":"https:\/\/schema.org","@graph":[{"@type":"WebPage","@id":"https:\/\/www.anjouautomation.com\/fr\/produit\/mikro\/","url":"https:\/\/www.anjouautomation.com\/fr\/produit\/mikro\/","name":"Mikro - Anjou Automation","isPartOf":{"@id":"https:\/\/www.anjouautomation.com\/fr\/#website"},"primaryImageOfPage":{"@id":"https:\/\/www.anjouautomation.com\/fr\/produit\/mikro\/#primaryimage"},"image":{"@id":"https:\/\/www.anjouautomation.com\/fr\/produit\/mikro\/#primaryimage"},"thumbnailUrl":"https:\/\/www.anjouautomation.com\/wp-content\/uploads\/2025\/12\/CLI_Mikro-scaled.jpg","datePublished":"2025-12-10T15:00:43+00:00","dateModified":"2026-01-19T13:46:00+00:00","breadcrumb":{"@id":"https:\/\/www.anjouautomation.com\/fr\/produit\/mikro\/#breadcrumb"},"inLanguage":"fr-FR","potentialAction":[{"@type":"ReadAction","target":["https:\/\/www.anjouautomation.com\/fr\/produit\/mikro\/"]}]},{"@type":"ImageObject","inLanguage":"fr-FR","@id":"https:\/\/www.anjouautomation.com\/fr\/produit\/mikro\/#primaryimage","url":"https:\/\/www.anjouautomation.com\/wp-content\/uploads\/2025\/12\/CLI_Mikro-scaled.jpg","contentUrl":"https:\/\/www.anjouautomation.com\/wp-content\/uploads\/2025\/12\/CLI_Mikro-scaled.jpg","width":2484,"height":2560},{"@type":"BreadcrumbList","@id":"https:\/\/www.anjouautomation.com\/fr\/produit\/mikro\/#breadcrumb","itemListElement":[{"@type":"ListItem","position":1,"name":"Home","item":"https:\/\/www.anjouautomation.com\/fr\/"},{"@type":"ListItem","position":2,"name":"Les produits","item":"https:\/\/www.anjouautomation.com\/fr\/produits\/"},{"@type":"ListItem","position":3,"name":"Climat \/ capteurs","item":"https:\/\/www.anjouautomation.com\/fr\/categorie-produit\/climat-capteurs\/"},{"@type":"ListItem","position":4,"name":"Mikro"}]},{"@type":"WebSite","@id":"https:\/\/www.anjouautomation.com\/fr\/#website","url":"https:\/\/www.anjouautomation.com\/fr\/","name":"Anjou Automation","description":"\u00c9quipements de r\u00e9gulation et d&#039;automatisme","publisher":{"@id":"https:\/\/www.anjouautomation.com\/fr\/#organization"},"potentialAction":[{"@type":"SearchAction","target":{"@type":"EntryPoint","urlTemplate":"https:\/\/www.anjouautomation.com\/fr\/?s={search_term_string}"},"query-input":{"@type":"PropertyValueSpecification","valueRequired":true,"valueName":"search_term_string"}}],"inLanguage":"fr-FR"},{"@type":"Organization","@id":"https:\/\/www.anjouautomation.com\/fr\/#organization","name":"Anjou Automation","url":"https:\/\/www.anjouautomation.com\/fr\/","logo":{"@type":"ImageObject","inLanguage":"fr-FR","@id":"https:\/\/www.anjouautomation.com\/fr\/#\/schema\/logo\/image\/","url":"https:\/\/www.anjouautomation.com\/wp-content\/uploads\/2020\/05\/logo-anjou-automation.png","contentUrl":"https:\/\/www.anjouautomation.com\/wp-content\/uploads\/2020\/05\/logo-anjou-automation.png","width":301,"height":66,"caption":"Anjou Automation"},"image":{"@id":"https:\/\/www.anjouautomation.com\/fr\/#\/schema\/logo\/image\/"}}]}},"_links":{"self":[{"href":"https:\/\/www.anjouautomation.com\/fr\/wp-json\/wp\/v2\/product\/96077","targetHints":{"allow":["GET"]}}],"collection":[{"href":"https:\/\/www.anjouautomation.com\/fr\/wp-json\/wp\/v2\/product"}],"about":[{"href":"https:\/\/www.anjouautomation.com\/fr\/wp-json\/wp\/v2\/types\/product"}],"wp:featuredmedia":[{"embeddable":true,"href":"https:\/\/www.anjouautomation.com\/fr\/wp-json\/wp\/v2\/media\/96730"}],"wp:attachment":[{"href":"https:\/\/www.anjouautomation.com\/fr\/wp-json\/wp\/v2\/media?parent=96077"}],"wp:term":[{"taxonomy":"product_brand","embeddable":true,"href":"https:\/\/www.anjouautomation.com\/fr\/wp-json\/wp\/v2\/product_brand?post=96077"},{"taxonomy":"product_cat","embeddable":true,"href":"https:\/\/www.anjouautomation.com\/fr\/wp-json\/wp\/v2\/product_cat?post=96077"},{"taxonomy":"product_tag","embeddable":true,"href":"https:\/\/www.anjouautomation.com\/fr\/wp-json\/wp\/v2\/product_tag?post=96077"}],"curies":[{"name":"wp","href":"https:\/\/api.w.org\/{rel}","templated":true}]}}