{"id":96056,"date":"2025-12-10T13:59:41","date_gmt":"2025-12-10T12:59:41","guid":{"rendered":"https:\/\/www.anjouautomation.com\/?post_type=product&#038;p=96056"},"modified":"2025-12-10T14:29:43","modified_gmt":"2025-12-10T13:29:43","slug":"optagrow","status":"publish","type":"product","link":"https:\/\/www.anjouautomation.com\/fr\/produit\/optagrow\/","title":{"rendered":"Optagrow"},"content":{"rendered":"","protected":false},"excerpt":{"rendered":"<p>L\u2019OPTAGROW est un ordinateur de gestion centralis\u00e9e du climat, de la ferti-irrigation et du chauffage pour vos serres horticoles, maraich\u00e8res et de recherches. Gr\u00e2ce \u00e0 son syst\u00e8me de cartes d\u2019entr\u00e9es \/ sorties modulaire, il est \u00e9volutif dans le temps et accompagne le d\u00e9veloppement de votre exploitation.<br \/>\nSon \u00e9cran couleur tactile permet une ergonomie d\u2019utilisation optimale et un acc\u00e8s ais\u00e9 et rapide \u00e0 toutes vos donn\u00e9es.<br \/>\nVous pouvez \u00e9galement prendre la main sur l\u2019OPTAGROW depuis votre t\u00e9l\u00e9phone, tablette et ordinateur.<br \/>\nDe nombreuses fonctionnalit\u00e9s logicielles et optimisations d\u2019affichages font de l\u2019OPTAGROW le produit le plus puissant de la gamme ANJOU AUTOMATION.<\/p>\n","protected":false},"featured_media":96062,"template":"","meta":[],"product_brand":[],"product_cat":[115,114],"product_tag":[],"class_list":{"0":"post-96056","1":"product","2":"type-product","3":"status-publish","4":"has-post-thumbnail","6":"product_cat-regulateurs-climatiques","7":"product_cat-climat-capteurs","9":"first","10":"instock","11":"downloadable","12":"shipping-taxable","13":"purchasable","14":"product-type-simple"},"yoast_head":"<!-- This site is optimized with the Yoast SEO plugin v27.5 - https:\/\/yoast.com\/product\/yoast-seo-wordpress\/ -->\n<title>Optagrow - Anjou Automation<\/title>\n<meta name=\"robots\" content=\"index, follow, max-snippet:-1, max-image-preview:large, max-video-preview:-1\" \/>\n<link rel=\"canonical\" href=\"https:\/\/www.anjouautomation.com\/fr\/produit\/optagrow\/\" \/>\n<meta property=\"og:locale\" content=\"fr_FR\" \/>\n<meta property=\"og:type\" content=\"article\" \/>\n<meta property=\"og:title\" content=\"Optagrow - Anjou Automation\" \/>\n<meta property=\"og:description\" content=\"L\u2019OPTAGROW est un ordinateur de gestion centralis\u00e9e du climat, de la ferti-irrigation et du chauffage pour vos serres horticoles, maraich\u00e8res et de recherches. Gr\u00e2ce \u00e0 son syst\u00e8me de cartes d\u2019entr\u00e9es \/ sorties modulaire, il est \u00e9volutif dans le temps et accompagne le d\u00e9veloppement de votre exploitation. Son \u00e9cran couleur tactile permet une ergonomie d\u2019utilisation optimale et un acc\u00e8s ais\u00e9 et rapide \u00e0 toutes vos donn\u00e9es. Vous pouvez \u00e9galement prendre la main sur l\u2019OPTAGROW depuis votre t\u00e9l\u00e9phone, tablette et ordinateur. De nombreuses fonctionnalit\u00e9s logicielles et optimisations d\u2019affichages font de l\u2019OPTAGROW le produit le plus puissant de la gamme ANJOU AUTOMATION.\" \/>\n<meta property=\"og:url\" content=\"https:\/\/www.anjouautomation.com\/fr\/produit\/optagrow\/\" \/>\n<meta property=\"og:site_name\" content=\"Anjou Automation\" \/>\n<meta property=\"article:modified_time\" content=\"2025-12-10T13:29:43+00:00\" \/>\n<meta property=\"og:image\" content=\"https:\/\/www.anjouautomation.com\/wp-content\/uploads\/2025\/12\/CLI_Optagrow-scaled.jpg\" \/>\n\t<meta property=\"og:image:width\" content=\"2560\" \/>\n\t<meta property=\"og:image:height\" content=\"2210\" \/>\n\t<meta property=\"og:image:type\" content=\"image\/jpeg\" \/>\n<meta name=\"twitter:card\" content=\"summary_large_image\" \/>\n<meta name=\"twitter:label1\" content=\"Dur\u00e9e de lecture estim\u00e9e\" \/>\n\t<meta name=\"twitter:data1\" content=\"1 minute\" \/>\n<script type=\"application\/ld+json\" class=\"yoast-schema-graph\">{\"@context\":\"https:\\\/\\\/schema.org\",\"@graph\":[{\"@type\":\"WebPage\",\"@id\":\"https:\\\/\\\/www.anjouautomation.com\\\/fr\\\/produit\\\/optagrow\\\/\",\"url\":\"https:\\\/\\\/www.anjouautomation.com\\\/fr\\\/produit\\\/optagrow\\\/\",\"name\":\"Optagrow - Anjou Automation\",\"isPartOf\":{\"@id\":\"https:\\\/\\\/www.anjouautomation.com\\\/fr\\\/#website\"},\"primaryImageOfPage\":{\"@id\":\"https:\\\/\\\/www.anjouautomation.com\\\/fr\\\/produit\\\/optagrow\\\/#primaryimage\"},\"image\":{\"@id\":\"https:\\\/\\\/www.anjouautomation.com\\\/fr\\\/produit\\\/optagrow\\\/#primaryimage\"},\"thumbnailUrl\":\"https:\\\/\\\/www.anjouautomation.com\\\/wp-content\\\/uploads\\\/2025\\\/12\\\/CLI_Optagrow-scaled.jpg\",\"datePublished\":\"2025-12-10T12:59:41+00:00\",\"dateModified\":\"2025-12-10T13:29:43+00:00\",\"breadcrumb\":{\"@id\":\"https:\\\/\\\/www.anjouautomation.com\\\/fr\\\/produit\\\/optagrow\\\/#breadcrumb\"},\"inLanguage\":\"fr-FR\",\"potentialAction\":[{\"@type\":\"ReadAction\",\"target\":[\"https:\\\/\\\/www.anjouautomation.com\\\/fr\\\/produit\\\/optagrow\\\/\"]}]},{\"@type\":\"ImageObject\",\"inLanguage\":\"fr-FR\",\"@id\":\"https:\\\/\\\/www.anjouautomation.com\\\/fr\\\/produit\\\/optagrow\\\/#primaryimage\",\"url\":\"https:\\\/\\\/www.anjouautomation.com\\\/wp-content\\\/uploads\\\/2025\\\/12\\\/CLI_Optagrow-scaled.jpg\",\"contentUrl\":\"https:\\\/\\\/www.anjouautomation.com\\\/wp-content\\\/uploads\\\/2025\\\/12\\\/CLI_Optagrow-scaled.jpg\",\"width\":2560,\"height\":2210},{\"@type\":\"BreadcrumbList\",\"@id\":\"https:\\\/\\\/www.anjouautomation.com\\\/fr\\\/produit\\\/optagrow\\\/#breadcrumb\",\"itemListElement\":[{\"@type\":\"ListItem\",\"position\":1,\"name\":\"Home\",\"item\":\"https:\\\/\\\/www.anjouautomation.com\\\/fr\\\/\"},{\"@type\":\"ListItem\",\"position\":2,\"name\":\"Les produits\",\"item\":\"https:\\\/\\\/www.anjouautomation.com\\\/fr\\\/produits\\\/\"},{\"@type\":\"ListItem\",\"position\":3,\"name\":\"Climat \\\/ capteurs\",\"item\":\"https:\\\/\\\/www.anjouautomation.com\\\/fr\\\/categorie-produit\\\/climat-capteurs\\\/\"},{\"@type\":\"ListItem\",\"position\":4,\"name\":\"Optagrow\"}]},{\"@type\":\"WebSite\",\"@id\":\"https:\\\/\\\/www.anjouautomation.com\\\/fr\\\/#website\",\"url\":\"https:\\\/\\\/www.anjouautomation.com\\\/fr\\\/\",\"name\":\"Anjou Automation\",\"description\":\"\u00c9quipements de r\u00e9gulation et d&#039;automatisme\",\"publisher\":{\"@id\":\"https:\\\/\\\/www.anjouautomation.com\\\/fr\\\/#organization\"},\"potentialAction\":[{\"@type\":\"SearchAction\",\"target\":{\"@type\":\"EntryPoint\",\"urlTemplate\":\"https:\\\/\\\/www.anjouautomation.com\\\/fr\\\/?s={search_term_string}\"},\"query-input\":{\"@type\":\"PropertyValueSpecification\",\"valueRequired\":true,\"valueName\":\"search_term_string\"}}],\"inLanguage\":\"fr-FR\"},{\"@type\":\"Organization\",\"@id\":\"https:\\\/\\\/www.anjouautomation.com\\\/fr\\\/#organization\",\"name\":\"Anjou Automation\",\"url\":\"https:\\\/\\\/www.anjouautomation.com\\\/fr\\\/\",\"logo\":{\"@type\":\"ImageObject\",\"inLanguage\":\"fr-FR\",\"@id\":\"https:\\\/\\\/www.anjouautomation.com\\\/fr\\\/#\\\/schema\\\/logo\\\/image\\\/\",\"url\":\"https:\\\/\\\/www.anjouautomation.com\\\/wp-content\\\/uploads\\\/2020\\\/05\\\/logo-anjou-automation.png\",\"contentUrl\":\"https:\\\/\\\/www.anjouautomation.com\\\/wp-content\\\/uploads\\\/2020\\\/05\\\/logo-anjou-automation.png\",\"width\":301,\"height\":66,\"caption\":\"Anjou Automation\"},\"image\":{\"@id\":\"https:\\\/\\\/www.anjouautomation.com\\\/fr\\\/#\\\/schema\\\/logo\\\/image\\\/\"}}]}<\/script>\n<!-- \/ Yoast SEO plugin. -->","yoast_head_json":{"title":"Optagrow - Anjou Automation","robots":{"index":"index","follow":"follow","max-snippet":"max-snippet:-1","max-image-preview":"max-image-preview:large","max-video-preview":"max-video-preview:-1"},"canonical":"https:\/\/www.anjouautomation.com\/fr\/produit\/optagrow\/","og_locale":"fr_FR","og_type":"article","og_title":"Optagrow - Anjou Automation","og_description":"L\u2019OPTAGROW est un ordinateur de gestion centralis\u00e9e du climat, de la ferti-irrigation et du chauffage pour vos serres horticoles, maraich\u00e8res et de recherches. Gr\u00e2ce \u00e0 son syst\u00e8me de cartes d\u2019entr\u00e9es \/ sorties modulaire, il est \u00e9volutif dans le temps et accompagne le d\u00e9veloppement de votre exploitation. Son \u00e9cran couleur tactile permet une ergonomie d\u2019utilisation optimale et un acc\u00e8s ais\u00e9 et rapide \u00e0 toutes vos donn\u00e9es. Vous pouvez \u00e9galement prendre la main sur l\u2019OPTAGROW depuis votre t\u00e9l\u00e9phone, tablette et ordinateur. De nombreuses fonctionnalit\u00e9s logicielles et optimisations d\u2019affichages font de l\u2019OPTAGROW le produit le plus puissant de la gamme ANJOU AUTOMATION.","og_url":"https:\/\/www.anjouautomation.com\/fr\/produit\/optagrow\/","og_site_name":"Anjou Automation","article_modified_time":"2025-12-10T13:29:43+00:00","og_image":[{"width":2560,"height":2210,"url":"https:\/\/www.anjouautomation.com\/wp-content\/uploads\/2025\/12\/CLI_Optagrow-scaled.jpg","type":"image\/jpeg"}],"twitter_card":"summary_large_image","twitter_misc":{"Dur\u00e9e de lecture estim\u00e9e":"1 minute"},"schema":{"@context":"https:\/\/schema.org","@graph":[{"@type":"WebPage","@id":"https:\/\/www.anjouautomation.com\/fr\/produit\/optagrow\/","url":"https:\/\/www.anjouautomation.com\/fr\/produit\/optagrow\/","name":"Optagrow - Anjou Automation","isPartOf":{"@id":"https:\/\/www.anjouautomation.com\/fr\/#website"},"primaryImageOfPage":{"@id":"https:\/\/www.anjouautomation.com\/fr\/produit\/optagrow\/#primaryimage"},"image":{"@id":"https:\/\/www.anjouautomation.com\/fr\/produit\/optagrow\/#primaryimage"},"thumbnailUrl":"https:\/\/www.anjouautomation.com\/wp-content\/uploads\/2025\/12\/CLI_Optagrow-scaled.jpg","datePublished":"2025-12-10T12:59:41+00:00","dateModified":"2025-12-10T13:29:43+00:00","breadcrumb":{"@id":"https:\/\/www.anjouautomation.com\/fr\/produit\/optagrow\/#breadcrumb"},"inLanguage":"fr-FR","potentialAction":[{"@type":"ReadAction","target":["https:\/\/www.anjouautomation.com\/fr\/produit\/optagrow\/"]}]},{"@type":"ImageObject","inLanguage":"fr-FR","@id":"https:\/\/www.anjouautomation.com\/fr\/produit\/optagrow\/#primaryimage","url":"https:\/\/www.anjouautomation.com\/wp-content\/uploads\/2025\/12\/CLI_Optagrow-scaled.jpg","contentUrl":"https:\/\/www.anjouautomation.com\/wp-content\/uploads\/2025\/12\/CLI_Optagrow-scaled.jpg","width":2560,"height":2210},{"@type":"BreadcrumbList","@id":"https:\/\/www.anjouautomation.com\/fr\/produit\/optagrow\/#breadcrumb","itemListElement":[{"@type":"ListItem","position":1,"name":"Home","item":"https:\/\/www.anjouautomation.com\/fr\/"},{"@type":"ListItem","position":2,"name":"Les produits","item":"https:\/\/www.anjouautomation.com\/fr\/produits\/"},{"@type":"ListItem","position":3,"name":"Climat \/ capteurs","item":"https:\/\/www.anjouautomation.com\/fr\/categorie-produit\/climat-capteurs\/"},{"@type":"ListItem","position":4,"name":"Optagrow"}]},{"@type":"WebSite","@id":"https:\/\/www.anjouautomation.com\/fr\/#website","url":"https:\/\/www.anjouautomation.com\/fr\/","name":"Anjou Automation","description":"\u00c9quipements de r\u00e9gulation et d&#039;automatisme","publisher":{"@id":"https:\/\/www.anjouautomation.com\/fr\/#organization"},"potentialAction":[{"@type":"SearchAction","target":{"@type":"EntryPoint","urlTemplate":"https:\/\/www.anjouautomation.com\/fr\/?s={search_term_string}"},"query-input":{"@type":"PropertyValueSpecification","valueRequired":true,"valueName":"search_term_string"}}],"inLanguage":"fr-FR"},{"@type":"Organization","@id":"https:\/\/www.anjouautomation.com\/fr\/#organization","name":"Anjou Automation","url":"https:\/\/www.anjouautomation.com\/fr\/","logo":{"@type":"ImageObject","inLanguage":"fr-FR","@id":"https:\/\/www.anjouautomation.com\/fr\/#\/schema\/logo\/image\/","url":"https:\/\/www.anjouautomation.com\/wp-content\/uploads\/2020\/05\/logo-anjou-automation.png","contentUrl":"https:\/\/www.anjouautomation.com\/wp-content\/uploads\/2020\/05\/logo-anjou-automation.png","width":301,"height":66,"caption":"Anjou Automation"},"image":{"@id":"https:\/\/www.anjouautomation.com\/fr\/#\/schema\/logo\/image\/"}}]}},"_links":{"self":[{"href":"https:\/\/www.anjouautomation.com\/fr\/wp-json\/wp\/v2\/product\/96056","targetHints":{"allow":["GET"]}}],"collection":[{"href":"https:\/\/www.anjouautomation.com\/fr\/wp-json\/wp\/v2\/product"}],"about":[{"href":"https:\/\/www.anjouautomation.com\/fr\/wp-json\/wp\/v2\/types\/product"}],"wp:featuredmedia":[{"embeddable":true,"href":"https:\/\/www.anjouautomation.com\/fr\/wp-json\/wp\/v2\/media\/96062"}],"wp:attachment":[{"href":"https:\/\/www.anjouautomation.com\/fr\/wp-json\/wp\/v2\/media?parent=96056"}],"wp:term":[{"taxonomy":"product_brand","embeddable":true,"href":"https:\/\/www.anjouautomation.com\/fr\/wp-json\/wp\/v2\/product_brand?post=96056"},{"taxonomy":"product_cat","embeddable":true,"href":"https:\/\/www.anjouautomation.com\/fr\/wp-json\/wp\/v2\/product_cat?post=96056"},{"taxonomy":"product_tag","embeddable":true,"href":"https:\/\/www.anjouautomation.com\/fr\/wp-json\/wp\/v2\/product_tag?post=96056"}],"curies":[{"name":"wp","href":"https:\/\/api.w.org\/{rel}","templated":true}]}}