{"id":90223,"date":"2021-12-02T13:30:53","date_gmt":"2021-12-02T12:30:53","guid":{"rendered":"https:\/\/www.anjouautomation.com\/?post_type=product&#038;p=90223"},"modified":"2026-01-14T15:29:14","modified_gmt":"2026-01-14T14:29:14","slug":"sima-centrale-dalarmes-autonome-acces-4g","status":"publish","type":"product","link":"https:\/\/www.anjouautomation.com\/fr\/produit\/sima-centrale-dalarmes-autonome-acces-4g\/","title":{"rendered":"Sima : Centrale d&rsquo;alarmes autonome + acc\u00e8s 4G"},"content":{"rendered":"","protected":false},"excerpt":{"rendered":"<p>\u2022 Coffret ind\u00e9pendant des r\u00e9gulateurs et programmateurs<br \/>\n\u2022 Configuration du SIMA sur \u00e9cran couleur tactile et sur site web embarqu\u00e9<br \/>\n\u2022 Envoi SMS du contact Alarme des r\u00e9gulateurs connect\u00e9s<br \/>\n\u2022 Possibilit\u00e9 de connecter 48 d\u00e9fauts externes (thermostat, mesure de niveau, disjoncteur&#8230;)<br \/>\n\u2022 Acc\u00e8s 4G aux sites web embarqu\u00e9s des r\u00e9gulateurs connect\u00e9s<br \/>\n\u2022 Jusqu\u2019\u00e0 10 utilisateurs<br \/>\n\u2022 Gestion des priorit\u00e9s<br \/>\n\u2022 Jusqu\u2019\u00e0 11 s\u00e9quences<\/p>\n","protected":false},"featured_media":90230,"template":"","meta":[],"product_brand":[],"product_cat":[275],"product_tag":[],"class_list":{"0":"post-90223","1":"product","2":"type-product","3":"status-publish","4":"has-post-thumbnail","6":"product_cat-supervision","8":"first","9":"instock","10":"downloadable","11":"shipping-taxable","12":"product-type-simple"},"yoast_head":"<!-- This site is optimized with the Yoast SEO plugin v27.4 - https:\/\/yoast.com\/product\/yoast-seo-wordpress\/ -->\n<title>Sima : Centrale d&#039;alarmes autonome + acc\u00e8s 4G - Anjou Automation<\/title>\n<meta name=\"robots\" content=\"index, follow, max-snippet:-1, max-image-preview:large, max-video-preview:-1\" \/>\n<link rel=\"canonical\" href=\"https:\/\/www.anjouautomation.com\/fr\/produit\/sima-centrale-dalarmes-autonome-acces-4g\/\" \/>\n<meta property=\"og:locale\" content=\"fr_FR\" \/>\n<meta property=\"og:type\" content=\"article\" \/>\n<meta property=\"og:title\" content=\"Sima : Centrale d&#039;alarmes autonome + acc\u00e8s 4G - Anjou Automation\" \/>\n<meta property=\"og:description\" content=\"\u2022 Coffret ind\u00e9pendant des r\u00e9gulateurs et programmateurs \u2022 Configuration du SIMA sur \u00e9cran couleur tactile et sur site web embarqu\u00e9 \u2022 Envoi SMS du contact Alarme des r\u00e9gulateurs connect\u00e9s \u2022 Possibilit\u00e9 de connecter 48 d\u00e9fauts externes (thermostat, mesure de niveau, disjoncteur...) \u2022 Acc\u00e8s 4G aux sites web embarqu\u00e9s des r\u00e9gulateurs connect\u00e9s \u2022 Jusqu\u2019\u00e0 10 utilisateurs \u2022 Gestion des priorit\u00e9s \u2022 Jusqu\u2019\u00e0 11 s\u00e9quences\" \/>\n<meta property=\"og:url\" content=\"https:\/\/www.anjouautomation.com\/fr\/produit\/sima-centrale-dalarmes-autonome-acces-4g\/\" \/>\n<meta property=\"og:site_name\" content=\"Anjou Automation\" \/>\n<meta property=\"article:modified_time\" content=\"2026-01-14T14:29:14+00:00\" \/>\n<meta property=\"og:image\" content=\"https:\/\/www.anjouautomation.com\/wp-content\/uploads\/2021\/12\/2021-12-02_13h30_00.png\" \/>\n\t<meta property=\"og:image:width\" content=\"766\" \/>\n\t<meta property=\"og:image:height\" content=\"720\" \/>\n\t<meta property=\"og:image:type\" content=\"image\/png\" \/>\n<meta name=\"twitter:card\" content=\"summary_large_image\" \/>\n<meta name=\"twitter:label1\" content=\"Dur\u00e9e de lecture estim\u00e9e\" \/>\n\t<meta name=\"twitter:data1\" content=\"1 minute\" \/>\n<script type=\"application\/ld+json\" class=\"yoast-schema-graph\">{\"@context\":\"https:\\\/\\\/schema.org\",\"@graph\":[{\"@type\":\"WebPage\",\"@id\":\"https:\\\/\\\/www.anjouautomation.com\\\/fr\\\/produit\\\/sima-centrale-dalarmes-autonome-acces-4g\\\/\",\"url\":\"https:\\\/\\\/www.anjouautomation.com\\\/fr\\\/produit\\\/sima-centrale-dalarmes-autonome-acces-4g\\\/\",\"name\":\"Sima : Centrale d'alarmes autonome + acc\u00e8s 4G - Anjou Automation\",\"isPartOf\":{\"@id\":\"https:\\\/\\\/www.anjouautomation.com\\\/fr\\\/#website\"},\"primaryImageOfPage\":{\"@id\":\"https:\\\/\\\/www.anjouautomation.com\\\/fr\\\/produit\\\/sima-centrale-dalarmes-autonome-acces-4g\\\/#primaryimage\"},\"image\":{\"@id\":\"https:\\\/\\\/www.anjouautomation.com\\\/fr\\\/produit\\\/sima-centrale-dalarmes-autonome-acces-4g\\\/#primaryimage\"},\"thumbnailUrl\":\"https:\\\/\\\/www.anjouautomation.com\\\/wp-content\\\/uploads\\\/2021\\\/12\\\/2021-12-02_13h30_00.png\",\"datePublished\":\"2021-12-02T12:30:53+00:00\",\"dateModified\":\"2026-01-14T14:29:14+00:00\",\"breadcrumb\":{\"@id\":\"https:\\\/\\\/www.anjouautomation.com\\\/fr\\\/produit\\\/sima-centrale-dalarmes-autonome-acces-4g\\\/#breadcrumb\"},\"inLanguage\":\"fr-FR\",\"potentialAction\":[{\"@type\":\"ReadAction\",\"target\":[\"https:\\\/\\\/www.anjouautomation.com\\\/fr\\\/produit\\\/sima-centrale-dalarmes-autonome-acces-4g\\\/\"]}]},{\"@type\":\"ImageObject\",\"inLanguage\":\"fr-FR\",\"@id\":\"https:\\\/\\\/www.anjouautomation.com\\\/fr\\\/produit\\\/sima-centrale-dalarmes-autonome-acces-4g\\\/#primaryimage\",\"url\":\"https:\\\/\\\/www.anjouautomation.com\\\/wp-content\\\/uploads\\\/2021\\\/12\\\/2021-12-02_13h30_00.png\",\"contentUrl\":\"https:\\\/\\\/www.anjouautomation.com\\\/wp-content\\\/uploads\\\/2021\\\/12\\\/2021-12-02_13h30_00.png\",\"width\":766,\"height\":720},{\"@type\":\"BreadcrumbList\",\"@id\":\"https:\\\/\\\/www.anjouautomation.com\\\/fr\\\/produit\\\/sima-centrale-dalarmes-autonome-acces-4g\\\/#breadcrumb\",\"itemListElement\":[{\"@type\":\"ListItem\",\"position\":1,\"name\":\"Home\",\"item\":\"https:\\\/\\\/www.anjouautomation.com\\\/fr\\\/\"},{\"@type\":\"ListItem\",\"position\":2,\"name\":\"Les produits\",\"item\":\"https:\\\/\\\/www.anjouautomation.com\\\/fr\\\/produits\\\/\"},{\"@type\":\"ListItem\",\"position\":3,\"name\":\"Supervision\",\"item\":\"https:\\\/\\\/www.anjouautomation.com\\\/fr\\\/categorie-produit\\\/supervision\\\/\"},{\"@type\":\"ListItem\",\"position\":4,\"name\":\"Sima : Centrale d&rsquo;alarmes autonome + acc\u00e8s 4G\"}]},{\"@type\":\"WebSite\",\"@id\":\"https:\\\/\\\/www.anjouautomation.com\\\/fr\\\/#website\",\"url\":\"https:\\\/\\\/www.anjouautomation.com\\\/fr\\\/\",\"name\":\"Anjou Automation\",\"description\":\"\u00c9quipements de r\u00e9gulation et d&#039;automatisme\",\"publisher\":{\"@id\":\"https:\\\/\\\/www.anjouautomation.com\\\/fr\\\/#organization\"},\"potentialAction\":[{\"@type\":\"SearchAction\",\"target\":{\"@type\":\"EntryPoint\",\"urlTemplate\":\"https:\\\/\\\/www.anjouautomation.com\\\/fr\\\/?s={search_term_string}\"},\"query-input\":{\"@type\":\"PropertyValueSpecification\",\"valueRequired\":true,\"valueName\":\"search_term_string\"}}],\"inLanguage\":\"fr-FR\"},{\"@type\":\"Organization\",\"@id\":\"https:\\\/\\\/www.anjouautomation.com\\\/fr\\\/#organization\",\"name\":\"Anjou Automation\",\"url\":\"https:\\\/\\\/www.anjouautomation.com\\\/fr\\\/\",\"logo\":{\"@type\":\"ImageObject\",\"inLanguage\":\"fr-FR\",\"@id\":\"https:\\\/\\\/www.anjouautomation.com\\\/fr\\\/#\\\/schema\\\/logo\\\/image\\\/\",\"url\":\"https:\\\/\\\/www.anjouautomation.com\\\/wp-content\\\/uploads\\\/2020\\\/05\\\/logo-anjou-automation.png\",\"contentUrl\":\"https:\\\/\\\/www.anjouautomation.com\\\/wp-content\\\/uploads\\\/2020\\\/05\\\/logo-anjou-automation.png\",\"width\":301,\"height\":66,\"caption\":\"Anjou Automation\"},\"image\":{\"@id\":\"https:\\\/\\\/www.anjouautomation.com\\\/fr\\\/#\\\/schema\\\/logo\\\/image\\\/\"}}]}<\/script>\n<!-- \/ Yoast SEO plugin. -->","yoast_head_json":{"title":"Sima : Centrale d'alarmes autonome + acc\u00e8s 4G - Anjou Automation","robots":{"index":"index","follow":"follow","max-snippet":"max-snippet:-1","max-image-preview":"max-image-preview:large","max-video-preview":"max-video-preview:-1"},"canonical":"https:\/\/www.anjouautomation.com\/fr\/produit\/sima-centrale-dalarmes-autonome-acces-4g\/","og_locale":"fr_FR","og_type":"article","og_title":"Sima : Centrale d'alarmes autonome + acc\u00e8s 4G - Anjou Automation","og_description":"\u2022 Coffret ind\u00e9pendant des r\u00e9gulateurs et programmateurs \u2022 Configuration du SIMA sur \u00e9cran couleur tactile et sur site web embarqu\u00e9 \u2022 Envoi SMS du contact Alarme des r\u00e9gulateurs connect\u00e9s \u2022 Possibilit\u00e9 de connecter 48 d\u00e9fauts externes (thermostat, mesure de niveau, disjoncteur...) \u2022 Acc\u00e8s 4G aux sites web embarqu\u00e9s des r\u00e9gulateurs connect\u00e9s \u2022 Jusqu\u2019\u00e0 10 utilisateurs \u2022 Gestion des priorit\u00e9s \u2022 Jusqu\u2019\u00e0 11 s\u00e9quences","og_url":"https:\/\/www.anjouautomation.com\/fr\/produit\/sima-centrale-dalarmes-autonome-acces-4g\/","og_site_name":"Anjou Automation","article_modified_time":"2026-01-14T14:29:14+00:00","og_image":[{"width":766,"height":720,"url":"https:\/\/www.anjouautomation.com\/wp-content\/uploads\/2021\/12\/2021-12-02_13h30_00.png","type":"image\/png"}],"twitter_card":"summary_large_image","twitter_misc":{"Dur\u00e9e de lecture estim\u00e9e":"1 minute"},"schema":{"@context":"https:\/\/schema.org","@graph":[{"@type":"WebPage","@id":"https:\/\/www.anjouautomation.com\/fr\/produit\/sima-centrale-dalarmes-autonome-acces-4g\/","url":"https:\/\/www.anjouautomation.com\/fr\/produit\/sima-centrale-dalarmes-autonome-acces-4g\/","name":"Sima : Centrale d'alarmes autonome + acc\u00e8s 4G - Anjou Automation","isPartOf":{"@id":"https:\/\/www.anjouautomation.com\/fr\/#website"},"primaryImageOfPage":{"@id":"https:\/\/www.anjouautomation.com\/fr\/produit\/sima-centrale-dalarmes-autonome-acces-4g\/#primaryimage"},"image":{"@id":"https:\/\/www.anjouautomation.com\/fr\/produit\/sima-centrale-dalarmes-autonome-acces-4g\/#primaryimage"},"thumbnailUrl":"https:\/\/www.anjouautomation.com\/wp-content\/uploads\/2021\/12\/2021-12-02_13h30_00.png","datePublished":"2021-12-02T12:30:53+00:00","dateModified":"2026-01-14T14:29:14+00:00","breadcrumb":{"@id":"https:\/\/www.anjouautomation.com\/fr\/produit\/sima-centrale-dalarmes-autonome-acces-4g\/#breadcrumb"},"inLanguage":"fr-FR","potentialAction":[{"@type":"ReadAction","target":["https:\/\/www.anjouautomation.com\/fr\/produit\/sima-centrale-dalarmes-autonome-acces-4g\/"]}]},{"@type":"ImageObject","inLanguage":"fr-FR","@id":"https:\/\/www.anjouautomation.com\/fr\/produit\/sima-centrale-dalarmes-autonome-acces-4g\/#primaryimage","url":"https:\/\/www.anjouautomation.com\/wp-content\/uploads\/2021\/12\/2021-12-02_13h30_00.png","contentUrl":"https:\/\/www.anjouautomation.com\/wp-content\/uploads\/2021\/12\/2021-12-02_13h30_00.png","width":766,"height":720},{"@type":"BreadcrumbList","@id":"https:\/\/www.anjouautomation.com\/fr\/produit\/sima-centrale-dalarmes-autonome-acces-4g\/#breadcrumb","itemListElement":[{"@type":"ListItem","position":1,"name":"Home","item":"https:\/\/www.anjouautomation.com\/fr\/"},{"@type":"ListItem","position":2,"name":"Les produits","item":"https:\/\/www.anjouautomation.com\/fr\/produits\/"},{"@type":"ListItem","position":3,"name":"Supervision","item":"https:\/\/www.anjouautomation.com\/fr\/categorie-produit\/supervision\/"},{"@type":"ListItem","position":4,"name":"Sima : Centrale d&rsquo;alarmes autonome + acc\u00e8s 4G"}]},{"@type":"WebSite","@id":"https:\/\/www.anjouautomation.com\/fr\/#website","url":"https:\/\/www.anjouautomation.com\/fr\/","name":"Anjou Automation","description":"\u00c9quipements de r\u00e9gulation et d&#039;automatisme","publisher":{"@id":"https:\/\/www.anjouautomation.com\/fr\/#organization"},"potentialAction":[{"@type":"SearchAction","target":{"@type":"EntryPoint","urlTemplate":"https:\/\/www.anjouautomation.com\/fr\/?s={search_term_string}"},"query-input":{"@type":"PropertyValueSpecification","valueRequired":true,"valueName":"search_term_string"}}],"inLanguage":"fr-FR"},{"@type":"Organization","@id":"https:\/\/www.anjouautomation.com\/fr\/#organization","name":"Anjou Automation","url":"https:\/\/www.anjouautomation.com\/fr\/","logo":{"@type":"ImageObject","inLanguage":"fr-FR","@id":"https:\/\/www.anjouautomation.com\/fr\/#\/schema\/logo\/image\/","url":"https:\/\/www.anjouautomation.com\/wp-content\/uploads\/2020\/05\/logo-anjou-automation.png","contentUrl":"https:\/\/www.anjouautomation.com\/wp-content\/uploads\/2020\/05\/logo-anjou-automation.png","width":301,"height":66,"caption":"Anjou Automation"},"image":{"@id":"https:\/\/www.anjouautomation.com\/fr\/#\/schema\/logo\/image\/"}}]}},"_links":{"self":[{"href":"https:\/\/www.anjouautomation.com\/fr\/wp-json\/wp\/v2\/product\/90223","targetHints":{"allow":["GET"]}}],"collection":[{"href":"https:\/\/www.anjouautomation.com\/fr\/wp-json\/wp\/v2\/product"}],"about":[{"href":"https:\/\/www.anjouautomation.com\/fr\/wp-json\/wp\/v2\/types\/product"}],"wp:featuredmedia":[{"embeddable":true,"href":"https:\/\/www.anjouautomation.com\/fr\/wp-json\/wp\/v2\/media\/90230"}],"wp:attachment":[{"href":"https:\/\/www.anjouautomation.com\/fr\/wp-json\/wp\/v2\/media?parent=90223"}],"wp:term":[{"taxonomy":"product_brand","embeddable":true,"href":"https:\/\/www.anjouautomation.com\/fr\/wp-json\/wp\/v2\/product_brand?post=90223"},{"taxonomy":"product_cat","embeddable":true,"href":"https:\/\/www.anjouautomation.com\/fr\/wp-json\/wp\/v2\/product_cat?post=90223"},{"taxonomy":"product_tag","embeddable":true,"href":"https:\/\/www.anjouautomation.com\/fr\/wp-json\/wp\/v2\/product_tag?post=90223"}],"curies":[{"name":"wp","href":"https:\/\/api.w.org\/{rel}","templated":true}]}}