{"id":83296,"date":"2020-05-19T15:12:05","date_gmt":"2020-05-19T13:12:05","guid":{"rendered":"https:\/\/www.anjouautomation.com\/?post_type=product&#038;p=83296"},"modified":"2026-01-14T11:33:17","modified_gmt":"2026-01-14T10:33:17","slug":"aod-motoreducteur-aeration-faitage-ombrage","status":"publish","type":"product","link":"https:\/\/www.anjouautomation.com\/fr\/produit\/aod-motoreducteur-aeration-faitage-ombrage\/","title":{"rendered":"Anjou original drive (AOD) : fa\u00eetage &#038; ombrage"},"content":{"rendered":"","protected":false},"excerpt":{"rendered":"<ul>\n<li>Construction \u00e9tanche dans carter aluminium<\/li>\n<li>Irr\u00e9versible \u00e0 la charge<\/li>\n<li>D\u00e9pannage manuel sur moteur \u00e9lectrique<\/li>\n<li>Fin de course \u00e9tanche r\u00e9glable sans outil<\/li>\n<li>Contr\u00f4le d\u2019inversion de phase (Si option MISSI)<\/li>\n<li>Course utile fin de course de 33 tours pour ouvrant et 100 tours pour ombrage<\/li>\n<li>Accouplement \u00e0 cha\u00eene tubulaire \u00d832 ou \u00d834,<\/li>\n<li>Deux fixations possibles : lat\u00e9rale et arri\u00e8re<\/li>\n<li>Fonctionnement silencieux<\/li>\n<li>Emplacement r\u00e9serv\u00e9 pour int\u00e9gration gamme MISSI AA<\/li>\n<\/ul>\n","protected":false},"featured_media":84075,"template":"","meta":[],"product_brand":[],"product_cat":[337,130,118],"product_tag":[],"class_list":{"0":"post-83296","1":"product","2":"type-product","3":"status-publish","4":"has-post-thumbnail","6":"product_cat-motoreducteurs-aeration-faitage-ombrage","7":"product_cat-motoreducteurs","8":"product_cat-mecanisation","10":"first","11":"instock","12":"downloadable","13":"shipping-taxable","14":"purchasable","15":"product-type-simple"},"yoast_head":"<!-- This site is optimized with the Yoast SEO plugin v27.4 - https:\/\/yoast.com\/product\/yoast-seo-wordpress\/ -->\n<title>Anjou original drive (AOD) : fa\u00eetage &amp; ombrage - Anjou Automation<\/title>\n<meta name=\"robots\" content=\"index, follow, max-snippet:-1, max-image-preview:large, max-video-preview:-1\" \/>\n<link rel=\"canonical\" href=\"https:\/\/www.anjouautomation.com\/fr\/produit\/aod-motoreducteur-aeration-faitage-ombrage\/\" \/>\n<meta property=\"og:locale\" content=\"fr_FR\" \/>\n<meta property=\"og:type\" content=\"article\" \/>\n<meta property=\"og:title\" content=\"Anjou original drive (AOD) : fa\u00eetage &amp; ombrage - Anjou Automation\" \/>\n<meta property=\"og:description\" content=\"Construction \u00e9tanche dans carter aluminium  Irr\u00e9versible \u00e0 la charge  D\u00e9pannage manuel sur moteur \u00e9lectrique  Fin de course \u00e9tanche r\u00e9glable sans outil  Contr\u00f4le d\u2019inversion de phase (Si option MISSI)  Course utile fin de course de 33 tours pour ouvrant et 100 tours pour ombrage  Accouplement \u00e0 cha\u00eene tubulaire \u00d832 ou \u00d834,  Deux fixations possibles : lat\u00e9rale et arri\u00e8re  Fonctionnement silencieux  Emplacement r\u00e9serv\u00e9 pour int\u00e9gration gamme MISSI AA\" \/>\n<meta property=\"og:url\" content=\"https:\/\/www.anjouautomation.com\/fr\/produit\/aod-motoreducteur-aeration-faitage-ombrage\/\" \/>\n<meta property=\"og:site_name\" content=\"Anjou Automation\" \/>\n<meta property=\"article:modified_time\" content=\"2026-01-14T10:33:17+00:00\" \/>\n<meta property=\"og:image\" content=\"https:\/\/www.anjouautomation.com\/wp-content\/uploads\/2020\/05\/mec-1400.jpg\" \/>\n\t<meta property=\"og:image:width\" content=\"800\" \/>\n\t<meta property=\"og:image:height\" content=\"800\" \/>\n\t<meta property=\"og:image:type\" content=\"image\/jpeg\" \/>\n<meta name=\"twitter:card\" content=\"summary_large_image\" \/>\n<meta name=\"twitter:label1\" content=\"Dur\u00e9e de lecture estim\u00e9e\" \/>\n\t<meta name=\"twitter:data1\" content=\"1 minute\" \/>\n<script type=\"application\/ld+json\" class=\"yoast-schema-graph\">{\"@context\":\"https:\\\/\\\/schema.org\",\"@graph\":[{\"@type\":\"WebPage\",\"@id\":\"https:\\\/\\\/www.anjouautomation.com\\\/fr\\\/produit\\\/aod-motoreducteur-aeration-faitage-ombrage\\\/\",\"url\":\"https:\\\/\\\/www.anjouautomation.com\\\/fr\\\/produit\\\/aod-motoreducteur-aeration-faitage-ombrage\\\/\",\"name\":\"Anjou original drive (AOD) : fa\u00eetage & ombrage - Anjou Automation\",\"isPartOf\":{\"@id\":\"https:\\\/\\\/www.anjouautomation.com\\\/fr\\\/#website\"},\"primaryImageOfPage\":{\"@id\":\"https:\\\/\\\/www.anjouautomation.com\\\/fr\\\/produit\\\/aod-motoreducteur-aeration-faitage-ombrage\\\/#primaryimage\"},\"image\":{\"@id\":\"https:\\\/\\\/www.anjouautomation.com\\\/fr\\\/produit\\\/aod-motoreducteur-aeration-faitage-ombrage\\\/#primaryimage\"},\"thumbnailUrl\":\"https:\\\/\\\/www.anjouautomation.com\\\/wp-content\\\/uploads\\\/2020\\\/05\\\/mec-1400.jpg\",\"datePublished\":\"2020-05-19T13:12:05+00:00\",\"dateModified\":\"2026-01-14T10:33:17+00:00\",\"breadcrumb\":{\"@id\":\"https:\\\/\\\/www.anjouautomation.com\\\/fr\\\/produit\\\/aod-motoreducteur-aeration-faitage-ombrage\\\/#breadcrumb\"},\"inLanguage\":\"fr-FR\",\"potentialAction\":[{\"@type\":\"ReadAction\",\"target\":[\"https:\\\/\\\/www.anjouautomation.com\\\/fr\\\/produit\\\/aod-motoreducteur-aeration-faitage-ombrage\\\/\"]}]},{\"@type\":\"ImageObject\",\"inLanguage\":\"fr-FR\",\"@id\":\"https:\\\/\\\/www.anjouautomation.com\\\/fr\\\/produit\\\/aod-motoreducteur-aeration-faitage-ombrage\\\/#primaryimage\",\"url\":\"https:\\\/\\\/www.anjouautomation.com\\\/wp-content\\\/uploads\\\/2020\\\/05\\\/mec-1400.jpg\",\"contentUrl\":\"https:\\\/\\\/www.anjouautomation.com\\\/wp-content\\\/uploads\\\/2020\\\/05\\\/mec-1400.jpg\",\"width\":800,\"height\":800,\"caption\":\"MEC 1400\"},{\"@type\":\"BreadcrumbList\",\"@id\":\"https:\\\/\\\/www.anjouautomation.com\\\/fr\\\/produit\\\/aod-motoreducteur-aeration-faitage-ombrage\\\/#breadcrumb\",\"itemListElement\":[{\"@type\":\"ListItem\",\"position\":1,\"name\":\"Home\",\"item\":\"https:\\\/\\\/www.anjouautomation.com\\\/fr\\\/\"},{\"@type\":\"ListItem\",\"position\":2,\"name\":\"Les produits\",\"item\":\"https:\\\/\\\/www.anjouautomation.com\\\/fr\\\/produits\\\/\"},{\"@type\":\"ListItem\",\"position\":3,\"name\":\"M\u00e9canisation\",\"item\":\"https:\\\/\\\/www.anjouautomation.com\\\/fr\\\/categorie-produit\\\/mecanisation\\\/\"},{\"@type\":\"ListItem\",\"position\":4,\"name\":\"Anjou original drive (AOD) : fa\u00eetage &#038; ombrage\"}]},{\"@type\":\"WebSite\",\"@id\":\"https:\\\/\\\/www.anjouautomation.com\\\/fr\\\/#website\",\"url\":\"https:\\\/\\\/www.anjouautomation.com\\\/fr\\\/\",\"name\":\"Anjou Automation\",\"description\":\"\u00c9quipements de r\u00e9gulation et d&#039;automatisme\",\"publisher\":{\"@id\":\"https:\\\/\\\/www.anjouautomation.com\\\/fr\\\/#organization\"},\"potentialAction\":[{\"@type\":\"SearchAction\",\"target\":{\"@type\":\"EntryPoint\",\"urlTemplate\":\"https:\\\/\\\/www.anjouautomation.com\\\/fr\\\/?s={search_term_string}\"},\"query-input\":{\"@type\":\"PropertyValueSpecification\",\"valueRequired\":true,\"valueName\":\"search_term_string\"}}],\"inLanguage\":\"fr-FR\"},{\"@type\":\"Organization\",\"@id\":\"https:\\\/\\\/www.anjouautomation.com\\\/fr\\\/#organization\",\"name\":\"Anjou Automation\",\"url\":\"https:\\\/\\\/www.anjouautomation.com\\\/fr\\\/\",\"logo\":{\"@type\":\"ImageObject\",\"inLanguage\":\"fr-FR\",\"@id\":\"https:\\\/\\\/www.anjouautomation.com\\\/fr\\\/#\\\/schema\\\/logo\\\/image\\\/\",\"url\":\"https:\\\/\\\/www.anjouautomation.com\\\/wp-content\\\/uploads\\\/2020\\\/05\\\/logo-anjou-automation.png\",\"contentUrl\":\"https:\\\/\\\/www.anjouautomation.com\\\/wp-content\\\/uploads\\\/2020\\\/05\\\/logo-anjou-automation.png\",\"width\":301,\"height\":66,\"caption\":\"Anjou Automation\"},\"image\":{\"@id\":\"https:\\\/\\\/www.anjouautomation.com\\\/fr\\\/#\\\/schema\\\/logo\\\/image\\\/\"}}]}<\/script>\n<!-- \/ Yoast SEO plugin. -->","yoast_head_json":{"title":"Anjou original drive (AOD) : fa\u00eetage & ombrage - Anjou Automation","robots":{"index":"index","follow":"follow","max-snippet":"max-snippet:-1","max-image-preview":"max-image-preview:large","max-video-preview":"max-video-preview:-1"},"canonical":"https:\/\/www.anjouautomation.com\/fr\/produit\/aod-motoreducteur-aeration-faitage-ombrage\/","og_locale":"fr_FR","og_type":"article","og_title":"Anjou original drive (AOD) : fa\u00eetage & ombrage - Anjou Automation","og_description":"Construction \u00e9tanche dans carter aluminium  Irr\u00e9versible \u00e0 la charge  D\u00e9pannage manuel sur moteur \u00e9lectrique  Fin de course \u00e9tanche r\u00e9glable sans outil  Contr\u00f4le d\u2019inversion de phase (Si option MISSI)  Course utile fin de course de 33 tours pour ouvrant et 100 tours pour ombrage  Accouplement \u00e0 cha\u00eene tubulaire \u00d832 ou \u00d834,  Deux fixations possibles : lat\u00e9rale et arri\u00e8re  Fonctionnement silencieux  Emplacement r\u00e9serv\u00e9 pour int\u00e9gration gamme MISSI AA","og_url":"https:\/\/www.anjouautomation.com\/fr\/produit\/aod-motoreducteur-aeration-faitage-ombrage\/","og_site_name":"Anjou Automation","article_modified_time":"2026-01-14T10:33:17+00:00","og_image":[{"width":800,"height":800,"url":"https:\/\/www.anjouautomation.com\/wp-content\/uploads\/2020\/05\/mec-1400.jpg","type":"image\/jpeg"}],"twitter_card":"summary_large_image","twitter_misc":{"Dur\u00e9e de lecture estim\u00e9e":"1 minute"},"schema":{"@context":"https:\/\/schema.org","@graph":[{"@type":"WebPage","@id":"https:\/\/www.anjouautomation.com\/fr\/produit\/aod-motoreducteur-aeration-faitage-ombrage\/","url":"https:\/\/www.anjouautomation.com\/fr\/produit\/aod-motoreducteur-aeration-faitage-ombrage\/","name":"Anjou original drive (AOD) : fa\u00eetage & ombrage - Anjou Automation","isPartOf":{"@id":"https:\/\/www.anjouautomation.com\/fr\/#website"},"primaryImageOfPage":{"@id":"https:\/\/www.anjouautomation.com\/fr\/produit\/aod-motoreducteur-aeration-faitage-ombrage\/#primaryimage"},"image":{"@id":"https:\/\/www.anjouautomation.com\/fr\/produit\/aod-motoreducteur-aeration-faitage-ombrage\/#primaryimage"},"thumbnailUrl":"https:\/\/www.anjouautomation.com\/wp-content\/uploads\/2020\/05\/mec-1400.jpg","datePublished":"2020-05-19T13:12:05+00:00","dateModified":"2026-01-14T10:33:17+00:00","breadcrumb":{"@id":"https:\/\/www.anjouautomation.com\/fr\/produit\/aod-motoreducteur-aeration-faitage-ombrage\/#breadcrumb"},"inLanguage":"fr-FR","potentialAction":[{"@type":"ReadAction","target":["https:\/\/www.anjouautomation.com\/fr\/produit\/aod-motoreducteur-aeration-faitage-ombrage\/"]}]},{"@type":"ImageObject","inLanguage":"fr-FR","@id":"https:\/\/www.anjouautomation.com\/fr\/produit\/aod-motoreducteur-aeration-faitage-ombrage\/#primaryimage","url":"https:\/\/www.anjouautomation.com\/wp-content\/uploads\/2020\/05\/mec-1400.jpg","contentUrl":"https:\/\/www.anjouautomation.com\/wp-content\/uploads\/2020\/05\/mec-1400.jpg","width":800,"height":800,"caption":"MEC 1400"},{"@type":"BreadcrumbList","@id":"https:\/\/www.anjouautomation.com\/fr\/produit\/aod-motoreducteur-aeration-faitage-ombrage\/#breadcrumb","itemListElement":[{"@type":"ListItem","position":1,"name":"Home","item":"https:\/\/www.anjouautomation.com\/fr\/"},{"@type":"ListItem","position":2,"name":"Les produits","item":"https:\/\/www.anjouautomation.com\/fr\/produits\/"},{"@type":"ListItem","position":3,"name":"M\u00e9canisation","item":"https:\/\/www.anjouautomation.com\/fr\/categorie-produit\/mecanisation\/"},{"@type":"ListItem","position":4,"name":"Anjou original drive (AOD) : fa\u00eetage &#038; ombrage"}]},{"@type":"WebSite","@id":"https:\/\/www.anjouautomation.com\/fr\/#website","url":"https:\/\/www.anjouautomation.com\/fr\/","name":"Anjou Automation","description":"\u00c9quipements de r\u00e9gulation et d&#039;automatisme","publisher":{"@id":"https:\/\/www.anjouautomation.com\/fr\/#organization"},"potentialAction":[{"@type":"SearchAction","target":{"@type":"EntryPoint","urlTemplate":"https:\/\/www.anjouautomation.com\/fr\/?s={search_term_string}"},"query-input":{"@type":"PropertyValueSpecification","valueRequired":true,"valueName":"search_term_string"}}],"inLanguage":"fr-FR"},{"@type":"Organization","@id":"https:\/\/www.anjouautomation.com\/fr\/#organization","name":"Anjou Automation","url":"https:\/\/www.anjouautomation.com\/fr\/","logo":{"@type":"ImageObject","inLanguage":"fr-FR","@id":"https:\/\/www.anjouautomation.com\/fr\/#\/schema\/logo\/image\/","url":"https:\/\/www.anjouautomation.com\/wp-content\/uploads\/2020\/05\/logo-anjou-automation.png","contentUrl":"https:\/\/www.anjouautomation.com\/wp-content\/uploads\/2020\/05\/logo-anjou-automation.png","width":301,"height":66,"caption":"Anjou Automation"},"image":{"@id":"https:\/\/www.anjouautomation.com\/fr\/#\/schema\/logo\/image\/"}}]}},"_links":{"self":[{"href":"https:\/\/www.anjouautomation.com\/fr\/wp-json\/wp\/v2\/product\/83296","targetHints":{"allow":["GET"]}}],"collection":[{"href":"https:\/\/www.anjouautomation.com\/fr\/wp-json\/wp\/v2\/product"}],"about":[{"href":"https:\/\/www.anjouautomation.com\/fr\/wp-json\/wp\/v2\/types\/product"}],"wp:featuredmedia":[{"embeddable":true,"href":"https:\/\/www.anjouautomation.com\/fr\/wp-json\/wp\/v2\/media\/84075"}],"wp:attachment":[{"href":"https:\/\/www.anjouautomation.com\/fr\/wp-json\/wp\/v2\/media?parent=83296"}],"wp:term":[{"taxonomy":"product_brand","embeddable":true,"href":"https:\/\/www.anjouautomation.com\/fr\/wp-json\/wp\/v2\/product_brand?post=83296"},{"taxonomy":"product_cat","embeddable":true,"href":"https:\/\/www.anjouautomation.com\/fr\/wp-json\/wp\/v2\/product_cat?post=83296"},{"taxonomy":"product_tag","embeddable":true,"href":"https:\/\/www.anjouautomation.com\/fr\/wp-json\/wp\/v2\/product_tag?post=83296"}],"curies":[{"name":"wp","href":"https:\/\/api.w.org\/{rel}","templated":true}]}}