{"id":83286,"date":"2020-05-19T14:57:46","date_gmt":"2020-05-19T12:57:46","guid":{"rendered":"https:\/\/www.anjouautomation.com\/?post_type=product&#038;p=83286"},"modified":"2026-01-14T11:28:59","modified_gmt":"2026-01-14T10:28:59","slug":"motoreducteur-aeration-laterale","status":"publish","type":"product","link":"https:\/\/www.anjouautomation.com\/fr\/produit\/motoreducteur-aeration-laterale\/","title":{"rendered":"Motor\u00e9ducteur a\u00e9ration lat\u00e9rale"},"content":{"rendered":"","protected":false},"excerpt":{"rendered":"<p>\u2022 Gamme de motor\u00e9ducteur pour m\u00e9caniser toutes vos a\u00e9rations par enroulement avec bras t\u00e9lescopiques sur serres tunnels et multichappelles.<\/p>\n<p>\u2022 Fin de course \u00e9tanche r\u00e9glable sans outil.<\/p>\n<p>\u2022 Motor\u00e9ducteur avec capot blanc ABS.<\/p>\n<p>\u2022 Disponible en plusieurs puissance.<\/p>\n","protected":false},"featured_media":96617,"template":"","meta":[],"product_brand":[],"product_cat":[332,118],"product_tag":[],"class_list":{"0":"post-83286","1":"product","2":"type-product","3":"status-publish","4":"has-post-thumbnail","6":"product_cat-motoreducteurs-aeration-par-enroulement","7":"product_cat-mecanisation","9":"first","10":"instock","11":"downloadable","12":"shipping-taxable","13":"purchasable","14":"product-type-simple"},"yoast_head":"<!-- This site is optimized with the Yoast SEO plugin v27.4 - https:\/\/yoast.com\/product\/yoast-seo-wordpress\/ -->\n<title>Motor\u00e9ducteur a\u00e9ration lat\u00e9rale - Anjou Automation<\/title>\n<meta name=\"robots\" content=\"index, follow, max-snippet:-1, max-image-preview:large, max-video-preview:-1\" \/>\n<link rel=\"canonical\" href=\"https:\/\/www.anjouautomation.com\/fr\/produit\/motoreducteur-aeration-laterale\/\" \/>\n<meta property=\"og:locale\" content=\"fr_FR\" \/>\n<meta property=\"og:type\" content=\"article\" \/>\n<meta property=\"og:title\" content=\"Motor\u00e9ducteur a\u00e9ration lat\u00e9rale - Anjou Automation\" \/>\n<meta property=\"og:description\" content=\"\u2022 Gamme de motor\u00e9ducteur pour m\u00e9caniser toutes vos a\u00e9rations par enroulement avec bras t\u00e9lescopiques sur serres tunnels et multichappelles.  \u2022 Fin de course \u00e9tanche r\u00e9glable sans outil.  \u2022 Motor\u00e9ducteur avec capot blanc ABS.  \u2022 Disponible en plusieurs puissance.\" \/>\n<meta property=\"og:url\" content=\"https:\/\/www.anjouautomation.com\/fr\/produit\/motoreducteur-aeration-laterale\/\" \/>\n<meta property=\"og:site_name\" content=\"Anjou Automation\" \/>\n<meta property=\"article:modified_time\" content=\"2026-01-14T10:28:59+00:00\" \/>\n<meta property=\"og:image\" content=\"https:\/\/www.anjouautomation.com\/wp-content\/uploads\/2020\/05\/ALD-aeration_0.jpg\" \/>\n\t<meta property=\"og:image:width\" content=\"200\" \/>\n\t<meta property=\"og:image:height\" content=\"200\" \/>\n\t<meta property=\"og:image:type\" content=\"image\/jpeg\" \/>\n<meta name=\"twitter:card\" content=\"summary_large_image\" \/>\n<meta name=\"twitter:label1\" content=\"Dur\u00e9e de lecture estim\u00e9e\" \/>\n\t<meta name=\"twitter:data1\" content=\"1 minute\" \/>\n<script type=\"application\/ld+json\" class=\"yoast-schema-graph\">{\"@context\":\"https:\\\/\\\/schema.org\",\"@graph\":[{\"@type\":\"WebPage\",\"@id\":\"https:\\\/\\\/www.anjouautomation.com\\\/fr\\\/produit\\\/motoreducteur-aeration-laterale\\\/\",\"url\":\"https:\\\/\\\/www.anjouautomation.com\\\/fr\\\/produit\\\/motoreducteur-aeration-laterale\\\/\",\"name\":\"Motor\u00e9ducteur a\u00e9ration lat\u00e9rale - Anjou Automation\",\"isPartOf\":{\"@id\":\"https:\\\/\\\/www.anjouautomation.com\\\/fr\\\/#website\"},\"primaryImageOfPage\":{\"@id\":\"https:\\\/\\\/www.anjouautomation.com\\\/fr\\\/produit\\\/motoreducteur-aeration-laterale\\\/#primaryimage\"},\"image\":{\"@id\":\"https:\\\/\\\/www.anjouautomation.com\\\/fr\\\/produit\\\/motoreducteur-aeration-laterale\\\/#primaryimage\"},\"thumbnailUrl\":\"https:\\\/\\\/www.anjouautomation.com\\\/wp-content\\\/uploads\\\/2020\\\/05\\\/ALD-aeration_0.jpg\",\"datePublished\":\"2020-05-19T12:57:46+00:00\",\"dateModified\":\"2026-01-14T10:28:59+00:00\",\"breadcrumb\":{\"@id\":\"https:\\\/\\\/www.anjouautomation.com\\\/fr\\\/produit\\\/motoreducteur-aeration-laterale\\\/#breadcrumb\"},\"inLanguage\":\"fr-FR\",\"potentialAction\":[{\"@type\":\"ReadAction\",\"target\":[\"https:\\\/\\\/www.anjouautomation.com\\\/fr\\\/produit\\\/motoreducteur-aeration-laterale\\\/\"]}]},{\"@type\":\"ImageObject\",\"inLanguage\":\"fr-FR\",\"@id\":\"https:\\\/\\\/www.anjouautomation.com\\\/fr\\\/produit\\\/motoreducteur-aeration-laterale\\\/#primaryimage\",\"url\":\"https:\\\/\\\/www.anjouautomation.com\\\/wp-content\\\/uploads\\\/2020\\\/05\\\/ALD-aeration_0.jpg\",\"contentUrl\":\"https:\\\/\\\/www.anjouautomation.com\\\/wp-content\\\/uploads\\\/2020\\\/05\\\/ALD-aeration_0.jpg\",\"width\":200,\"height\":200},{\"@type\":\"BreadcrumbList\",\"@id\":\"https:\\\/\\\/www.anjouautomation.com\\\/fr\\\/produit\\\/motoreducteur-aeration-laterale\\\/#breadcrumb\",\"itemListElement\":[{\"@type\":\"ListItem\",\"position\":1,\"name\":\"Home\",\"item\":\"https:\\\/\\\/www.anjouautomation.com\\\/fr\\\/\"},{\"@type\":\"ListItem\",\"position\":2,\"name\":\"Les produits\",\"item\":\"https:\\\/\\\/www.anjouautomation.com\\\/fr\\\/produits\\\/\"},{\"@type\":\"ListItem\",\"position\":3,\"name\":\"M\u00e9canisation\",\"item\":\"https:\\\/\\\/www.anjouautomation.com\\\/fr\\\/categorie-produit\\\/mecanisation\\\/\"},{\"@type\":\"ListItem\",\"position\":4,\"name\":\"Motor\u00e9ducteur a\u00e9ration lat\u00e9rale\"}]},{\"@type\":\"WebSite\",\"@id\":\"https:\\\/\\\/www.anjouautomation.com\\\/fr\\\/#website\",\"url\":\"https:\\\/\\\/www.anjouautomation.com\\\/fr\\\/\",\"name\":\"Anjou Automation\",\"description\":\"\u00c9quipements de r\u00e9gulation et d&#039;automatisme\",\"publisher\":{\"@id\":\"https:\\\/\\\/www.anjouautomation.com\\\/fr\\\/#organization\"},\"potentialAction\":[{\"@type\":\"SearchAction\",\"target\":{\"@type\":\"EntryPoint\",\"urlTemplate\":\"https:\\\/\\\/www.anjouautomation.com\\\/fr\\\/?s={search_term_string}\"},\"query-input\":{\"@type\":\"PropertyValueSpecification\",\"valueRequired\":true,\"valueName\":\"search_term_string\"}}],\"inLanguage\":\"fr-FR\"},{\"@type\":\"Organization\",\"@id\":\"https:\\\/\\\/www.anjouautomation.com\\\/fr\\\/#organization\",\"name\":\"Anjou Automation\",\"url\":\"https:\\\/\\\/www.anjouautomation.com\\\/fr\\\/\",\"logo\":{\"@type\":\"ImageObject\",\"inLanguage\":\"fr-FR\",\"@id\":\"https:\\\/\\\/www.anjouautomation.com\\\/fr\\\/#\\\/schema\\\/logo\\\/image\\\/\",\"url\":\"https:\\\/\\\/www.anjouautomation.com\\\/wp-content\\\/uploads\\\/2020\\\/05\\\/logo-anjou-automation.png\",\"contentUrl\":\"https:\\\/\\\/www.anjouautomation.com\\\/wp-content\\\/uploads\\\/2020\\\/05\\\/logo-anjou-automation.png\",\"width\":301,\"height\":66,\"caption\":\"Anjou Automation\"},\"image\":{\"@id\":\"https:\\\/\\\/www.anjouautomation.com\\\/fr\\\/#\\\/schema\\\/logo\\\/image\\\/\"}}]}<\/script>\n<!-- \/ Yoast SEO plugin. -->","yoast_head_json":{"title":"Motor\u00e9ducteur a\u00e9ration lat\u00e9rale - Anjou Automation","robots":{"index":"index","follow":"follow","max-snippet":"max-snippet:-1","max-image-preview":"max-image-preview:large","max-video-preview":"max-video-preview:-1"},"canonical":"https:\/\/www.anjouautomation.com\/fr\/produit\/motoreducteur-aeration-laterale\/","og_locale":"fr_FR","og_type":"article","og_title":"Motor\u00e9ducteur a\u00e9ration lat\u00e9rale - Anjou Automation","og_description":"\u2022 Gamme de motor\u00e9ducteur pour m\u00e9caniser toutes vos a\u00e9rations par enroulement avec bras t\u00e9lescopiques sur serres tunnels et multichappelles.  \u2022 Fin de course \u00e9tanche r\u00e9glable sans outil.  \u2022 Motor\u00e9ducteur avec capot blanc ABS.  \u2022 Disponible en plusieurs puissance.","og_url":"https:\/\/www.anjouautomation.com\/fr\/produit\/motoreducteur-aeration-laterale\/","og_site_name":"Anjou Automation","article_modified_time":"2026-01-14T10:28:59+00:00","og_image":[{"width":200,"height":200,"url":"https:\/\/www.anjouautomation.com\/wp-content\/uploads\/2020\/05\/ALD-aeration_0.jpg","type":"image\/jpeg"}],"twitter_card":"summary_large_image","twitter_misc":{"Dur\u00e9e de lecture estim\u00e9e":"1 minute"},"schema":{"@context":"https:\/\/schema.org","@graph":[{"@type":"WebPage","@id":"https:\/\/www.anjouautomation.com\/fr\/produit\/motoreducteur-aeration-laterale\/","url":"https:\/\/www.anjouautomation.com\/fr\/produit\/motoreducteur-aeration-laterale\/","name":"Motor\u00e9ducteur a\u00e9ration lat\u00e9rale - Anjou Automation","isPartOf":{"@id":"https:\/\/www.anjouautomation.com\/fr\/#website"},"primaryImageOfPage":{"@id":"https:\/\/www.anjouautomation.com\/fr\/produit\/motoreducteur-aeration-laterale\/#primaryimage"},"image":{"@id":"https:\/\/www.anjouautomation.com\/fr\/produit\/motoreducteur-aeration-laterale\/#primaryimage"},"thumbnailUrl":"https:\/\/www.anjouautomation.com\/wp-content\/uploads\/2020\/05\/ALD-aeration_0.jpg","datePublished":"2020-05-19T12:57:46+00:00","dateModified":"2026-01-14T10:28:59+00:00","breadcrumb":{"@id":"https:\/\/www.anjouautomation.com\/fr\/produit\/motoreducteur-aeration-laterale\/#breadcrumb"},"inLanguage":"fr-FR","potentialAction":[{"@type":"ReadAction","target":["https:\/\/www.anjouautomation.com\/fr\/produit\/motoreducteur-aeration-laterale\/"]}]},{"@type":"ImageObject","inLanguage":"fr-FR","@id":"https:\/\/www.anjouautomation.com\/fr\/produit\/motoreducteur-aeration-laterale\/#primaryimage","url":"https:\/\/www.anjouautomation.com\/wp-content\/uploads\/2020\/05\/ALD-aeration_0.jpg","contentUrl":"https:\/\/www.anjouautomation.com\/wp-content\/uploads\/2020\/05\/ALD-aeration_0.jpg","width":200,"height":200},{"@type":"BreadcrumbList","@id":"https:\/\/www.anjouautomation.com\/fr\/produit\/motoreducteur-aeration-laterale\/#breadcrumb","itemListElement":[{"@type":"ListItem","position":1,"name":"Home","item":"https:\/\/www.anjouautomation.com\/fr\/"},{"@type":"ListItem","position":2,"name":"Les produits","item":"https:\/\/www.anjouautomation.com\/fr\/produits\/"},{"@type":"ListItem","position":3,"name":"M\u00e9canisation","item":"https:\/\/www.anjouautomation.com\/fr\/categorie-produit\/mecanisation\/"},{"@type":"ListItem","position":4,"name":"Motor\u00e9ducteur a\u00e9ration lat\u00e9rale"}]},{"@type":"WebSite","@id":"https:\/\/www.anjouautomation.com\/fr\/#website","url":"https:\/\/www.anjouautomation.com\/fr\/","name":"Anjou Automation","description":"\u00c9quipements de r\u00e9gulation et d&#039;automatisme","publisher":{"@id":"https:\/\/www.anjouautomation.com\/fr\/#organization"},"potentialAction":[{"@type":"SearchAction","target":{"@type":"EntryPoint","urlTemplate":"https:\/\/www.anjouautomation.com\/fr\/?s={search_term_string}"},"query-input":{"@type":"PropertyValueSpecification","valueRequired":true,"valueName":"search_term_string"}}],"inLanguage":"fr-FR"},{"@type":"Organization","@id":"https:\/\/www.anjouautomation.com\/fr\/#organization","name":"Anjou Automation","url":"https:\/\/www.anjouautomation.com\/fr\/","logo":{"@type":"ImageObject","inLanguage":"fr-FR","@id":"https:\/\/www.anjouautomation.com\/fr\/#\/schema\/logo\/image\/","url":"https:\/\/www.anjouautomation.com\/wp-content\/uploads\/2020\/05\/logo-anjou-automation.png","contentUrl":"https:\/\/www.anjouautomation.com\/wp-content\/uploads\/2020\/05\/logo-anjou-automation.png","width":301,"height":66,"caption":"Anjou Automation"},"image":{"@id":"https:\/\/www.anjouautomation.com\/fr\/#\/schema\/logo\/image\/"}}]}},"_links":{"self":[{"href":"https:\/\/www.anjouautomation.com\/fr\/wp-json\/wp\/v2\/product\/83286","targetHints":{"allow":["GET"]}}],"collection":[{"href":"https:\/\/www.anjouautomation.com\/fr\/wp-json\/wp\/v2\/product"}],"about":[{"href":"https:\/\/www.anjouautomation.com\/fr\/wp-json\/wp\/v2\/types\/product"}],"wp:featuredmedia":[{"embeddable":true,"href":"https:\/\/www.anjouautomation.com\/fr\/wp-json\/wp\/v2\/media\/96617"}],"wp:attachment":[{"href":"https:\/\/www.anjouautomation.com\/fr\/wp-json\/wp\/v2\/media?parent=83286"}],"wp:term":[{"taxonomy":"product_brand","embeddable":true,"href":"https:\/\/www.anjouautomation.com\/fr\/wp-json\/wp\/v2\/product_brand?post=83286"},{"taxonomy":"product_cat","embeddable":true,"href":"https:\/\/www.anjouautomation.com\/fr\/wp-json\/wp\/v2\/product_cat?post=83286"},{"taxonomy":"product_tag","embeddable":true,"href":"https:\/\/www.anjouautomation.com\/fr\/wp-json\/wp\/v2\/product_tag?post=83286"}],"curies":[{"name":"wp","href":"https:\/\/api.w.org\/{rel}","templated":true}]}}