{"id":83240,"date":"2020-05-19T14:08:55","date_gmt":"2020-05-19T12:08:55","guid":{"rendered":"https:\/\/www.anjouautomation.com\/?post_type=product&#038;p=83240"},"modified":"2026-01-14T14:00:12","modified_gmt":"2026-01-14T13:00:12","slug":"bras-telescopique-avec-kit-roulette","status":"publish","type":"product","link":"https:\/\/www.anjouautomation.com\/fr\/produit\/bras-telescopique-avec-kit-roulette\/","title":{"rendered":"Bras t\u00e9lescopique avec kit roulette"},"content":{"rendered":"","protected":false},"excerpt":{"rendered":"<p>\u2022 Avec ce m\u00e9canisme, Anjou Automation vous propose de faciliter les manipulations de vos a\u00e9rations par enroulement sur vos serres tunnels et multichappelles.<\/p>\n<p>\u2022 Ces bras t\u00e9lescopiques peuvent \u00eatre man\u0153uvr\u00e9s manuellement ou automatiquement selon vos besoins.<\/p>\n<p>\u2022 Disponible pour diff\u00e9rentes hauteurs d\u2019enroulement.<\/p>\n","protected":false},"featured_media":84557,"template":"","meta":[],"product_brand":[],"product_cat":[126,118],"product_tag":[],"class_list":{"0":"post-83240","1":"product","2":"type-product","3":"status-publish","4":"has-post-thumbnail","6":"product_cat-bras-telescopiques","7":"product_cat-mecanisation","9":"first","10":"instock","11":"downloadable","12":"shipping-taxable","13":"purchasable","14":"product-type-simple"},"yoast_head":"<!-- This site is optimized with the Yoast SEO plugin v27.4 - https:\/\/yoast.com\/product\/yoast-seo-wordpress\/ -->\n<title>Bras t\u00e9lescopique avec kit roulette - Anjou Automation<\/title>\n<meta name=\"robots\" content=\"index, follow, max-snippet:-1, max-image-preview:large, max-video-preview:-1\" \/>\n<link rel=\"canonical\" href=\"https:\/\/www.anjouautomation.com\/fr\/produit\/bras-telescopique-avec-kit-roulette\/\" \/>\n<meta property=\"og:locale\" content=\"fr_FR\" \/>\n<meta property=\"og:type\" content=\"article\" \/>\n<meta property=\"og:title\" content=\"Bras t\u00e9lescopique avec kit roulette - Anjou Automation\" \/>\n<meta property=\"og:description\" content=\"\u2022 Avec ce m\u00e9canisme, Anjou Automation vous propose de faciliter les manipulations de vos a\u00e9rations par enroulement sur vos serres tunnels et multichappelles.  \u2022 Ces bras t\u00e9lescopiques peuvent \u00eatre man\u0153uvr\u00e9s manuellement ou automatiquement selon vos besoins.  \u2022 Disponible pour diff\u00e9rentes hauteurs d\u2019enroulement.\" \/>\n<meta property=\"og:url\" content=\"https:\/\/www.anjouautomation.com\/fr\/produit\/bras-telescopique-avec-kit-roulette\/\" \/>\n<meta property=\"og:site_name\" content=\"Anjou Automation\" \/>\n<meta property=\"article:modified_time\" content=\"2026-01-14T13:00:12+00:00\" \/>\n<meta property=\"og:image\" content=\"https:\/\/www.anjouautomation.com\/wp-content\/uploads\/2020\/05\/bras-avec-roulette-1.jpg\" \/>\n\t<meta property=\"og:image:width\" content=\"800\" \/>\n\t<meta property=\"og:image:height\" content=\"800\" \/>\n\t<meta property=\"og:image:type\" content=\"image\/jpeg\" \/>\n<meta name=\"twitter:card\" content=\"summary_large_image\" \/>\n<meta name=\"twitter:label1\" content=\"Dur\u00e9e de lecture estim\u00e9e\" \/>\n\t<meta name=\"twitter:data1\" content=\"1 minute\" \/>\n<script type=\"application\/ld+json\" class=\"yoast-schema-graph\">{\"@context\":\"https:\\\/\\\/schema.org\",\"@graph\":[{\"@type\":\"WebPage\",\"@id\":\"https:\\\/\\\/www.anjouautomation.com\\\/fr\\\/produit\\\/bras-telescopique-avec-kit-roulette\\\/\",\"url\":\"https:\\\/\\\/www.anjouautomation.com\\\/fr\\\/produit\\\/bras-telescopique-avec-kit-roulette\\\/\",\"name\":\"Bras t\u00e9lescopique avec kit roulette - Anjou Automation\",\"isPartOf\":{\"@id\":\"https:\\\/\\\/www.anjouautomation.com\\\/fr\\\/#website\"},\"primaryImageOfPage\":{\"@id\":\"https:\\\/\\\/www.anjouautomation.com\\\/fr\\\/produit\\\/bras-telescopique-avec-kit-roulette\\\/#primaryimage\"},\"image\":{\"@id\":\"https:\\\/\\\/www.anjouautomation.com\\\/fr\\\/produit\\\/bras-telescopique-avec-kit-roulette\\\/#primaryimage\"},\"thumbnailUrl\":\"https:\\\/\\\/www.anjouautomation.com\\\/wp-content\\\/uploads\\\/2020\\\/05\\\/bras-avec-roulette-1.jpg\",\"datePublished\":\"2020-05-19T12:08:55+00:00\",\"dateModified\":\"2026-01-14T13:00:12+00:00\",\"breadcrumb\":{\"@id\":\"https:\\\/\\\/www.anjouautomation.com\\\/fr\\\/produit\\\/bras-telescopique-avec-kit-roulette\\\/#breadcrumb\"},\"inLanguage\":\"fr-FR\",\"potentialAction\":[{\"@type\":\"ReadAction\",\"target\":[\"https:\\\/\\\/www.anjouautomation.com\\\/fr\\\/produit\\\/bras-telescopique-avec-kit-roulette\\\/\"]}]},{\"@type\":\"ImageObject\",\"inLanguage\":\"fr-FR\",\"@id\":\"https:\\\/\\\/www.anjouautomation.com\\\/fr\\\/produit\\\/bras-telescopique-avec-kit-roulette\\\/#primaryimage\",\"url\":\"https:\\\/\\\/www.anjouautomation.com\\\/wp-content\\\/uploads\\\/2020\\\/05\\\/bras-avec-roulette-1.jpg\",\"contentUrl\":\"https:\\\/\\\/www.anjouautomation.com\\\/wp-content\\\/uploads\\\/2020\\\/05\\\/bras-avec-roulette-1.jpg\",\"width\":800,\"height\":800,\"caption\":\"Bras t\u00e9lescopique avec roulette\"},{\"@type\":\"BreadcrumbList\",\"@id\":\"https:\\\/\\\/www.anjouautomation.com\\\/fr\\\/produit\\\/bras-telescopique-avec-kit-roulette\\\/#breadcrumb\",\"itemListElement\":[{\"@type\":\"ListItem\",\"position\":1,\"name\":\"Home\",\"item\":\"https:\\\/\\\/www.anjouautomation.com\\\/fr\\\/\"},{\"@type\":\"ListItem\",\"position\":2,\"name\":\"Les produits\",\"item\":\"https:\\\/\\\/www.anjouautomation.com\\\/fr\\\/produits\\\/\"},{\"@type\":\"ListItem\",\"position\":3,\"name\":\"M\u00e9canisation\",\"item\":\"https:\\\/\\\/www.anjouautomation.com\\\/fr\\\/categorie-produit\\\/mecanisation\\\/\"},{\"@type\":\"ListItem\",\"position\":4,\"name\":\"Bras t\u00e9lescopiques\",\"item\":\"https:\\\/\\\/www.anjouautomation.com\\\/fr\\\/categorie-produit\\\/mecanisation\\\/bras-telescopiques\\\/\"},{\"@type\":\"ListItem\",\"position\":5,\"name\":\"Bras t\u00e9lescopique avec kit roulette\"}]},{\"@type\":\"WebSite\",\"@id\":\"https:\\\/\\\/www.anjouautomation.com\\\/fr\\\/#website\",\"url\":\"https:\\\/\\\/www.anjouautomation.com\\\/fr\\\/\",\"name\":\"Anjou Automation\",\"description\":\"\u00c9quipements de r\u00e9gulation et d&#039;automatisme\",\"publisher\":{\"@id\":\"https:\\\/\\\/www.anjouautomation.com\\\/fr\\\/#organization\"},\"potentialAction\":[{\"@type\":\"SearchAction\",\"target\":{\"@type\":\"EntryPoint\",\"urlTemplate\":\"https:\\\/\\\/www.anjouautomation.com\\\/fr\\\/?s={search_term_string}\"},\"query-input\":{\"@type\":\"PropertyValueSpecification\",\"valueRequired\":true,\"valueName\":\"search_term_string\"}}],\"inLanguage\":\"fr-FR\"},{\"@type\":\"Organization\",\"@id\":\"https:\\\/\\\/www.anjouautomation.com\\\/fr\\\/#organization\",\"name\":\"Anjou Automation\",\"url\":\"https:\\\/\\\/www.anjouautomation.com\\\/fr\\\/\",\"logo\":{\"@type\":\"ImageObject\",\"inLanguage\":\"fr-FR\",\"@id\":\"https:\\\/\\\/www.anjouautomation.com\\\/fr\\\/#\\\/schema\\\/logo\\\/image\\\/\",\"url\":\"https:\\\/\\\/www.anjouautomation.com\\\/wp-content\\\/uploads\\\/2020\\\/05\\\/logo-anjou-automation.png\",\"contentUrl\":\"https:\\\/\\\/www.anjouautomation.com\\\/wp-content\\\/uploads\\\/2020\\\/05\\\/logo-anjou-automation.png\",\"width\":301,\"height\":66,\"caption\":\"Anjou Automation\"},\"image\":{\"@id\":\"https:\\\/\\\/www.anjouautomation.com\\\/fr\\\/#\\\/schema\\\/logo\\\/image\\\/\"}}]}<\/script>\n<!-- \/ Yoast SEO plugin. -->","yoast_head_json":{"title":"Bras t\u00e9lescopique avec kit roulette - Anjou Automation","robots":{"index":"index","follow":"follow","max-snippet":"max-snippet:-1","max-image-preview":"max-image-preview:large","max-video-preview":"max-video-preview:-1"},"canonical":"https:\/\/www.anjouautomation.com\/fr\/produit\/bras-telescopique-avec-kit-roulette\/","og_locale":"fr_FR","og_type":"article","og_title":"Bras t\u00e9lescopique avec kit roulette - Anjou Automation","og_description":"\u2022 Avec ce m\u00e9canisme, Anjou Automation vous propose de faciliter les manipulations de vos a\u00e9rations par enroulement sur vos serres tunnels et multichappelles.  \u2022 Ces bras t\u00e9lescopiques peuvent \u00eatre man\u0153uvr\u00e9s manuellement ou automatiquement selon vos besoins.  \u2022 Disponible pour diff\u00e9rentes hauteurs d\u2019enroulement.","og_url":"https:\/\/www.anjouautomation.com\/fr\/produit\/bras-telescopique-avec-kit-roulette\/","og_site_name":"Anjou Automation","article_modified_time":"2026-01-14T13:00:12+00:00","og_image":[{"width":800,"height":800,"url":"https:\/\/www.anjouautomation.com\/wp-content\/uploads\/2020\/05\/bras-avec-roulette-1.jpg","type":"image\/jpeg"}],"twitter_card":"summary_large_image","twitter_misc":{"Dur\u00e9e de lecture estim\u00e9e":"1 minute"},"schema":{"@context":"https:\/\/schema.org","@graph":[{"@type":"WebPage","@id":"https:\/\/www.anjouautomation.com\/fr\/produit\/bras-telescopique-avec-kit-roulette\/","url":"https:\/\/www.anjouautomation.com\/fr\/produit\/bras-telescopique-avec-kit-roulette\/","name":"Bras t\u00e9lescopique avec kit roulette - Anjou Automation","isPartOf":{"@id":"https:\/\/www.anjouautomation.com\/fr\/#website"},"primaryImageOfPage":{"@id":"https:\/\/www.anjouautomation.com\/fr\/produit\/bras-telescopique-avec-kit-roulette\/#primaryimage"},"image":{"@id":"https:\/\/www.anjouautomation.com\/fr\/produit\/bras-telescopique-avec-kit-roulette\/#primaryimage"},"thumbnailUrl":"https:\/\/www.anjouautomation.com\/wp-content\/uploads\/2020\/05\/bras-avec-roulette-1.jpg","datePublished":"2020-05-19T12:08:55+00:00","dateModified":"2026-01-14T13:00:12+00:00","breadcrumb":{"@id":"https:\/\/www.anjouautomation.com\/fr\/produit\/bras-telescopique-avec-kit-roulette\/#breadcrumb"},"inLanguage":"fr-FR","potentialAction":[{"@type":"ReadAction","target":["https:\/\/www.anjouautomation.com\/fr\/produit\/bras-telescopique-avec-kit-roulette\/"]}]},{"@type":"ImageObject","inLanguage":"fr-FR","@id":"https:\/\/www.anjouautomation.com\/fr\/produit\/bras-telescopique-avec-kit-roulette\/#primaryimage","url":"https:\/\/www.anjouautomation.com\/wp-content\/uploads\/2020\/05\/bras-avec-roulette-1.jpg","contentUrl":"https:\/\/www.anjouautomation.com\/wp-content\/uploads\/2020\/05\/bras-avec-roulette-1.jpg","width":800,"height":800,"caption":"Bras t\u00e9lescopique avec roulette"},{"@type":"BreadcrumbList","@id":"https:\/\/www.anjouautomation.com\/fr\/produit\/bras-telescopique-avec-kit-roulette\/#breadcrumb","itemListElement":[{"@type":"ListItem","position":1,"name":"Home","item":"https:\/\/www.anjouautomation.com\/fr\/"},{"@type":"ListItem","position":2,"name":"Les produits","item":"https:\/\/www.anjouautomation.com\/fr\/produits\/"},{"@type":"ListItem","position":3,"name":"M\u00e9canisation","item":"https:\/\/www.anjouautomation.com\/fr\/categorie-produit\/mecanisation\/"},{"@type":"ListItem","position":4,"name":"Bras t\u00e9lescopiques","item":"https:\/\/www.anjouautomation.com\/fr\/categorie-produit\/mecanisation\/bras-telescopiques\/"},{"@type":"ListItem","position":5,"name":"Bras t\u00e9lescopique avec kit roulette"}]},{"@type":"WebSite","@id":"https:\/\/www.anjouautomation.com\/fr\/#website","url":"https:\/\/www.anjouautomation.com\/fr\/","name":"Anjou Automation","description":"\u00c9quipements de r\u00e9gulation et d&#039;automatisme","publisher":{"@id":"https:\/\/www.anjouautomation.com\/fr\/#organization"},"potentialAction":[{"@type":"SearchAction","target":{"@type":"EntryPoint","urlTemplate":"https:\/\/www.anjouautomation.com\/fr\/?s={search_term_string}"},"query-input":{"@type":"PropertyValueSpecification","valueRequired":true,"valueName":"search_term_string"}}],"inLanguage":"fr-FR"},{"@type":"Organization","@id":"https:\/\/www.anjouautomation.com\/fr\/#organization","name":"Anjou Automation","url":"https:\/\/www.anjouautomation.com\/fr\/","logo":{"@type":"ImageObject","inLanguage":"fr-FR","@id":"https:\/\/www.anjouautomation.com\/fr\/#\/schema\/logo\/image\/","url":"https:\/\/www.anjouautomation.com\/wp-content\/uploads\/2020\/05\/logo-anjou-automation.png","contentUrl":"https:\/\/www.anjouautomation.com\/wp-content\/uploads\/2020\/05\/logo-anjou-automation.png","width":301,"height":66,"caption":"Anjou Automation"},"image":{"@id":"https:\/\/www.anjouautomation.com\/fr\/#\/schema\/logo\/image\/"}}]}},"_links":{"self":[{"href":"https:\/\/www.anjouautomation.com\/fr\/wp-json\/wp\/v2\/product\/83240","targetHints":{"allow":["GET"]}}],"collection":[{"href":"https:\/\/www.anjouautomation.com\/fr\/wp-json\/wp\/v2\/product"}],"about":[{"href":"https:\/\/www.anjouautomation.com\/fr\/wp-json\/wp\/v2\/types\/product"}],"wp:featuredmedia":[{"embeddable":true,"href":"https:\/\/www.anjouautomation.com\/fr\/wp-json\/wp\/v2\/media\/84557"}],"wp:attachment":[{"href":"https:\/\/www.anjouautomation.com\/fr\/wp-json\/wp\/v2\/media?parent=83240"}],"wp:term":[{"taxonomy":"product_brand","embeddable":true,"href":"https:\/\/www.anjouautomation.com\/fr\/wp-json\/wp\/v2\/product_brand?post=83240"},{"taxonomy":"product_cat","embeddable":true,"href":"https:\/\/www.anjouautomation.com\/fr\/wp-json\/wp\/v2\/product_cat?post=83240"},{"taxonomy":"product_tag","embeddable":true,"href":"https:\/\/www.anjouautomation.com\/fr\/wp-json\/wp\/v2\/product_tag?post=83240"}],"curies":[{"name":"wp","href":"https:\/\/api.w.org\/{rel}","templated":true}]}}