{"id":83216,"date":"2020-05-19T10:15:46","date_gmt":"2020-05-19T08:15:46","guid":{"rendered":"https:\/\/www.anjouautomation.com\/?post_type=product&#038;p=83216"},"modified":"2026-01-07T11:23:56","modified_gmt":"2026-01-07T10:23:56","slug":"station-bac-de-melange","status":"publish","type":"product","link":"https:\/\/www.anjouautomation.com\/fr\/produit\/station-bac-de-melange\/","title":{"rendered":"Station bac de m\u00e9lange"},"content":{"rendered":"","protected":false},"excerpt":{"rendered":"<p>\u2022 La station ANJOU FERTIL est une centrale d\u2019injection d\u2019engrais \/ acide destin\u00e9e \u00e0 la conduite de la fertilisation des cultures hors sol. Bas\u00e9e sur la technologie Venturi et \u00e9quip\u00e9e d\u2019un bac de m\u00e9lange de 225 litres, elle permet des d\u00e9bits variables allant de 2 \u00e0 30m3\/h.<\/p>\n<p>\u2022 Cette station peut \u00eatre pilot\u00e9e par le programmateur Oscar ou encore le r\u00e9gulateur Artic.<\/p>\n<p>\u2022 La configuration standard est de deux lignes d\u2019injection engrais + une ligne d\u2019injection acide. Toutefois, elle peut \u00eatre \u00e9tendue jusqu\u2019\u00e0 6 lignes d\u2019injection. Elle peut \u00e9galement inclure diff\u00e9rentes options comme du drainage, pr\u00e9m\u00e9lange ou encore un volucompteur.<\/p>\n","protected":false},"featured_media":96366,"template":"","meta":[],"product_brand":[],"product_cat":[116,125],"product_tag":[],"class_list":{"0":"post-83216","1":"product","2":"type-product","3":"status-publish","4":"has-post-thumbnail","6":"product_cat-irrigation","7":"product_cat-stations-de-fertilisation","9":"first","10":"instock","11":"downloadable","12":"shipping-taxable","13":"purchasable","14":"product-type-simple"},"yoast_head":"<!-- This site is optimized with the Yoast SEO plugin v27.4 - https:\/\/yoast.com\/product\/yoast-seo-wordpress\/ -->\n<title>Station bac de m\u00e9lange - Anjou Automation<\/title>\n<meta name=\"robots\" content=\"index, follow, max-snippet:-1, max-image-preview:large, max-video-preview:-1\" \/>\n<link rel=\"canonical\" href=\"https:\/\/www.anjouautomation.com\/fr\/produit\/station-bac-de-melange\/\" \/>\n<meta property=\"og:locale\" content=\"fr_FR\" \/>\n<meta property=\"og:type\" content=\"article\" \/>\n<meta property=\"og:title\" content=\"Station bac de m\u00e9lange - Anjou Automation\" \/>\n<meta property=\"og:description\" content=\"\u2022 La station ANJOU FERTIL est une centrale d\u2019injection d\u2019engrais \/ acide destin\u00e9e \u00e0 la conduite de la fertilisation des cultures hors sol. Bas\u00e9e sur la technologie Venturi et \u00e9quip\u00e9e d\u2019un bac de m\u00e9lange de 225 litres, elle permet des d\u00e9bits variables allant de 2 \u00e0 30m3\/h.  \u2022 Cette station peut \u00eatre pilot\u00e9e par le programmateur Oscar ou encore le r\u00e9gulateur Artic.  \u2022 La configuration standard est de deux lignes d\u2019injection engrais + une ligne d\u2019injection acide. Toutefois, elle peut \u00eatre \u00e9tendue jusqu\u2019\u00e0 6 lignes d\u2019injection. Elle peut \u00e9galement inclure diff\u00e9rentes options comme du drainage, pr\u00e9m\u00e9lange ou encore un volucompteur.\" \/>\n<meta property=\"og:url\" content=\"https:\/\/www.anjouautomation.com\/fr\/produit\/station-bac-de-melange\/\" \/>\n<meta property=\"og:site_name\" content=\"Anjou Automation\" \/>\n<meta property=\"article:modified_time\" content=\"2026-01-07T10:23:56+00:00\" \/>\n<meta property=\"og:image\" content=\"https:\/\/www.anjouautomation.com\/wp-content\/uploads\/2026\/01\/Station.png\" \/>\n\t<meta property=\"og:image:width\" content=\"334\" \/>\n\t<meta property=\"og:image:height\" content=\"335\" \/>\n\t<meta property=\"og:image:type\" content=\"image\/png\" \/>\n<meta name=\"twitter:card\" content=\"summary_large_image\" \/>\n<meta name=\"twitter:label1\" content=\"Dur\u00e9e de lecture estim\u00e9e\" \/>\n\t<meta name=\"twitter:data1\" content=\"1 minute\" \/>\n<script type=\"application\/ld+json\" class=\"yoast-schema-graph\">{\"@context\":\"https:\\\/\\\/schema.org\",\"@graph\":[{\"@type\":\"WebPage\",\"@id\":\"https:\\\/\\\/www.anjouautomation.com\\\/fr\\\/produit\\\/station-bac-de-melange\\\/\",\"url\":\"https:\\\/\\\/www.anjouautomation.com\\\/fr\\\/produit\\\/station-bac-de-melange\\\/\",\"name\":\"Station bac de m\u00e9lange - Anjou Automation\",\"isPartOf\":{\"@id\":\"https:\\\/\\\/www.anjouautomation.com\\\/fr\\\/#website\"},\"primaryImageOfPage\":{\"@id\":\"https:\\\/\\\/www.anjouautomation.com\\\/fr\\\/produit\\\/station-bac-de-melange\\\/#primaryimage\"},\"image\":{\"@id\":\"https:\\\/\\\/www.anjouautomation.com\\\/fr\\\/produit\\\/station-bac-de-melange\\\/#primaryimage\"},\"thumbnailUrl\":\"https:\\\/\\\/www.anjouautomation.com\\\/wp-content\\\/uploads\\\/2026\\\/01\\\/Station.png\",\"datePublished\":\"2020-05-19T08:15:46+00:00\",\"dateModified\":\"2026-01-07T10:23:56+00:00\",\"breadcrumb\":{\"@id\":\"https:\\\/\\\/www.anjouautomation.com\\\/fr\\\/produit\\\/station-bac-de-melange\\\/#breadcrumb\"},\"inLanguage\":\"fr-FR\",\"potentialAction\":[{\"@type\":\"ReadAction\",\"target\":[\"https:\\\/\\\/www.anjouautomation.com\\\/fr\\\/produit\\\/station-bac-de-melange\\\/\"]}]},{\"@type\":\"ImageObject\",\"inLanguage\":\"fr-FR\",\"@id\":\"https:\\\/\\\/www.anjouautomation.com\\\/fr\\\/produit\\\/station-bac-de-melange\\\/#primaryimage\",\"url\":\"https:\\\/\\\/www.anjouautomation.com\\\/wp-content\\\/uploads\\\/2026\\\/01\\\/Station.png\",\"contentUrl\":\"https:\\\/\\\/www.anjouautomation.com\\\/wp-content\\\/uploads\\\/2026\\\/01\\\/Station.png\",\"width\":334,\"height\":335},{\"@type\":\"BreadcrumbList\",\"@id\":\"https:\\\/\\\/www.anjouautomation.com\\\/fr\\\/produit\\\/station-bac-de-melange\\\/#breadcrumb\",\"itemListElement\":[{\"@type\":\"ListItem\",\"position\":1,\"name\":\"Home\",\"item\":\"https:\\\/\\\/www.anjouautomation.com\\\/fr\\\/\"},{\"@type\":\"ListItem\",\"position\":2,\"name\":\"Les produits\",\"item\":\"https:\\\/\\\/www.anjouautomation.com\\\/fr\\\/produits\\\/\"},{\"@type\":\"ListItem\",\"position\":3,\"name\":\"Irrigation\",\"item\":\"https:\\\/\\\/www.anjouautomation.com\\\/fr\\\/categorie-produit\\\/irrigation\\\/\"},{\"@type\":\"ListItem\",\"position\":4,\"name\":\"Stations de fertilisation\",\"item\":\"https:\\\/\\\/www.anjouautomation.com\\\/fr\\\/categorie-produit\\\/irrigation\\\/stations-de-fertilisation\\\/\"},{\"@type\":\"ListItem\",\"position\":5,\"name\":\"Station bac de m\u00e9lange\"}]},{\"@type\":\"WebSite\",\"@id\":\"https:\\\/\\\/www.anjouautomation.com\\\/fr\\\/#website\",\"url\":\"https:\\\/\\\/www.anjouautomation.com\\\/fr\\\/\",\"name\":\"Anjou Automation\",\"description\":\"\u00c9quipements de r\u00e9gulation et d&#039;automatisme\",\"publisher\":{\"@id\":\"https:\\\/\\\/www.anjouautomation.com\\\/fr\\\/#organization\"},\"potentialAction\":[{\"@type\":\"SearchAction\",\"target\":{\"@type\":\"EntryPoint\",\"urlTemplate\":\"https:\\\/\\\/www.anjouautomation.com\\\/fr\\\/?s={search_term_string}\"},\"query-input\":{\"@type\":\"PropertyValueSpecification\",\"valueRequired\":true,\"valueName\":\"search_term_string\"}}],\"inLanguage\":\"fr-FR\"},{\"@type\":\"Organization\",\"@id\":\"https:\\\/\\\/www.anjouautomation.com\\\/fr\\\/#organization\",\"name\":\"Anjou Automation\",\"url\":\"https:\\\/\\\/www.anjouautomation.com\\\/fr\\\/\",\"logo\":{\"@type\":\"ImageObject\",\"inLanguage\":\"fr-FR\",\"@id\":\"https:\\\/\\\/www.anjouautomation.com\\\/fr\\\/#\\\/schema\\\/logo\\\/image\\\/\",\"url\":\"https:\\\/\\\/www.anjouautomation.com\\\/wp-content\\\/uploads\\\/2020\\\/05\\\/logo-anjou-automation.png\",\"contentUrl\":\"https:\\\/\\\/www.anjouautomation.com\\\/wp-content\\\/uploads\\\/2020\\\/05\\\/logo-anjou-automation.png\",\"width\":301,\"height\":66,\"caption\":\"Anjou Automation\"},\"image\":{\"@id\":\"https:\\\/\\\/www.anjouautomation.com\\\/fr\\\/#\\\/schema\\\/logo\\\/image\\\/\"}}]}<\/script>\n<!-- \/ Yoast SEO plugin. -->","yoast_head_json":{"title":"Station bac de m\u00e9lange - Anjou Automation","robots":{"index":"index","follow":"follow","max-snippet":"max-snippet:-1","max-image-preview":"max-image-preview:large","max-video-preview":"max-video-preview:-1"},"canonical":"https:\/\/www.anjouautomation.com\/fr\/produit\/station-bac-de-melange\/","og_locale":"fr_FR","og_type":"article","og_title":"Station bac de m\u00e9lange - Anjou Automation","og_description":"\u2022 La station ANJOU FERTIL est une centrale d\u2019injection d\u2019engrais \/ acide destin\u00e9e \u00e0 la conduite de la fertilisation des cultures hors sol. Bas\u00e9e sur la technologie Venturi et \u00e9quip\u00e9e d\u2019un bac de m\u00e9lange de 225 litres, elle permet des d\u00e9bits variables allant de 2 \u00e0 30m3\/h.  \u2022 Cette station peut \u00eatre pilot\u00e9e par le programmateur Oscar ou encore le r\u00e9gulateur Artic.  \u2022 La configuration standard est de deux lignes d\u2019injection engrais + une ligne d\u2019injection acide. Toutefois, elle peut \u00eatre \u00e9tendue jusqu\u2019\u00e0 6 lignes d\u2019injection. Elle peut \u00e9galement inclure diff\u00e9rentes options comme du drainage, pr\u00e9m\u00e9lange ou encore un volucompteur.","og_url":"https:\/\/www.anjouautomation.com\/fr\/produit\/station-bac-de-melange\/","og_site_name":"Anjou Automation","article_modified_time":"2026-01-07T10:23:56+00:00","og_image":[{"width":334,"height":335,"url":"https:\/\/www.anjouautomation.com\/wp-content\/uploads\/2026\/01\/Station.png","type":"image\/png"}],"twitter_card":"summary_large_image","twitter_misc":{"Dur\u00e9e de lecture estim\u00e9e":"1 minute"},"schema":{"@context":"https:\/\/schema.org","@graph":[{"@type":"WebPage","@id":"https:\/\/www.anjouautomation.com\/fr\/produit\/station-bac-de-melange\/","url":"https:\/\/www.anjouautomation.com\/fr\/produit\/station-bac-de-melange\/","name":"Station bac de m\u00e9lange - Anjou Automation","isPartOf":{"@id":"https:\/\/www.anjouautomation.com\/fr\/#website"},"primaryImageOfPage":{"@id":"https:\/\/www.anjouautomation.com\/fr\/produit\/station-bac-de-melange\/#primaryimage"},"image":{"@id":"https:\/\/www.anjouautomation.com\/fr\/produit\/station-bac-de-melange\/#primaryimage"},"thumbnailUrl":"https:\/\/www.anjouautomation.com\/wp-content\/uploads\/2026\/01\/Station.png","datePublished":"2020-05-19T08:15:46+00:00","dateModified":"2026-01-07T10:23:56+00:00","breadcrumb":{"@id":"https:\/\/www.anjouautomation.com\/fr\/produit\/station-bac-de-melange\/#breadcrumb"},"inLanguage":"fr-FR","potentialAction":[{"@type":"ReadAction","target":["https:\/\/www.anjouautomation.com\/fr\/produit\/station-bac-de-melange\/"]}]},{"@type":"ImageObject","inLanguage":"fr-FR","@id":"https:\/\/www.anjouautomation.com\/fr\/produit\/station-bac-de-melange\/#primaryimage","url":"https:\/\/www.anjouautomation.com\/wp-content\/uploads\/2026\/01\/Station.png","contentUrl":"https:\/\/www.anjouautomation.com\/wp-content\/uploads\/2026\/01\/Station.png","width":334,"height":335},{"@type":"BreadcrumbList","@id":"https:\/\/www.anjouautomation.com\/fr\/produit\/station-bac-de-melange\/#breadcrumb","itemListElement":[{"@type":"ListItem","position":1,"name":"Home","item":"https:\/\/www.anjouautomation.com\/fr\/"},{"@type":"ListItem","position":2,"name":"Les produits","item":"https:\/\/www.anjouautomation.com\/fr\/produits\/"},{"@type":"ListItem","position":3,"name":"Irrigation","item":"https:\/\/www.anjouautomation.com\/fr\/categorie-produit\/irrigation\/"},{"@type":"ListItem","position":4,"name":"Stations de fertilisation","item":"https:\/\/www.anjouautomation.com\/fr\/categorie-produit\/irrigation\/stations-de-fertilisation\/"},{"@type":"ListItem","position":5,"name":"Station bac de m\u00e9lange"}]},{"@type":"WebSite","@id":"https:\/\/www.anjouautomation.com\/fr\/#website","url":"https:\/\/www.anjouautomation.com\/fr\/","name":"Anjou Automation","description":"\u00c9quipements de r\u00e9gulation et d&#039;automatisme","publisher":{"@id":"https:\/\/www.anjouautomation.com\/fr\/#organization"},"potentialAction":[{"@type":"SearchAction","target":{"@type":"EntryPoint","urlTemplate":"https:\/\/www.anjouautomation.com\/fr\/?s={search_term_string}"},"query-input":{"@type":"PropertyValueSpecification","valueRequired":true,"valueName":"search_term_string"}}],"inLanguage":"fr-FR"},{"@type":"Organization","@id":"https:\/\/www.anjouautomation.com\/fr\/#organization","name":"Anjou Automation","url":"https:\/\/www.anjouautomation.com\/fr\/","logo":{"@type":"ImageObject","inLanguage":"fr-FR","@id":"https:\/\/www.anjouautomation.com\/fr\/#\/schema\/logo\/image\/","url":"https:\/\/www.anjouautomation.com\/wp-content\/uploads\/2020\/05\/logo-anjou-automation.png","contentUrl":"https:\/\/www.anjouautomation.com\/wp-content\/uploads\/2020\/05\/logo-anjou-automation.png","width":301,"height":66,"caption":"Anjou Automation"},"image":{"@id":"https:\/\/www.anjouautomation.com\/fr\/#\/schema\/logo\/image\/"}}]}},"_links":{"self":[{"href":"https:\/\/www.anjouautomation.com\/fr\/wp-json\/wp\/v2\/product\/83216","targetHints":{"allow":["GET"]}}],"collection":[{"href":"https:\/\/www.anjouautomation.com\/fr\/wp-json\/wp\/v2\/product"}],"about":[{"href":"https:\/\/www.anjouautomation.com\/fr\/wp-json\/wp\/v2\/types\/product"}],"wp:featuredmedia":[{"embeddable":true,"href":"https:\/\/www.anjouautomation.com\/fr\/wp-json\/wp\/v2\/media\/96366"}],"wp:attachment":[{"href":"https:\/\/www.anjouautomation.com\/fr\/wp-json\/wp\/v2\/media?parent=83216"}],"wp:term":[{"taxonomy":"product_brand","embeddable":true,"href":"https:\/\/www.anjouautomation.com\/fr\/wp-json\/wp\/v2\/product_brand?post=83216"},{"taxonomy":"product_cat","embeddable":true,"href":"https:\/\/www.anjouautomation.com\/fr\/wp-json\/wp\/v2\/product_cat?post=83216"},{"taxonomy":"product_tag","embeddable":true,"href":"https:\/\/www.anjouautomation.com\/fr\/wp-json\/wp\/v2\/product_tag?post=83216"}],"curies":[{"name":"wp","href":"https:\/\/api.w.org\/{rel}","templated":true}]}}