{"id":83215,"date":"2020-05-19T10:14:57","date_gmt":"2020-05-19T08:14:57","guid":{"rendered":"https:\/\/www.anjouautomation.com\/?post_type=product&#038;p=83215"},"modified":"2026-01-07T11:32:01","modified_gmt":"2026-01-07T10:32:01","slug":"station-dinjection-directe","status":"publish","type":"product","link":"https:\/\/www.anjouautomation.com\/fr\/produit\/station-dinjection-directe\/","title":{"rendered":"Station d&rsquo;injection directe"},"content":{"rendered":"","protected":false},"excerpt":{"rendered":"<p>\u2022 La station ANJOU FERTIL DIRECT est une centrale d\u2019injection d\u2019engrais \/ acide destin\u00e9e \u00e0 la conduite de la fertilisation des cultures hors sol. Bas\u00e9e sur la technologie Venturi, elle utilise la pression du r\u00e9seau existant et permet des d\u00e9bits allant de 3 \u00e0 20m3\/h.<\/p>\n<p>\u2022 Cette station peut \u00eatre pilot\u00e9e par le programmateur Oscar, Micro\u2019Ferti ou encore le r\u00e9gulateur Artic.<\/p>\n<p>\u2022 La configuration standard est d\u2019une ligne d\u2019injection engrais + une ligne d\u2019injection acide. Toutefois, elle peut \u00eatre \u00e9tendue jusqu\u2019\u00e0 4 lignes d\u2019injection.<\/p>\n","protected":false},"featured_media":96378,"template":"","meta":[],"product_brand":[],"product_cat":[116,125],"product_tag":[],"class_list":{"0":"post-83215","1":"product","2":"type-product","3":"status-publish","4":"has-post-thumbnail","6":"product_cat-irrigation","7":"product_cat-stations-de-fertilisation","9":"first","10":"instock","11":"downloadable","12":"shipping-taxable","13":"purchasable","14":"product-type-simple"},"yoast_head":"<!-- This site is optimized with the Yoast SEO plugin v27.3 - https:\/\/yoast.com\/product\/yoast-seo-wordpress\/ -->\n<title>Station d&#039;injection directe - Anjou Automation<\/title>\n<meta name=\"robots\" content=\"index, follow, max-snippet:-1, max-image-preview:large, max-video-preview:-1\" \/>\n<link rel=\"canonical\" href=\"https:\/\/www.anjouautomation.com\/fr\/produit\/station-dinjection-directe\/\" \/>\n<meta property=\"og:locale\" content=\"fr_FR\" \/>\n<meta property=\"og:type\" content=\"article\" \/>\n<meta property=\"og:title\" content=\"Station d&#039;injection directe - Anjou Automation\" \/>\n<meta property=\"og:description\" content=\"\u2022 La station ANJOU FERTIL DIRECT est une centrale d\u2019injection d\u2019engrais \/ acide destin\u00e9e \u00e0 la conduite de la fertilisation des cultures hors sol. Bas\u00e9e sur la technologie Venturi, elle utilise la pression du r\u00e9seau existant et permet des d\u00e9bits allant de 3 \u00e0 20m3\/h.  \u2022 Cette station peut \u00eatre pilot\u00e9e par le programmateur Oscar, Micro\u2019Ferti ou encore le r\u00e9gulateur Artic.  \u2022 La configuration standard est d\u2019une ligne d\u2019injection engrais + une ligne d\u2019injection acide. Toutefois, elle peut \u00eatre \u00e9tendue jusqu\u2019\u00e0 4 lignes d\u2019injection.\" \/>\n<meta property=\"og:url\" content=\"https:\/\/www.anjouautomation.com\/fr\/produit\/station-dinjection-directe\/\" \/>\n<meta property=\"og:site_name\" content=\"Anjou Automation\" \/>\n<meta property=\"article:modified_time\" content=\"2026-01-07T10:32:01+00:00\" \/>\n<meta property=\"og:image\" content=\"https:\/\/www.anjouautomation.com\/wp-content\/uploads\/2020\/05\/station-direct.png\" \/>\n\t<meta property=\"og:image:width\" content=\"334\" \/>\n\t<meta property=\"og:image:height\" content=\"335\" \/>\n\t<meta property=\"og:image:type\" content=\"image\/png\" \/>\n<meta name=\"twitter:card\" content=\"summary_large_image\" \/>\n<meta name=\"twitter:label1\" content=\"Dur\u00e9e de lecture estim\u00e9e\" \/>\n\t<meta name=\"twitter:data1\" content=\"1 minute\" \/>\n<script type=\"application\/ld+json\" class=\"yoast-schema-graph\">{\"@context\":\"https:\\\/\\\/schema.org\",\"@graph\":[{\"@type\":\"WebPage\",\"@id\":\"https:\\\/\\\/www.anjouautomation.com\\\/fr\\\/produit\\\/station-dinjection-directe\\\/\",\"url\":\"https:\\\/\\\/www.anjouautomation.com\\\/fr\\\/produit\\\/station-dinjection-directe\\\/\",\"name\":\"Station d'injection directe - Anjou Automation\",\"isPartOf\":{\"@id\":\"https:\\\/\\\/www.anjouautomation.com\\\/fr\\\/#website\"},\"primaryImageOfPage\":{\"@id\":\"https:\\\/\\\/www.anjouautomation.com\\\/fr\\\/produit\\\/station-dinjection-directe\\\/#primaryimage\"},\"image\":{\"@id\":\"https:\\\/\\\/www.anjouautomation.com\\\/fr\\\/produit\\\/station-dinjection-directe\\\/#primaryimage\"},\"thumbnailUrl\":\"https:\\\/\\\/www.anjouautomation.com\\\/wp-content\\\/uploads\\\/2020\\\/05\\\/station-direct.png\",\"datePublished\":\"2020-05-19T08:14:57+00:00\",\"dateModified\":\"2026-01-07T10:32:01+00:00\",\"breadcrumb\":{\"@id\":\"https:\\\/\\\/www.anjouautomation.com\\\/fr\\\/produit\\\/station-dinjection-directe\\\/#breadcrumb\"},\"inLanguage\":\"fr-FR\",\"potentialAction\":[{\"@type\":\"ReadAction\",\"target\":[\"https:\\\/\\\/www.anjouautomation.com\\\/fr\\\/produit\\\/station-dinjection-directe\\\/\"]}]},{\"@type\":\"ImageObject\",\"inLanguage\":\"fr-FR\",\"@id\":\"https:\\\/\\\/www.anjouautomation.com\\\/fr\\\/produit\\\/station-dinjection-directe\\\/#primaryimage\",\"url\":\"https:\\\/\\\/www.anjouautomation.com\\\/wp-content\\\/uploads\\\/2020\\\/05\\\/station-direct.png\",\"contentUrl\":\"https:\\\/\\\/www.anjouautomation.com\\\/wp-content\\\/uploads\\\/2020\\\/05\\\/station-direct.png\",\"width\":334,\"height\":335},{\"@type\":\"BreadcrumbList\",\"@id\":\"https:\\\/\\\/www.anjouautomation.com\\\/fr\\\/produit\\\/station-dinjection-directe\\\/#breadcrumb\",\"itemListElement\":[{\"@type\":\"ListItem\",\"position\":1,\"name\":\"Home\",\"item\":\"https:\\\/\\\/www.anjouautomation.com\\\/fr\\\/\"},{\"@type\":\"ListItem\",\"position\":2,\"name\":\"Les produits\",\"item\":\"https:\\\/\\\/www.anjouautomation.com\\\/fr\\\/produits\\\/\"},{\"@type\":\"ListItem\",\"position\":3,\"name\":\"Irrigation\",\"item\":\"https:\\\/\\\/www.anjouautomation.com\\\/fr\\\/categorie-produit\\\/irrigation\\\/\"},{\"@type\":\"ListItem\",\"position\":4,\"name\":\"Stations de fertilisation\",\"item\":\"https:\\\/\\\/www.anjouautomation.com\\\/fr\\\/categorie-produit\\\/irrigation\\\/stations-de-fertilisation\\\/\"},{\"@type\":\"ListItem\",\"position\":5,\"name\":\"Station d&rsquo;injection directe\"}]},{\"@type\":\"WebSite\",\"@id\":\"https:\\\/\\\/www.anjouautomation.com\\\/fr\\\/#website\",\"url\":\"https:\\\/\\\/www.anjouautomation.com\\\/fr\\\/\",\"name\":\"Anjou Automation\",\"description\":\"\u00c9quipements de r\u00e9gulation et d&#039;automatisme\",\"publisher\":{\"@id\":\"https:\\\/\\\/www.anjouautomation.com\\\/fr\\\/#organization\"},\"potentialAction\":[{\"@type\":\"SearchAction\",\"target\":{\"@type\":\"EntryPoint\",\"urlTemplate\":\"https:\\\/\\\/www.anjouautomation.com\\\/fr\\\/?s={search_term_string}\"},\"query-input\":{\"@type\":\"PropertyValueSpecification\",\"valueRequired\":true,\"valueName\":\"search_term_string\"}}],\"inLanguage\":\"fr-FR\"},{\"@type\":\"Organization\",\"@id\":\"https:\\\/\\\/www.anjouautomation.com\\\/fr\\\/#organization\",\"name\":\"Anjou Automation\",\"url\":\"https:\\\/\\\/www.anjouautomation.com\\\/fr\\\/\",\"logo\":{\"@type\":\"ImageObject\",\"inLanguage\":\"fr-FR\",\"@id\":\"https:\\\/\\\/www.anjouautomation.com\\\/fr\\\/#\\\/schema\\\/logo\\\/image\\\/\",\"url\":\"https:\\\/\\\/www.anjouautomation.com\\\/wp-content\\\/uploads\\\/2020\\\/05\\\/logo-anjou-automation.png\",\"contentUrl\":\"https:\\\/\\\/www.anjouautomation.com\\\/wp-content\\\/uploads\\\/2020\\\/05\\\/logo-anjou-automation.png\",\"width\":301,\"height\":66,\"caption\":\"Anjou Automation\"},\"image\":{\"@id\":\"https:\\\/\\\/www.anjouautomation.com\\\/fr\\\/#\\\/schema\\\/logo\\\/image\\\/\"}}]}<\/script>\n<!-- \/ Yoast SEO plugin. -->","yoast_head_json":{"title":"Station d'injection directe - Anjou Automation","robots":{"index":"index","follow":"follow","max-snippet":"max-snippet:-1","max-image-preview":"max-image-preview:large","max-video-preview":"max-video-preview:-1"},"canonical":"https:\/\/www.anjouautomation.com\/fr\/produit\/station-dinjection-directe\/","og_locale":"fr_FR","og_type":"article","og_title":"Station d'injection directe - Anjou Automation","og_description":"\u2022 La station ANJOU FERTIL DIRECT est une centrale d\u2019injection d\u2019engrais \/ acide destin\u00e9e \u00e0 la conduite de la fertilisation des cultures hors sol. Bas\u00e9e sur la technologie Venturi, elle utilise la pression du r\u00e9seau existant et permet des d\u00e9bits allant de 3 \u00e0 20m3\/h.  \u2022 Cette station peut \u00eatre pilot\u00e9e par le programmateur Oscar, Micro\u2019Ferti ou encore le r\u00e9gulateur Artic.  \u2022 La configuration standard est d\u2019une ligne d\u2019injection engrais + une ligne d\u2019injection acide. Toutefois, elle peut \u00eatre \u00e9tendue jusqu\u2019\u00e0 4 lignes d\u2019injection.","og_url":"https:\/\/www.anjouautomation.com\/fr\/produit\/station-dinjection-directe\/","og_site_name":"Anjou Automation","article_modified_time":"2026-01-07T10:32:01+00:00","og_image":[{"width":334,"height":335,"url":"https:\/\/www.anjouautomation.com\/wp-content\/uploads\/2020\/05\/station-direct.png","type":"image\/png"}],"twitter_card":"summary_large_image","twitter_misc":{"Dur\u00e9e de lecture estim\u00e9e":"1 minute"},"schema":{"@context":"https:\/\/schema.org","@graph":[{"@type":"WebPage","@id":"https:\/\/www.anjouautomation.com\/fr\/produit\/station-dinjection-directe\/","url":"https:\/\/www.anjouautomation.com\/fr\/produit\/station-dinjection-directe\/","name":"Station d'injection directe - Anjou Automation","isPartOf":{"@id":"https:\/\/www.anjouautomation.com\/fr\/#website"},"primaryImageOfPage":{"@id":"https:\/\/www.anjouautomation.com\/fr\/produit\/station-dinjection-directe\/#primaryimage"},"image":{"@id":"https:\/\/www.anjouautomation.com\/fr\/produit\/station-dinjection-directe\/#primaryimage"},"thumbnailUrl":"https:\/\/www.anjouautomation.com\/wp-content\/uploads\/2020\/05\/station-direct.png","datePublished":"2020-05-19T08:14:57+00:00","dateModified":"2026-01-07T10:32:01+00:00","breadcrumb":{"@id":"https:\/\/www.anjouautomation.com\/fr\/produit\/station-dinjection-directe\/#breadcrumb"},"inLanguage":"fr-FR","potentialAction":[{"@type":"ReadAction","target":["https:\/\/www.anjouautomation.com\/fr\/produit\/station-dinjection-directe\/"]}]},{"@type":"ImageObject","inLanguage":"fr-FR","@id":"https:\/\/www.anjouautomation.com\/fr\/produit\/station-dinjection-directe\/#primaryimage","url":"https:\/\/www.anjouautomation.com\/wp-content\/uploads\/2020\/05\/station-direct.png","contentUrl":"https:\/\/www.anjouautomation.com\/wp-content\/uploads\/2020\/05\/station-direct.png","width":334,"height":335},{"@type":"BreadcrumbList","@id":"https:\/\/www.anjouautomation.com\/fr\/produit\/station-dinjection-directe\/#breadcrumb","itemListElement":[{"@type":"ListItem","position":1,"name":"Home","item":"https:\/\/www.anjouautomation.com\/fr\/"},{"@type":"ListItem","position":2,"name":"Les produits","item":"https:\/\/www.anjouautomation.com\/fr\/produits\/"},{"@type":"ListItem","position":3,"name":"Irrigation","item":"https:\/\/www.anjouautomation.com\/fr\/categorie-produit\/irrigation\/"},{"@type":"ListItem","position":4,"name":"Stations de fertilisation","item":"https:\/\/www.anjouautomation.com\/fr\/categorie-produit\/irrigation\/stations-de-fertilisation\/"},{"@type":"ListItem","position":5,"name":"Station d&rsquo;injection directe"}]},{"@type":"WebSite","@id":"https:\/\/www.anjouautomation.com\/fr\/#website","url":"https:\/\/www.anjouautomation.com\/fr\/","name":"Anjou Automation","description":"\u00c9quipements de r\u00e9gulation et d&#039;automatisme","publisher":{"@id":"https:\/\/www.anjouautomation.com\/fr\/#organization"},"potentialAction":[{"@type":"SearchAction","target":{"@type":"EntryPoint","urlTemplate":"https:\/\/www.anjouautomation.com\/fr\/?s={search_term_string}"},"query-input":{"@type":"PropertyValueSpecification","valueRequired":true,"valueName":"search_term_string"}}],"inLanguage":"fr-FR"},{"@type":"Organization","@id":"https:\/\/www.anjouautomation.com\/fr\/#organization","name":"Anjou Automation","url":"https:\/\/www.anjouautomation.com\/fr\/","logo":{"@type":"ImageObject","inLanguage":"fr-FR","@id":"https:\/\/www.anjouautomation.com\/fr\/#\/schema\/logo\/image\/","url":"https:\/\/www.anjouautomation.com\/wp-content\/uploads\/2020\/05\/logo-anjou-automation.png","contentUrl":"https:\/\/www.anjouautomation.com\/wp-content\/uploads\/2020\/05\/logo-anjou-automation.png","width":301,"height":66,"caption":"Anjou Automation"},"image":{"@id":"https:\/\/www.anjouautomation.com\/fr\/#\/schema\/logo\/image\/"}}]}},"_links":{"self":[{"href":"https:\/\/www.anjouautomation.com\/fr\/wp-json\/wp\/v2\/product\/83215","targetHints":{"allow":["GET"]}}],"collection":[{"href":"https:\/\/www.anjouautomation.com\/fr\/wp-json\/wp\/v2\/product"}],"about":[{"href":"https:\/\/www.anjouautomation.com\/fr\/wp-json\/wp\/v2\/types\/product"}],"wp:featuredmedia":[{"embeddable":true,"href":"https:\/\/www.anjouautomation.com\/fr\/wp-json\/wp\/v2\/media\/96378"}],"wp:attachment":[{"href":"https:\/\/www.anjouautomation.com\/fr\/wp-json\/wp\/v2\/media?parent=83215"}],"wp:term":[{"taxonomy":"product_brand","embeddable":true,"href":"https:\/\/www.anjouautomation.com\/fr\/wp-json\/wp\/v2\/product_brand?post=83215"},{"taxonomy":"product_cat","embeddable":true,"href":"https:\/\/www.anjouautomation.com\/fr\/wp-json\/wp\/v2\/product_cat?post=83215"},{"taxonomy":"product_tag","embeddable":true,"href":"https:\/\/www.anjouautomation.com\/fr\/wp-json\/wp\/v2\/product_tag?post=83215"}],"curies":[{"name":"wp","href":"https:\/\/api.w.org\/{rel}","templated":true}]}}