{"id":83204,"date":"2020-05-18T16:03:21","date_gmt":"2020-05-18T14:03:21","guid":{"rendered":"https:\/\/www.anjouautomation.com\/?post_type=product&#038;p=83204"},"modified":"2026-01-07T11:02:20","modified_gmt":"2026-01-07T10:02:20","slug":"nero","status":"publish","type":"product","link":"https:\/\/www.anjouautomation.com\/fr\/produit\/nero\/","title":{"rendered":"Nero"},"content":{"rendered":"","protected":false},"excerpt":{"rendered":"<p>FERTI-IRRIGATION<br \/>\n\u2022 De 14 \u00e0 94 \u00e9lectrovannes<br \/>\n\u2022 Gestion jusqu\u2019\u00e0 4 stations de fertilisation (2 standard + 2 en option)<br \/>\n\u2022 Gestion de 8 sorties statiques pour lignes d\u2019injections ou 4 pompes doseuses en 0-10V<br \/>\n\u2022 Jusqu\u2019\u00e0 40 groupes d\u2019arrosage<\/p>\n<p>SUPERVISION<br \/>\n\u2022 Compatible SENTINELLE<br \/>\n\u2022 Site web embarqu\u00e9 via Acc\u00e8s 4G (cf. page 18-19)<\/p>\n<p>LES +<br \/>\n\u2022 Visualisation des \u00e9tats de station,<br \/>\n\u2022 Acc\u00e8s facilit\u00e9 aux menus et param\u00e8tres par ic\u00f4nes<br \/>\n\u2022 Saisie des valeurs sur pav\u00e9 num\u00e9rique tactile<br \/>\n\u2022 Sauvegarde et restauration des param\u00e8tres via le site web embarqu\u00e9<br \/>\n\u2022 Evolution des logiciels et des configurations par simple cl\u00e9 USB<br \/>\n\u2022 Mode manuel virtuel : int\u00e9gration sur l\u2019\u00e9cran des interrupteurs AUTO\/0\/MANUEL pour les \u00e9lectrovannes<\/p>\n","protected":false},"featured_media":90178,"template":"","meta":[],"product_brand":[],"product_cat":[123,116],"product_tag":[],"class_list":{"0":"post-83204","1":"product","2":"type-product","3":"status-publish","4":"has-post-thumbnail","6":"product_cat-programmateurs-darrosage","7":"product_cat-irrigation","9":"first","10":"instock","11":"downloadable","12":"shipping-taxable","13":"purchasable","14":"product-type-simple"},"yoast_head":"<!-- This site is optimized with the Yoast SEO plugin v27.4 - https:\/\/yoast.com\/product\/yoast-seo-wordpress\/ -->\n<title>Nero - Anjou Automation<\/title>\n<meta name=\"robots\" content=\"index, follow, max-snippet:-1, max-image-preview:large, max-video-preview:-1\" \/>\n<link rel=\"canonical\" href=\"https:\/\/www.anjouautomation.com\/fr\/produit\/nero\/\" \/>\n<meta property=\"og:locale\" content=\"fr_FR\" \/>\n<meta property=\"og:type\" content=\"article\" \/>\n<meta property=\"og:title\" content=\"Nero - Anjou Automation\" \/>\n<meta property=\"og:description\" content=\"FERTI-IRRIGATION \u2022 De 14 \u00e0 94 \u00e9lectrovannes \u2022 Gestion jusqu\u2019\u00e0 4 stations de fertilisation (2 standard + 2 en option) \u2022 Gestion de 8 sorties statiques pour lignes d\u2019injections ou 4 pompes doseuses en 0-10V \u2022 Jusqu\u2019\u00e0 40 groupes d\u2019arrosage  SUPERVISION \u2022 Compatible SENTINELLE \u2022 Site web embarqu\u00e9 via Acc\u00e8s 4G (cf. page 18-19)  LES + \u2022 Visualisation des \u00e9tats de station, \u2022 Acc\u00e8s facilit\u00e9 aux menus et param\u00e8tres par ic\u00f4nes \u2022 Saisie des valeurs sur pav\u00e9 num\u00e9rique tactile \u2022 Sauvegarde et restauration des param\u00e8tres via le site web embarqu\u00e9 \u2022 Evolution des logiciels et des configurations par simple cl\u00e9 USB \u2022 Mode manuel virtuel : int\u00e9gration sur l\u2019\u00e9cran des interrupteurs AUTO\/0\/MANUEL pour les \u00e9lectrovannes\" \/>\n<meta property=\"og:url\" content=\"https:\/\/www.anjouautomation.com\/fr\/produit\/nero\/\" \/>\n<meta property=\"og:site_name\" content=\"Anjou Automation\" \/>\n<meta property=\"article:modified_time\" content=\"2026-01-07T10:02:20+00:00\" \/>\n<meta property=\"og:image\" content=\"https:\/\/www.anjouautomation.com\/wp-content\/uploads\/2020\/05\/2021-11-29_16h59_06.png\" \/>\n\t<meta property=\"og:image:width\" content=\"786\" \/>\n\t<meta property=\"og:image:height\" content=\"686\" \/>\n\t<meta property=\"og:image:type\" content=\"image\/png\" \/>\n<meta name=\"twitter:card\" content=\"summary_large_image\" \/>\n<meta name=\"twitter:label1\" content=\"Dur\u00e9e de lecture estim\u00e9e\" \/>\n\t<meta name=\"twitter:data1\" content=\"1 minute\" \/>\n<script type=\"application\/ld+json\" class=\"yoast-schema-graph\">{\"@context\":\"https:\\\/\\\/schema.org\",\"@graph\":[{\"@type\":\"WebPage\",\"@id\":\"https:\\\/\\\/www.anjouautomation.com\\\/fr\\\/produit\\\/nero\\\/\",\"url\":\"https:\\\/\\\/www.anjouautomation.com\\\/fr\\\/produit\\\/nero\\\/\",\"name\":\"Nero - Anjou Automation\",\"isPartOf\":{\"@id\":\"https:\\\/\\\/www.anjouautomation.com\\\/fr\\\/#website\"},\"primaryImageOfPage\":{\"@id\":\"https:\\\/\\\/www.anjouautomation.com\\\/fr\\\/produit\\\/nero\\\/#primaryimage\"},\"image\":{\"@id\":\"https:\\\/\\\/www.anjouautomation.com\\\/fr\\\/produit\\\/nero\\\/#primaryimage\"},\"thumbnailUrl\":\"https:\\\/\\\/www.anjouautomation.com\\\/wp-content\\\/uploads\\\/2020\\\/05\\\/2021-11-29_16h59_06.png\",\"datePublished\":\"2020-05-18T14:03:21+00:00\",\"dateModified\":\"2026-01-07T10:02:20+00:00\",\"breadcrumb\":{\"@id\":\"https:\\\/\\\/www.anjouautomation.com\\\/fr\\\/produit\\\/nero\\\/#breadcrumb\"},\"inLanguage\":\"fr-FR\",\"potentialAction\":[{\"@type\":\"ReadAction\",\"target\":[\"https:\\\/\\\/www.anjouautomation.com\\\/fr\\\/produit\\\/nero\\\/\"]}]},{\"@type\":\"ImageObject\",\"inLanguage\":\"fr-FR\",\"@id\":\"https:\\\/\\\/www.anjouautomation.com\\\/fr\\\/produit\\\/nero\\\/#primaryimage\",\"url\":\"https:\\\/\\\/www.anjouautomation.com\\\/wp-content\\\/uploads\\\/2020\\\/05\\\/2021-11-29_16h59_06.png\",\"contentUrl\":\"https:\\\/\\\/www.anjouautomation.com\\\/wp-content\\\/uploads\\\/2020\\\/05\\\/2021-11-29_16h59_06.png\",\"width\":786,\"height\":686},{\"@type\":\"BreadcrumbList\",\"@id\":\"https:\\\/\\\/www.anjouautomation.com\\\/fr\\\/produit\\\/nero\\\/#breadcrumb\",\"itemListElement\":[{\"@type\":\"ListItem\",\"position\":1,\"name\":\"Home\",\"item\":\"https:\\\/\\\/www.anjouautomation.com\\\/fr\\\/\"},{\"@type\":\"ListItem\",\"position\":2,\"name\":\"Les produits\",\"item\":\"https:\\\/\\\/www.anjouautomation.com\\\/fr\\\/produits\\\/\"},{\"@type\":\"ListItem\",\"position\":3,\"name\":\"Irrigation\",\"item\":\"https:\\\/\\\/www.anjouautomation.com\\\/fr\\\/categorie-produit\\\/irrigation\\\/\"},{\"@type\":\"ListItem\",\"position\":4,\"name\":\"Programmateurs d'arrosage\",\"item\":\"https:\\\/\\\/www.anjouautomation.com\\\/fr\\\/categorie-produit\\\/irrigation\\\/programmateurs-darrosage\\\/\"},{\"@type\":\"ListItem\",\"position\":5,\"name\":\"Nero\"}]},{\"@type\":\"WebSite\",\"@id\":\"https:\\\/\\\/www.anjouautomation.com\\\/fr\\\/#website\",\"url\":\"https:\\\/\\\/www.anjouautomation.com\\\/fr\\\/\",\"name\":\"Anjou Automation\",\"description\":\"\u00c9quipements de r\u00e9gulation et d&#039;automatisme\",\"publisher\":{\"@id\":\"https:\\\/\\\/www.anjouautomation.com\\\/fr\\\/#organization\"},\"potentialAction\":[{\"@type\":\"SearchAction\",\"target\":{\"@type\":\"EntryPoint\",\"urlTemplate\":\"https:\\\/\\\/www.anjouautomation.com\\\/fr\\\/?s={search_term_string}\"},\"query-input\":{\"@type\":\"PropertyValueSpecification\",\"valueRequired\":true,\"valueName\":\"search_term_string\"}}],\"inLanguage\":\"fr-FR\"},{\"@type\":\"Organization\",\"@id\":\"https:\\\/\\\/www.anjouautomation.com\\\/fr\\\/#organization\",\"name\":\"Anjou Automation\",\"url\":\"https:\\\/\\\/www.anjouautomation.com\\\/fr\\\/\",\"logo\":{\"@type\":\"ImageObject\",\"inLanguage\":\"fr-FR\",\"@id\":\"https:\\\/\\\/www.anjouautomation.com\\\/fr\\\/#\\\/schema\\\/logo\\\/image\\\/\",\"url\":\"https:\\\/\\\/www.anjouautomation.com\\\/wp-content\\\/uploads\\\/2020\\\/05\\\/logo-anjou-automation.png\",\"contentUrl\":\"https:\\\/\\\/www.anjouautomation.com\\\/wp-content\\\/uploads\\\/2020\\\/05\\\/logo-anjou-automation.png\",\"width\":301,\"height\":66,\"caption\":\"Anjou Automation\"},\"image\":{\"@id\":\"https:\\\/\\\/www.anjouautomation.com\\\/fr\\\/#\\\/schema\\\/logo\\\/image\\\/\"}}]}<\/script>\n<!-- \/ Yoast SEO plugin. -->","yoast_head_json":{"title":"Nero - Anjou Automation","robots":{"index":"index","follow":"follow","max-snippet":"max-snippet:-1","max-image-preview":"max-image-preview:large","max-video-preview":"max-video-preview:-1"},"canonical":"https:\/\/www.anjouautomation.com\/fr\/produit\/nero\/","og_locale":"fr_FR","og_type":"article","og_title":"Nero - Anjou Automation","og_description":"FERTI-IRRIGATION \u2022 De 14 \u00e0 94 \u00e9lectrovannes \u2022 Gestion jusqu\u2019\u00e0 4 stations de fertilisation (2 standard + 2 en option) \u2022 Gestion de 8 sorties statiques pour lignes d\u2019injections ou 4 pompes doseuses en 0-10V \u2022 Jusqu\u2019\u00e0 40 groupes d\u2019arrosage  SUPERVISION \u2022 Compatible SENTINELLE \u2022 Site web embarqu\u00e9 via Acc\u00e8s 4G (cf. page 18-19)  LES + \u2022 Visualisation des \u00e9tats de station, \u2022 Acc\u00e8s facilit\u00e9 aux menus et param\u00e8tres par ic\u00f4nes \u2022 Saisie des valeurs sur pav\u00e9 num\u00e9rique tactile \u2022 Sauvegarde et restauration des param\u00e8tres via le site web embarqu\u00e9 \u2022 Evolution des logiciels et des configurations par simple cl\u00e9 USB \u2022 Mode manuel virtuel : int\u00e9gration sur l\u2019\u00e9cran des interrupteurs AUTO\/0\/MANUEL pour les \u00e9lectrovannes","og_url":"https:\/\/www.anjouautomation.com\/fr\/produit\/nero\/","og_site_name":"Anjou Automation","article_modified_time":"2026-01-07T10:02:20+00:00","og_image":[{"width":786,"height":686,"url":"https:\/\/www.anjouautomation.com\/wp-content\/uploads\/2020\/05\/2021-11-29_16h59_06.png","type":"image\/png"}],"twitter_card":"summary_large_image","twitter_misc":{"Dur\u00e9e de lecture estim\u00e9e":"1 minute"},"schema":{"@context":"https:\/\/schema.org","@graph":[{"@type":"WebPage","@id":"https:\/\/www.anjouautomation.com\/fr\/produit\/nero\/","url":"https:\/\/www.anjouautomation.com\/fr\/produit\/nero\/","name":"Nero - Anjou Automation","isPartOf":{"@id":"https:\/\/www.anjouautomation.com\/fr\/#website"},"primaryImageOfPage":{"@id":"https:\/\/www.anjouautomation.com\/fr\/produit\/nero\/#primaryimage"},"image":{"@id":"https:\/\/www.anjouautomation.com\/fr\/produit\/nero\/#primaryimage"},"thumbnailUrl":"https:\/\/www.anjouautomation.com\/wp-content\/uploads\/2020\/05\/2021-11-29_16h59_06.png","datePublished":"2020-05-18T14:03:21+00:00","dateModified":"2026-01-07T10:02:20+00:00","breadcrumb":{"@id":"https:\/\/www.anjouautomation.com\/fr\/produit\/nero\/#breadcrumb"},"inLanguage":"fr-FR","potentialAction":[{"@type":"ReadAction","target":["https:\/\/www.anjouautomation.com\/fr\/produit\/nero\/"]}]},{"@type":"ImageObject","inLanguage":"fr-FR","@id":"https:\/\/www.anjouautomation.com\/fr\/produit\/nero\/#primaryimage","url":"https:\/\/www.anjouautomation.com\/wp-content\/uploads\/2020\/05\/2021-11-29_16h59_06.png","contentUrl":"https:\/\/www.anjouautomation.com\/wp-content\/uploads\/2020\/05\/2021-11-29_16h59_06.png","width":786,"height":686},{"@type":"BreadcrumbList","@id":"https:\/\/www.anjouautomation.com\/fr\/produit\/nero\/#breadcrumb","itemListElement":[{"@type":"ListItem","position":1,"name":"Home","item":"https:\/\/www.anjouautomation.com\/fr\/"},{"@type":"ListItem","position":2,"name":"Les produits","item":"https:\/\/www.anjouautomation.com\/fr\/produits\/"},{"@type":"ListItem","position":3,"name":"Irrigation","item":"https:\/\/www.anjouautomation.com\/fr\/categorie-produit\/irrigation\/"},{"@type":"ListItem","position":4,"name":"Programmateurs d'arrosage","item":"https:\/\/www.anjouautomation.com\/fr\/categorie-produit\/irrigation\/programmateurs-darrosage\/"},{"@type":"ListItem","position":5,"name":"Nero"}]},{"@type":"WebSite","@id":"https:\/\/www.anjouautomation.com\/fr\/#website","url":"https:\/\/www.anjouautomation.com\/fr\/","name":"Anjou Automation","description":"\u00c9quipements de r\u00e9gulation et d&#039;automatisme","publisher":{"@id":"https:\/\/www.anjouautomation.com\/fr\/#organization"},"potentialAction":[{"@type":"SearchAction","target":{"@type":"EntryPoint","urlTemplate":"https:\/\/www.anjouautomation.com\/fr\/?s={search_term_string}"},"query-input":{"@type":"PropertyValueSpecification","valueRequired":true,"valueName":"search_term_string"}}],"inLanguage":"fr-FR"},{"@type":"Organization","@id":"https:\/\/www.anjouautomation.com\/fr\/#organization","name":"Anjou Automation","url":"https:\/\/www.anjouautomation.com\/fr\/","logo":{"@type":"ImageObject","inLanguage":"fr-FR","@id":"https:\/\/www.anjouautomation.com\/fr\/#\/schema\/logo\/image\/","url":"https:\/\/www.anjouautomation.com\/wp-content\/uploads\/2020\/05\/logo-anjou-automation.png","contentUrl":"https:\/\/www.anjouautomation.com\/wp-content\/uploads\/2020\/05\/logo-anjou-automation.png","width":301,"height":66,"caption":"Anjou Automation"},"image":{"@id":"https:\/\/www.anjouautomation.com\/fr\/#\/schema\/logo\/image\/"}}]}},"_links":{"self":[{"href":"https:\/\/www.anjouautomation.com\/fr\/wp-json\/wp\/v2\/product\/83204","targetHints":{"allow":["GET"]}}],"collection":[{"href":"https:\/\/www.anjouautomation.com\/fr\/wp-json\/wp\/v2\/product"}],"about":[{"href":"https:\/\/www.anjouautomation.com\/fr\/wp-json\/wp\/v2\/types\/product"}],"wp:featuredmedia":[{"embeddable":true,"href":"https:\/\/www.anjouautomation.com\/fr\/wp-json\/wp\/v2\/media\/90178"}],"wp:attachment":[{"href":"https:\/\/www.anjouautomation.com\/fr\/wp-json\/wp\/v2\/media?parent=83204"}],"wp:term":[{"taxonomy":"product_brand","embeddable":true,"href":"https:\/\/www.anjouautomation.com\/fr\/wp-json\/wp\/v2\/product_brand?post=83204"},{"taxonomy":"product_cat","embeddable":true,"href":"https:\/\/www.anjouautomation.com\/fr\/wp-json\/wp\/v2\/product_cat?post=83204"},{"taxonomy":"product_tag","embeddable":true,"href":"https:\/\/www.anjouautomation.com\/fr\/wp-json\/wp\/v2\/product_tag?post=83204"}],"curies":[{"name":"wp","href":"https:\/\/api.w.org\/{rel}","templated":true}]}}