{"id":83191,"date":"2020-04-18T10:16:52","date_gmt":"2020-04-18T08:16:52","guid":{"rendered":"https:\/\/www.anjouautomation.com\/?post_type=product&#038;p=83191"},"modified":"2025-12-10T15:49:33","modified_gmt":"2025-12-10T14:49:33","slug":"kairos","status":"publish","type":"product","link":"https:\/\/www.anjouautomation.com\/fr\/produit\/kairos\/","title":{"rendered":"Kairos"},"content":{"rendered":"","protected":false},"excerpt":{"rendered":"<p>CLIMAT<br \/>\n\u2022 De 1 \u00e0 6 zones de climat avec 8 (6Z), 16 (4Z) ou 24 (2Z) sorties<br \/>\n\u2022 Gestion m\u00e9t\u00e9o compl\u00e8te<br \/>\n\u2022 Module chaufferie (1 chaudi\u00e8re + 1 transport)<br \/>\n\u2022 Gestion de d\u00e9fauts ext\u00e9rieurs : 3 de base + 16 en option<\/p>\n<p>SUPERVISION<br \/>\n\u2022 Compatible Supervision<br \/>\n\u2022 Acc\u00e8s 4G via site web embarqu\u00e9 (cf. page 18-19)<\/p>\n<p>&nbsp;<\/p>\n<p>LES +<br \/>\n\u2022 Visualisation des temp\u00e9ratures des zones, de la m\u00e9t\u00e9o d\u2019un seul coup d\u2019\u0153il<br \/>\n\u2022 Acc\u00e8s facilit\u00e9 aux menus et param\u00e8tres par ic\u00f4nes<br \/>\n\u2022 Saisie des valeurs sur pav\u00e9 num\u00e9rique tactile<br \/>\n\u2022 Sauvegarde et restauration des param\u00e8tres via le site web embarqu\u00e9<br \/>\n\u2022 Evolution des logiciels et des configurations par simple cl\u00e9 USB<br \/>\n\u2022 Mode manuel virtuel : int\u00e9gration sur l\u2019\u00e9cran des commutateurs 3 et 5 positions pour toutes les fonctions<\/p>\n","protected":false},"featured_media":90153,"template":"","meta":[],"product_brand":[],"product_cat":[115,114],"product_tag":[],"class_list":{"0":"post-83191","1":"product","2":"type-product","3":"status-publish","4":"has-post-thumbnail","6":"product_cat-regulateurs-climatiques","7":"product_cat-climat-capteurs","9":"first","10":"instock","11":"downloadable","12":"shipping-taxable","13":"purchasable","14":"product-type-simple"},"yoast_head":"<!-- This site is optimized with the Yoast SEO plugin v27.4 - https:\/\/yoast.com\/product\/yoast-seo-wordpress\/ -->\n<title>Kairos - Anjou Automation<\/title>\n<meta name=\"robots\" content=\"index, follow, max-snippet:-1, max-image-preview:large, max-video-preview:-1\" \/>\n<link rel=\"canonical\" href=\"https:\/\/www.anjouautomation.com\/fr\/produit\/kairos\/\" \/>\n<meta property=\"og:locale\" content=\"fr_FR\" \/>\n<meta property=\"og:type\" content=\"article\" \/>\n<meta property=\"og:title\" content=\"Kairos - Anjou Automation\" \/>\n<meta property=\"og:description\" content=\"CLIMAT \u2022 De 1 \u00e0 6 zones de climat avec 8 (6Z), 16 (4Z) ou 24 (2Z) sorties \u2022 Gestion m\u00e9t\u00e9o compl\u00e8te \u2022 Module chaufferie (1 chaudi\u00e8re + 1 transport) \u2022 Gestion de d\u00e9fauts ext\u00e9rieurs : 3 de base + 16 en option  SUPERVISION \u2022 Compatible Supervision \u2022 Acc\u00e8s 4G via site web embarqu\u00e9 (cf. page 18-19)  &nbsp;  LES + \u2022 Visualisation des temp\u00e9ratures des zones, de la m\u00e9t\u00e9o d\u2019un seul coup d\u2019\u0153il \u2022 Acc\u00e8s facilit\u00e9 aux menus et param\u00e8tres par ic\u00f4nes \u2022 Saisie des valeurs sur pav\u00e9 num\u00e9rique tactile \u2022 Sauvegarde et restauration des param\u00e8tres via le site web embarqu\u00e9 \u2022 Evolution des logiciels et des configurations par simple cl\u00e9 USB \u2022 Mode manuel virtuel : int\u00e9gration sur l\u2019\u00e9cran des commutateurs 3 et 5 positions pour toutes les fonctions\" \/>\n<meta property=\"og:url\" content=\"https:\/\/www.anjouautomation.com\/fr\/produit\/kairos\/\" \/>\n<meta property=\"og:site_name\" content=\"Anjou Automation\" \/>\n<meta property=\"article:modified_time\" content=\"2025-12-10T14:49:33+00:00\" \/>\n<meta property=\"og:image\" content=\"https:\/\/www.anjouautomation.com\/wp-content\/uploads\/2020\/04\/2021-11-29_16h46_34.png\" \/>\n\t<meta property=\"og:image:width\" content=\"783\" \/>\n\t<meta property=\"og:image:height\" content=\"690\" \/>\n\t<meta property=\"og:image:type\" content=\"image\/png\" \/>\n<meta name=\"twitter:card\" content=\"summary_large_image\" \/>\n<meta name=\"twitter:label1\" content=\"Dur\u00e9e de lecture estim\u00e9e\" \/>\n\t<meta name=\"twitter:data1\" content=\"1 minute\" \/>\n<script type=\"application\/ld+json\" class=\"yoast-schema-graph\">{\"@context\":\"https:\\\/\\\/schema.org\",\"@graph\":[{\"@type\":\"WebPage\",\"@id\":\"https:\\\/\\\/www.anjouautomation.com\\\/fr\\\/produit\\\/kairos\\\/\",\"url\":\"https:\\\/\\\/www.anjouautomation.com\\\/fr\\\/produit\\\/kairos\\\/\",\"name\":\"Kairos - Anjou Automation\",\"isPartOf\":{\"@id\":\"https:\\\/\\\/www.anjouautomation.com\\\/fr\\\/#website\"},\"primaryImageOfPage\":{\"@id\":\"https:\\\/\\\/www.anjouautomation.com\\\/fr\\\/produit\\\/kairos\\\/#primaryimage\"},\"image\":{\"@id\":\"https:\\\/\\\/www.anjouautomation.com\\\/fr\\\/produit\\\/kairos\\\/#primaryimage\"},\"thumbnailUrl\":\"https:\\\/\\\/www.anjouautomation.com\\\/wp-content\\\/uploads\\\/2020\\\/04\\\/2021-11-29_16h46_34.png\",\"datePublished\":\"2020-04-18T08:16:52+00:00\",\"dateModified\":\"2025-12-10T14:49:33+00:00\",\"breadcrumb\":{\"@id\":\"https:\\\/\\\/www.anjouautomation.com\\\/fr\\\/produit\\\/kairos\\\/#breadcrumb\"},\"inLanguage\":\"fr-FR\",\"potentialAction\":[{\"@type\":\"ReadAction\",\"target\":[\"https:\\\/\\\/www.anjouautomation.com\\\/fr\\\/produit\\\/kairos\\\/\"]}]},{\"@type\":\"ImageObject\",\"inLanguage\":\"fr-FR\",\"@id\":\"https:\\\/\\\/www.anjouautomation.com\\\/fr\\\/produit\\\/kairos\\\/#primaryimage\",\"url\":\"https:\\\/\\\/www.anjouautomation.com\\\/wp-content\\\/uploads\\\/2020\\\/04\\\/2021-11-29_16h46_34.png\",\"contentUrl\":\"https:\\\/\\\/www.anjouautomation.com\\\/wp-content\\\/uploads\\\/2020\\\/04\\\/2021-11-29_16h46_34.png\",\"width\":783,\"height\":690},{\"@type\":\"BreadcrumbList\",\"@id\":\"https:\\\/\\\/www.anjouautomation.com\\\/fr\\\/produit\\\/kairos\\\/#breadcrumb\",\"itemListElement\":[{\"@type\":\"ListItem\",\"position\":1,\"name\":\"Home\",\"item\":\"https:\\\/\\\/www.anjouautomation.com\\\/fr\\\/\"},{\"@type\":\"ListItem\",\"position\":2,\"name\":\"Les produits\",\"item\":\"https:\\\/\\\/www.anjouautomation.com\\\/fr\\\/produits\\\/\"},{\"@type\":\"ListItem\",\"position\":3,\"name\":\"Climat \\\/ capteurs\",\"item\":\"https:\\\/\\\/www.anjouautomation.com\\\/fr\\\/categorie-produit\\\/climat-capteurs\\\/\"},{\"@type\":\"ListItem\",\"position\":4,\"name\":\"Kairos\"}]},{\"@type\":\"WebSite\",\"@id\":\"https:\\\/\\\/www.anjouautomation.com\\\/fr\\\/#website\",\"url\":\"https:\\\/\\\/www.anjouautomation.com\\\/fr\\\/\",\"name\":\"Anjou Automation\",\"description\":\"\u00c9quipements de r\u00e9gulation et d&#039;automatisme\",\"publisher\":{\"@id\":\"https:\\\/\\\/www.anjouautomation.com\\\/fr\\\/#organization\"},\"potentialAction\":[{\"@type\":\"SearchAction\",\"target\":{\"@type\":\"EntryPoint\",\"urlTemplate\":\"https:\\\/\\\/www.anjouautomation.com\\\/fr\\\/?s={search_term_string}\"},\"query-input\":{\"@type\":\"PropertyValueSpecification\",\"valueRequired\":true,\"valueName\":\"search_term_string\"}}],\"inLanguage\":\"fr-FR\"},{\"@type\":\"Organization\",\"@id\":\"https:\\\/\\\/www.anjouautomation.com\\\/fr\\\/#organization\",\"name\":\"Anjou Automation\",\"url\":\"https:\\\/\\\/www.anjouautomation.com\\\/fr\\\/\",\"logo\":{\"@type\":\"ImageObject\",\"inLanguage\":\"fr-FR\",\"@id\":\"https:\\\/\\\/www.anjouautomation.com\\\/fr\\\/#\\\/schema\\\/logo\\\/image\\\/\",\"url\":\"https:\\\/\\\/www.anjouautomation.com\\\/wp-content\\\/uploads\\\/2020\\\/05\\\/logo-anjou-automation.png\",\"contentUrl\":\"https:\\\/\\\/www.anjouautomation.com\\\/wp-content\\\/uploads\\\/2020\\\/05\\\/logo-anjou-automation.png\",\"width\":301,\"height\":66,\"caption\":\"Anjou Automation\"},\"image\":{\"@id\":\"https:\\\/\\\/www.anjouautomation.com\\\/fr\\\/#\\\/schema\\\/logo\\\/image\\\/\"}}]}<\/script>\n<!-- \/ Yoast SEO plugin. -->","yoast_head_json":{"title":"Kairos - Anjou Automation","robots":{"index":"index","follow":"follow","max-snippet":"max-snippet:-1","max-image-preview":"max-image-preview:large","max-video-preview":"max-video-preview:-1"},"canonical":"https:\/\/www.anjouautomation.com\/fr\/produit\/kairos\/","og_locale":"fr_FR","og_type":"article","og_title":"Kairos - Anjou Automation","og_description":"CLIMAT \u2022 De 1 \u00e0 6 zones de climat avec 8 (6Z), 16 (4Z) ou 24 (2Z) sorties \u2022 Gestion m\u00e9t\u00e9o compl\u00e8te \u2022 Module chaufferie (1 chaudi\u00e8re + 1 transport) \u2022 Gestion de d\u00e9fauts ext\u00e9rieurs : 3 de base + 16 en option  SUPERVISION \u2022 Compatible Supervision \u2022 Acc\u00e8s 4G via site web embarqu\u00e9 (cf. page 18-19)  &nbsp;  LES + \u2022 Visualisation des temp\u00e9ratures des zones, de la m\u00e9t\u00e9o d\u2019un seul coup d\u2019\u0153il \u2022 Acc\u00e8s facilit\u00e9 aux menus et param\u00e8tres par ic\u00f4nes \u2022 Saisie des valeurs sur pav\u00e9 num\u00e9rique tactile \u2022 Sauvegarde et restauration des param\u00e8tres via le site web embarqu\u00e9 \u2022 Evolution des logiciels et des configurations par simple cl\u00e9 USB \u2022 Mode manuel virtuel : int\u00e9gration sur l\u2019\u00e9cran des commutateurs 3 et 5 positions pour toutes les fonctions","og_url":"https:\/\/www.anjouautomation.com\/fr\/produit\/kairos\/","og_site_name":"Anjou Automation","article_modified_time":"2025-12-10T14:49:33+00:00","og_image":[{"width":783,"height":690,"url":"https:\/\/www.anjouautomation.com\/wp-content\/uploads\/2020\/04\/2021-11-29_16h46_34.png","type":"image\/png"}],"twitter_card":"summary_large_image","twitter_misc":{"Dur\u00e9e de lecture estim\u00e9e":"1 minute"},"schema":{"@context":"https:\/\/schema.org","@graph":[{"@type":"WebPage","@id":"https:\/\/www.anjouautomation.com\/fr\/produit\/kairos\/","url":"https:\/\/www.anjouautomation.com\/fr\/produit\/kairos\/","name":"Kairos - Anjou Automation","isPartOf":{"@id":"https:\/\/www.anjouautomation.com\/fr\/#website"},"primaryImageOfPage":{"@id":"https:\/\/www.anjouautomation.com\/fr\/produit\/kairos\/#primaryimage"},"image":{"@id":"https:\/\/www.anjouautomation.com\/fr\/produit\/kairos\/#primaryimage"},"thumbnailUrl":"https:\/\/www.anjouautomation.com\/wp-content\/uploads\/2020\/04\/2021-11-29_16h46_34.png","datePublished":"2020-04-18T08:16:52+00:00","dateModified":"2025-12-10T14:49:33+00:00","breadcrumb":{"@id":"https:\/\/www.anjouautomation.com\/fr\/produit\/kairos\/#breadcrumb"},"inLanguage":"fr-FR","potentialAction":[{"@type":"ReadAction","target":["https:\/\/www.anjouautomation.com\/fr\/produit\/kairos\/"]}]},{"@type":"ImageObject","inLanguage":"fr-FR","@id":"https:\/\/www.anjouautomation.com\/fr\/produit\/kairos\/#primaryimage","url":"https:\/\/www.anjouautomation.com\/wp-content\/uploads\/2020\/04\/2021-11-29_16h46_34.png","contentUrl":"https:\/\/www.anjouautomation.com\/wp-content\/uploads\/2020\/04\/2021-11-29_16h46_34.png","width":783,"height":690},{"@type":"BreadcrumbList","@id":"https:\/\/www.anjouautomation.com\/fr\/produit\/kairos\/#breadcrumb","itemListElement":[{"@type":"ListItem","position":1,"name":"Home","item":"https:\/\/www.anjouautomation.com\/fr\/"},{"@type":"ListItem","position":2,"name":"Les produits","item":"https:\/\/www.anjouautomation.com\/fr\/produits\/"},{"@type":"ListItem","position":3,"name":"Climat \/ capteurs","item":"https:\/\/www.anjouautomation.com\/fr\/categorie-produit\/climat-capteurs\/"},{"@type":"ListItem","position":4,"name":"Kairos"}]},{"@type":"WebSite","@id":"https:\/\/www.anjouautomation.com\/fr\/#website","url":"https:\/\/www.anjouautomation.com\/fr\/","name":"Anjou Automation","description":"\u00c9quipements de r\u00e9gulation et d&#039;automatisme","publisher":{"@id":"https:\/\/www.anjouautomation.com\/fr\/#organization"},"potentialAction":[{"@type":"SearchAction","target":{"@type":"EntryPoint","urlTemplate":"https:\/\/www.anjouautomation.com\/fr\/?s={search_term_string}"},"query-input":{"@type":"PropertyValueSpecification","valueRequired":true,"valueName":"search_term_string"}}],"inLanguage":"fr-FR"},{"@type":"Organization","@id":"https:\/\/www.anjouautomation.com\/fr\/#organization","name":"Anjou Automation","url":"https:\/\/www.anjouautomation.com\/fr\/","logo":{"@type":"ImageObject","inLanguage":"fr-FR","@id":"https:\/\/www.anjouautomation.com\/fr\/#\/schema\/logo\/image\/","url":"https:\/\/www.anjouautomation.com\/wp-content\/uploads\/2020\/05\/logo-anjou-automation.png","contentUrl":"https:\/\/www.anjouautomation.com\/wp-content\/uploads\/2020\/05\/logo-anjou-automation.png","width":301,"height":66,"caption":"Anjou Automation"},"image":{"@id":"https:\/\/www.anjouautomation.com\/fr\/#\/schema\/logo\/image\/"}}]}},"_links":{"self":[{"href":"https:\/\/www.anjouautomation.com\/fr\/wp-json\/wp\/v2\/product\/83191","targetHints":{"allow":["GET"]}}],"collection":[{"href":"https:\/\/www.anjouautomation.com\/fr\/wp-json\/wp\/v2\/product"}],"about":[{"href":"https:\/\/www.anjouautomation.com\/fr\/wp-json\/wp\/v2\/types\/product"}],"wp:featuredmedia":[{"embeddable":true,"href":"https:\/\/www.anjouautomation.com\/fr\/wp-json\/wp\/v2\/media\/90153"}],"wp:attachment":[{"href":"https:\/\/www.anjouautomation.com\/fr\/wp-json\/wp\/v2\/media?parent=83191"}],"wp:term":[{"taxonomy":"product_brand","embeddable":true,"href":"https:\/\/www.anjouautomation.com\/fr\/wp-json\/wp\/v2\/product_brand?post=83191"},{"taxonomy":"product_cat","embeddable":true,"href":"https:\/\/www.anjouautomation.com\/fr\/wp-json\/wp\/v2\/product_cat?post=83191"},{"taxonomy":"product_tag","embeddable":true,"href":"https:\/\/www.anjouautomation.com\/fr\/wp-json\/wp\/v2\/product_tag?post=83191"}],"curies":[{"name":"wp","href":"https:\/\/api.w.org\/{rel}","templated":true}]}}