{"id":83190,"date":"2020-03-18T10:15:03","date_gmt":"2020-03-18T09:15:03","guid":{"rendered":"https:\/\/www.anjouautomation.com\/?post_type=product&#038;p=83190"},"modified":"2025-12-10T10:04:11","modified_gmt":"2025-12-10T09:04:11","slug":"polyclim-ng","status":"publish","type":"product","link":"https:\/\/www.anjouautomation.com\/fr\/produit\/polyclim-ng\/","title":{"rendered":"Polyclim NG"},"content":{"rendered":"","protected":false},"excerpt":{"rendered":"<div>\n<p>\u2022 Le Polyclim NG est un r\u00e9gulateur monobloc disposant de 13 sorties relais. \u00c9volution du Polyclim historique, il est d\u00e9sormais dot\u00e9 d\u2019un \u00e9cran couleur tactile pour une navigation plus fluide. Avec son site web embarqu\u00e9, il est maintenant possible de le piloter \u00e0 distance, en le reliant au r\u00e9seau. Mise \u00e0 jour par clef USB, archivage des donn\u00e9es sur 1 mois, gestion 4 p\u00e9riodes, nous cherchons \u00e0 vous proposer un produit toujours plus performant.<b><u><\/u><u><\/u><\/b><\/p>\n<p>\u2022 Possibilit\u00e9 de relier plusieurs Polyclim en r\u00e9seau M\u00e9t\u00e9o et\/ou supervision. Compatibilit\u00e9 r\u00e9seau avec tous les r\u00e9gulateurs climatiques Polyclim, Maxiclim, Masterclim et Artic.<b><u><\/u><u><\/u><\/b><\/p>\n<p>\u2022 Versions standardis\u00e9es : se conf\u00e9rer au catalogue et aux documentations. Options disponibles sur demande et sous r\u00e9serve de disponibilit\u00e9 des sorties relais.<\/p>\n<\/div>\n","protected":false},"featured_media":83623,"template":"","meta":[],"product_brand":[],"product_cat":[115,114],"product_tag":[],"class_list":{"0":"post-83190","1":"product","2":"type-product","3":"status-publish","4":"has-post-thumbnail","6":"product_cat-regulateurs-climatiques","7":"product_cat-climat-capteurs","9":"first","10":"instock","11":"downloadable","12":"shipping-taxable","13":"purchasable","14":"product-type-simple"},"yoast_head":"<!-- This site is optimized with the Yoast SEO plugin v27.4 - https:\/\/yoast.com\/product\/yoast-seo-wordpress\/ -->\n<title>Polyclim NG - Anjou Automation<\/title>\n<meta name=\"robots\" content=\"index, follow, max-snippet:-1, max-image-preview:large, max-video-preview:-1\" \/>\n<link rel=\"canonical\" href=\"https:\/\/www.anjouautomation.com\/fr\/produit\/polyclim-ng\/\" \/>\n<meta property=\"og:locale\" content=\"fr_FR\" \/>\n<meta property=\"og:type\" content=\"article\" \/>\n<meta property=\"og:title\" content=\"Polyclim NG - Anjou Automation\" \/>\n<meta property=\"og:description\" content=\"\u2022 Le Polyclim NG est un r\u00e9gulateur monobloc disposant de 13 sorties relais. \u00c9volution du Polyclim historique, il est d\u00e9sormais dot\u00e9 d\u2019un \u00e9cran couleur tactile pour une navigation plus fluide. Avec son site web embarqu\u00e9, il est maintenant possible de le piloter \u00e0 distance, en le reliant au r\u00e9seau. Mise \u00e0 jour par clef USB, archivage des donn\u00e9es sur 1 mois, gestion 4 p\u00e9riodes, nous cherchons \u00e0 vous proposer un produit toujours plus performant.  \u2022 Possibilit\u00e9 de relier plusieurs Polyclim en r\u00e9seau M\u00e9t\u00e9o et\/ou supervision. Compatibilit\u00e9 r\u00e9seau avec tous les r\u00e9gulateurs climatiques Polyclim, Maxiclim, Masterclim et Artic.  \u2022 Versions standardis\u00e9es : se conf\u00e9rer au catalogue et aux documentations. Options disponibles sur demande et sous r\u00e9serve de disponibilit\u00e9 des sorties relais.\" \/>\n<meta property=\"og:url\" content=\"https:\/\/www.anjouautomation.com\/fr\/produit\/polyclim-ng\/\" \/>\n<meta property=\"og:site_name\" content=\"Anjou Automation\" \/>\n<meta property=\"article:modified_time\" content=\"2025-12-10T09:04:11+00:00\" \/>\n<meta property=\"og:image\" content=\"https:\/\/www.anjouautomation.com\/wp-content\/uploads\/2020\/05\/regul-1.jpg\" \/>\n\t<meta property=\"og:image:width\" content=\"800\" \/>\n\t<meta property=\"og:image:height\" content=\"800\" \/>\n\t<meta property=\"og:image:type\" content=\"image\/jpeg\" \/>\n<meta name=\"twitter:card\" content=\"summary_large_image\" \/>\n<meta name=\"twitter:label1\" content=\"Dur\u00e9e de lecture estim\u00e9e\" \/>\n\t<meta name=\"twitter:data1\" content=\"1 minute\" \/>\n<script type=\"application\/ld+json\" class=\"yoast-schema-graph\">{\"@context\":\"https:\\\/\\\/schema.org\",\"@graph\":[{\"@type\":\"WebPage\",\"@id\":\"https:\\\/\\\/www.anjouautomation.com\\\/fr\\\/produit\\\/polyclim-ng\\\/\",\"url\":\"https:\\\/\\\/www.anjouautomation.com\\\/fr\\\/produit\\\/polyclim-ng\\\/\",\"name\":\"Polyclim NG - Anjou Automation\",\"isPartOf\":{\"@id\":\"https:\\\/\\\/www.anjouautomation.com\\\/fr\\\/#website\"},\"primaryImageOfPage\":{\"@id\":\"https:\\\/\\\/www.anjouautomation.com\\\/fr\\\/produit\\\/polyclim-ng\\\/#primaryimage\"},\"image\":{\"@id\":\"https:\\\/\\\/www.anjouautomation.com\\\/fr\\\/produit\\\/polyclim-ng\\\/#primaryimage\"},\"thumbnailUrl\":\"https:\\\/\\\/www.anjouautomation.com\\\/wp-content\\\/uploads\\\/2020\\\/05\\\/regul-1.jpg\",\"datePublished\":\"2020-03-18T09:15:03+00:00\",\"dateModified\":\"2025-12-10T09:04:11+00:00\",\"breadcrumb\":{\"@id\":\"https:\\\/\\\/www.anjouautomation.com\\\/fr\\\/produit\\\/polyclim-ng\\\/#breadcrumb\"},\"inLanguage\":\"fr-FR\",\"potentialAction\":[{\"@type\":\"ReadAction\",\"target\":[\"https:\\\/\\\/www.anjouautomation.com\\\/fr\\\/produit\\\/polyclim-ng\\\/\"]}]},{\"@type\":\"ImageObject\",\"inLanguage\":\"fr-FR\",\"@id\":\"https:\\\/\\\/www.anjouautomation.com\\\/fr\\\/produit\\\/polyclim-ng\\\/#primaryimage\",\"url\":\"https:\\\/\\\/www.anjouautomation.com\\\/wp-content\\\/uploads\\\/2020\\\/05\\\/regul-1.jpg\",\"contentUrl\":\"https:\\\/\\\/www.anjouautomation.com\\\/wp-content\\\/uploads\\\/2020\\\/05\\\/regul-1.jpg\",\"width\":800,\"height\":800,\"caption\":\"Polyclim NG 40\"},{\"@type\":\"BreadcrumbList\",\"@id\":\"https:\\\/\\\/www.anjouautomation.com\\\/fr\\\/produit\\\/polyclim-ng\\\/#breadcrumb\",\"itemListElement\":[{\"@type\":\"ListItem\",\"position\":1,\"name\":\"Home\",\"item\":\"https:\\\/\\\/www.anjouautomation.com\\\/fr\\\/\"},{\"@type\":\"ListItem\",\"position\":2,\"name\":\"Les produits\",\"item\":\"https:\\\/\\\/www.anjouautomation.com\\\/fr\\\/produits\\\/\"},{\"@type\":\"ListItem\",\"position\":3,\"name\":\"Climat \\\/ capteurs\",\"item\":\"https:\\\/\\\/www.anjouautomation.com\\\/fr\\\/categorie-produit\\\/climat-capteurs\\\/\"},{\"@type\":\"ListItem\",\"position\":4,\"name\":\"Polyclim NG\"}]},{\"@type\":\"WebSite\",\"@id\":\"https:\\\/\\\/www.anjouautomation.com\\\/fr\\\/#website\",\"url\":\"https:\\\/\\\/www.anjouautomation.com\\\/fr\\\/\",\"name\":\"Anjou Automation\",\"description\":\"\u00c9quipements de r\u00e9gulation et d&#039;automatisme\",\"publisher\":{\"@id\":\"https:\\\/\\\/www.anjouautomation.com\\\/fr\\\/#organization\"},\"potentialAction\":[{\"@type\":\"SearchAction\",\"target\":{\"@type\":\"EntryPoint\",\"urlTemplate\":\"https:\\\/\\\/www.anjouautomation.com\\\/fr\\\/?s={search_term_string}\"},\"query-input\":{\"@type\":\"PropertyValueSpecification\",\"valueRequired\":true,\"valueName\":\"search_term_string\"}}],\"inLanguage\":\"fr-FR\"},{\"@type\":\"Organization\",\"@id\":\"https:\\\/\\\/www.anjouautomation.com\\\/fr\\\/#organization\",\"name\":\"Anjou Automation\",\"url\":\"https:\\\/\\\/www.anjouautomation.com\\\/fr\\\/\",\"logo\":{\"@type\":\"ImageObject\",\"inLanguage\":\"fr-FR\",\"@id\":\"https:\\\/\\\/www.anjouautomation.com\\\/fr\\\/#\\\/schema\\\/logo\\\/image\\\/\",\"url\":\"https:\\\/\\\/www.anjouautomation.com\\\/wp-content\\\/uploads\\\/2020\\\/05\\\/logo-anjou-automation.png\",\"contentUrl\":\"https:\\\/\\\/www.anjouautomation.com\\\/wp-content\\\/uploads\\\/2020\\\/05\\\/logo-anjou-automation.png\",\"width\":301,\"height\":66,\"caption\":\"Anjou Automation\"},\"image\":{\"@id\":\"https:\\\/\\\/www.anjouautomation.com\\\/fr\\\/#\\\/schema\\\/logo\\\/image\\\/\"}}]}<\/script>\n<!-- \/ Yoast SEO plugin. -->","yoast_head_json":{"title":"Polyclim NG - Anjou Automation","robots":{"index":"index","follow":"follow","max-snippet":"max-snippet:-1","max-image-preview":"max-image-preview:large","max-video-preview":"max-video-preview:-1"},"canonical":"https:\/\/www.anjouautomation.com\/fr\/produit\/polyclim-ng\/","og_locale":"fr_FR","og_type":"article","og_title":"Polyclim NG - Anjou Automation","og_description":"\u2022 Le Polyclim NG est un r\u00e9gulateur monobloc disposant de 13 sorties relais. \u00c9volution du Polyclim historique, il est d\u00e9sormais dot\u00e9 d\u2019un \u00e9cran couleur tactile pour une navigation plus fluide. Avec son site web embarqu\u00e9, il est maintenant possible de le piloter \u00e0 distance, en le reliant au r\u00e9seau. Mise \u00e0 jour par clef USB, archivage des donn\u00e9es sur 1 mois, gestion 4 p\u00e9riodes, nous cherchons \u00e0 vous proposer un produit toujours plus performant.  \u2022 Possibilit\u00e9 de relier plusieurs Polyclim en r\u00e9seau M\u00e9t\u00e9o et\/ou supervision. Compatibilit\u00e9 r\u00e9seau avec tous les r\u00e9gulateurs climatiques Polyclim, Maxiclim, Masterclim et Artic.  \u2022 Versions standardis\u00e9es : se conf\u00e9rer au catalogue et aux documentations. Options disponibles sur demande et sous r\u00e9serve de disponibilit\u00e9 des sorties relais.","og_url":"https:\/\/www.anjouautomation.com\/fr\/produit\/polyclim-ng\/","og_site_name":"Anjou Automation","article_modified_time":"2025-12-10T09:04:11+00:00","og_image":[{"width":800,"height":800,"url":"https:\/\/www.anjouautomation.com\/wp-content\/uploads\/2020\/05\/regul-1.jpg","type":"image\/jpeg"}],"twitter_card":"summary_large_image","twitter_misc":{"Dur\u00e9e de lecture estim\u00e9e":"1 minute"},"schema":{"@context":"https:\/\/schema.org","@graph":[{"@type":"WebPage","@id":"https:\/\/www.anjouautomation.com\/fr\/produit\/polyclim-ng\/","url":"https:\/\/www.anjouautomation.com\/fr\/produit\/polyclim-ng\/","name":"Polyclim NG - Anjou Automation","isPartOf":{"@id":"https:\/\/www.anjouautomation.com\/fr\/#website"},"primaryImageOfPage":{"@id":"https:\/\/www.anjouautomation.com\/fr\/produit\/polyclim-ng\/#primaryimage"},"image":{"@id":"https:\/\/www.anjouautomation.com\/fr\/produit\/polyclim-ng\/#primaryimage"},"thumbnailUrl":"https:\/\/www.anjouautomation.com\/wp-content\/uploads\/2020\/05\/regul-1.jpg","datePublished":"2020-03-18T09:15:03+00:00","dateModified":"2025-12-10T09:04:11+00:00","breadcrumb":{"@id":"https:\/\/www.anjouautomation.com\/fr\/produit\/polyclim-ng\/#breadcrumb"},"inLanguage":"fr-FR","potentialAction":[{"@type":"ReadAction","target":["https:\/\/www.anjouautomation.com\/fr\/produit\/polyclim-ng\/"]}]},{"@type":"ImageObject","inLanguage":"fr-FR","@id":"https:\/\/www.anjouautomation.com\/fr\/produit\/polyclim-ng\/#primaryimage","url":"https:\/\/www.anjouautomation.com\/wp-content\/uploads\/2020\/05\/regul-1.jpg","contentUrl":"https:\/\/www.anjouautomation.com\/wp-content\/uploads\/2020\/05\/regul-1.jpg","width":800,"height":800,"caption":"Polyclim NG 40"},{"@type":"BreadcrumbList","@id":"https:\/\/www.anjouautomation.com\/fr\/produit\/polyclim-ng\/#breadcrumb","itemListElement":[{"@type":"ListItem","position":1,"name":"Home","item":"https:\/\/www.anjouautomation.com\/fr\/"},{"@type":"ListItem","position":2,"name":"Les produits","item":"https:\/\/www.anjouautomation.com\/fr\/produits\/"},{"@type":"ListItem","position":3,"name":"Climat \/ capteurs","item":"https:\/\/www.anjouautomation.com\/fr\/categorie-produit\/climat-capteurs\/"},{"@type":"ListItem","position":4,"name":"Polyclim NG"}]},{"@type":"WebSite","@id":"https:\/\/www.anjouautomation.com\/fr\/#website","url":"https:\/\/www.anjouautomation.com\/fr\/","name":"Anjou Automation","description":"\u00c9quipements de r\u00e9gulation et d&#039;automatisme","publisher":{"@id":"https:\/\/www.anjouautomation.com\/fr\/#organization"},"potentialAction":[{"@type":"SearchAction","target":{"@type":"EntryPoint","urlTemplate":"https:\/\/www.anjouautomation.com\/fr\/?s={search_term_string}"},"query-input":{"@type":"PropertyValueSpecification","valueRequired":true,"valueName":"search_term_string"}}],"inLanguage":"fr-FR"},{"@type":"Organization","@id":"https:\/\/www.anjouautomation.com\/fr\/#organization","name":"Anjou Automation","url":"https:\/\/www.anjouautomation.com\/fr\/","logo":{"@type":"ImageObject","inLanguage":"fr-FR","@id":"https:\/\/www.anjouautomation.com\/fr\/#\/schema\/logo\/image\/","url":"https:\/\/www.anjouautomation.com\/wp-content\/uploads\/2020\/05\/logo-anjou-automation.png","contentUrl":"https:\/\/www.anjouautomation.com\/wp-content\/uploads\/2020\/05\/logo-anjou-automation.png","width":301,"height":66,"caption":"Anjou Automation"},"image":{"@id":"https:\/\/www.anjouautomation.com\/fr\/#\/schema\/logo\/image\/"}}]}},"_links":{"self":[{"href":"https:\/\/www.anjouautomation.com\/fr\/wp-json\/wp\/v2\/product\/83190","targetHints":{"allow":["GET"]}}],"collection":[{"href":"https:\/\/www.anjouautomation.com\/fr\/wp-json\/wp\/v2\/product"}],"about":[{"href":"https:\/\/www.anjouautomation.com\/fr\/wp-json\/wp\/v2\/types\/product"}],"wp:featuredmedia":[{"embeddable":true,"href":"https:\/\/www.anjouautomation.com\/fr\/wp-json\/wp\/v2\/media\/83623"}],"wp:attachment":[{"href":"https:\/\/www.anjouautomation.com\/fr\/wp-json\/wp\/v2\/media?parent=83190"}],"wp:term":[{"taxonomy":"product_brand","embeddable":true,"href":"https:\/\/www.anjouautomation.com\/fr\/wp-json\/wp\/v2\/product_brand?post=83190"},{"taxonomy":"product_cat","embeddable":true,"href":"https:\/\/www.anjouautomation.com\/fr\/wp-json\/wp\/v2\/product_cat?post=83190"},{"taxonomy":"product_tag","embeddable":true,"href":"https:\/\/www.anjouautomation.com\/fr\/wp-json\/wp\/v2\/product_tag?post=83190"}],"curies":[{"name":"wp","href":"https:\/\/api.w.org\/{rel}","templated":true}]}}