{"id":83188,"date":"2020-02-18T10:10:38","date_gmt":"2020-02-18T09:10:38","guid":{"rendered":"https:\/\/www.anjouautomation.com\/?post_type=product&#038;p=83188"},"modified":"2025-12-10T09:43:19","modified_gmt":"2025-12-10T08:43:19","slug":"polyclim-gamme-2000","status":"publish","type":"product","link":"https:\/\/www.anjouautomation.com\/fr\/produit\/polyclim-gamme-2000\/","title":{"rendered":"Polyclim gamme 2000"},"content":{"rendered":"","protected":false},"excerpt":{"rendered":"<div>\n<p>\u2022 Gestion de la commande d\u2019a\u00e9ration. Commande automatique par sonde de temp\u00e9rature CTN (fournie) et r\u00e9gulation proportionnelle. Puissance non-fournie (voir page \u00ab C1MA \u00bb dans Coffrets de puissance).<\/p>\n<p>\u2022 Possibilit\u00e9 de connecter des capteurs m\u00e9t\u00e9o afin de s\u00e9curiser votre installation.<\/p>\n<p>\u2022 Tous les r\u00e9gulateurs int\u00e8grent les fonctions gonflage et alarme. Mode manuel int\u00e9gr\u00e9 \u00e0 l\u2019aide de commutateurs Fermeture\/0\/Auto\/0\/Ouverture.<b><u><\/u><u><\/u><\/b><\/p>\n<p>\u2022 4 versions de r\u00e9gulateurs disponibles :<\/p>\n<ol>\n<li><u><\/u><u><\/u>A\u00e9ration 1 c\u00f4t\u00e9<b><u><\/u><u><\/u><\/b><\/li>\n<li>A\u00e9ration 2 c\u00f4t\u00e9s<b><u><\/u><u><\/u><\/b><\/li>\n<li>A\u00e9ration 1 c\u00f4t\u00e9 + a\u00e9rations lat\u00e9rales<b><u><\/u><u><\/u><\/b><\/li>\n<li>Ombrage<\/li>\n<\/ol>\n<\/div>\n","protected":false},"featured_media":84294,"template":"","meta":[],"product_brand":[],"product_cat":[115,114],"product_tag":[],"class_list":{"0":"post-83188","1":"product","2":"type-product","3":"status-publish","4":"has-post-thumbnail","6":"product_cat-regulateurs-climatiques","7":"product_cat-climat-capteurs","9":"first","10":"instock","11":"downloadable","12":"shipping-taxable","13":"purchasable","14":"product-type-simple"},"yoast_head":"<!-- This site is optimized with the Yoast SEO plugin v27.4 - https:\/\/yoast.com\/product\/yoast-seo-wordpress\/ -->\n<title>Polyclim gamme 2000 - Anjou Automation<\/title>\n<meta name=\"robots\" content=\"index, follow, max-snippet:-1, max-image-preview:large, max-video-preview:-1\" \/>\n<link rel=\"canonical\" href=\"https:\/\/www.anjouautomation.com\/fr\/produit\/polyclim-gamme-2000\/\" \/>\n<meta property=\"og:locale\" content=\"fr_FR\" \/>\n<meta property=\"og:type\" content=\"article\" \/>\n<meta property=\"og:title\" content=\"Polyclim gamme 2000 - Anjou Automation\" \/>\n<meta property=\"og:description\" content=\"\u2022 Gestion de la commande d\u2019a\u00e9ration. Commande automatique par sonde de temp\u00e9rature CTN (fournie) et r\u00e9gulation proportionnelle. Puissance non-fournie (voir page \u00ab C1MA \u00bb dans Coffrets de puissance).  \u2022 Possibilit\u00e9 de connecter des capteurs m\u00e9t\u00e9o afin de s\u00e9curiser votre installation.  \u2022 Tous les r\u00e9gulateurs int\u00e8grent les fonctions gonflage et alarme. Mode manuel int\u00e9gr\u00e9 \u00e0 l\u2019aide de commutateurs Fermeture\/0\/Auto\/0\/Ouverture.  \u2022 4 versions de r\u00e9gulateurs disponibles :   A\u00e9ration 1 c\u00f4t\u00e9  A\u00e9ration 2 c\u00f4t\u00e9s  A\u00e9ration 1 c\u00f4t\u00e9 + a\u00e9rations lat\u00e9rales  Ombrage\" \/>\n<meta property=\"og:url\" content=\"https:\/\/www.anjouautomation.com\/fr\/produit\/polyclim-gamme-2000\/\" \/>\n<meta property=\"og:site_name\" content=\"Anjou Automation\" \/>\n<meta property=\"article:modified_time\" content=\"2025-12-10T08:43:19+00:00\" \/>\n<meta property=\"og:image\" content=\"https:\/\/www.anjouautomation.com\/wp-content\/uploads\/2020\/02\/polyclim-2000.jpg\" \/>\n\t<meta property=\"og:image:width\" content=\"800\" \/>\n\t<meta property=\"og:image:height\" content=\"800\" \/>\n\t<meta property=\"og:image:type\" content=\"image\/jpeg\" \/>\n<meta name=\"twitter:card\" content=\"summary_large_image\" \/>\n<meta name=\"twitter:label1\" content=\"Dur\u00e9e de lecture estim\u00e9e\" \/>\n\t<meta name=\"twitter:data1\" content=\"1 minute\" \/>\n<script type=\"application\/ld+json\" class=\"yoast-schema-graph\">{\"@context\":\"https:\\\/\\\/schema.org\",\"@graph\":[{\"@type\":\"WebPage\",\"@id\":\"https:\\\/\\\/www.anjouautomation.com\\\/fr\\\/produit\\\/polyclim-gamme-2000\\\/\",\"url\":\"https:\\\/\\\/www.anjouautomation.com\\\/fr\\\/produit\\\/polyclim-gamme-2000\\\/\",\"name\":\"Polyclim gamme 2000 - Anjou Automation\",\"isPartOf\":{\"@id\":\"https:\\\/\\\/www.anjouautomation.com\\\/fr\\\/#website\"},\"primaryImageOfPage\":{\"@id\":\"https:\\\/\\\/www.anjouautomation.com\\\/fr\\\/produit\\\/polyclim-gamme-2000\\\/#primaryimage\"},\"image\":{\"@id\":\"https:\\\/\\\/www.anjouautomation.com\\\/fr\\\/produit\\\/polyclim-gamme-2000\\\/#primaryimage\"},\"thumbnailUrl\":\"https:\\\/\\\/www.anjouautomation.com\\\/wp-content\\\/uploads\\\/2020\\\/02\\\/polyclim-2000.jpg\",\"datePublished\":\"2020-02-18T09:10:38+00:00\",\"dateModified\":\"2025-12-10T08:43:19+00:00\",\"breadcrumb\":{\"@id\":\"https:\\\/\\\/www.anjouautomation.com\\\/fr\\\/produit\\\/polyclim-gamme-2000\\\/#breadcrumb\"},\"inLanguage\":\"fr-FR\",\"potentialAction\":[{\"@type\":\"ReadAction\",\"target\":[\"https:\\\/\\\/www.anjouautomation.com\\\/fr\\\/produit\\\/polyclim-gamme-2000\\\/\"]}]},{\"@type\":\"ImageObject\",\"inLanguage\":\"fr-FR\",\"@id\":\"https:\\\/\\\/www.anjouautomation.com\\\/fr\\\/produit\\\/polyclim-gamme-2000\\\/#primaryimage\",\"url\":\"https:\\\/\\\/www.anjouautomation.com\\\/wp-content\\\/uploads\\\/2020\\\/02\\\/polyclim-2000.jpg\",\"contentUrl\":\"https:\\\/\\\/www.anjouautomation.com\\\/wp-content\\\/uploads\\\/2020\\\/02\\\/polyclim-2000.jpg\",\"width\":800,\"height\":800,\"caption\":\"Polyclim 2000\"},{\"@type\":\"BreadcrumbList\",\"@id\":\"https:\\\/\\\/www.anjouautomation.com\\\/fr\\\/produit\\\/polyclim-gamme-2000\\\/#breadcrumb\",\"itemListElement\":[{\"@type\":\"ListItem\",\"position\":1,\"name\":\"Home\",\"item\":\"https:\\\/\\\/www.anjouautomation.com\\\/fr\\\/\"},{\"@type\":\"ListItem\",\"position\":2,\"name\":\"Les produits\",\"item\":\"https:\\\/\\\/www.anjouautomation.com\\\/fr\\\/produits\\\/\"},{\"@type\":\"ListItem\",\"position\":3,\"name\":\"Climat \\\/ capteurs\",\"item\":\"https:\\\/\\\/www.anjouautomation.com\\\/fr\\\/categorie-produit\\\/climat-capteurs\\\/\"},{\"@type\":\"ListItem\",\"position\":4,\"name\":\"Polyclim gamme 2000\"}]},{\"@type\":\"WebSite\",\"@id\":\"https:\\\/\\\/www.anjouautomation.com\\\/fr\\\/#website\",\"url\":\"https:\\\/\\\/www.anjouautomation.com\\\/fr\\\/\",\"name\":\"Anjou Automation\",\"description\":\"\u00c9quipements de r\u00e9gulation et d&#039;automatisme\",\"publisher\":{\"@id\":\"https:\\\/\\\/www.anjouautomation.com\\\/fr\\\/#organization\"},\"potentialAction\":[{\"@type\":\"SearchAction\",\"target\":{\"@type\":\"EntryPoint\",\"urlTemplate\":\"https:\\\/\\\/www.anjouautomation.com\\\/fr\\\/?s={search_term_string}\"},\"query-input\":{\"@type\":\"PropertyValueSpecification\",\"valueRequired\":true,\"valueName\":\"search_term_string\"}}],\"inLanguage\":\"fr-FR\"},{\"@type\":\"Organization\",\"@id\":\"https:\\\/\\\/www.anjouautomation.com\\\/fr\\\/#organization\",\"name\":\"Anjou Automation\",\"url\":\"https:\\\/\\\/www.anjouautomation.com\\\/fr\\\/\",\"logo\":{\"@type\":\"ImageObject\",\"inLanguage\":\"fr-FR\",\"@id\":\"https:\\\/\\\/www.anjouautomation.com\\\/fr\\\/#\\\/schema\\\/logo\\\/image\\\/\",\"url\":\"https:\\\/\\\/www.anjouautomation.com\\\/wp-content\\\/uploads\\\/2020\\\/05\\\/logo-anjou-automation.png\",\"contentUrl\":\"https:\\\/\\\/www.anjouautomation.com\\\/wp-content\\\/uploads\\\/2020\\\/05\\\/logo-anjou-automation.png\",\"width\":301,\"height\":66,\"caption\":\"Anjou Automation\"},\"image\":{\"@id\":\"https:\\\/\\\/www.anjouautomation.com\\\/fr\\\/#\\\/schema\\\/logo\\\/image\\\/\"}}]}<\/script>\n<!-- \/ Yoast SEO plugin. -->","yoast_head_json":{"title":"Polyclim gamme 2000 - Anjou Automation","robots":{"index":"index","follow":"follow","max-snippet":"max-snippet:-1","max-image-preview":"max-image-preview:large","max-video-preview":"max-video-preview:-1"},"canonical":"https:\/\/www.anjouautomation.com\/fr\/produit\/polyclim-gamme-2000\/","og_locale":"fr_FR","og_type":"article","og_title":"Polyclim gamme 2000 - Anjou Automation","og_description":"\u2022 Gestion de la commande d\u2019a\u00e9ration. Commande automatique par sonde de temp\u00e9rature CTN (fournie) et r\u00e9gulation proportionnelle. Puissance non-fournie (voir page \u00ab C1MA \u00bb dans Coffrets de puissance).  \u2022 Possibilit\u00e9 de connecter des capteurs m\u00e9t\u00e9o afin de s\u00e9curiser votre installation.  \u2022 Tous les r\u00e9gulateurs int\u00e8grent les fonctions gonflage et alarme. Mode manuel int\u00e9gr\u00e9 \u00e0 l\u2019aide de commutateurs Fermeture\/0\/Auto\/0\/Ouverture.  \u2022 4 versions de r\u00e9gulateurs disponibles :   A\u00e9ration 1 c\u00f4t\u00e9  A\u00e9ration 2 c\u00f4t\u00e9s  A\u00e9ration 1 c\u00f4t\u00e9 + a\u00e9rations lat\u00e9rales  Ombrage","og_url":"https:\/\/www.anjouautomation.com\/fr\/produit\/polyclim-gamme-2000\/","og_site_name":"Anjou Automation","article_modified_time":"2025-12-10T08:43:19+00:00","og_image":[{"width":800,"height":800,"url":"https:\/\/www.anjouautomation.com\/wp-content\/uploads\/2020\/02\/polyclim-2000.jpg","type":"image\/jpeg"}],"twitter_card":"summary_large_image","twitter_misc":{"Dur\u00e9e de lecture estim\u00e9e":"1 minute"},"schema":{"@context":"https:\/\/schema.org","@graph":[{"@type":"WebPage","@id":"https:\/\/www.anjouautomation.com\/fr\/produit\/polyclim-gamme-2000\/","url":"https:\/\/www.anjouautomation.com\/fr\/produit\/polyclim-gamme-2000\/","name":"Polyclim gamme 2000 - Anjou Automation","isPartOf":{"@id":"https:\/\/www.anjouautomation.com\/fr\/#website"},"primaryImageOfPage":{"@id":"https:\/\/www.anjouautomation.com\/fr\/produit\/polyclim-gamme-2000\/#primaryimage"},"image":{"@id":"https:\/\/www.anjouautomation.com\/fr\/produit\/polyclim-gamme-2000\/#primaryimage"},"thumbnailUrl":"https:\/\/www.anjouautomation.com\/wp-content\/uploads\/2020\/02\/polyclim-2000.jpg","datePublished":"2020-02-18T09:10:38+00:00","dateModified":"2025-12-10T08:43:19+00:00","breadcrumb":{"@id":"https:\/\/www.anjouautomation.com\/fr\/produit\/polyclim-gamme-2000\/#breadcrumb"},"inLanguage":"fr-FR","potentialAction":[{"@type":"ReadAction","target":["https:\/\/www.anjouautomation.com\/fr\/produit\/polyclim-gamme-2000\/"]}]},{"@type":"ImageObject","inLanguage":"fr-FR","@id":"https:\/\/www.anjouautomation.com\/fr\/produit\/polyclim-gamme-2000\/#primaryimage","url":"https:\/\/www.anjouautomation.com\/wp-content\/uploads\/2020\/02\/polyclim-2000.jpg","contentUrl":"https:\/\/www.anjouautomation.com\/wp-content\/uploads\/2020\/02\/polyclim-2000.jpg","width":800,"height":800,"caption":"Polyclim 2000"},{"@type":"BreadcrumbList","@id":"https:\/\/www.anjouautomation.com\/fr\/produit\/polyclim-gamme-2000\/#breadcrumb","itemListElement":[{"@type":"ListItem","position":1,"name":"Home","item":"https:\/\/www.anjouautomation.com\/fr\/"},{"@type":"ListItem","position":2,"name":"Les produits","item":"https:\/\/www.anjouautomation.com\/fr\/produits\/"},{"@type":"ListItem","position":3,"name":"Climat \/ capteurs","item":"https:\/\/www.anjouautomation.com\/fr\/categorie-produit\/climat-capteurs\/"},{"@type":"ListItem","position":4,"name":"Polyclim gamme 2000"}]},{"@type":"WebSite","@id":"https:\/\/www.anjouautomation.com\/fr\/#website","url":"https:\/\/www.anjouautomation.com\/fr\/","name":"Anjou Automation","description":"\u00c9quipements de r\u00e9gulation et d&#039;automatisme","publisher":{"@id":"https:\/\/www.anjouautomation.com\/fr\/#organization"},"potentialAction":[{"@type":"SearchAction","target":{"@type":"EntryPoint","urlTemplate":"https:\/\/www.anjouautomation.com\/fr\/?s={search_term_string}"},"query-input":{"@type":"PropertyValueSpecification","valueRequired":true,"valueName":"search_term_string"}}],"inLanguage":"fr-FR"},{"@type":"Organization","@id":"https:\/\/www.anjouautomation.com\/fr\/#organization","name":"Anjou Automation","url":"https:\/\/www.anjouautomation.com\/fr\/","logo":{"@type":"ImageObject","inLanguage":"fr-FR","@id":"https:\/\/www.anjouautomation.com\/fr\/#\/schema\/logo\/image\/","url":"https:\/\/www.anjouautomation.com\/wp-content\/uploads\/2020\/05\/logo-anjou-automation.png","contentUrl":"https:\/\/www.anjouautomation.com\/wp-content\/uploads\/2020\/05\/logo-anjou-automation.png","width":301,"height":66,"caption":"Anjou Automation"},"image":{"@id":"https:\/\/www.anjouautomation.com\/fr\/#\/schema\/logo\/image\/"}}]}},"_links":{"self":[{"href":"https:\/\/www.anjouautomation.com\/fr\/wp-json\/wp\/v2\/product\/83188","targetHints":{"allow":["GET"]}}],"collection":[{"href":"https:\/\/www.anjouautomation.com\/fr\/wp-json\/wp\/v2\/product"}],"about":[{"href":"https:\/\/www.anjouautomation.com\/fr\/wp-json\/wp\/v2\/types\/product"}],"wp:featuredmedia":[{"embeddable":true,"href":"https:\/\/www.anjouautomation.com\/fr\/wp-json\/wp\/v2\/media\/84294"}],"wp:attachment":[{"href":"https:\/\/www.anjouautomation.com\/fr\/wp-json\/wp\/v2\/media?parent=83188"}],"wp:term":[{"taxonomy":"product_brand","embeddable":true,"href":"https:\/\/www.anjouautomation.com\/fr\/wp-json\/wp\/v2\/product_brand?post=83188"},{"taxonomy":"product_cat","embeddable":true,"href":"https:\/\/www.anjouautomation.com\/fr\/wp-json\/wp\/v2\/product_cat?post=83188"},{"taxonomy":"product_tag","embeddable":true,"href":"https:\/\/www.anjouautomation.com\/fr\/wp-json\/wp\/v2\/product_tag?post=83188"}],"curies":[{"name":"wp","href":"https:\/\/api.w.org\/{rel}","templated":true}]}}