{"id":83722,"date":"2020-05-26T09:57:39","date_gmt":"2020-05-26T07:57:39","guid":{"rendered":"https:\/\/www.anjouautomation.com\/?page_id=83722"},"modified":"2020-07-03T10:55:55","modified_gmt":"2020-07-03T08:55:55","slug":"fiches-produits","status":"publish","type":"page","link":"https:\/\/www.anjouautomation.com\/fr\/documents\/fiches-produits\/","title":{"rendered":"Fiches produits"},"content":{"rendered":"<div class=\"wpb-content-wrapper\"><p>[vc_row row_height_percent=\u00a0\u00bb0&Prime; override_padding=\u00a0\u00bbyes\u00a0\u00bb h_padding=\u00a0\u00bb2&Prime; top_padding=\u00a0\u00bb3&Prime; bottom_padding=\u00a0\u00bb3&Prime; back_image=\u00a0\u00bb83618&Prime; back_repeat=\u00a0\u00bbno-repeat\u00a0\u00bb back_position=\u00a0\u00bbcenter center\u00a0\u00bb overlay_alpha=\u00a0\u00bb50&Prime; gutter_size=\u00a0\u00bb3&Prime; column_width_percent=\u00a0\u00bb100&Prime; shift_y=\u00a0\u00bb0&Prime; z_index=\u00a0\u00bb0&Prime;][vc_column column_width_percent=\u00a0\u00bb100&Prime; align_horizontal=\u00a0\u00bbalign_center\u00a0\u00bb gutter_size=\u00a0\u00bb2&Prime; style=\u00a0\u00bbdark\u00a0\u00bb overlay_alpha=\u00a0\u00bb50&Prime; shift_x=\u00a0\u00bb0&Prime; shift_y=\u00a0\u00bb0&Prime; shift_y_down=\u00a0\u00bb0&Prime; z_index=\u00a0\u00bb0&Prime; medium_width=\u00a0\u00bb0&Prime; mobile_width=\u00a0\u00bb0&Prime; width=\u00a0\u00bb1\/1&Prime;][vc_icon icon=\u00a0\u00bbfa fa-documents\u00a0\u00bb icon_color=\u00a0\u00bbblanc\u00a0\u00bb size=\u00a0\u00bbfa-2x\u00a0\u00bb][\/vc_icon][vc_custom_heading heading_semantic=\u00a0\u00bbh1&Prime; text_size=\u00a0\u00bbh1&Prime;]Fiches produits[\/vc_custom_heading][vc_column_text]Vous trouverez ici les documentations de nos produits contenant toutes les sp\u00e9cificit\u00e9s techniques de ceux-ci.[\/vc_column_text][\/vc_column][\/vc_row][vc_row row_height_percent=\u00a0\u00bb0&Prime; override_padding=\u00a0\u00bbyes\u00a0\u00bb h_padding=\u00a0\u00bb2&Prime; top_padding=\u00a0\u00bb3&Prime; bottom_padding=\u00a0\u00bb3&Prime; overlay_alpha=\u00a0\u00bb50&Prime; gutter_size=\u00a0\u00bb3&Prime; column_width_percent=\u00a0\u00bb100&Prime; shift_y=\u00a0\u00bb0&Prime; z_index=\u00a0\u00bb0&Prime;][vc_column column_width_percent=\u00a0\u00bb100&Prime; gutter_size=\u00a0\u00bb3&Prime; overlay_alpha=\u00a0\u00bb50&Prime; shift_x=\u00a0\u00bb0&Prime; shift_y=\u00a0\u00bb0&Prime; shift_y_down=\u00a0\u00bb0&Prime; z_index=\u00a0\u00bb0&Prime; medium_width=\u00a0\u00bb0&Prime; mobile_width=\u00a0\u00bb0&Prime; width=\u00a0\u00bb1\/1&Prime; el_id=\u00a0\u00bbdwnld_grid\u00a0\u00bb][vc_raw_html]JTVCc2RtX3Nob3dfZGxfZnJvbV9jYXRlZ29yeSUyMGNhdGVnb3J5X3NsdWclM0QlMjJmaWNoZXMtcHJvZHVpdHMlMjIlMjBmYW5jeSUzRCUyMjElMjIlMjBvcmRlcmJ5JTNEJTIydGl0bGUlMjIlMjBvcmRlciUzRCUyMmFzYyUyMiUyMGJ1dHRvbl90ZXh0JTNEJTIyVCVDMyVBOWwlQzMlQTljaGFyZ2VyJTIyJTVE[\/vc_raw_html][\/vc_column][\/vc_row]<\/p>\n<\/div>","protected":false},"excerpt":{"rendered":"<p>[vc_row row_height_percent=\u00a0\u00bb0&Prime; override_padding=\u00a0\u00bbyes\u00a0\u00bb h_padding=\u00a0\u00bb2&Prime; top_padding=\u00a0\u00bb3&Prime; bottom_padding=\u00a0\u00bb3&Prime; back_image=\u00a0\u00bb83618&Prime; back_repeat=\u00a0\u00bbno-repeat\u00a0\u00bb back_position=\u00a0\u00bbcenter center\u00a0\u00bb overlay_alpha=\u00a0\u00bb50&Prime; gutter_size=\u00a0\u00bb3&Prime; column_width_percent=\u00a0\u00bb100&Prime; shift_y=\u00a0\u00bb0&Prime; z_index=\u00a0\u00bb0&Prime;][vc_column column_width_percent=\u00a0\u00bb100&Prime; align_horizontal=\u00a0\u00bbalign_center\u00a0\u00bb gutter_size=\u00a0\u00bb2&Prime; style=\u00a0\u00bbdark\u00a0\u00bb overlay_alpha=\u00a0\u00bb50&Prime; [&hellip;]<\/p>\n","protected":false},"author":1,"featured_media":0,"parent":83685,"menu_order":0,"comment_status":"closed","ping_status":"closed","template":"","meta":{"footnotes":""},"class_list":["post-83722","page","type-page","status-publish","hentry"],"yoast_head":"<!-- This site is optimized with the Yoast SEO plugin v27.4 - https:\/\/yoast.com\/product\/yoast-seo-wordpress\/ -->\n<title>Fiches produits - Anjou Automation | \u00c9quipement de r\u00e9gulation et d&#039;automatisme<\/title>\n<meta name=\"description\" content=\"Vous trouverez ici les documentations de nos produits contenant toutes les sp\u00e9cificit\u00e9s techniques de ceux-ci.\" \/>\n<meta name=\"robots\" content=\"index, follow, max-snippet:-1, max-image-preview:large, max-video-preview:-1\" \/>\n<link rel=\"canonical\" href=\"https:\/\/www.anjouautomation.com\/fr\/documents\/fiches-produits\/\" \/>\n<meta property=\"og:locale\" content=\"fr_FR\" \/>\n<meta property=\"og:type\" content=\"article\" \/>\n<meta property=\"og:title\" content=\"Fiches produits - Anjou Automation | \u00c9quipement de r\u00e9gulation et d&#039;automatisme\" \/>\n<meta property=\"og:description\" content=\"Vous trouverez ici les documentations de nos produits contenant toutes les sp\u00e9cificit\u00e9s techniques de ceux-ci.\" \/>\n<meta property=\"og:url\" content=\"https:\/\/www.anjouautomation.com\/fr\/documents\/fiches-produits\/\" \/>\n<meta property=\"og:site_name\" content=\"Anjou Automation\" \/>\n<meta property=\"article:modified_time\" content=\"2020-07-03T08:55:55+00:00\" \/>\n<meta property=\"og:image\" content=\"https:\/\/www.anjouautomation.com\/wp-content\/uploads\/2020\/07\/open-graph.jpg\" \/>\n\t<meta property=\"og:image:width\" content=\"1200\" \/>\n\t<meta property=\"og:image:height\" content=\"627\" \/>\n\t<meta property=\"og:image:type\" content=\"image\/jpeg\" \/>\n<meta name=\"twitter:card\" content=\"summary_large_image\" \/>\n<meta name=\"twitter:label1\" content=\"Dur\u00e9e de lecture estim\u00e9e\" \/>\n\t<meta name=\"twitter:data1\" content=\"1 minute\" \/>\n<script type=\"application\/ld+json\" class=\"yoast-schema-graph\">{\"@context\":\"https:\\\/\\\/schema.org\",\"@graph\":[{\"@type\":\"WebPage\",\"@id\":\"https:\\\/\\\/www.anjouautomation.com\\\/fr\\\/documents\\\/fiches-produits\\\/\",\"url\":\"https:\\\/\\\/www.anjouautomation.com\\\/fr\\\/documents\\\/fiches-produits\\\/\",\"name\":\"Fiches produits - Anjou Automation | \u00c9quipement de r\u00e9gulation et d'automatisme\",\"isPartOf\":{\"@id\":\"https:\\\/\\\/www.anjouautomation.com\\\/fr\\\/#website\"},\"datePublished\":\"2020-05-26T07:57:39+00:00\",\"dateModified\":\"2020-07-03T08:55:55+00:00\",\"description\":\"Vous trouverez ici les documentations de nos produits contenant toutes les sp\u00e9cificit\u00e9s techniques de ceux-ci.\",\"breadcrumb\":{\"@id\":\"https:\\\/\\\/www.anjouautomation.com\\\/fr\\\/documents\\\/fiches-produits\\\/#breadcrumb\"},\"inLanguage\":\"fr-FR\",\"potentialAction\":[{\"@type\":\"ReadAction\",\"target\":[\"https:\\\/\\\/www.anjouautomation.com\\\/fr\\\/documents\\\/fiches-produits\\\/\"]}]},{\"@type\":\"BreadcrumbList\",\"@id\":\"https:\\\/\\\/www.anjouautomation.com\\\/fr\\\/documents\\\/fiches-produits\\\/#breadcrumb\",\"itemListElement\":[{\"@type\":\"ListItem\",\"position\":1,\"name\":\"Home\",\"item\":\"https:\\\/\\\/www.anjouautomation.com\\\/fr\\\/\"},{\"@type\":\"ListItem\",\"position\":2,\"name\":\"Documents\",\"item\":\"https:\\\/\\\/www.anjouautomation.com\\\/fr\\\/documents\\\/\"},{\"@type\":\"ListItem\",\"position\":3,\"name\":\"Fiches produits\"}]},{\"@type\":\"WebSite\",\"@id\":\"https:\\\/\\\/www.anjouautomation.com\\\/fr\\\/#website\",\"url\":\"https:\\\/\\\/www.anjouautomation.com\\\/fr\\\/\",\"name\":\"Anjou Automation\",\"description\":\"\u00c9quipements de r\u00e9gulation et d&#039;automatisme\",\"publisher\":{\"@id\":\"https:\\\/\\\/www.anjouautomation.com\\\/fr\\\/#organization\"},\"potentialAction\":[{\"@type\":\"SearchAction\",\"target\":{\"@type\":\"EntryPoint\",\"urlTemplate\":\"https:\\\/\\\/www.anjouautomation.com\\\/fr\\\/?s={search_term_string}\"},\"query-input\":{\"@type\":\"PropertyValueSpecification\",\"valueRequired\":true,\"valueName\":\"search_term_string\"}}],\"inLanguage\":\"fr-FR\"},{\"@type\":\"Organization\",\"@id\":\"https:\\\/\\\/www.anjouautomation.com\\\/fr\\\/#organization\",\"name\":\"Anjou Automation\",\"url\":\"https:\\\/\\\/www.anjouautomation.com\\\/fr\\\/\",\"logo\":{\"@type\":\"ImageObject\",\"inLanguage\":\"fr-FR\",\"@id\":\"https:\\\/\\\/www.anjouautomation.com\\\/fr\\\/#\\\/schema\\\/logo\\\/image\\\/\",\"url\":\"https:\\\/\\\/www.anjouautomation.com\\\/wp-content\\\/uploads\\\/2020\\\/05\\\/logo-anjou-automation.png\",\"contentUrl\":\"https:\\\/\\\/www.anjouautomation.com\\\/wp-content\\\/uploads\\\/2020\\\/05\\\/logo-anjou-automation.png\",\"width\":301,\"height\":66,\"caption\":\"Anjou Automation\"},\"image\":{\"@id\":\"https:\\\/\\\/www.anjouautomation.com\\\/fr\\\/#\\\/schema\\\/logo\\\/image\\\/\"}}]}<\/script>\n<!-- \/ Yoast SEO plugin. -->","yoast_head_json":{"title":"Fiches produits - Anjou Automation | \u00c9quipement de r\u00e9gulation et d'automatisme","description":"Vous trouverez ici les documentations de nos produits contenant toutes les sp\u00e9cificit\u00e9s techniques de ceux-ci.","robots":{"index":"index","follow":"follow","max-snippet":"max-snippet:-1","max-image-preview":"max-image-preview:large","max-video-preview":"max-video-preview:-1"},"canonical":"https:\/\/www.anjouautomation.com\/fr\/documents\/fiches-produits\/","og_locale":"fr_FR","og_type":"article","og_title":"Fiches produits - Anjou Automation | \u00c9quipement de r\u00e9gulation et d'automatisme","og_description":"Vous trouverez ici les documentations de nos produits contenant toutes les sp\u00e9cificit\u00e9s techniques de ceux-ci.","og_url":"https:\/\/www.anjouautomation.com\/fr\/documents\/fiches-produits\/","og_site_name":"Anjou Automation","article_modified_time":"2020-07-03T08:55:55+00:00","og_image":[{"width":1200,"height":627,"url":"https:\/\/www.anjouautomation.com\/wp-content\/uploads\/2020\/07\/open-graph.jpg","type":"image\/jpeg"}],"twitter_card":"summary_large_image","twitter_misc":{"Dur\u00e9e de lecture estim\u00e9e":"1 minute"},"schema":{"@context":"https:\/\/schema.org","@graph":[{"@type":"WebPage","@id":"https:\/\/www.anjouautomation.com\/fr\/documents\/fiches-produits\/","url":"https:\/\/www.anjouautomation.com\/fr\/documents\/fiches-produits\/","name":"Fiches produits - Anjou Automation | \u00c9quipement de r\u00e9gulation et d'automatisme","isPartOf":{"@id":"https:\/\/www.anjouautomation.com\/fr\/#website"},"datePublished":"2020-05-26T07:57:39+00:00","dateModified":"2020-07-03T08:55:55+00:00","description":"Vous trouverez ici les documentations de nos produits contenant toutes les sp\u00e9cificit\u00e9s techniques de ceux-ci.","breadcrumb":{"@id":"https:\/\/www.anjouautomation.com\/fr\/documents\/fiches-produits\/#breadcrumb"},"inLanguage":"fr-FR","potentialAction":[{"@type":"ReadAction","target":["https:\/\/www.anjouautomation.com\/fr\/documents\/fiches-produits\/"]}]},{"@type":"BreadcrumbList","@id":"https:\/\/www.anjouautomation.com\/fr\/documents\/fiches-produits\/#breadcrumb","itemListElement":[{"@type":"ListItem","position":1,"name":"Home","item":"https:\/\/www.anjouautomation.com\/fr\/"},{"@type":"ListItem","position":2,"name":"Documents","item":"https:\/\/www.anjouautomation.com\/fr\/documents\/"},{"@type":"ListItem","position":3,"name":"Fiches produits"}]},{"@type":"WebSite","@id":"https:\/\/www.anjouautomation.com\/fr\/#website","url":"https:\/\/www.anjouautomation.com\/fr\/","name":"Anjou Automation","description":"\u00c9quipements de r\u00e9gulation et d&#039;automatisme","publisher":{"@id":"https:\/\/www.anjouautomation.com\/fr\/#organization"},"potentialAction":[{"@type":"SearchAction","target":{"@type":"EntryPoint","urlTemplate":"https:\/\/www.anjouautomation.com\/fr\/?s={search_term_string}"},"query-input":{"@type":"PropertyValueSpecification","valueRequired":true,"valueName":"search_term_string"}}],"inLanguage":"fr-FR"},{"@type":"Organization","@id":"https:\/\/www.anjouautomation.com\/fr\/#organization","name":"Anjou Automation","url":"https:\/\/www.anjouautomation.com\/fr\/","logo":{"@type":"ImageObject","inLanguage":"fr-FR","@id":"https:\/\/www.anjouautomation.com\/fr\/#\/schema\/logo\/image\/","url":"https:\/\/www.anjouautomation.com\/wp-content\/uploads\/2020\/05\/logo-anjou-automation.png","contentUrl":"https:\/\/www.anjouautomation.com\/wp-content\/uploads\/2020\/05\/logo-anjou-automation.png","width":301,"height":66,"caption":"Anjou Automation"},"image":{"@id":"https:\/\/www.anjouautomation.com\/fr\/#\/schema\/logo\/image\/"}}]}},"_links":{"self":[{"href":"https:\/\/www.anjouautomation.com\/fr\/wp-json\/wp\/v2\/pages\/83722","targetHints":{"allow":["GET"]}}],"collection":[{"href":"https:\/\/www.anjouautomation.com\/fr\/wp-json\/wp\/v2\/pages"}],"about":[{"href":"https:\/\/www.anjouautomation.com\/fr\/wp-json\/wp\/v2\/types\/page"}],"author":[{"embeddable":true,"href":"https:\/\/www.anjouautomation.com\/fr\/wp-json\/wp\/v2\/users\/1"}],"replies":[{"embeddable":true,"href":"https:\/\/www.anjouautomation.com\/fr\/wp-json\/wp\/v2\/comments?post=83722"}],"version-history":[{"count":6,"href":"https:\/\/www.anjouautomation.com\/fr\/wp-json\/wp\/v2\/pages\/83722\/revisions"}],"predecessor-version":[{"id":83729,"href":"https:\/\/www.anjouautomation.com\/fr\/wp-json\/wp\/v2\/pages\/83722\/revisions\/83729"}],"up":[{"embeddable":true,"href":"https:\/\/www.anjouautomation.com\/fr\/wp-json\/wp\/v2\/pages\/83685"}],"wp:attachment":[{"href":"https:\/\/www.anjouautomation.com\/fr\/wp-json\/wp\/v2\/media?parent=83722"}],"curies":[{"name":"wp","href":"https:\/\/api.w.org\/{rel}","templated":true}]}}