{"id":83654,"date":"2020-05-25T18:07:23","date_gmt":"2020-05-25T16:07:23","guid":{"rendered":"https:\/\/www.anjouautomation.com\/?page_id=83654"},"modified":"2020-07-03T11:02:46","modified_gmt":"2020-07-03T09:02:46","slug":"la-societe","status":"publish","type":"page","link":"https:\/\/www.anjouautomation.com\/fr\/la-societe\/","title":{"rendered":"La soci\u00e9t\u00e9"},"content":{"rendered":"<div class=\"wpb-content-wrapper\"><p>[vc_row row_height_percent=\u00a0\u00bb0&Prime; override_padding=\u00a0\u00bbyes\u00a0\u00bb h_padding=\u00a0\u00bb2&Prime; top_padding=\u00a0\u00bb3&Prime; bottom_padding=\u00a0\u00bb3&Prime; back_image=\u00a0\u00bb83618&Prime; back_repeat=\u00a0\u00bbno-repeat\u00a0\u00bb back_position=\u00a0\u00bbcenter center\u00a0\u00bb overlay_alpha=\u00a0\u00bb50&Prime; gutter_size=\u00a0\u00bb3&Prime; column_width_percent=\u00a0\u00bb100&Prime; shift_y=\u00a0\u00bb0&Prime; z_index=\u00a0\u00bb0&Prime;][vc_column column_width_percent=\u00a0\u00bb100&Prime; align_horizontal=\u00a0\u00bbalign_center\u00a0\u00bb gutter_size=\u00a0\u00bb2&Prime; style=\u00a0\u00bbdark\u00a0\u00bb overlay_alpha=\u00a0\u00bb50&Prime; shift_x=\u00a0\u00bb0&Prime; shift_y=\u00a0\u00bb0&Prime; shift_y_down=\u00a0\u00bb0&Prime; z_index=\u00a0\u00bb0&Prime; medium_width=\u00a0\u00bb0&Prime; mobile_width=\u00a0\u00bb0&Prime; width=\u00a0\u00bb1\/1&Prime;][vc_icon icon=\u00a0\u00bbfa fa-apartment\u00a0\u00bb icon_color=\u00a0\u00bbblanc\u00a0\u00bb size=\u00a0\u00bbfa-2x\u00a0\u00bb][\/vc_icon][vc_custom_heading heading_semantic=\u00a0\u00bbh1&Prime; text_size=\u00a0\u00bbh1&Prime;]La soci\u00e9t\u00e9[\/vc_custom_heading][vc_column_text]D\u00e9couvrez nos savoirs-faire, nos m\u00e9tiers de pr\u00e9dilection&#8230;[\/vc_column_text][\/vc_column][\/vc_row][vc_row row_height_percent=\u00a0\u00bb0&Prime; override_padding=\u00a0\u00bbyes\u00a0\u00bb h_padding=\u00a0\u00bb2&Prime; top_padding=\u00a0\u00bb5&Prime; bottom_padding=\u00a0\u00bb5&Prime; overlay_alpha=\u00a0\u00bb100&Prime; gutter_size=\u00a0\u00bb100&Prime; column_width_percent=\u00a0\u00bb100&Prime; shift_y=\u00a0\u00bb0&Prime; z_index=\u00a0\u00bb0&Prime; style=\u00a0\u00bbinherited\u00a0\u00bb el_class=\u00a0\u00bbcontact-form\u00a0\u00bb][vc_column column_width_percent=\u00a0\u00bb100&Prime; position_vertical=\u00a0\u00bbmiddle\u00a0\u00bb gutter_size=\u00a0\u00bb3&Prime; overlay_alpha=\u00a0\u00bb50&Prime; shift_x=\u00a0\u00bb0&Prime; shift_y=\u00a0\u00bb0&Prime; shift_y_down=\u00a0\u00bb0&Prime; z_index=\u00a0\u00bb0&Prime; medium_width=\u00a0\u00bb0&Prime; mobile_width=\u00a0\u00bb0&Prime; width=\u00a0\u00bb1\/3&Prime;][vc_single_image media=\u00a0\u00bb83175&Prime; media_width_percent=\u00a0\u00bb100&Prime;][\/vc_column][vc_column column_width_use_pixel=\u00a0\u00bbyes\u00a0\u00bb position_vertical=\u00a0\u00bbmiddle\u00a0\u00bb gutter_size=\u00a0\u00bb2&Prime; overlay_alpha=\u00a0\u00bb100&Prime; shift_x=\u00a0\u00bb0&Prime; shift_y=\u00a0\u00bb0&Prime; shift_y_down=\u00a0\u00bb0&Prime; z_index=\u00a0\u00bb0&Prime; medium_width=\u00a0\u00bb100&Prime; mobile_width=\u00a0\u00bb0&Prime; zoom_width=\u00a0\u00bb0&Prime; zoom_height=\u00a0\u00bb0&Prime; width=\u00a0\u00bb2\/3&Prime; column_width_pixel=\u00a0\u00bb1000&Prime;][vc_custom_heading heading_semantic=\u00a0\u00bbp\u00a0\u00bb]Anjou Automation, depuis 1982[\/vc_custom_heading][vc_column_text]Anjou Automation con\u00e7oit et fabrique depuis toujours des \u00e9quipements de r\u00e9gulation et d\u2019automatisme dans le milieu de la serre horticole et mara\u00eech\u00e8re. Coeur de m\u00e9tier historique de l\u2019entreprise, la soci\u00e9t\u00e9 voit ses r\u00e9gulateurs de climat et d\u2019irrigation implant\u00e9s aux 4 coins de la plan\u00e8te et est dor\u00e9navant un acteur reconnu mondialement.<\/p>\n<p>Aujourd\u2019hui Anjou Automation est en mesure de proposer des solutions clefs en main \u00e0 ses clients gr\u00e2ce \u00e0 un \u00e9largissement de sa gamme de produits comme :<br \/>\n\u2022 La m\u00e9canisation via des motor\u00e9ducteurs, r\u00e9ducteurs manuels, bras t\u00e9lescopiques et cr\u00e9maill\u00e8res ;<br \/>\n\u2022 le pompage au travers de la gestion de station de pompage ;<br \/>\n\u2022 la fertilisation par le biais de station d\u2019injection d\u2018engrais et r\u00e9gulation de la fertilisation.<\/p>\n<p>Anjou Automation a su se construire autour de valeurs comme le dynamisme, la r\u00e9activit\u00e9 et la diversification. Ainsi elle a compl\u00e9t\u00e9 et fait \u00e9voluer sa gamme au fil du temps. Aujourd\u2019hui, Anjou Automation est \u00e9galement pr\u00e9sente dans d\u2019autres secteurs tels que :<br \/>\n\u2022 L\u2019agro-industrie avec ses d\u00e9tecteurs de niveaux rotatifs \u00e0 palette ;<br \/>\n\u2022 l\u2019automobile via la conception et la fabrication de tableaux de bords d\u2019ambulance ;<br \/>\n\u2022 le machinisme agricole avec des bo\u00eetiers de commande d\u00e9port\u00e9s.[\/vc_column_text][\/vc_column][\/vc_row][vc_row row_height_percent=\u00a0\u00bb0&Prime; override_padding=\u00a0\u00bbyes\u00a0\u00bb h_padding=\u00a0\u00bb2&Prime; top_padding=\u00a0\u00bb5&Prime; bottom_padding=\u00a0\u00bb5&Prime; back_image=\u00a0\u00bb83236&Prime; back_repeat=\u00a0\u00bbno-repeat\u00a0\u00bb back_attachment=\u00a0\u00bbfixed\u00a0\u00bb back_position=\u00a0\u00bbcenter center\u00a0\u00bb overlay_alpha=\u00a0\u00bb100&Prime; gutter_size=\u00a0\u00bb100&Prime; column_width_percent=\u00a0\u00bb100&Prime; shift_y=\u00a0\u00bb0&Prime; z_index=\u00a0\u00bb0&Prime; style=\u00a0\u00bbinherited\u00a0\u00bb el_class=\u00a0\u00bbcontact-form\u00a0\u00bb el_id=\u00a0\u00bbsociete_groupe\u00a0\u00bb][vc_column column_width_use_pixel=\u00a0\u00bbyes\u00a0\u00bb position_vertical=\u00a0\u00bbmiddle\u00a0\u00bb gutter_size=\u00a0\u00bb2&Prime; style=\u00a0\u00bbdark\u00a0\u00bb overlay_alpha=\u00a0\u00bb100&Prime; shift_x=\u00a0\u00bb0&Prime; shift_y=\u00a0\u00bb0&Prime; shift_y_down=\u00a0\u00bb0&Prime; z_index=\u00a0\u00bb0&Prime; medium_width=\u00a0\u00bb100&Prime; mobile_width=\u00a0\u00bb0&Prime; zoom_width=\u00a0\u00bb0&Prime; zoom_height=\u00a0\u00bb0&Prime; width=\u00a0\u00bb5\/6&Prime; column_width_pixel=\u00a0\u00bb1000&Prime;][vc_custom_heading heading_semantic=\u00a0\u00bbp\u00a0\u00bb]Le groupe NADIA[\/vc_custom_heading][vc_column_text]Il est consid\u00e9r\u00e9 aujourd&rsquo;hui comme un exemple de r\u00e9ussite gr\u00e2ce \u00e0 une diversit\u00e9 d&rsquo;activit\u00e9s, g\u00e9n\u00e9ratrice de valeurs ajout\u00e9es multiples et \u00ab\u00a0amortisseur de crise\u00a0\u00bb.<\/p>\n<p>\u00c9manation de la soci\u00e9t\u00e9 NADIA, fabricant de plaques min\u00e9ralogiques cr\u00e9\u00e9e en 1962, le groupe NADIA a su diversifier ses activit\u00e9s et se d\u00e9velopper pour devenir un groupe industriel pluridisciplinaire structur\u00e9 autour de 6 branches d&rsquo;activit\u00e9s.<\/p>\n<p>Consid\u00e9r\u00e9 comme atypique pendant de nombreuses ann\u00e9es o\u00f9 la tendance \u00e9tait \u00e0 la concentration mono m\u00e9tier, le groupe NADIA ma\u00eetrise de multiples activit\u00e9s, aliment\u00e9es par un savoir-faire bas\u00e9 sur des hommes et des femmes d&rsquo;exp\u00e9rience, proche du terrain et des clients, experts dans leur m\u00e9tier de fabricants et en recherche permanente d&rsquo;innovations.<\/p>\n<p>Les soci\u00e9t\u00e9s du Groupe con\u00e7oivent et fabriquent les produits de fa\u00e7on totalement int\u00e9gr\u00e9e. Le Groupe est dot\u00e9 d&rsquo;un service Recherche, gage d&rsquo;une grande capacit\u00e9 d&rsquo;innovation et de r\u00e9activit\u00e9. R\u00e9solument tourn\u00e9es vers l&rsquo;export, certaines soci\u00e9t\u00e9s y r\u00e9alisent jusqu&rsquo;\u00e0 80% de leur chiffre d&rsquo;affaires.<\/p>\n<p>Toutes sont leaders incontest\u00e9es sur leur march\u00e9s respectifs et v\u00e9hiculent une image de qualit\u00e9 et de service sans faille, autour de produits originaux et performants.[\/vc_column_text][\/vc_column][vc_column column_width_percent=\u00a0\u00bb100&Prime; position_vertical=\u00a0\u00bbmiddle\u00a0\u00bb gutter_size=\u00a0\u00bb3&Prime; overlay_alpha=\u00a0\u00bb50&Prime; shift_x=\u00a0\u00bb0&Prime; shift_y=\u00a0\u00bb0&Prime; shift_y_down=\u00a0\u00bb0&Prime; z_index=\u00a0\u00bb0&Prime; medium_width=\u00a0\u00bb0&Prime; mobile_width=\u00a0\u00bb0&Prime; width=\u00a0\u00bb1\/6&Prime;][vc_single_image media=\u00a0\u00bb83138&Prime; media_width_percent=\u00a0\u00bb100&Prime;][\/vc_column][\/vc_row][vc_row unlock_row_content=\u00a0\u00bbyes\u00a0\u00bb row_height_percent=\u00a0\u00bb0&Prime; override_padding=\u00a0\u00bbyes\u00a0\u00bb h_padding=\u00a0\u00bb0&Prime; top_padding=\u00a0\u00bb0&Prime; bottom_padding=\u00a0\u00bb0&Prime; back_color=\u00a0\u00bbgris-fonce\u00a0\u00bb overlay_color=\u00a0\u00bbnoir-fonce\u00a0\u00bb overlay_alpha=\u00a0\u00bb86&Prime; gutter_size=\u00a0\u00bb100&Prime; column_width_percent=\u00a0\u00bb100&Prime; shift_y=\u00a0\u00bb0&Prime; z_index=\u00a0\u00bb0&Prime; style=\u00a0\u00bbinherited\u00a0\u00bb el_class=\u00a0\u00bbcontact-infos\u00a0\u00bb][vc_column column_width_use_pixel=\u00a0\u00bbyes\u00a0\u00bb align_horizontal=\u00a0\u00bbalign_center\u00a0\u00bb gutter_size=\u00a0\u00bb4&Prime; override_padding=\u00a0\u00bbyes\u00a0\u00bb column_padding=\u00a0\u00bb3&Prime; overlay_alpha=\u00a0\u00bb100&Prime; shift_x=\u00a0\u00bb0&Prime; shift_y=\u00a0\u00bb0&Prime; shift_y_down=\u00a0\u00bb0&Prime; z_index=\u00a0\u00bb0&Prime; medium_width=\u00a0\u00bb100&Prime; mobile_width=\u00a0\u00bb0&Prime; zoom_width=\u00a0\u00bb0&Prime; zoom_height=\u00a0\u00bb0&Prime; width=\u00a0\u00bb1\/3&Prime; column_width_pixel=\u00a0\u00bb1400&Prime;][vc_row_inner row_inner_height_percent=\u00a0\u00bb0&Prime; overlay_alpha=\u00a0\u00bb100&Prime; gutter_size=\u00a0\u00bb3&Prime; shift_y=\u00a0\u00bb0&Prime;][vc_column_inner column_width_percent=\u00a0\u00bb100&Prime; position_horizontal=\u00a0\u00bbleft\u00a0\u00bb position_vertical=\u00a0\u00bbmiddle\u00a0\u00bb gutter_size=\u00a0\u00bb3&Prime; overlay_alpha=\u00a0\u00bb100&Prime; shift_x=\u00a0\u00bb0&Prime; shift_y=\u00a0\u00bb0&Prime; shift_y_down=\u00a0\u00bb0&Prime; z_index=\u00a0\u00bb0&Prime; medium_width=\u00a0\u00bb3&Prime; mobile_width=\u00a0\u00bb0&Prime; zoom_width=\u00a0\u00bb0&Prime; zoom_height=\u00a0\u00bb0&Prime; width=\u00a0\u00bb1\/1&Prime;][vc_icon position=\u00a0\u00bbleft\u00a0\u00bb title_aligned_icon=\u00a0\u00bbyes\u00a0\u00bb icon=\u00a0\u00bbfa fa-phone2&Prime; icon_color=\u00a0\u00bbaccent\u00a0\u00bb size=\u00a0\u00bbfa-3x\u00a0\u00bb heading_semantic=\u00a0\u00bbp\u00a0\u00bb text_size=\u00a0\u00bbh5&Prime; text_weight=\u00a0\u00bb700&Prime; title=\u00a0\u00bbPar t\u00e9l\u00e9phone\u00a0\u00bb link=\u00a0\u00bburl:tel%3A%2B33251630282|||\u00a0\u00bb]Contactez-nous au<br \/>\n02 51 63 02 82[\/vc_icon][vc_icon position=\u00a0\u00bbleft\u00a0\u00bb title_aligned_icon=\u00a0\u00bbyes\u00a0\u00bb icon=\u00a0\u00bbfa fa-envelope2&Prime; icon_color=\u00a0\u00bbaccent\u00a0\u00bb size=\u00a0\u00bbfa-3x\u00a0\u00bb heading_semantic=\u00a0\u00bbp\u00a0\u00bb text_size=\u00a0\u00bbh5&Prime; text_weight=\u00a0\u00bb700&Prime; title=\u00a0\u00bbPar mail\u00a0\u00bb link=\u00a0\u00bburl:mailto%3Acontact%40anjouautomation.fr|||\u00a0\u00bb]\u00c9crivez-nous \u00e0<br \/>\ncontact@anjouautomation.fr[\/vc_icon][vc_icon position=\u00a0\u00bbleft\u00a0\u00bb title_aligned_icon=\u00a0\u00bbyes\u00a0\u00bb icon=\u00a0\u00bbfa fa-map-pin\u00a0\u00bb icon_color=\u00a0\u00bbaccent\u00a0\u00bb size=\u00a0\u00bbfa-3x\u00a0\u00bb heading_semantic=\u00a0\u00bbp\u00a0\u00bb text_size=\u00a0\u00bbh5&Prime; text_weight=\u00a0\u00bb700&Prime; title=\u00a0\u00bbNos bureaux\u00a0\u00bb link=\u00a0\u00bburl:https%3A%2F%2Fwww.google.com%2Fmaps%2Fplace%2FAnjou%2BAutomation%2F%4046.9822107%2C-0.9286674%2C15z%2Fdata%3D!4m5!3m4!1s0x0%3A0x1c434ab99bf14086!8m2!3d46.9822107!4d-0.9286674||target:%20_blank|\u00a0\u00bb]880, rue L\u00e9o Baekeland &#8211; B.P. 57<br \/>\n85290 MORTAGNE SUR SEVRE[\/vc_icon][\/vc_column_inner][\/vc_row_inner][\/vc_column][vc_column column_width_percent=\u00a0\u00bb100&Prime; position_vertical=\u00a0\u00bbmiddle\u00a0\u00bb align_horizontal=\u00a0\u00bbalign_center\u00a0\u00bb gutter_size=\u00a0\u00bb3&Prime; expand_height=\u00a0\u00bbyes\u00a0\u00bb overlay_alpha=\u00a0\u00bb50&Prime; shift_x=\u00a0\u00bb0&Prime; shift_y=\u00a0\u00bb0&Prime; shift_y_down=\u00a0\u00bb0&Prime; z_index=\u00a0\u00bb0&Prime; medium_width=\u00a0\u00bb0&Prime; mobile_width=\u00a0\u00bb0&Prime; width=\u00a0\u00bb2\/3&Prime;][vc_gmaps map_color=\u00a0\u00bbaccent\u00a0\u00bb zoom=\u00a0\u00bb14&Prime; map_saturation=\u00a0\u00bb-20&Prime; map_brightness=\u00a0\u00bb0&Prime; latlon=\u00a0\u00bb46.9822107, -0.9286674&Prime;][\/vc_column][\/vc_row]<\/p>\n<\/div>","protected":false},"excerpt":{"rendered":"<p>[vc_row row_height_percent=\u00a0\u00bb0&Prime; override_padding=\u00a0\u00bbyes\u00a0\u00bb h_padding=\u00a0\u00bb2&Prime; top_padding=\u00a0\u00bb3&Prime; bottom_padding=\u00a0\u00bb3&Prime; back_image=\u00a0\u00bb83618&Prime; back_repeat=\u00a0\u00bbno-repeat\u00a0\u00bb back_position=\u00a0\u00bbcenter center\u00a0\u00bb overlay_alpha=\u00a0\u00bb50&Prime; gutter_size=\u00a0\u00bb3&Prime; column_width_percent=\u00a0\u00bb100&Prime; shift_y=\u00a0\u00bb0&Prime; z_index=\u00a0\u00bb0&Prime;][vc_column column_width_percent=\u00a0\u00bb100&Prime; align_horizontal=\u00a0\u00bbalign_center\u00a0\u00bb gutter_size=\u00a0\u00bb2&Prime; style=\u00a0\u00bbdark\u00a0\u00bb overlay_alpha=\u00a0\u00bb50&Prime; [&hellip;]<\/p>\n","protected":false},"author":1,"featured_media":0,"parent":0,"menu_order":0,"comment_status":"open","ping_status":"closed","template":"","meta":{"footnotes":""},"class_list":["post-83654","page","type-page","status-publish","hentry"],"yoast_head":"<!-- This site is optimized with the Yoast SEO plugin v27.5 - https:\/\/yoast.com\/product\/yoast-seo-wordpress\/ -->\n<title>La soci\u00e9t\u00e9 - Anjou Automation | \u00c9quipement de r\u00e9gulation et d&#039;automatisme<\/title>\n<meta name=\"description\" content=\"Coeur de m\u00e9tier historique de l\u2019entreprise, la soci\u00e9t\u00e9 voit ses r\u00e9gulateurs de climat et d\u2019irrigation implant\u00e9s aux 4 coins de la plan\u00e8te et est dor\u00e9navant un acteur reconnu mondialement.\" \/>\n<meta name=\"robots\" content=\"index, follow, max-snippet:-1, max-image-preview:large, max-video-preview:-1\" \/>\n<link rel=\"canonical\" href=\"https:\/\/www.anjouautomation.com\/fr\/la-societe\/\" \/>\n<meta property=\"og:locale\" content=\"fr_FR\" \/>\n<meta property=\"og:type\" content=\"article\" \/>\n<meta property=\"og:title\" content=\"La soci\u00e9t\u00e9 - Anjou Automation | \u00c9quipement de r\u00e9gulation et d&#039;automatisme\" \/>\n<meta property=\"og:description\" content=\"Coeur de m\u00e9tier historique de l\u2019entreprise, la soci\u00e9t\u00e9 voit ses r\u00e9gulateurs de climat et d\u2019irrigation implant\u00e9s aux 4 coins de la plan\u00e8te et est dor\u00e9navant un acteur reconnu mondialement.\" \/>\n<meta property=\"og:url\" content=\"https:\/\/www.anjouautomation.com\/fr\/la-societe\/\" \/>\n<meta property=\"og:site_name\" content=\"Anjou Automation\" \/>\n<meta property=\"article:modified_time\" content=\"2020-07-03T09:02:46+00:00\" \/>\n<meta property=\"og:image\" content=\"https:\/\/www.anjouautomation.com\/wp-content\/uploads\/2020\/07\/open-graph.jpg\" \/>\n\t<meta property=\"og:image:width\" content=\"1200\" \/>\n\t<meta property=\"og:image:height\" content=\"627\" \/>\n\t<meta property=\"og:image:type\" content=\"image\/jpeg\" \/>\n<meta name=\"twitter:card\" content=\"summary_large_image\" \/>\n<meta name=\"twitter:label1\" content=\"Dur\u00e9e de lecture estim\u00e9e\" \/>\n\t<meta name=\"twitter:data1\" content=\"6 minutes\" \/>\n<script type=\"application\/ld+json\" class=\"yoast-schema-graph\">{\"@context\":\"https:\\\/\\\/schema.org\",\"@graph\":[{\"@type\":\"WebPage\",\"@id\":\"https:\\\/\\\/www.anjouautomation.com\\\/fr\\\/la-societe\\\/\",\"url\":\"https:\\\/\\\/www.anjouautomation.com\\\/fr\\\/la-societe\\\/\",\"name\":\"La soci\u00e9t\u00e9 - Anjou Automation | \u00c9quipement de r\u00e9gulation et d'automatisme\",\"isPartOf\":{\"@id\":\"https:\\\/\\\/www.anjouautomation.com\\\/fr\\\/#website\"},\"datePublished\":\"2020-05-25T16:07:23+00:00\",\"dateModified\":\"2020-07-03T09:02:46+00:00\",\"description\":\"Coeur de m\u00e9tier historique de l\u2019entreprise, la soci\u00e9t\u00e9 voit ses r\u00e9gulateurs de climat et d\u2019irrigation implant\u00e9s aux 4 coins de la plan\u00e8te et est dor\u00e9navant un acteur reconnu mondialement.\",\"breadcrumb\":{\"@id\":\"https:\\\/\\\/www.anjouautomation.com\\\/fr\\\/la-societe\\\/#breadcrumb\"},\"inLanguage\":\"fr-FR\",\"potentialAction\":[{\"@type\":\"ReadAction\",\"target\":[\"https:\\\/\\\/www.anjouautomation.com\\\/fr\\\/la-societe\\\/\"]}]},{\"@type\":\"BreadcrumbList\",\"@id\":\"https:\\\/\\\/www.anjouautomation.com\\\/fr\\\/la-societe\\\/#breadcrumb\",\"itemListElement\":[{\"@type\":\"ListItem\",\"position\":1,\"name\":\"Home\",\"item\":\"https:\\\/\\\/www.anjouautomation.com\\\/fr\\\/\"},{\"@type\":\"ListItem\",\"position\":2,\"name\":\"La soci\u00e9t\u00e9\"}]},{\"@type\":\"WebSite\",\"@id\":\"https:\\\/\\\/www.anjouautomation.com\\\/fr\\\/#website\",\"url\":\"https:\\\/\\\/www.anjouautomation.com\\\/fr\\\/\",\"name\":\"Anjou Automation\",\"description\":\"\u00c9quipements de r\u00e9gulation et d&#039;automatisme\",\"publisher\":{\"@id\":\"https:\\\/\\\/www.anjouautomation.com\\\/fr\\\/#organization\"},\"potentialAction\":[{\"@type\":\"SearchAction\",\"target\":{\"@type\":\"EntryPoint\",\"urlTemplate\":\"https:\\\/\\\/www.anjouautomation.com\\\/fr\\\/?s={search_term_string}\"},\"query-input\":{\"@type\":\"PropertyValueSpecification\",\"valueRequired\":true,\"valueName\":\"search_term_string\"}}],\"inLanguage\":\"fr-FR\"},{\"@type\":\"Organization\",\"@id\":\"https:\\\/\\\/www.anjouautomation.com\\\/fr\\\/#organization\",\"name\":\"Anjou Automation\",\"url\":\"https:\\\/\\\/www.anjouautomation.com\\\/fr\\\/\",\"logo\":{\"@type\":\"ImageObject\",\"inLanguage\":\"fr-FR\",\"@id\":\"https:\\\/\\\/www.anjouautomation.com\\\/fr\\\/#\\\/schema\\\/logo\\\/image\\\/\",\"url\":\"https:\\\/\\\/www.anjouautomation.com\\\/wp-content\\\/uploads\\\/2020\\\/05\\\/logo-anjou-automation.png\",\"contentUrl\":\"https:\\\/\\\/www.anjouautomation.com\\\/wp-content\\\/uploads\\\/2020\\\/05\\\/logo-anjou-automation.png\",\"width\":301,\"height\":66,\"caption\":\"Anjou Automation\"},\"image\":{\"@id\":\"https:\\\/\\\/www.anjouautomation.com\\\/fr\\\/#\\\/schema\\\/logo\\\/image\\\/\"}}]}<\/script>\n<!-- \/ Yoast SEO plugin. -->","yoast_head_json":{"title":"La soci\u00e9t\u00e9 - Anjou Automation | \u00c9quipement de r\u00e9gulation et d'automatisme","description":"Coeur de m\u00e9tier historique de l\u2019entreprise, la soci\u00e9t\u00e9 voit ses r\u00e9gulateurs de climat et d\u2019irrigation implant\u00e9s aux 4 coins de la plan\u00e8te et est dor\u00e9navant un acteur reconnu mondialement.","robots":{"index":"index","follow":"follow","max-snippet":"max-snippet:-1","max-image-preview":"max-image-preview:large","max-video-preview":"max-video-preview:-1"},"canonical":"https:\/\/www.anjouautomation.com\/fr\/la-societe\/","og_locale":"fr_FR","og_type":"article","og_title":"La soci\u00e9t\u00e9 - Anjou Automation | \u00c9quipement de r\u00e9gulation et d'automatisme","og_description":"Coeur de m\u00e9tier historique de l\u2019entreprise, la soci\u00e9t\u00e9 voit ses r\u00e9gulateurs de climat et d\u2019irrigation implant\u00e9s aux 4 coins de la plan\u00e8te et est dor\u00e9navant un acteur reconnu mondialement.","og_url":"https:\/\/www.anjouautomation.com\/fr\/la-societe\/","og_site_name":"Anjou Automation","article_modified_time":"2020-07-03T09:02:46+00:00","og_image":[{"width":1200,"height":627,"url":"https:\/\/www.anjouautomation.com\/wp-content\/uploads\/2020\/07\/open-graph.jpg","type":"image\/jpeg"}],"twitter_card":"summary_large_image","twitter_misc":{"Dur\u00e9e de lecture estim\u00e9e":"6 minutes"},"schema":{"@context":"https:\/\/schema.org","@graph":[{"@type":"WebPage","@id":"https:\/\/www.anjouautomation.com\/fr\/la-societe\/","url":"https:\/\/www.anjouautomation.com\/fr\/la-societe\/","name":"La soci\u00e9t\u00e9 - Anjou Automation | \u00c9quipement de r\u00e9gulation et d'automatisme","isPartOf":{"@id":"https:\/\/www.anjouautomation.com\/fr\/#website"},"datePublished":"2020-05-25T16:07:23+00:00","dateModified":"2020-07-03T09:02:46+00:00","description":"Coeur de m\u00e9tier historique de l\u2019entreprise, la soci\u00e9t\u00e9 voit ses r\u00e9gulateurs de climat et d\u2019irrigation implant\u00e9s aux 4 coins de la plan\u00e8te et est dor\u00e9navant un acteur reconnu mondialement.","breadcrumb":{"@id":"https:\/\/www.anjouautomation.com\/fr\/la-societe\/#breadcrumb"},"inLanguage":"fr-FR","potentialAction":[{"@type":"ReadAction","target":["https:\/\/www.anjouautomation.com\/fr\/la-societe\/"]}]},{"@type":"BreadcrumbList","@id":"https:\/\/www.anjouautomation.com\/fr\/la-societe\/#breadcrumb","itemListElement":[{"@type":"ListItem","position":1,"name":"Home","item":"https:\/\/www.anjouautomation.com\/fr\/"},{"@type":"ListItem","position":2,"name":"La soci\u00e9t\u00e9"}]},{"@type":"WebSite","@id":"https:\/\/www.anjouautomation.com\/fr\/#website","url":"https:\/\/www.anjouautomation.com\/fr\/","name":"Anjou Automation","description":"\u00c9quipements de r\u00e9gulation et d&#039;automatisme","publisher":{"@id":"https:\/\/www.anjouautomation.com\/fr\/#organization"},"potentialAction":[{"@type":"SearchAction","target":{"@type":"EntryPoint","urlTemplate":"https:\/\/www.anjouautomation.com\/fr\/?s={search_term_string}"},"query-input":{"@type":"PropertyValueSpecification","valueRequired":true,"valueName":"search_term_string"}}],"inLanguage":"fr-FR"},{"@type":"Organization","@id":"https:\/\/www.anjouautomation.com\/fr\/#organization","name":"Anjou Automation","url":"https:\/\/www.anjouautomation.com\/fr\/","logo":{"@type":"ImageObject","inLanguage":"fr-FR","@id":"https:\/\/www.anjouautomation.com\/fr\/#\/schema\/logo\/image\/","url":"https:\/\/www.anjouautomation.com\/wp-content\/uploads\/2020\/05\/logo-anjou-automation.png","contentUrl":"https:\/\/www.anjouautomation.com\/wp-content\/uploads\/2020\/05\/logo-anjou-automation.png","width":301,"height":66,"caption":"Anjou Automation"},"image":{"@id":"https:\/\/www.anjouautomation.com\/fr\/#\/schema\/logo\/image\/"}}]}},"_links":{"self":[{"href":"https:\/\/www.anjouautomation.com\/fr\/wp-json\/wp\/v2\/pages\/83654","targetHints":{"allow":["GET"]}}],"collection":[{"href":"https:\/\/www.anjouautomation.com\/fr\/wp-json\/wp\/v2\/pages"}],"about":[{"href":"https:\/\/www.anjouautomation.com\/fr\/wp-json\/wp\/v2\/types\/page"}],"author":[{"embeddable":true,"href":"https:\/\/www.anjouautomation.com\/fr\/wp-json\/wp\/v2\/users\/1"}],"replies":[{"embeddable":true,"href":"https:\/\/www.anjouautomation.com\/fr\/wp-json\/wp\/v2\/comments?post=83654"}],"version-history":[{"count":10,"href":"https:\/\/www.anjouautomation.com\/fr\/wp-json\/wp\/v2\/pages\/83654\/revisions"}],"predecessor-version":[{"id":84636,"href":"https:\/\/www.anjouautomation.com\/fr\/wp-json\/wp\/v2\/pages\/83654\/revisions\/84636"}],"wp:attachment":[{"href":"https:\/\/www.anjouautomation.com\/fr\/wp-json\/wp\/v2\/media?parent=83654"}],"curies":[{"name":"wp","href":"https:\/\/api.w.org\/{rel}","templated":true}]}}