{"id":83142,"date":"2020-05-11T12:10:35","date_gmt":"2020-05-11T10:10:35","guid":{"rendered":"https:\/\/www.anjouautomation.com\/?page_id=83142"},"modified":"2025-02-25T08:35:09","modified_gmt":"2025-02-25T07:35:09","slug":"mentions-legales","status":"publish","type":"page","link":"https:\/\/www.anjouautomation.com\/fr\/mentions-legales\/","title":{"rendered":"Mentions L\u00e9gales"},"content":{"rendered":"<div class=\"wpb-content-wrapper\"><p>[vc_row][vc_column width=\u00a0\u00bb1\/1&Prime;][vc_column_text uncode_shortcode_id=\u00a0\u00bb897644&Prime;]<\/p>\n<h2>1. Informations g\u00e9n\u00e9rales<\/h2>\n<p>Ce site internet https:\/\/www.anjouautomation.com\/fr\/ est \u00e9dit\u00e9 par ANJOU AUTOMATION, SASU au capital de 7067666 euros, immatricul\u00e9e au Registre du Commerce et des Soci\u00e9t\u00e9s de La Roche-sur-Yon sous le num\u00e9ro 834108375, dont le si\u00e8ge social est situ\u00e9 au 880, rue L\u00e9o Baekeland &#8211; 85290 MORTAGNE-SUR-SEVRE.<\/p>\n<p>T\u00e9l\u00e9phone : 02 51 63 02 82<br \/>\nE-mail : contact@anjouautomation.fr<br \/>\nDirecteur de la publication : M. Pascal CHERBONNIER<br \/>\nNum\u00e9ro d&rsquo;identification \u00e0 la TVA Intracommunautaire : FR35834108375.<\/p>\n<p>&nbsp;<\/p>\n<h2>2. H\u00e9bergement<\/h2>\n<p>Ce site est h\u00e9berg\u00e9 par OVH SAS, dont le si\u00e8ge social est situ\u00e9 \u00e0 2 rue Kellermann \u2013 59100 Roubaix \u2013 France, et qui peut-\u00eatre contact\u00e9 par ce lien : https:\/\/www.ovh.com\/fr\/protection-donnees-personnelles\/exercer-vos-droits.<\/p>\n<p>&nbsp;<\/p>\n<h2>3. Propri\u00e9t\u00e9 intellectuelle<\/h2>\n<p>L&rsquo;ensemble du contenu de ce site, incluant mais sans s&rsquo;y limiter, les textes, images, logos, marques, vid\u00e9os, et autres \u00e9l\u00e9ments, est la propri\u00e9t\u00e9 exclusive de ANJOU AUTOMATION ou de ses partenaires, et est prot\u00e9g\u00e9 par les lois sur la propri\u00e9t\u00e9 intellectuelle en vigueur. Toute reproduction ou utilisation non autoris\u00e9e de ce contenu est strictement interdite.<\/p>\n<p>&nbsp;<\/p>\n<h2>4. Collecte de donn\u00e9es personnelles<\/h2>\n<p>Lors de votre utilisation de ce site, des donn\u00e9es personnelles peuvent \u00eatre collect\u00e9es conform\u00e9ment \u00e0 notre politique de confidentialit\u00e9. Pour en savoir plus sur la collecte, l&rsquo;utilisation et la protection de vos donn\u00e9es personnelles, veuillez consulter <a href=\"\/fr\/politique-de-confidentialite\/\">notre politique de confidentialit\u00e9<\/a>.<\/p>\n<p>&nbsp;<\/p>\n<h2>5. Cookies<\/h2>\n<p>Ce site utilise des cookies pour am\u00e9liorer l&rsquo;exp\u00e9rience de l&rsquo;utilisateur. En continuant \u00e0 naviguer sur ce site, vous consentez \u00e0 l&rsquo;utilisation de cookies conform\u00e9ment \u00e0 <a href=\"\/fr\/politique-de-confidentialite\/\">notre politique en mati\u00e8re de cookies.<\/a><\/p>\n<p>&nbsp;<\/p>\n<h2>6. Liens externes<\/h2>\n<p>Ce site peut contenir des liens vers des sites web tiers. ANJOU AUTOMATION d\u00e9cline toute responsabilit\u00e9 quant au contenu ou \u00e0 la politique de confidentialit\u00e9 de ces sites tiers.<\/p>\n<p>&nbsp;<\/p>\n<h2>7. Responsabilit\u00e9<\/h2>\n<p>ANJOU AUTOMATION ne peut \u00eatre tenu responsable des dommages directs ou indirects r\u00e9sultant de l&rsquo;utilisation de ce site internet ou des informations qui y sont contenues.<\/p>\n<p>&nbsp;<\/p>\n<h2>8. Modification des mentions l\u00e9gales<\/h2>\n<p>ANJOU AUTOMATION se r\u00e9serve le droit de modifier ces mentions l\u00e9gales \u00e0 tout moment. Les utilisateurs sont invit\u00e9s \u00e0 consulter r\u00e9guli\u00e8rement cette page pour prendre connaissance des \u00e9ventuelles modifications.<\/p>\n<p>&nbsp;<\/p>\n<h2>9. Contact<\/h2>\n<p>Pour toute question ou demande relative \u00e0 ces mentions l\u00e9gales, veuillez nous contacter \u00e0 l&rsquo;adresse suivante : contact@anjouautomation.fr.<\/p>\n<p>Derni\u00e8re mise \u00e0 jour : f\u00e9vrier 2025.[\/vc_column_text][\/vc_column][\/vc_row]<\/p>\n<\/div>","protected":false},"excerpt":{"rendered":"<p>[vc_row][vc_column width=\u00a0\u00bb1\/1&Prime;][vc_column_text uncode_shortcode_id=\u00a0\u00bb897644&Prime;] 1. Informations g\u00e9n\u00e9rales Ce site internet https:\/\/www.anjouautomation.com\/fr\/ est \u00e9dit\u00e9 par ANJOU AUTOMATION, SASU au capital de 7067666 [&hellip;]<\/p>\n","protected":false},"author":1,"featured_media":0,"parent":0,"menu_order":0,"comment_status":"closed","ping_status":"closed","template":"","meta":{"footnotes":""},"class_list":["post-83142","page","type-page","status-publish","hentry"],"yoast_head":"<!-- This site is optimized with the Yoast SEO plugin v27.5 - https:\/\/yoast.com\/product\/yoast-seo-wordpress\/ -->\n<title>Mentions L\u00e9gales - Anjou Automation<\/title>\n<meta name=\"robots\" content=\"index, follow, max-snippet:-1, max-image-preview:large, max-video-preview:-1\" \/>\n<link rel=\"canonical\" href=\"https:\/\/www.anjouautomation.com\/fr\/mentions-legales\/\" \/>\n<meta property=\"og:locale\" content=\"fr_FR\" \/>\n<meta property=\"og:type\" content=\"article\" \/>\n<meta property=\"og:title\" content=\"Mentions L\u00e9gales - Anjou Automation\" \/>\n<meta property=\"og:description\" content=\"[vc_row][vc_column width=\u00a0\u00bb1\/1&Prime;][vc_column_text uncode_shortcode_id=\u00a0\u00bb897644&Prime;] 1. Informations g\u00e9n\u00e9rales Ce site internet https:\/\/www.anjouautomation.com\/fr\/ est \u00e9dit\u00e9 par ANJOU AUTOMATION, SASU au capital de 7067666 [&hellip;]\" \/>\n<meta property=\"og:url\" content=\"https:\/\/www.anjouautomation.com\/fr\/mentions-legales\/\" \/>\n<meta property=\"og:site_name\" content=\"Anjou Automation\" \/>\n<meta property=\"article:modified_time\" content=\"2025-02-25T07:35:09+00:00\" \/>\n<meta property=\"og:image\" content=\"https:\/\/www.anjouautomation.com\/wp-content\/uploads\/2020\/07\/open-graph.jpg\" \/>\n\t<meta property=\"og:image:width\" content=\"1200\" \/>\n\t<meta property=\"og:image:height\" content=\"627\" \/>\n\t<meta property=\"og:image:type\" content=\"image\/jpeg\" \/>\n<meta name=\"twitter:card\" content=\"summary_large_image\" \/>\n<meta name=\"twitter:label1\" content=\"Dur\u00e9e de lecture estim\u00e9e\" \/>\n\t<meta name=\"twitter:data1\" content=\"2 minutes\" \/>\n<script type=\"application\/ld+json\" class=\"yoast-schema-graph\">{\"@context\":\"https:\\\/\\\/schema.org\",\"@graph\":[{\"@type\":\"WebPage\",\"@id\":\"https:\\\/\\\/www.anjouautomation.com\\\/fr\\\/mentions-legales\\\/\",\"url\":\"https:\\\/\\\/www.anjouautomation.com\\\/fr\\\/mentions-legales\\\/\",\"name\":\"Mentions L\u00e9gales - Anjou Automation\",\"isPartOf\":{\"@id\":\"https:\\\/\\\/www.anjouautomation.com\\\/fr\\\/#website\"},\"datePublished\":\"2020-05-11T10:10:35+00:00\",\"dateModified\":\"2025-02-25T07:35:09+00:00\",\"breadcrumb\":{\"@id\":\"https:\\\/\\\/www.anjouautomation.com\\\/fr\\\/mentions-legales\\\/#breadcrumb\"},\"inLanguage\":\"fr-FR\",\"potentialAction\":[{\"@type\":\"ReadAction\",\"target\":[\"https:\\\/\\\/www.anjouautomation.com\\\/fr\\\/mentions-legales\\\/\"]}]},{\"@type\":\"BreadcrumbList\",\"@id\":\"https:\\\/\\\/www.anjouautomation.com\\\/fr\\\/mentions-legales\\\/#breadcrumb\",\"itemListElement\":[{\"@type\":\"ListItem\",\"position\":1,\"name\":\"Home\",\"item\":\"https:\\\/\\\/www.anjouautomation.com\\\/fr\\\/\"},{\"@type\":\"ListItem\",\"position\":2,\"name\":\"Mentions L\u00e9gales\"}]},{\"@type\":\"WebSite\",\"@id\":\"https:\\\/\\\/www.anjouautomation.com\\\/fr\\\/#website\",\"url\":\"https:\\\/\\\/www.anjouautomation.com\\\/fr\\\/\",\"name\":\"Anjou Automation\",\"description\":\"\u00c9quipements de r\u00e9gulation et d&#039;automatisme\",\"publisher\":{\"@id\":\"https:\\\/\\\/www.anjouautomation.com\\\/fr\\\/#organization\"},\"potentialAction\":[{\"@type\":\"SearchAction\",\"target\":{\"@type\":\"EntryPoint\",\"urlTemplate\":\"https:\\\/\\\/www.anjouautomation.com\\\/fr\\\/?s={search_term_string}\"},\"query-input\":{\"@type\":\"PropertyValueSpecification\",\"valueRequired\":true,\"valueName\":\"search_term_string\"}}],\"inLanguage\":\"fr-FR\"},{\"@type\":\"Organization\",\"@id\":\"https:\\\/\\\/www.anjouautomation.com\\\/fr\\\/#organization\",\"name\":\"Anjou Automation\",\"url\":\"https:\\\/\\\/www.anjouautomation.com\\\/fr\\\/\",\"logo\":{\"@type\":\"ImageObject\",\"inLanguage\":\"fr-FR\",\"@id\":\"https:\\\/\\\/www.anjouautomation.com\\\/fr\\\/#\\\/schema\\\/logo\\\/image\\\/\",\"url\":\"https:\\\/\\\/www.anjouautomation.com\\\/wp-content\\\/uploads\\\/2020\\\/05\\\/logo-anjou-automation.png\",\"contentUrl\":\"https:\\\/\\\/www.anjouautomation.com\\\/wp-content\\\/uploads\\\/2020\\\/05\\\/logo-anjou-automation.png\",\"width\":301,\"height\":66,\"caption\":\"Anjou Automation\"},\"image\":{\"@id\":\"https:\\\/\\\/www.anjouautomation.com\\\/fr\\\/#\\\/schema\\\/logo\\\/image\\\/\"}}]}<\/script>\n<!-- \/ Yoast SEO plugin. -->","yoast_head_json":{"title":"Mentions L\u00e9gales - Anjou Automation","robots":{"index":"index","follow":"follow","max-snippet":"max-snippet:-1","max-image-preview":"max-image-preview:large","max-video-preview":"max-video-preview:-1"},"canonical":"https:\/\/www.anjouautomation.com\/fr\/mentions-legales\/","og_locale":"fr_FR","og_type":"article","og_title":"Mentions L\u00e9gales - Anjou Automation","og_description":"[vc_row][vc_column width=\u00a0\u00bb1\/1&Prime;][vc_column_text uncode_shortcode_id=\u00a0\u00bb897644&Prime;] 1. Informations g\u00e9n\u00e9rales Ce site internet https:\/\/www.anjouautomation.com\/fr\/ est \u00e9dit\u00e9 par ANJOU AUTOMATION, SASU au capital de 7067666 [&hellip;]","og_url":"https:\/\/www.anjouautomation.com\/fr\/mentions-legales\/","og_site_name":"Anjou Automation","article_modified_time":"2025-02-25T07:35:09+00:00","og_image":[{"width":1200,"height":627,"url":"https:\/\/www.anjouautomation.com\/wp-content\/uploads\/2020\/07\/open-graph.jpg","type":"image\/jpeg"}],"twitter_card":"summary_large_image","twitter_misc":{"Dur\u00e9e de lecture estim\u00e9e":"2 minutes"},"schema":{"@context":"https:\/\/schema.org","@graph":[{"@type":"WebPage","@id":"https:\/\/www.anjouautomation.com\/fr\/mentions-legales\/","url":"https:\/\/www.anjouautomation.com\/fr\/mentions-legales\/","name":"Mentions L\u00e9gales - Anjou Automation","isPartOf":{"@id":"https:\/\/www.anjouautomation.com\/fr\/#website"},"datePublished":"2020-05-11T10:10:35+00:00","dateModified":"2025-02-25T07:35:09+00:00","breadcrumb":{"@id":"https:\/\/www.anjouautomation.com\/fr\/mentions-legales\/#breadcrumb"},"inLanguage":"fr-FR","potentialAction":[{"@type":"ReadAction","target":["https:\/\/www.anjouautomation.com\/fr\/mentions-legales\/"]}]},{"@type":"BreadcrumbList","@id":"https:\/\/www.anjouautomation.com\/fr\/mentions-legales\/#breadcrumb","itemListElement":[{"@type":"ListItem","position":1,"name":"Home","item":"https:\/\/www.anjouautomation.com\/fr\/"},{"@type":"ListItem","position":2,"name":"Mentions L\u00e9gales"}]},{"@type":"WebSite","@id":"https:\/\/www.anjouautomation.com\/fr\/#website","url":"https:\/\/www.anjouautomation.com\/fr\/","name":"Anjou Automation","description":"\u00c9quipements de r\u00e9gulation et d&#039;automatisme","publisher":{"@id":"https:\/\/www.anjouautomation.com\/fr\/#organization"},"potentialAction":[{"@type":"SearchAction","target":{"@type":"EntryPoint","urlTemplate":"https:\/\/www.anjouautomation.com\/fr\/?s={search_term_string}"},"query-input":{"@type":"PropertyValueSpecification","valueRequired":true,"valueName":"search_term_string"}}],"inLanguage":"fr-FR"},{"@type":"Organization","@id":"https:\/\/www.anjouautomation.com\/fr\/#organization","name":"Anjou Automation","url":"https:\/\/www.anjouautomation.com\/fr\/","logo":{"@type":"ImageObject","inLanguage":"fr-FR","@id":"https:\/\/www.anjouautomation.com\/fr\/#\/schema\/logo\/image\/","url":"https:\/\/www.anjouautomation.com\/wp-content\/uploads\/2020\/05\/logo-anjou-automation.png","contentUrl":"https:\/\/www.anjouautomation.com\/wp-content\/uploads\/2020\/05\/logo-anjou-automation.png","width":301,"height":66,"caption":"Anjou Automation"},"image":{"@id":"https:\/\/www.anjouautomation.com\/fr\/#\/schema\/logo\/image\/"}}]}},"_links":{"self":[{"href":"https:\/\/www.anjouautomation.com\/fr\/wp-json\/wp\/v2\/pages\/83142","targetHints":{"allow":["GET"]}}],"collection":[{"href":"https:\/\/www.anjouautomation.com\/fr\/wp-json\/wp\/v2\/pages"}],"about":[{"href":"https:\/\/www.anjouautomation.com\/fr\/wp-json\/wp\/v2\/types\/page"}],"author":[{"embeddable":true,"href":"https:\/\/www.anjouautomation.com\/fr\/wp-json\/wp\/v2\/users\/1"}],"replies":[{"embeddable":true,"href":"https:\/\/www.anjouautomation.com\/fr\/wp-json\/wp\/v2\/comments?post=83142"}],"version-history":[{"count":14,"href":"https:\/\/www.anjouautomation.com\/fr\/wp-json\/wp\/v2\/pages\/83142\/revisions"}],"predecessor-version":[{"id":95058,"href":"https:\/\/www.anjouautomation.com\/fr\/wp-json\/wp\/v2\/pages\/83142\/revisions\/95058"}],"wp:attachment":[{"href":"https:\/\/www.anjouautomation.com\/fr\/wp-json\/wp\/v2\/media?parent=83142"}],"curies":[{"name":"wp","href":"https:\/\/api.w.org\/{rel}","templated":true}]}}