{"id":96059,"date":"2025-12-10T13:59:41","date_gmt":"2025-12-10T12:59:41","guid":{"rendered":"https:\/\/www.anjouautomation.com\/?post_type=product&#038;p=96059"},"modified":"2025-12-10T15:28:41","modified_gmt":"2025-12-10T14:28:41","slug":"optagrow","status":"publish","type":"product","link":"https:\/\/www.anjouautomation.com\/es\/produit\/optagrow\/","title":{"rendered":"Optagrow"},"content":{"rendered":"","protected":false},"excerpt":{"rendered":"<p>OPTAGROW es un ordenador de gesti\u00f3n centralizada del clima, de fertilizaci\u00f3n y riego<br \/>\ny de calefacci\u00f3n para sus invernaderos hort\u00edcolas, huertas y de investigaci\u00f3n. Gracias a su sistema modular de tarjetas de entrada\/salida, puede ampliarse con el tiempo a medida que crezca su negocio.<br \/>\nSu pantalla t\u00e1ctil en color facilita su uso y el acceso r\u00e1pido y sencillo a todos los datos. Tambi\u00e9n puede controlar el OPTAGROW desde su tel\u00e9fono, tableta u ordenador.<br \/>\nUna serie de funciones de software y optimizaciones de visualizaci\u00f3n hacen de OPTAGROW el producto m\u00e1s potente de la gama ANJOU AUTOMATION.<\/p>\n","protected":false},"featured_media":96067,"template":"","meta":[],"product_brand":[],"product_cat":[227,228],"product_tag":[],"class_list":{"0":"post-96059","1":"product","2":"type-product","3":"status-publish","4":"has-post-thumbnail","6":"product_cat-clima-sensores","7":"product_cat-reguladores-climaticos","9":"first","10":"instock","11":"downloadable","12":"shipping-taxable","13":"purchasable","14":"product-type-simple"},"yoast_head":"<!-- This site is optimized with the Yoast SEO plugin v27.5 - https:\/\/yoast.com\/product\/yoast-seo-wordpress\/ -->\n<title>Optagrow - Anjou Automation<\/title>\n<meta name=\"robots\" content=\"index, follow, max-snippet:-1, max-image-preview:large, max-video-preview:-1\" \/>\n<link rel=\"canonical\" href=\"https:\/\/www.anjouautomation.com\/es\/produit\/optagrow\/\" \/>\n<meta property=\"og:locale\" content=\"es_ES\" \/>\n<meta property=\"og:type\" content=\"article\" \/>\n<meta property=\"og:title\" content=\"Optagrow - Anjou Automation\" \/>\n<meta property=\"og:description\" content=\"OPTAGROW es un ordenador de gesti\u00f3n centralizada del clima, de fertilizaci\u00f3n y riego y de calefacci\u00f3n para sus invernaderos hort\u00edcolas, huertas y de investigaci\u00f3n. Gracias a su sistema modular de tarjetas de entrada\/salida, puede ampliarse con el tiempo a medida que crezca su negocio. Su pantalla t\u00e1ctil en color facilita su uso y el acceso r\u00e1pido y sencillo a todos los datos. Tambi\u00e9n puede controlar el OPTAGROW desde su tel\u00e9fono, tableta u ordenador. Una serie de funciones de software y optimizaciones de visualizaci\u00f3n hacen de OPTAGROW el producto m\u00e1s potente de la gama ANJOU AUTOMATION.\" \/>\n<meta property=\"og:url\" content=\"https:\/\/www.anjouautomation.com\/es\/produit\/optagrow\/\" \/>\n<meta property=\"og:site_name\" content=\"Anjou Automation\" \/>\n<meta property=\"article:modified_time\" content=\"2025-12-10T14:28:41+00:00\" \/>\n<meta property=\"og:image\" content=\"https:\/\/www.anjouautomation.com\/wp-content\/uploads\/2025\/12\/CLI_Optagrow-scaled.jpg\" \/>\n\t<meta property=\"og:image:width\" content=\"2560\" \/>\n\t<meta property=\"og:image:height\" content=\"2210\" \/>\n\t<meta property=\"og:image:type\" content=\"image\/jpeg\" \/>\n<meta name=\"twitter:card\" content=\"summary_large_image\" \/>\n<meta name=\"twitter:label1\" content=\"Tiempo de lectura\" \/>\n\t<meta name=\"twitter:data1\" content=\"1 minuto\" \/>\n<script type=\"application\/ld+json\" class=\"yoast-schema-graph\">{\"@context\":\"https:\\\/\\\/schema.org\",\"@graph\":[{\"@type\":\"WebPage\",\"@id\":\"https:\\\/\\\/www.anjouautomation.com\\\/es\\\/produit\\\/optagrow\\\/\",\"url\":\"https:\\\/\\\/www.anjouautomation.com\\\/es\\\/produit\\\/optagrow\\\/\",\"name\":\"Optagrow - Anjou Automation\",\"isPartOf\":{\"@id\":\"https:\\\/\\\/www.anjouautomation.com\\\/es\\\/#website\"},\"primaryImageOfPage\":{\"@id\":\"https:\\\/\\\/www.anjouautomation.com\\\/es\\\/produit\\\/optagrow\\\/#primaryimage\"},\"image\":{\"@id\":\"https:\\\/\\\/www.anjouautomation.com\\\/es\\\/produit\\\/optagrow\\\/#primaryimage\"},\"thumbnailUrl\":\"https:\\\/\\\/www.anjouautomation.com\\\/wp-content\\\/uploads\\\/2025\\\/12\\\/CLI_Optagrow-scaled.jpg\",\"datePublished\":\"2025-12-10T12:59:41+00:00\",\"dateModified\":\"2025-12-10T14:28:41+00:00\",\"breadcrumb\":{\"@id\":\"https:\\\/\\\/www.anjouautomation.com\\\/es\\\/produit\\\/optagrow\\\/#breadcrumb\"},\"inLanguage\":\"es\",\"potentialAction\":[{\"@type\":\"ReadAction\",\"target\":[\"https:\\\/\\\/www.anjouautomation.com\\\/es\\\/produit\\\/optagrow\\\/\"]}]},{\"@type\":\"ImageObject\",\"inLanguage\":\"es\",\"@id\":\"https:\\\/\\\/www.anjouautomation.com\\\/es\\\/produit\\\/optagrow\\\/#primaryimage\",\"url\":\"https:\\\/\\\/www.anjouautomation.com\\\/wp-content\\\/uploads\\\/2025\\\/12\\\/CLI_Optagrow-scaled.jpg\",\"contentUrl\":\"https:\\\/\\\/www.anjouautomation.com\\\/wp-content\\\/uploads\\\/2025\\\/12\\\/CLI_Optagrow-scaled.jpg\",\"width\":2560,\"height\":2210},{\"@type\":\"BreadcrumbList\",\"@id\":\"https:\\\/\\\/www.anjouautomation.com\\\/es\\\/produit\\\/optagrow\\\/#breadcrumb\",\"itemListElement\":[{\"@type\":\"ListItem\",\"position\":1,\"name\":\"P\u00e1gina principal\",\"item\":\"https:\\\/\\\/www.anjouautomation.com\\\/es\\\/\"},{\"@type\":\"ListItem\",\"position\":2,\"name\":\"Productos\",\"item\":\"https:\\\/\\\/www.anjouautomation.com\\\/es\\\/tienda\\\/\"},{\"@type\":\"ListItem\",\"position\":3,\"name\":\"Clima \\\/ Sensores\",\"item\":\"https:\\\/\\\/www.anjouautomation.com\\\/es\\\/categorie-produit\\\/clima-sensores\\\/\"},{\"@type\":\"ListItem\",\"position\":4,\"name\":\"Optagrow\"}]},{\"@type\":\"WebSite\",\"@id\":\"https:\\\/\\\/www.anjouautomation.com\\\/es\\\/#website\",\"url\":\"https:\\\/\\\/www.anjouautomation.com\\\/es\\\/\",\"name\":\"Anjou Automation\",\"description\":\"\u00c9quipements de r\u00e9gulation et d&#039;automatisme\",\"publisher\":{\"@id\":\"https:\\\/\\\/www.anjouautomation.com\\\/es\\\/#organization\"},\"potentialAction\":[{\"@type\":\"SearchAction\",\"target\":{\"@type\":\"EntryPoint\",\"urlTemplate\":\"https:\\\/\\\/www.anjouautomation.com\\\/es\\\/?s={search_term_string}\"},\"query-input\":{\"@type\":\"PropertyValueSpecification\",\"valueRequired\":true,\"valueName\":\"search_term_string\"}}],\"inLanguage\":\"es\"},{\"@type\":\"Organization\",\"@id\":\"https:\\\/\\\/www.anjouautomation.com\\\/es\\\/#organization\",\"name\":\"Anjou Automation\",\"url\":\"https:\\\/\\\/www.anjouautomation.com\\\/es\\\/\",\"logo\":{\"@type\":\"ImageObject\",\"inLanguage\":\"es\",\"@id\":\"https:\\\/\\\/www.anjouautomation.com\\\/es\\\/#\\\/schema\\\/logo\\\/image\\\/\",\"url\":\"https:\\\/\\\/www.anjouautomation.com\\\/wp-content\\\/uploads\\\/2020\\\/05\\\/logo-anjou-automation.png\",\"contentUrl\":\"https:\\\/\\\/www.anjouautomation.com\\\/wp-content\\\/uploads\\\/2020\\\/05\\\/logo-anjou-automation.png\",\"width\":301,\"height\":66,\"caption\":\"Anjou Automation\"},\"image\":{\"@id\":\"https:\\\/\\\/www.anjouautomation.com\\\/es\\\/#\\\/schema\\\/logo\\\/image\\\/\"}}]}<\/script>\n<!-- \/ Yoast SEO plugin. -->","yoast_head_json":{"title":"Optagrow - Anjou Automation","robots":{"index":"index","follow":"follow","max-snippet":"max-snippet:-1","max-image-preview":"max-image-preview:large","max-video-preview":"max-video-preview:-1"},"canonical":"https:\/\/www.anjouautomation.com\/es\/produit\/optagrow\/","og_locale":"es_ES","og_type":"article","og_title":"Optagrow - Anjou Automation","og_description":"OPTAGROW es un ordenador de gesti\u00f3n centralizada del clima, de fertilizaci\u00f3n y riego y de calefacci\u00f3n para sus invernaderos hort\u00edcolas, huertas y de investigaci\u00f3n. Gracias a su sistema modular de tarjetas de entrada\/salida, puede ampliarse con el tiempo a medida que crezca su negocio. Su pantalla t\u00e1ctil en color facilita su uso y el acceso r\u00e1pido y sencillo a todos los datos. Tambi\u00e9n puede controlar el OPTAGROW desde su tel\u00e9fono, tableta u ordenador. Una serie de funciones de software y optimizaciones de visualizaci\u00f3n hacen de OPTAGROW el producto m\u00e1s potente de la gama ANJOU AUTOMATION.","og_url":"https:\/\/www.anjouautomation.com\/es\/produit\/optagrow\/","og_site_name":"Anjou Automation","article_modified_time":"2025-12-10T14:28:41+00:00","og_image":[{"width":2560,"height":2210,"url":"https:\/\/www.anjouautomation.com\/wp-content\/uploads\/2025\/12\/CLI_Optagrow-scaled.jpg","type":"image\/jpeg"}],"twitter_card":"summary_large_image","twitter_misc":{"Tiempo de lectura":"1 minuto"},"schema":{"@context":"https:\/\/schema.org","@graph":[{"@type":"WebPage","@id":"https:\/\/www.anjouautomation.com\/es\/produit\/optagrow\/","url":"https:\/\/www.anjouautomation.com\/es\/produit\/optagrow\/","name":"Optagrow - Anjou Automation","isPartOf":{"@id":"https:\/\/www.anjouautomation.com\/es\/#website"},"primaryImageOfPage":{"@id":"https:\/\/www.anjouautomation.com\/es\/produit\/optagrow\/#primaryimage"},"image":{"@id":"https:\/\/www.anjouautomation.com\/es\/produit\/optagrow\/#primaryimage"},"thumbnailUrl":"https:\/\/www.anjouautomation.com\/wp-content\/uploads\/2025\/12\/CLI_Optagrow-scaled.jpg","datePublished":"2025-12-10T12:59:41+00:00","dateModified":"2025-12-10T14:28:41+00:00","breadcrumb":{"@id":"https:\/\/www.anjouautomation.com\/es\/produit\/optagrow\/#breadcrumb"},"inLanguage":"es","potentialAction":[{"@type":"ReadAction","target":["https:\/\/www.anjouautomation.com\/es\/produit\/optagrow\/"]}]},{"@type":"ImageObject","inLanguage":"es","@id":"https:\/\/www.anjouautomation.com\/es\/produit\/optagrow\/#primaryimage","url":"https:\/\/www.anjouautomation.com\/wp-content\/uploads\/2025\/12\/CLI_Optagrow-scaled.jpg","contentUrl":"https:\/\/www.anjouautomation.com\/wp-content\/uploads\/2025\/12\/CLI_Optagrow-scaled.jpg","width":2560,"height":2210},{"@type":"BreadcrumbList","@id":"https:\/\/www.anjouautomation.com\/es\/produit\/optagrow\/#breadcrumb","itemListElement":[{"@type":"ListItem","position":1,"name":"P\u00e1gina principal","item":"https:\/\/www.anjouautomation.com\/es\/"},{"@type":"ListItem","position":2,"name":"Productos","item":"https:\/\/www.anjouautomation.com\/es\/tienda\/"},{"@type":"ListItem","position":3,"name":"Clima \/ Sensores","item":"https:\/\/www.anjouautomation.com\/es\/categorie-produit\/clima-sensores\/"},{"@type":"ListItem","position":4,"name":"Optagrow"}]},{"@type":"WebSite","@id":"https:\/\/www.anjouautomation.com\/es\/#website","url":"https:\/\/www.anjouautomation.com\/es\/","name":"Anjou Automation","description":"\u00c9quipements de r\u00e9gulation et d&#039;automatisme","publisher":{"@id":"https:\/\/www.anjouautomation.com\/es\/#organization"},"potentialAction":[{"@type":"SearchAction","target":{"@type":"EntryPoint","urlTemplate":"https:\/\/www.anjouautomation.com\/es\/?s={search_term_string}"},"query-input":{"@type":"PropertyValueSpecification","valueRequired":true,"valueName":"search_term_string"}}],"inLanguage":"es"},{"@type":"Organization","@id":"https:\/\/www.anjouautomation.com\/es\/#organization","name":"Anjou Automation","url":"https:\/\/www.anjouautomation.com\/es\/","logo":{"@type":"ImageObject","inLanguage":"es","@id":"https:\/\/www.anjouautomation.com\/es\/#\/schema\/logo\/image\/","url":"https:\/\/www.anjouautomation.com\/wp-content\/uploads\/2020\/05\/logo-anjou-automation.png","contentUrl":"https:\/\/www.anjouautomation.com\/wp-content\/uploads\/2020\/05\/logo-anjou-automation.png","width":301,"height":66,"caption":"Anjou Automation"},"image":{"@id":"https:\/\/www.anjouautomation.com\/es\/#\/schema\/logo\/image\/"}}]}},"_links":{"self":[{"href":"https:\/\/www.anjouautomation.com\/es\/wp-json\/wp\/v2\/product\/96059","targetHints":{"allow":["GET"]}}],"collection":[{"href":"https:\/\/www.anjouautomation.com\/es\/wp-json\/wp\/v2\/product"}],"about":[{"href":"https:\/\/www.anjouautomation.com\/es\/wp-json\/wp\/v2\/types\/product"}],"wp:featuredmedia":[{"embeddable":true,"href":"https:\/\/www.anjouautomation.com\/es\/wp-json\/wp\/v2\/media\/96067"}],"wp:attachment":[{"href":"https:\/\/www.anjouautomation.com\/es\/wp-json\/wp\/v2\/media?parent=96059"}],"wp:term":[{"taxonomy":"product_brand","embeddable":true,"href":"https:\/\/www.anjouautomation.com\/es\/wp-json\/wp\/v2\/product_brand?post=96059"},{"taxonomy":"product_cat","embeddable":true,"href":"https:\/\/www.anjouautomation.com\/es\/wp-json\/wp\/v2\/product_cat?post=96059"},{"taxonomy":"product_tag","embeddable":true,"href":"https:\/\/www.anjouautomation.com\/es\/wp-json\/wp\/v2\/product_tag?post=96059"}],"curies":[{"name":"wp","href":"https:\/\/api.w.org\/{rel}","templated":true}]}}