{"id":87622,"date":"2020-05-19T15:12:05","date_gmt":"2020-05-19T13:12:05","guid":{"rendered":"https:\/\/www.anjouautomation.com\/produit\/motorreductor-de-ventilacion-caballete-sombreado\/"},"modified":"2026-01-14T11:44:30","modified_gmt":"2026-01-14T10:44:30","slug":"motorreductor-de-ventilacion-caballete-sombreado","status":"publish","type":"product","link":"https:\/\/www.anjouautomation.com\/es\/produit\/motorreductor-de-ventilacion-caballete-sombreado\/","title":{"rendered":"Anjou original drive (AOD): en cumbrera y sombra"},"content":{"rendered":"","protected":false},"excerpt":{"rendered":"<ul>\n<li>Construcci\u00f3n estanca en c\u00e1rter de aluminio<\/li>\n<li>Irreversible a la carga<\/li>\n<li>Reparaci\u00f3n manual en motor el\u00e9ctrico<\/li>\n<li>Fin de carrera estanca ajustable sin herramientas<\/li>\n<li>Control de inversi\u00f3n de fases (con opci\u00f3n MISSI)<\/li>\n<li>Carrera \u00fatil fin de carrera de 33 revoluciones para apertura y 100 revoluciones para sombra,<\/li>\n<li>Acoplamiento a cadena tubular \u00d832 o \u00d834,<\/li>\n<li>Dos fijaciones posibles: lateral y posterior<\/li>\n<li>Funcionamiento silencioso<\/li>\n<li>Ubicaci\u00f3n reservada para integraci\u00f3n de la gama MISSI AA<\/li>\n<\/ul>\n","protected":false},"featured_media":84077,"template":"","meta":[],"product_brand":[],"product_cat":[341,233,237],"product_tag":[],"class_list":{"0":"post-87622","1":"product","2":"type-product","3":"status-publish","4":"has-post-thumbnail","6":"product_cat-motorreductores-ventilacion-de-cumbrera-sombra","7":"product_cat-mecanizacion","8":"product_cat-motorreductores","10":"first","11":"instock","12":"downloadable","13":"shipping-taxable","14":"purchasable","15":"product-type-simple"},"yoast_head":"<!-- This site is optimized with the Yoast SEO plugin v27.5 - https:\/\/yoast.com\/product\/yoast-seo-wordpress\/ -->\n<title>Anjou original drive (AOD): en cumbrera y sombra - Anjou Automation<\/title>\n<meta name=\"robots\" content=\"index, follow, max-snippet:-1, max-image-preview:large, max-video-preview:-1\" \/>\n<link rel=\"canonical\" href=\"https:\/\/www.anjouautomation.com\/es\/produit\/motorreductor-de-ventilacion-caballete-sombreado\/\" \/>\n<meta property=\"og:locale\" content=\"es_ES\" \/>\n<meta property=\"og:type\" content=\"article\" \/>\n<meta property=\"og:title\" content=\"Anjou original drive (AOD): en cumbrera y sombra - Anjou Automation\" \/>\n<meta property=\"og:description\" content=\"Construcci\u00f3n estanca en c\u00e1rter de aluminio  Irreversible a la carga  Reparaci\u00f3n manual en motor el\u00e9ctrico  Fin de carrera estanca ajustable sin herramientas  Control de inversi\u00f3n de fases (con opci\u00f3n MISSI)  Carrera \u00fatil fin de carrera de 33 revoluciones para apertura y 100 revoluciones para sombra,  Acoplamiento a cadena tubular \u00d832 o \u00d834,  Dos fijaciones posibles: lateral y posterior  Funcionamiento silencioso  Ubicaci\u00f3n reservada para integraci\u00f3n de la gama MISSI AA\" \/>\n<meta property=\"og:url\" content=\"https:\/\/www.anjouautomation.com\/es\/produit\/motorreductor-de-ventilacion-caballete-sombreado\/\" \/>\n<meta property=\"og:site_name\" content=\"Anjou Automation\" \/>\n<meta property=\"article:modified_time\" content=\"2026-01-14T10:44:30+00:00\" \/>\n<meta property=\"og:image\" content=\"https:\/\/www.anjouautomation.com\/wp-content\/uploads\/2020\/05\/mec-1400.jpg\" \/>\n\t<meta property=\"og:image:width\" content=\"800\" \/>\n\t<meta property=\"og:image:height\" content=\"800\" \/>\n\t<meta property=\"og:image:type\" content=\"image\/jpeg\" \/>\n<meta name=\"twitter:card\" content=\"summary_large_image\" \/>\n<script type=\"application\/ld+json\" class=\"yoast-schema-graph\">{\"@context\":\"https:\\\/\\\/schema.org\",\"@graph\":[{\"@type\":\"WebPage\",\"@id\":\"https:\\\/\\\/www.anjouautomation.com\\\/es\\\/produit\\\/motorreductor-de-ventilacion-caballete-sombreado\\\/\",\"url\":\"https:\\\/\\\/www.anjouautomation.com\\\/es\\\/produit\\\/motorreductor-de-ventilacion-caballete-sombreado\\\/\",\"name\":\"Anjou original drive (AOD): en cumbrera y sombra - Anjou Automation\",\"isPartOf\":{\"@id\":\"https:\\\/\\\/www.anjouautomation.com\\\/es\\\/#website\"},\"primaryImageOfPage\":{\"@id\":\"https:\\\/\\\/www.anjouautomation.com\\\/es\\\/produit\\\/motorreductor-de-ventilacion-caballete-sombreado\\\/#primaryimage\"},\"image\":{\"@id\":\"https:\\\/\\\/www.anjouautomation.com\\\/es\\\/produit\\\/motorreductor-de-ventilacion-caballete-sombreado\\\/#primaryimage\"},\"thumbnailUrl\":\"https:\\\/\\\/www.anjouautomation.com\\\/wp-content\\\/uploads\\\/2020\\\/05\\\/mec-1400.jpg\",\"datePublished\":\"2020-05-19T13:12:05+00:00\",\"dateModified\":\"2026-01-14T10:44:30+00:00\",\"breadcrumb\":{\"@id\":\"https:\\\/\\\/www.anjouautomation.com\\\/es\\\/produit\\\/motorreductor-de-ventilacion-caballete-sombreado\\\/#breadcrumb\"},\"inLanguage\":\"es\",\"potentialAction\":[{\"@type\":\"ReadAction\",\"target\":[\"https:\\\/\\\/www.anjouautomation.com\\\/es\\\/produit\\\/motorreductor-de-ventilacion-caballete-sombreado\\\/\"]}]},{\"@type\":\"ImageObject\",\"inLanguage\":\"es\",\"@id\":\"https:\\\/\\\/www.anjouautomation.com\\\/es\\\/produit\\\/motorreductor-de-ventilacion-caballete-sombreado\\\/#primaryimage\",\"url\":\"https:\\\/\\\/www.anjouautomation.com\\\/wp-content\\\/uploads\\\/2020\\\/05\\\/mec-1400.jpg\",\"contentUrl\":\"https:\\\/\\\/www.anjouautomation.com\\\/wp-content\\\/uploads\\\/2020\\\/05\\\/mec-1400.jpg\",\"width\":800,\"height\":800,\"caption\":\"MEC 1400\"},{\"@type\":\"BreadcrumbList\",\"@id\":\"https:\\\/\\\/www.anjouautomation.com\\\/es\\\/produit\\\/motorreductor-de-ventilacion-caballete-sombreado\\\/#breadcrumb\",\"itemListElement\":[{\"@type\":\"ListItem\",\"position\":1,\"name\":\"P\u00e1gina principal\",\"item\":\"https:\\\/\\\/www.anjouautomation.com\\\/es\\\/\"},{\"@type\":\"ListItem\",\"position\":2,\"name\":\"Productos\",\"item\":\"https:\\\/\\\/www.anjouautomation.com\\\/es\\\/tienda\\\/\"},{\"@type\":\"ListItem\",\"position\":3,\"name\":\"Mecanizaci\u00f3n\",\"item\":\"https:\\\/\\\/www.anjouautomation.com\\\/es\\\/categorie-produit\\\/mecanizacion\\\/\"},{\"@type\":\"ListItem\",\"position\":4,\"name\":\"Anjou original drive (AOD): en cumbrera y sombra\"}]},{\"@type\":\"WebSite\",\"@id\":\"https:\\\/\\\/www.anjouautomation.com\\\/es\\\/#website\",\"url\":\"https:\\\/\\\/www.anjouautomation.com\\\/es\\\/\",\"name\":\"Anjou Automation\",\"description\":\"\u00c9quipements de r\u00e9gulation et d&#039;automatisme\",\"publisher\":{\"@id\":\"https:\\\/\\\/www.anjouautomation.com\\\/es\\\/#organization\"},\"potentialAction\":[{\"@type\":\"SearchAction\",\"target\":{\"@type\":\"EntryPoint\",\"urlTemplate\":\"https:\\\/\\\/www.anjouautomation.com\\\/es\\\/?s={search_term_string}\"},\"query-input\":{\"@type\":\"PropertyValueSpecification\",\"valueRequired\":true,\"valueName\":\"search_term_string\"}}],\"inLanguage\":\"es\"},{\"@type\":\"Organization\",\"@id\":\"https:\\\/\\\/www.anjouautomation.com\\\/es\\\/#organization\",\"name\":\"Anjou Automation\",\"url\":\"https:\\\/\\\/www.anjouautomation.com\\\/es\\\/\",\"logo\":{\"@type\":\"ImageObject\",\"inLanguage\":\"es\",\"@id\":\"https:\\\/\\\/www.anjouautomation.com\\\/es\\\/#\\\/schema\\\/logo\\\/image\\\/\",\"url\":\"https:\\\/\\\/www.anjouautomation.com\\\/wp-content\\\/uploads\\\/2020\\\/05\\\/logo-anjou-automation.png\",\"contentUrl\":\"https:\\\/\\\/www.anjouautomation.com\\\/wp-content\\\/uploads\\\/2020\\\/05\\\/logo-anjou-automation.png\",\"width\":301,\"height\":66,\"caption\":\"Anjou Automation\"},\"image\":{\"@id\":\"https:\\\/\\\/www.anjouautomation.com\\\/es\\\/#\\\/schema\\\/logo\\\/image\\\/\"}}]}<\/script>\n<!-- \/ Yoast SEO plugin. -->","yoast_head_json":{"title":"Anjou original drive (AOD): en cumbrera y sombra - Anjou Automation","robots":{"index":"index","follow":"follow","max-snippet":"max-snippet:-1","max-image-preview":"max-image-preview:large","max-video-preview":"max-video-preview:-1"},"canonical":"https:\/\/www.anjouautomation.com\/es\/produit\/motorreductor-de-ventilacion-caballete-sombreado\/","og_locale":"es_ES","og_type":"article","og_title":"Anjou original drive (AOD): en cumbrera y sombra - Anjou Automation","og_description":"Construcci\u00f3n estanca en c\u00e1rter de aluminio  Irreversible a la carga  Reparaci\u00f3n manual en motor el\u00e9ctrico  Fin de carrera estanca ajustable sin herramientas  Control de inversi\u00f3n de fases (con opci\u00f3n MISSI)  Carrera \u00fatil fin de carrera de 33 revoluciones para apertura y 100 revoluciones para sombra,  Acoplamiento a cadena tubular \u00d832 o \u00d834,  Dos fijaciones posibles: lateral y posterior  Funcionamiento silencioso  Ubicaci\u00f3n reservada para integraci\u00f3n de la gama MISSI AA","og_url":"https:\/\/www.anjouautomation.com\/es\/produit\/motorreductor-de-ventilacion-caballete-sombreado\/","og_site_name":"Anjou Automation","article_modified_time":"2026-01-14T10:44:30+00:00","og_image":[{"width":800,"height":800,"url":"https:\/\/www.anjouautomation.com\/wp-content\/uploads\/2020\/05\/mec-1400.jpg","type":"image\/jpeg"}],"twitter_card":"summary_large_image","schema":{"@context":"https:\/\/schema.org","@graph":[{"@type":"WebPage","@id":"https:\/\/www.anjouautomation.com\/es\/produit\/motorreductor-de-ventilacion-caballete-sombreado\/","url":"https:\/\/www.anjouautomation.com\/es\/produit\/motorreductor-de-ventilacion-caballete-sombreado\/","name":"Anjou original drive (AOD): en cumbrera y sombra - Anjou Automation","isPartOf":{"@id":"https:\/\/www.anjouautomation.com\/es\/#website"},"primaryImageOfPage":{"@id":"https:\/\/www.anjouautomation.com\/es\/produit\/motorreductor-de-ventilacion-caballete-sombreado\/#primaryimage"},"image":{"@id":"https:\/\/www.anjouautomation.com\/es\/produit\/motorreductor-de-ventilacion-caballete-sombreado\/#primaryimage"},"thumbnailUrl":"https:\/\/www.anjouautomation.com\/wp-content\/uploads\/2020\/05\/mec-1400.jpg","datePublished":"2020-05-19T13:12:05+00:00","dateModified":"2026-01-14T10:44:30+00:00","breadcrumb":{"@id":"https:\/\/www.anjouautomation.com\/es\/produit\/motorreductor-de-ventilacion-caballete-sombreado\/#breadcrumb"},"inLanguage":"es","potentialAction":[{"@type":"ReadAction","target":["https:\/\/www.anjouautomation.com\/es\/produit\/motorreductor-de-ventilacion-caballete-sombreado\/"]}]},{"@type":"ImageObject","inLanguage":"es","@id":"https:\/\/www.anjouautomation.com\/es\/produit\/motorreductor-de-ventilacion-caballete-sombreado\/#primaryimage","url":"https:\/\/www.anjouautomation.com\/wp-content\/uploads\/2020\/05\/mec-1400.jpg","contentUrl":"https:\/\/www.anjouautomation.com\/wp-content\/uploads\/2020\/05\/mec-1400.jpg","width":800,"height":800,"caption":"MEC 1400"},{"@type":"BreadcrumbList","@id":"https:\/\/www.anjouautomation.com\/es\/produit\/motorreductor-de-ventilacion-caballete-sombreado\/#breadcrumb","itemListElement":[{"@type":"ListItem","position":1,"name":"P\u00e1gina principal","item":"https:\/\/www.anjouautomation.com\/es\/"},{"@type":"ListItem","position":2,"name":"Productos","item":"https:\/\/www.anjouautomation.com\/es\/tienda\/"},{"@type":"ListItem","position":3,"name":"Mecanizaci\u00f3n","item":"https:\/\/www.anjouautomation.com\/es\/categorie-produit\/mecanizacion\/"},{"@type":"ListItem","position":4,"name":"Anjou original drive (AOD): en cumbrera y sombra"}]},{"@type":"WebSite","@id":"https:\/\/www.anjouautomation.com\/es\/#website","url":"https:\/\/www.anjouautomation.com\/es\/","name":"Anjou Automation","description":"\u00c9quipements de r\u00e9gulation et d&#039;automatisme","publisher":{"@id":"https:\/\/www.anjouautomation.com\/es\/#organization"},"potentialAction":[{"@type":"SearchAction","target":{"@type":"EntryPoint","urlTemplate":"https:\/\/www.anjouautomation.com\/es\/?s={search_term_string}"},"query-input":{"@type":"PropertyValueSpecification","valueRequired":true,"valueName":"search_term_string"}}],"inLanguage":"es"},{"@type":"Organization","@id":"https:\/\/www.anjouautomation.com\/es\/#organization","name":"Anjou Automation","url":"https:\/\/www.anjouautomation.com\/es\/","logo":{"@type":"ImageObject","inLanguage":"es","@id":"https:\/\/www.anjouautomation.com\/es\/#\/schema\/logo\/image\/","url":"https:\/\/www.anjouautomation.com\/wp-content\/uploads\/2020\/05\/logo-anjou-automation.png","contentUrl":"https:\/\/www.anjouautomation.com\/wp-content\/uploads\/2020\/05\/logo-anjou-automation.png","width":301,"height":66,"caption":"Anjou Automation"},"image":{"@id":"https:\/\/www.anjouautomation.com\/es\/#\/schema\/logo\/image\/"}}]}},"_links":{"self":[{"href":"https:\/\/www.anjouautomation.com\/es\/wp-json\/wp\/v2\/product\/87622","targetHints":{"allow":["GET"]}}],"collection":[{"href":"https:\/\/www.anjouautomation.com\/es\/wp-json\/wp\/v2\/product"}],"about":[{"href":"https:\/\/www.anjouautomation.com\/es\/wp-json\/wp\/v2\/types\/product"}],"wp:featuredmedia":[{"embeddable":true,"href":"https:\/\/www.anjouautomation.com\/es\/wp-json\/wp\/v2\/media\/84077"}],"wp:attachment":[{"href":"https:\/\/www.anjouautomation.com\/es\/wp-json\/wp\/v2\/media?parent=87622"}],"wp:term":[{"taxonomy":"product_brand","embeddable":true,"href":"https:\/\/www.anjouautomation.com\/es\/wp-json\/wp\/v2\/product_brand?post=87622"},{"taxonomy":"product_cat","embeddable":true,"href":"https:\/\/www.anjouautomation.com\/es\/wp-json\/wp\/v2\/product_cat?post=87622"},{"taxonomy":"product_tag","embeddable":true,"href":"https:\/\/www.anjouautomation.com\/es\/wp-json\/wp\/v2\/product_tag?post=87622"}],"curies":[{"name":"wp","href":"https:\/\/api.w.org\/{rel}","templated":true}]}}