{"id":87605,"date":"2020-05-19T10:17:20","date_gmt":"2020-05-19T08:17:20","guid":{"rendered":"https:\/\/www.anjouautomation.com\/produit\/estacion-de-by-pass\/"},"modified":"2026-01-07T11:19:53","modified_gmt":"2026-01-07T10:19:53","slug":"estacion-de-by-pass","status":"publish","type":"product","link":"https:\/\/www.anjouautomation.com\/es\/produit\/estacion-de-by-pass\/","title":{"rendered":"Estaci\u00f3n de By-Pass"},"content":{"rendered":"","protected":false},"excerpt":{"rendered":"<p>\u2022 La estaci\u00f3n ANJOU FERTIL BY-PASS es una central de inyecci\u00f3n de fertilizante \/ \u00e1cido id\u00f3nea para grandes caudales: hasta 100m3\/h.<\/p>\n<p>\u2022 Esta estaci\u00f3n puede controlarse con el programador Oscar o con el regulador Artic.<\/p>\n<p>\u2022 La configuraci\u00f3n est\u00e1ndar es de dos l\u00edneas de inyecci\u00f3n de fertilizante + una l\u00ednea de inyecci\u00f3n de \u00e1cido. No obstante, puede ampliarse hasta 4 l\u00edneas de inyecci\u00f3n.<\/p>\n","protected":false},"featured_media":96377,"template":"","meta":[],"product_brand":[],"product_cat":[229,231],"product_tag":[],"class_list":{"0":"post-87605","1":"product","2":"type-product","3":"status-publish","4":"has-post-thumbnail","6":"product_cat-riego","7":"product_cat-estacion-de-fertilizacion","9":"first","10":"instock","11":"downloadable","12":"shipping-taxable","13":"purchasable","14":"product-type-simple"},"yoast_head":"<!-- This site is optimized with the Yoast SEO plugin v27.4 - https:\/\/yoast.com\/product\/yoast-seo-wordpress\/ -->\n<title>Estaci\u00f3n de By-Pass - Anjou Automation<\/title>\n<meta name=\"robots\" content=\"index, follow, max-snippet:-1, max-image-preview:large, max-video-preview:-1\" \/>\n<link rel=\"canonical\" href=\"https:\/\/www.anjouautomation.com\/es\/produit\/estacion-de-by-pass\/\" \/>\n<meta property=\"og:locale\" content=\"es_ES\" \/>\n<meta property=\"og:type\" content=\"article\" \/>\n<meta property=\"og:title\" content=\"Estaci\u00f3n de By-Pass - Anjou Automation\" \/>\n<meta property=\"og:description\" content=\"\u2022 La estaci\u00f3n ANJOU FERTIL BY-PASS es una central de inyecci\u00f3n de fertilizante \/ \u00e1cido id\u00f3nea para grandes caudales: hasta 100m3\/h.  \u2022 Esta estaci\u00f3n puede controlarse con el programador Oscar o con el regulador Artic.  \u2022 La configuraci\u00f3n est\u00e1ndar es de dos l\u00edneas de inyecci\u00f3n de fertilizante + una l\u00ednea de inyecci\u00f3n de \u00e1cido. No obstante, puede ampliarse hasta 4 l\u00edneas de inyecci\u00f3n.\" \/>\n<meta property=\"og:url\" content=\"https:\/\/www.anjouautomation.com\/es\/produit\/estacion-de-by-pass\/\" \/>\n<meta property=\"og:site_name\" content=\"Anjou Automation\" \/>\n<meta property=\"article:modified_time\" content=\"2026-01-07T10:19:53+00:00\" \/>\n<meta property=\"og:image\" content=\"https:\/\/www.anjouautomation.com\/wp-content\/uploads\/2020\/05\/Station-by-pass.png\" \/>\n\t<meta property=\"og:image:width\" content=\"334\" \/>\n\t<meta property=\"og:image:height\" content=\"335\" \/>\n\t<meta property=\"og:image:type\" content=\"image\/png\" \/>\n<meta name=\"twitter:card\" content=\"summary_large_image\" \/>\n<script type=\"application\/ld+json\" class=\"yoast-schema-graph\">{\"@context\":\"https:\\\/\\\/schema.org\",\"@graph\":[{\"@type\":\"WebPage\",\"@id\":\"https:\\\/\\\/www.anjouautomation.com\\\/es\\\/produit\\\/estacion-de-by-pass\\\/\",\"url\":\"https:\\\/\\\/www.anjouautomation.com\\\/es\\\/produit\\\/estacion-de-by-pass\\\/\",\"name\":\"Estaci\u00f3n de By-Pass - Anjou Automation\",\"isPartOf\":{\"@id\":\"https:\\\/\\\/www.anjouautomation.com\\\/es\\\/#website\"},\"primaryImageOfPage\":{\"@id\":\"https:\\\/\\\/www.anjouautomation.com\\\/es\\\/produit\\\/estacion-de-by-pass\\\/#primaryimage\"},\"image\":{\"@id\":\"https:\\\/\\\/www.anjouautomation.com\\\/es\\\/produit\\\/estacion-de-by-pass\\\/#primaryimage\"},\"thumbnailUrl\":\"https:\\\/\\\/www.anjouautomation.com\\\/wp-content\\\/uploads\\\/2020\\\/05\\\/Station-by-pass.png\",\"datePublished\":\"2020-05-19T08:17:20+00:00\",\"dateModified\":\"2026-01-07T10:19:53+00:00\",\"breadcrumb\":{\"@id\":\"https:\\\/\\\/www.anjouautomation.com\\\/es\\\/produit\\\/estacion-de-by-pass\\\/#breadcrumb\"},\"inLanguage\":\"es\",\"potentialAction\":[{\"@type\":\"ReadAction\",\"target\":[\"https:\\\/\\\/www.anjouautomation.com\\\/es\\\/produit\\\/estacion-de-by-pass\\\/\"]}]},{\"@type\":\"ImageObject\",\"inLanguage\":\"es\",\"@id\":\"https:\\\/\\\/www.anjouautomation.com\\\/es\\\/produit\\\/estacion-de-by-pass\\\/#primaryimage\",\"url\":\"https:\\\/\\\/www.anjouautomation.com\\\/wp-content\\\/uploads\\\/2020\\\/05\\\/Station-by-pass.png\",\"contentUrl\":\"https:\\\/\\\/www.anjouautomation.com\\\/wp-content\\\/uploads\\\/2020\\\/05\\\/Station-by-pass.png\",\"width\":334,\"height\":335},{\"@type\":\"BreadcrumbList\",\"@id\":\"https:\\\/\\\/www.anjouautomation.com\\\/es\\\/produit\\\/estacion-de-by-pass\\\/#breadcrumb\",\"itemListElement\":[{\"@type\":\"ListItem\",\"position\":1,\"name\":\"P\u00e1gina principal\",\"item\":\"https:\\\/\\\/www.anjouautomation.com\\\/es\\\/\"},{\"@type\":\"ListItem\",\"position\":2,\"name\":\"Productos\",\"item\":\"https:\\\/\\\/www.anjouautomation.com\\\/es\\\/tienda\\\/\"},{\"@type\":\"ListItem\",\"position\":3,\"name\":\"Riego\",\"item\":\"https:\\\/\\\/www.anjouautomation.com\\\/es\\\/categorie-produit\\\/riego\\\/\"},{\"@type\":\"ListItem\",\"position\":4,\"name\":\"Estacion de Fertilizacion\",\"item\":\"https:\\\/\\\/www.anjouautomation.com\\\/es\\\/categorie-produit\\\/riego\\\/estacion-de-fertilizacion\\\/\"},{\"@type\":\"ListItem\",\"position\":5,\"name\":\"Estaci\u00f3n de By-Pass\"}]},{\"@type\":\"WebSite\",\"@id\":\"https:\\\/\\\/www.anjouautomation.com\\\/es\\\/#website\",\"url\":\"https:\\\/\\\/www.anjouautomation.com\\\/es\\\/\",\"name\":\"Anjou Automation\",\"description\":\"\u00c9quipements de r\u00e9gulation et d&#039;automatisme\",\"publisher\":{\"@id\":\"https:\\\/\\\/www.anjouautomation.com\\\/es\\\/#organization\"},\"potentialAction\":[{\"@type\":\"SearchAction\",\"target\":{\"@type\":\"EntryPoint\",\"urlTemplate\":\"https:\\\/\\\/www.anjouautomation.com\\\/es\\\/?s={search_term_string}\"},\"query-input\":{\"@type\":\"PropertyValueSpecification\",\"valueRequired\":true,\"valueName\":\"search_term_string\"}}],\"inLanguage\":\"es\"},{\"@type\":\"Organization\",\"@id\":\"https:\\\/\\\/www.anjouautomation.com\\\/es\\\/#organization\",\"name\":\"Anjou Automation\",\"url\":\"https:\\\/\\\/www.anjouautomation.com\\\/es\\\/\",\"logo\":{\"@type\":\"ImageObject\",\"inLanguage\":\"es\",\"@id\":\"https:\\\/\\\/www.anjouautomation.com\\\/es\\\/#\\\/schema\\\/logo\\\/image\\\/\",\"url\":\"https:\\\/\\\/www.anjouautomation.com\\\/wp-content\\\/uploads\\\/2020\\\/05\\\/logo-anjou-automation.png\",\"contentUrl\":\"https:\\\/\\\/www.anjouautomation.com\\\/wp-content\\\/uploads\\\/2020\\\/05\\\/logo-anjou-automation.png\",\"width\":301,\"height\":66,\"caption\":\"Anjou Automation\"},\"image\":{\"@id\":\"https:\\\/\\\/www.anjouautomation.com\\\/es\\\/#\\\/schema\\\/logo\\\/image\\\/\"}}]}<\/script>\n<!-- \/ Yoast SEO plugin. -->","yoast_head_json":{"title":"Estaci\u00f3n de By-Pass - Anjou Automation","robots":{"index":"index","follow":"follow","max-snippet":"max-snippet:-1","max-image-preview":"max-image-preview:large","max-video-preview":"max-video-preview:-1"},"canonical":"https:\/\/www.anjouautomation.com\/es\/produit\/estacion-de-by-pass\/","og_locale":"es_ES","og_type":"article","og_title":"Estaci\u00f3n de By-Pass - Anjou Automation","og_description":"\u2022 La estaci\u00f3n ANJOU FERTIL BY-PASS es una central de inyecci\u00f3n de fertilizante \/ \u00e1cido id\u00f3nea para grandes caudales: hasta 100m3\/h.  \u2022 Esta estaci\u00f3n puede controlarse con el programador Oscar o con el regulador Artic.  \u2022 La configuraci\u00f3n est\u00e1ndar es de dos l\u00edneas de inyecci\u00f3n de fertilizante + una l\u00ednea de inyecci\u00f3n de \u00e1cido. No obstante, puede ampliarse hasta 4 l\u00edneas de inyecci\u00f3n.","og_url":"https:\/\/www.anjouautomation.com\/es\/produit\/estacion-de-by-pass\/","og_site_name":"Anjou Automation","article_modified_time":"2026-01-07T10:19:53+00:00","og_image":[{"width":334,"height":335,"url":"https:\/\/www.anjouautomation.com\/wp-content\/uploads\/2020\/05\/Station-by-pass.png","type":"image\/png"}],"twitter_card":"summary_large_image","schema":{"@context":"https:\/\/schema.org","@graph":[{"@type":"WebPage","@id":"https:\/\/www.anjouautomation.com\/es\/produit\/estacion-de-by-pass\/","url":"https:\/\/www.anjouautomation.com\/es\/produit\/estacion-de-by-pass\/","name":"Estaci\u00f3n de By-Pass - Anjou Automation","isPartOf":{"@id":"https:\/\/www.anjouautomation.com\/es\/#website"},"primaryImageOfPage":{"@id":"https:\/\/www.anjouautomation.com\/es\/produit\/estacion-de-by-pass\/#primaryimage"},"image":{"@id":"https:\/\/www.anjouautomation.com\/es\/produit\/estacion-de-by-pass\/#primaryimage"},"thumbnailUrl":"https:\/\/www.anjouautomation.com\/wp-content\/uploads\/2020\/05\/Station-by-pass.png","datePublished":"2020-05-19T08:17:20+00:00","dateModified":"2026-01-07T10:19:53+00:00","breadcrumb":{"@id":"https:\/\/www.anjouautomation.com\/es\/produit\/estacion-de-by-pass\/#breadcrumb"},"inLanguage":"es","potentialAction":[{"@type":"ReadAction","target":["https:\/\/www.anjouautomation.com\/es\/produit\/estacion-de-by-pass\/"]}]},{"@type":"ImageObject","inLanguage":"es","@id":"https:\/\/www.anjouautomation.com\/es\/produit\/estacion-de-by-pass\/#primaryimage","url":"https:\/\/www.anjouautomation.com\/wp-content\/uploads\/2020\/05\/Station-by-pass.png","contentUrl":"https:\/\/www.anjouautomation.com\/wp-content\/uploads\/2020\/05\/Station-by-pass.png","width":334,"height":335},{"@type":"BreadcrumbList","@id":"https:\/\/www.anjouautomation.com\/es\/produit\/estacion-de-by-pass\/#breadcrumb","itemListElement":[{"@type":"ListItem","position":1,"name":"P\u00e1gina principal","item":"https:\/\/www.anjouautomation.com\/es\/"},{"@type":"ListItem","position":2,"name":"Productos","item":"https:\/\/www.anjouautomation.com\/es\/tienda\/"},{"@type":"ListItem","position":3,"name":"Riego","item":"https:\/\/www.anjouautomation.com\/es\/categorie-produit\/riego\/"},{"@type":"ListItem","position":4,"name":"Estacion de Fertilizacion","item":"https:\/\/www.anjouautomation.com\/es\/categorie-produit\/riego\/estacion-de-fertilizacion\/"},{"@type":"ListItem","position":5,"name":"Estaci\u00f3n de By-Pass"}]},{"@type":"WebSite","@id":"https:\/\/www.anjouautomation.com\/es\/#website","url":"https:\/\/www.anjouautomation.com\/es\/","name":"Anjou Automation","description":"\u00c9quipements de r\u00e9gulation et d&#039;automatisme","publisher":{"@id":"https:\/\/www.anjouautomation.com\/es\/#organization"},"potentialAction":[{"@type":"SearchAction","target":{"@type":"EntryPoint","urlTemplate":"https:\/\/www.anjouautomation.com\/es\/?s={search_term_string}"},"query-input":{"@type":"PropertyValueSpecification","valueRequired":true,"valueName":"search_term_string"}}],"inLanguage":"es"},{"@type":"Organization","@id":"https:\/\/www.anjouautomation.com\/es\/#organization","name":"Anjou Automation","url":"https:\/\/www.anjouautomation.com\/es\/","logo":{"@type":"ImageObject","inLanguage":"es","@id":"https:\/\/www.anjouautomation.com\/es\/#\/schema\/logo\/image\/","url":"https:\/\/www.anjouautomation.com\/wp-content\/uploads\/2020\/05\/logo-anjou-automation.png","contentUrl":"https:\/\/www.anjouautomation.com\/wp-content\/uploads\/2020\/05\/logo-anjou-automation.png","width":301,"height":66,"caption":"Anjou Automation"},"image":{"@id":"https:\/\/www.anjouautomation.com\/es\/#\/schema\/logo\/image\/"}}]}},"_links":{"self":[{"href":"https:\/\/www.anjouautomation.com\/es\/wp-json\/wp\/v2\/product\/87605","targetHints":{"allow":["GET"]}}],"collection":[{"href":"https:\/\/www.anjouautomation.com\/es\/wp-json\/wp\/v2\/product"}],"about":[{"href":"https:\/\/www.anjouautomation.com\/es\/wp-json\/wp\/v2\/types\/product"}],"wp:featuredmedia":[{"embeddable":true,"href":"https:\/\/www.anjouautomation.com\/es\/wp-json\/wp\/v2\/media\/96377"}],"wp:attachment":[{"href":"https:\/\/www.anjouautomation.com\/es\/wp-json\/wp\/v2\/media?parent=87605"}],"wp:term":[{"taxonomy":"product_brand","embeddable":true,"href":"https:\/\/www.anjouautomation.com\/es\/wp-json\/wp\/v2\/product_brand?post=87605"},{"taxonomy":"product_cat","embeddable":true,"href":"https:\/\/www.anjouautomation.com\/es\/wp-json\/wp\/v2\/product_cat?post=87605"},{"taxonomy":"product_tag","embeddable":true,"href":"https:\/\/www.anjouautomation.com\/es\/wp-json\/wp\/v2\/product_tag?post=87605"}],"curies":[{"name":"wp","href":"https:\/\/api.w.org\/{rel}","templated":true}]}}