{"id":87596,"date":"2020-05-18T16:03:21","date_gmt":"2020-05-18T14:03:21","guid":{"rendered":"https:\/\/www.anjouautomation.com\/produit\/oscar\/"},"modified":"2026-01-07T11:08:22","modified_gmt":"2026-01-07T10:08:22","slug":"nero","status":"publish","type":"product","link":"https:\/\/www.anjouautomation.com\/es\/produit\/nero\/","title":{"rendered":"Nero"},"content":{"rendered":"","protected":false},"excerpt":{"rendered":"<p>FERTILIZACI\u00d3N-RIEGO<br \/>\n\u2022 De 14 a 94 electrov\u00e1lvulas<br \/>\n\u2022 Gesti\u00f3n hasta 4 estaciones de fertilizaci\u00f3n (2 est\u00e1ndar + 2 opcionales)<br \/>\n\u2022 Gesti\u00f3n de 8 salidas est\u00e1ticas para l\u00edneas de inyecci\u00f3n o 4 bombas dosificadoras en 0-10V<br \/>\n\u2022 Hasta 40 grupos de riego<\/p>\n<p>&nbsp;<\/p>\n<p>SUPERVISI\u00d3N<br \/>\n\u2022 Compatible con SENTINELLE<br \/>\n\u2022 Sitio web embarcado con acceso 4G (ver p\u00e1ginas 18-19)<\/p>\n<p>&nbsp;<\/p>\n<p>A DESTACAR<br \/>\n\u2022 Visualizaci\u00f3n de los estados de la estaci\u00f3n,<br \/>\n\u2022 F\u00e1cil acceso a los men\u00fas y par\u00e1metros mediante iconos<br \/>\n\u2022 Introducci\u00f3n de valores con teclado num\u00e9rico t\u00e1ctil<br \/>\n\u2022 Registro y restauraci\u00f3n de par\u00e1metros a trav\u00e9s del sitio web embarcado<br \/>\n\u2022 Actualizaci\u00f3n de los programas y configuraciones por memoria USB<br \/>\n\u2022 Modo manual virtual: integraci\u00f3n en la pantalla de los interruptores AUTO\/0\/MANUAL para las electrov\u00e1lvulas<\/p>\n","protected":false},"featured_media":90183,"template":"","meta":[],"product_brand":[],"product_cat":[230,229],"product_tag":[],"class_list":{"0":"post-87596","1":"product","2":"type-product","3":"status-publish","4":"has-post-thumbnail","6":"product_cat-programadores-de-riego","7":"product_cat-riego","9":"first","10":"instock","11":"downloadable","12":"shipping-taxable","13":"purchasable","14":"product-type-simple"},"yoast_head":"<!-- This site is optimized with the Yoast SEO plugin v27.6 - https:\/\/yoast.com\/product\/yoast-seo-wordpress\/ -->\n<title>Nero - Anjou Automation<\/title>\n<meta name=\"robots\" content=\"index, follow, max-snippet:-1, max-image-preview:large, max-video-preview:-1\" \/>\n<link rel=\"canonical\" href=\"https:\/\/www.anjouautomation.com\/es\/produit\/nero\/\" \/>\n<meta property=\"og:locale\" content=\"es_ES\" \/>\n<meta property=\"og:type\" content=\"article\" \/>\n<meta property=\"og:title\" content=\"Nero - Anjou Automation\" \/>\n<meta property=\"og:description\" content=\"FERTILIZACI\u00d3N-RIEGO \u2022 De 14 a 94 electrov\u00e1lvulas \u2022 Gesti\u00f3n hasta 4 estaciones de fertilizaci\u00f3n (2 est\u00e1ndar + 2 opcionales) \u2022 Gesti\u00f3n de 8 salidas est\u00e1ticas para l\u00edneas de inyecci\u00f3n o 4 bombas dosificadoras en 0-10V \u2022 Hasta 40 grupos de riego  &nbsp;  SUPERVISI\u00d3N \u2022 Compatible con SENTINELLE \u2022 Sitio web embarcado con acceso 4G (ver p\u00e1ginas 18-19)  &nbsp;  A DESTACAR \u2022 Visualizaci\u00f3n de los estados de la estaci\u00f3n, \u2022 F\u00e1cil acceso a los men\u00fas y par\u00e1metros mediante iconos \u2022 Introducci\u00f3n de valores con teclado num\u00e9rico t\u00e1ctil \u2022 Registro y restauraci\u00f3n de par\u00e1metros a trav\u00e9s del sitio web embarcado \u2022 Actualizaci\u00f3n de los programas y configuraciones por memoria USB \u2022 Modo manual virtual: integraci\u00f3n en la pantalla de los interruptores AUTO\/0\/MANUAL para las electrov\u00e1lvulas\" \/>\n<meta property=\"og:url\" content=\"https:\/\/www.anjouautomation.com\/es\/produit\/nero\/\" \/>\n<meta property=\"og:site_name\" content=\"Anjou Automation\" \/>\n<meta property=\"article:modified_time\" content=\"2026-01-07T10:08:22+00:00\" \/>\n<meta property=\"og:image\" content=\"https:\/\/www.anjouautomation.com\/wp-content\/uploads\/2020\/05\/2021-11-29_16h59_06.png\" \/>\n\t<meta property=\"og:image:width\" content=\"786\" \/>\n\t<meta property=\"og:image:height\" content=\"686\" \/>\n\t<meta property=\"og:image:type\" content=\"image\/png\" \/>\n<meta name=\"twitter:card\" content=\"summary_large_image\" \/>\n<script type=\"application\/ld+json\" class=\"yoast-schema-graph\">{\"@context\":\"https:\\\/\\\/schema.org\",\"@graph\":[{\"@type\":\"WebPage\",\"@id\":\"https:\\\/\\\/www.anjouautomation.com\\\/es\\\/produit\\\/nero\\\/\",\"url\":\"https:\\\/\\\/www.anjouautomation.com\\\/es\\\/produit\\\/nero\\\/\",\"name\":\"Nero - Anjou Automation\",\"isPartOf\":{\"@id\":\"https:\\\/\\\/www.anjouautomation.com\\\/es\\\/#website\"},\"primaryImageOfPage\":{\"@id\":\"https:\\\/\\\/www.anjouautomation.com\\\/es\\\/produit\\\/nero\\\/#primaryimage\"},\"image\":{\"@id\":\"https:\\\/\\\/www.anjouautomation.com\\\/es\\\/produit\\\/nero\\\/#primaryimage\"},\"thumbnailUrl\":\"https:\\\/\\\/www.anjouautomation.com\\\/wp-content\\\/uploads\\\/2020\\\/05\\\/2021-11-29_16h59_06.png\",\"datePublished\":\"2020-05-18T14:03:21+00:00\",\"dateModified\":\"2026-01-07T10:08:22+00:00\",\"breadcrumb\":{\"@id\":\"https:\\\/\\\/www.anjouautomation.com\\\/es\\\/produit\\\/nero\\\/#breadcrumb\"},\"inLanguage\":\"es\",\"potentialAction\":[{\"@type\":\"ReadAction\",\"target\":[\"https:\\\/\\\/www.anjouautomation.com\\\/es\\\/produit\\\/nero\\\/\"]}]},{\"@type\":\"ImageObject\",\"inLanguage\":\"es\",\"@id\":\"https:\\\/\\\/www.anjouautomation.com\\\/es\\\/produit\\\/nero\\\/#primaryimage\",\"url\":\"https:\\\/\\\/www.anjouautomation.com\\\/wp-content\\\/uploads\\\/2020\\\/05\\\/2021-11-29_16h59_06.png\",\"contentUrl\":\"https:\\\/\\\/www.anjouautomation.com\\\/wp-content\\\/uploads\\\/2020\\\/05\\\/2021-11-29_16h59_06.png\",\"width\":786,\"height\":686},{\"@type\":\"BreadcrumbList\",\"@id\":\"https:\\\/\\\/www.anjouautomation.com\\\/es\\\/produit\\\/nero\\\/#breadcrumb\",\"itemListElement\":[{\"@type\":\"ListItem\",\"position\":1,\"name\":\"P\u00e1gina principal\",\"item\":\"https:\\\/\\\/www.anjouautomation.com\\\/es\\\/\"},{\"@type\":\"ListItem\",\"position\":2,\"name\":\"Productos\",\"item\":\"https:\\\/\\\/www.anjouautomation.com\\\/es\\\/tienda\\\/\"},{\"@type\":\"ListItem\",\"position\":3,\"name\":\"Riego\",\"item\":\"https:\\\/\\\/www.anjouautomation.com\\\/es\\\/categorie-produit\\\/riego\\\/\"},{\"@type\":\"ListItem\",\"position\":4,\"name\":\"Programadores de riego\",\"item\":\"https:\\\/\\\/www.anjouautomation.com\\\/es\\\/categorie-produit\\\/riego\\\/programadores-de-riego\\\/\"},{\"@type\":\"ListItem\",\"position\":5,\"name\":\"Nero\"}]},{\"@type\":\"WebSite\",\"@id\":\"https:\\\/\\\/www.anjouautomation.com\\\/es\\\/#website\",\"url\":\"https:\\\/\\\/www.anjouautomation.com\\\/es\\\/\",\"name\":\"Anjou Automation\",\"description\":\"\u00c9quipements de r\u00e9gulation et d&#039;automatisme\",\"publisher\":{\"@id\":\"https:\\\/\\\/www.anjouautomation.com\\\/es\\\/#organization\"},\"potentialAction\":[{\"@type\":\"SearchAction\",\"target\":{\"@type\":\"EntryPoint\",\"urlTemplate\":\"https:\\\/\\\/www.anjouautomation.com\\\/es\\\/?s={search_term_string}\"},\"query-input\":{\"@type\":\"PropertyValueSpecification\",\"valueRequired\":true,\"valueName\":\"search_term_string\"}}],\"inLanguage\":\"es\"},{\"@type\":\"Organization\",\"@id\":\"https:\\\/\\\/www.anjouautomation.com\\\/es\\\/#organization\",\"name\":\"Anjou Automation\",\"url\":\"https:\\\/\\\/www.anjouautomation.com\\\/es\\\/\",\"logo\":{\"@type\":\"ImageObject\",\"inLanguage\":\"es\",\"@id\":\"https:\\\/\\\/www.anjouautomation.com\\\/es\\\/#\\\/schema\\\/logo\\\/image\\\/\",\"url\":\"https:\\\/\\\/www.anjouautomation.com\\\/wp-content\\\/uploads\\\/2020\\\/05\\\/logo-anjou-automation.png\",\"contentUrl\":\"https:\\\/\\\/www.anjouautomation.com\\\/wp-content\\\/uploads\\\/2020\\\/05\\\/logo-anjou-automation.png\",\"width\":301,\"height\":66,\"caption\":\"Anjou Automation\"},\"image\":{\"@id\":\"https:\\\/\\\/www.anjouautomation.com\\\/es\\\/#\\\/schema\\\/logo\\\/image\\\/\"}}]}<\/script>\n<!-- \/ Yoast SEO plugin. -->","yoast_head_json":{"title":"Nero - Anjou Automation","robots":{"index":"index","follow":"follow","max-snippet":"max-snippet:-1","max-image-preview":"max-image-preview:large","max-video-preview":"max-video-preview:-1"},"canonical":"https:\/\/www.anjouautomation.com\/es\/produit\/nero\/","og_locale":"es_ES","og_type":"article","og_title":"Nero - Anjou Automation","og_description":"FERTILIZACI\u00d3N-RIEGO \u2022 De 14 a 94 electrov\u00e1lvulas \u2022 Gesti\u00f3n hasta 4 estaciones de fertilizaci\u00f3n (2 est\u00e1ndar + 2 opcionales) \u2022 Gesti\u00f3n de 8 salidas est\u00e1ticas para l\u00edneas de inyecci\u00f3n o 4 bombas dosificadoras en 0-10V \u2022 Hasta 40 grupos de riego  &nbsp;  SUPERVISI\u00d3N \u2022 Compatible con SENTINELLE \u2022 Sitio web embarcado con acceso 4G (ver p\u00e1ginas 18-19)  &nbsp;  A DESTACAR \u2022 Visualizaci\u00f3n de los estados de la estaci\u00f3n, \u2022 F\u00e1cil acceso a los men\u00fas y par\u00e1metros mediante iconos \u2022 Introducci\u00f3n de valores con teclado num\u00e9rico t\u00e1ctil \u2022 Registro y restauraci\u00f3n de par\u00e1metros a trav\u00e9s del sitio web embarcado \u2022 Actualizaci\u00f3n de los programas y configuraciones por memoria USB \u2022 Modo manual virtual: integraci\u00f3n en la pantalla de los interruptores AUTO\/0\/MANUAL para las electrov\u00e1lvulas","og_url":"https:\/\/www.anjouautomation.com\/es\/produit\/nero\/","og_site_name":"Anjou Automation","article_modified_time":"2026-01-07T10:08:22+00:00","og_image":[{"width":786,"height":686,"url":"https:\/\/www.anjouautomation.com\/wp-content\/uploads\/2020\/05\/2021-11-29_16h59_06.png","type":"image\/png"}],"twitter_card":"summary_large_image","schema":{"@context":"https:\/\/schema.org","@graph":[{"@type":"WebPage","@id":"https:\/\/www.anjouautomation.com\/es\/produit\/nero\/","url":"https:\/\/www.anjouautomation.com\/es\/produit\/nero\/","name":"Nero - Anjou Automation","isPartOf":{"@id":"https:\/\/www.anjouautomation.com\/es\/#website"},"primaryImageOfPage":{"@id":"https:\/\/www.anjouautomation.com\/es\/produit\/nero\/#primaryimage"},"image":{"@id":"https:\/\/www.anjouautomation.com\/es\/produit\/nero\/#primaryimage"},"thumbnailUrl":"https:\/\/www.anjouautomation.com\/wp-content\/uploads\/2020\/05\/2021-11-29_16h59_06.png","datePublished":"2020-05-18T14:03:21+00:00","dateModified":"2026-01-07T10:08:22+00:00","breadcrumb":{"@id":"https:\/\/www.anjouautomation.com\/es\/produit\/nero\/#breadcrumb"},"inLanguage":"es","potentialAction":[{"@type":"ReadAction","target":["https:\/\/www.anjouautomation.com\/es\/produit\/nero\/"]}]},{"@type":"ImageObject","inLanguage":"es","@id":"https:\/\/www.anjouautomation.com\/es\/produit\/nero\/#primaryimage","url":"https:\/\/www.anjouautomation.com\/wp-content\/uploads\/2020\/05\/2021-11-29_16h59_06.png","contentUrl":"https:\/\/www.anjouautomation.com\/wp-content\/uploads\/2020\/05\/2021-11-29_16h59_06.png","width":786,"height":686},{"@type":"BreadcrumbList","@id":"https:\/\/www.anjouautomation.com\/es\/produit\/nero\/#breadcrumb","itemListElement":[{"@type":"ListItem","position":1,"name":"P\u00e1gina principal","item":"https:\/\/www.anjouautomation.com\/es\/"},{"@type":"ListItem","position":2,"name":"Productos","item":"https:\/\/www.anjouautomation.com\/es\/tienda\/"},{"@type":"ListItem","position":3,"name":"Riego","item":"https:\/\/www.anjouautomation.com\/es\/categorie-produit\/riego\/"},{"@type":"ListItem","position":4,"name":"Programadores de riego","item":"https:\/\/www.anjouautomation.com\/es\/categorie-produit\/riego\/programadores-de-riego\/"},{"@type":"ListItem","position":5,"name":"Nero"}]},{"@type":"WebSite","@id":"https:\/\/www.anjouautomation.com\/es\/#website","url":"https:\/\/www.anjouautomation.com\/es\/","name":"Anjou Automation","description":"\u00c9quipements de r\u00e9gulation et d&#039;automatisme","publisher":{"@id":"https:\/\/www.anjouautomation.com\/es\/#organization"},"potentialAction":[{"@type":"SearchAction","target":{"@type":"EntryPoint","urlTemplate":"https:\/\/www.anjouautomation.com\/es\/?s={search_term_string}"},"query-input":{"@type":"PropertyValueSpecification","valueRequired":true,"valueName":"search_term_string"}}],"inLanguage":"es"},{"@type":"Organization","@id":"https:\/\/www.anjouautomation.com\/es\/#organization","name":"Anjou Automation","url":"https:\/\/www.anjouautomation.com\/es\/","logo":{"@type":"ImageObject","inLanguage":"es","@id":"https:\/\/www.anjouautomation.com\/es\/#\/schema\/logo\/image\/","url":"https:\/\/www.anjouautomation.com\/wp-content\/uploads\/2020\/05\/logo-anjou-automation.png","contentUrl":"https:\/\/www.anjouautomation.com\/wp-content\/uploads\/2020\/05\/logo-anjou-automation.png","width":301,"height":66,"caption":"Anjou Automation"},"image":{"@id":"https:\/\/www.anjouautomation.com\/es\/#\/schema\/logo\/image\/"}}]}},"_links":{"self":[{"href":"https:\/\/www.anjouautomation.com\/es\/wp-json\/wp\/v2\/product\/87596","targetHints":{"allow":["GET"]}}],"collection":[{"href":"https:\/\/www.anjouautomation.com\/es\/wp-json\/wp\/v2\/product"}],"about":[{"href":"https:\/\/www.anjouautomation.com\/es\/wp-json\/wp\/v2\/types\/product"}],"wp:featuredmedia":[{"embeddable":true,"href":"https:\/\/www.anjouautomation.com\/es\/wp-json\/wp\/v2\/media\/90183"}],"wp:attachment":[{"href":"https:\/\/www.anjouautomation.com\/es\/wp-json\/wp\/v2\/media?parent=87596"}],"wp:term":[{"taxonomy":"product_brand","embeddable":true,"href":"https:\/\/www.anjouautomation.com\/es\/wp-json\/wp\/v2\/product_brand?post=87596"},{"taxonomy":"product_cat","embeddable":true,"href":"https:\/\/www.anjouautomation.com\/es\/wp-json\/wp\/v2\/product_cat?post=87596"},{"taxonomy":"product_tag","embeddable":true,"href":"https:\/\/www.anjouautomation.com\/es\/wp-json\/wp\/v2\/product_tag?post=87596"}],"curies":[{"name":"wp","href":"https:\/\/api.w.org\/{rel}","templated":true}]}}