{"id":87594,"date":"2020-05-18T16:02:31","date_gmt":"2020-05-18T14:02:31","guid":{"rendered":"https:\/\/www.anjouautomation.com\/produit\/polyprog-12\/"},"modified":"2026-01-07T10:59:03","modified_gmt":"2026-01-07T09:59:03","slug":"polyprog-12","status":"publish","type":"product","link":"https:\/\/www.anjouautomation.com\/es\/produit\/polyprog-12\/","title":{"rendered":"Polyprog 12"},"content":{"rendered":"","protected":false},"excerpt":{"rendered":"<p>\u2022 El programador Polyprog 12 combina sencillez, rapidez de programaci\u00f3n y eficiencia en la gesti\u00f3n del riego.<\/p>\n<p>\u2022 Evoluci\u00f3n del Irri 12 cl\u00e1sico, actualmente incorpora una pantalla t\u00e1ctil en color para una navegaci\u00f3n m\u00e1s fluida. Con su sitio web integrado, ahora es posible controlarlo remotamente conect\u00e1ndolo a la red. Actualizaci\u00f3n con llave USB, archivo de datos durante 1 mes. Buscamos ofrecerle un producto siempre m\u00e1s eficiente.<\/p>\n<p>\u2022 Posibilidad de conectar varios Polyprog 12 en red Meteorolog\u00eda y\/o Supervisi\u00f3n.<br \/>\nCompatibilidad de red con todos los reguladores clim\u00e1ticos y programadores de riego.<\/p>\n","protected":false},"featured_media":87595,"template":"","meta":[],"product_brand":[],"product_cat":[230,229],"product_tag":[],"class_list":{"0":"post-87594","1":"product","2":"type-product","3":"status-publish","4":"has-post-thumbnail","6":"product_cat-programadores-de-riego","7":"product_cat-riego","9":"first","10":"instock","11":"downloadable","12":"shipping-taxable","13":"product-type-simple"},"yoast_head":"<!-- This site is optimized with the Yoast SEO plugin v27.5 - https:\/\/yoast.com\/product\/yoast-seo-wordpress\/ -->\n<title>Polyprog 12 - Anjou Automation<\/title>\n<meta name=\"robots\" content=\"index, follow, max-snippet:-1, max-image-preview:large, max-video-preview:-1\" \/>\n<link rel=\"canonical\" href=\"https:\/\/www.anjouautomation.com\/es\/produit\/polyprog-12\/\" \/>\n<meta property=\"og:locale\" content=\"es_ES\" \/>\n<meta property=\"og:type\" content=\"article\" \/>\n<meta property=\"og:title\" content=\"Polyprog 12 - Anjou Automation\" \/>\n<meta property=\"og:description\" content=\"\u2022 El programador Polyprog 12 combina sencillez, rapidez de programaci\u00f3n y eficiencia en la gesti\u00f3n del riego.  \u2022 Evoluci\u00f3n del Irri 12 cl\u00e1sico, actualmente incorpora una pantalla t\u00e1ctil en color para una navegaci\u00f3n m\u00e1s fluida. Con su sitio web integrado, ahora es posible controlarlo remotamente conect\u00e1ndolo a la red. Actualizaci\u00f3n con llave USB, archivo de datos durante 1 mes. Buscamos ofrecerle un producto siempre m\u00e1s eficiente.  \u2022 Posibilidad de conectar varios Polyprog 12 en red Meteorolog\u00eda y\/o Supervisi\u00f3n.  Compatibilidad de red con todos los reguladores clim\u00e1ticos y programadores de riego.\" \/>\n<meta property=\"og:url\" content=\"https:\/\/www.anjouautomation.com\/es\/produit\/polyprog-12\/\" \/>\n<meta property=\"og:site_name\" content=\"Anjou Automation\" \/>\n<meta property=\"article:modified_time\" content=\"2026-01-07T09:59:03+00:00\" \/>\n<meta property=\"og:image\" content=\"https:\/\/www.anjouautomation.com\/wp-content\/uploads\/2020\/05\/polyprog-12.jpg\" \/>\n\t<meta property=\"og:image:width\" content=\"800\" \/>\n\t<meta property=\"og:image:height\" content=\"800\" \/>\n\t<meta property=\"og:image:type\" content=\"image\/jpeg\" \/>\n<meta name=\"twitter:card\" content=\"summary_large_image\" \/>\n<script type=\"application\/ld+json\" class=\"yoast-schema-graph\">{\"@context\":\"https:\\\/\\\/schema.org\",\"@graph\":[{\"@type\":\"WebPage\",\"@id\":\"https:\\\/\\\/www.anjouautomation.com\\\/es\\\/produit\\\/polyprog-12\\\/\",\"url\":\"https:\\\/\\\/www.anjouautomation.com\\\/es\\\/produit\\\/polyprog-12\\\/\",\"name\":\"Polyprog 12 - Anjou Automation\",\"isPartOf\":{\"@id\":\"https:\\\/\\\/www.anjouautomation.com\\\/es\\\/#website\"},\"primaryImageOfPage\":{\"@id\":\"https:\\\/\\\/www.anjouautomation.com\\\/es\\\/produit\\\/polyprog-12\\\/#primaryimage\"},\"image\":{\"@id\":\"https:\\\/\\\/www.anjouautomation.com\\\/es\\\/produit\\\/polyprog-12\\\/#primaryimage\"},\"thumbnailUrl\":\"https:\\\/\\\/www.anjouautomation.com\\\/wp-content\\\/uploads\\\/2020\\\/05\\\/polyprog-12.jpg\",\"datePublished\":\"2020-05-18T14:02:31+00:00\",\"dateModified\":\"2026-01-07T09:59:03+00:00\",\"breadcrumb\":{\"@id\":\"https:\\\/\\\/www.anjouautomation.com\\\/es\\\/produit\\\/polyprog-12\\\/#breadcrumb\"},\"inLanguage\":\"es\",\"potentialAction\":[{\"@type\":\"ReadAction\",\"target\":[\"https:\\\/\\\/www.anjouautomation.com\\\/es\\\/produit\\\/polyprog-12\\\/\"]}]},{\"@type\":\"ImageObject\",\"inLanguage\":\"es\",\"@id\":\"https:\\\/\\\/www.anjouautomation.com\\\/es\\\/produit\\\/polyprog-12\\\/#primaryimage\",\"url\":\"https:\\\/\\\/www.anjouautomation.com\\\/wp-content\\\/uploads\\\/2020\\\/05\\\/polyprog-12.jpg\",\"contentUrl\":\"https:\\\/\\\/www.anjouautomation.com\\\/wp-content\\\/uploads\\\/2020\\\/05\\\/polyprog-12.jpg\",\"width\":800,\"height\":800,\"caption\":\"Categorie station fertilisation\"},{\"@type\":\"BreadcrumbList\",\"@id\":\"https:\\\/\\\/www.anjouautomation.com\\\/es\\\/produit\\\/polyprog-12\\\/#breadcrumb\",\"itemListElement\":[{\"@type\":\"ListItem\",\"position\":1,\"name\":\"P\u00e1gina principal\",\"item\":\"https:\\\/\\\/www.anjouautomation.com\\\/es\\\/\"},{\"@type\":\"ListItem\",\"position\":2,\"name\":\"Productos\",\"item\":\"https:\\\/\\\/www.anjouautomation.com\\\/es\\\/tienda\\\/\"},{\"@type\":\"ListItem\",\"position\":3,\"name\":\"Riego\",\"item\":\"https:\\\/\\\/www.anjouautomation.com\\\/es\\\/categorie-produit\\\/riego\\\/\"},{\"@type\":\"ListItem\",\"position\":4,\"name\":\"Programadores de riego\",\"item\":\"https:\\\/\\\/www.anjouautomation.com\\\/es\\\/categorie-produit\\\/riego\\\/programadores-de-riego\\\/\"},{\"@type\":\"ListItem\",\"position\":5,\"name\":\"Polyprog 12\"}]},{\"@type\":\"WebSite\",\"@id\":\"https:\\\/\\\/www.anjouautomation.com\\\/es\\\/#website\",\"url\":\"https:\\\/\\\/www.anjouautomation.com\\\/es\\\/\",\"name\":\"Anjou Automation\",\"description\":\"\u00c9quipements de r\u00e9gulation et d&#039;automatisme\",\"publisher\":{\"@id\":\"https:\\\/\\\/www.anjouautomation.com\\\/es\\\/#organization\"},\"potentialAction\":[{\"@type\":\"SearchAction\",\"target\":{\"@type\":\"EntryPoint\",\"urlTemplate\":\"https:\\\/\\\/www.anjouautomation.com\\\/es\\\/?s={search_term_string}\"},\"query-input\":{\"@type\":\"PropertyValueSpecification\",\"valueRequired\":true,\"valueName\":\"search_term_string\"}}],\"inLanguage\":\"es\"},{\"@type\":\"Organization\",\"@id\":\"https:\\\/\\\/www.anjouautomation.com\\\/es\\\/#organization\",\"name\":\"Anjou Automation\",\"url\":\"https:\\\/\\\/www.anjouautomation.com\\\/es\\\/\",\"logo\":{\"@type\":\"ImageObject\",\"inLanguage\":\"es\",\"@id\":\"https:\\\/\\\/www.anjouautomation.com\\\/es\\\/#\\\/schema\\\/logo\\\/image\\\/\",\"url\":\"https:\\\/\\\/www.anjouautomation.com\\\/wp-content\\\/uploads\\\/2020\\\/05\\\/logo-anjou-automation.png\",\"contentUrl\":\"https:\\\/\\\/www.anjouautomation.com\\\/wp-content\\\/uploads\\\/2020\\\/05\\\/logo-anjou-automation.png\",\"width\":301,\"height\":66,\"caption\":\"Anjou Automation\"},\"image\":{\"@id\":\"https:\\\/\\\/www.anjouautomation.com\\\/es\\\/#\\\/schema\\\/logo\\\/image\\\/\"}}]}<\/script>\n<!-- \/ Yoast SEO plugin. -->","yoast_head_json":{"title":"Polyprog 12 - Anjou Automation","robots":{"index":"index","follow":"follow","max-snippet":"max-snippet:-1","max-image-preview":"max-image-preview:large","max-video-preview":"max-video-preview:-1"},"canonical":"https:\/\/www.anjouautomation.com\/es\/produit\/polyprog-12\/","og_locale":"es_ES","og_type":"article","og_title":"Polyprog 12 - Anjou Automation","og_description":"\u2022 El programador Polyprog 12 combina sencillez, rapidez de programaci\u00f3n y eficiencia en la gesti\u00f3n del riego.  \u2022 Evoluci\u00f3n del Irri 12 cl\u00e1sico, actualmente incorpora una pantalla t\u00e1ctil en color para una navegaci\u00f3n m\u00e1s fluida. Con su sitio web integrado, ahora es posible controlarlo remotamente conect\u00e1ndolo a la red. Actualizaci\u00f3n con llave USB, archivo de datos durante 1 mes. Buscamos ofrecerle un producto siempre m\u00e1s eficiente.  \u2022 Posibilidad de conectar varios Polyprog 12 en red Meteorolog\u00eda y\/o Supervisi\u00f3n.  Compatibilidad de red con todos los reguladores clim\u00e1ticos y programadores de riego.","og_url":"https:\/\/www.anjouautomation.com\/es\/produit\/polyprog-12\/","og_site_name":"Anjou Automation","article_modified_time":"2026-01-07T09:59:03+00:00","og_image":[{"width":800,"height":800,"url":"https:\/\/www.anjouautomation.com\/wp-content\/uploads\/2020\/05\/polyprog-12.jpg","type":"image\/jpeg"}],"twitter_card":"summary_large_image","schema":{"@context":"https:\/\/schema.org","@graph":[{"@type":"WebPage","@id":"https:\/\/www.anjouautomation.com\/es\/produit\/polyprog-12\/","url":"https:\/\/www.anjouautomation.com\/es\/produit\/polyprog-12\/","name":"Polyprog 12 - Anjou Automation","isPartOf":{"@id":"https:\/\/www.anjouautomation.com\/es\/#website"},"primaryImageOfPage":{"@id":"https:\/\/www.anjouautomation.com\/es\/produit\/polyprog-12\/#primaryimage"},"image":{"@id":"https:\/\/www.anjouautomation.com\/es\/produit\/polyprog-12\/#primaryimage"},"thumbnailUrl":"https:\/\/www.anjouautomation.com\/wp-content\/uploads\/2020\/05\/polyprog-12.jpg","datePublished":"2020-05-18T14:02:31+00:00","dateModified":"2026-01-07T09:59:03+00:00","breadcrumb":{"@id":"https:\/\/www.anjouautomation.com\/es\/produit\/polyprog-12\/#breadcrumb"},"inLanguage":"es","potentialAction":[{"@type":"ReadAction","target":["https:\/\/www.anjouautomation.com\/es\/produit\/polyprog-12\/"]}]},{"@type":"ImageObject","inLanguage":"es","@id":"https:\/\/www.anjouautomation.com\/es\/produit\/polyprog-12\/#primaryimage","url":"https:\/\/www.anjouautomation.com\/wp-content\/uploads\/2020\/05\/polyprog-12.jpg","contentUrl":"https:\/\/www.anjouautomation.com\/wp-content\/uploads\/2020\/05\/polyprog-12.jpg","width":800,"height":800,"caption":"Categorie station fertilisation"},{"@type":"BreadcrumbList","@id":"https:\/\/www.anjouautomation.com\/es\/produit\/polyprog-12\/#breadcrumb","itemListElement":[{"@type":"ListItem","position":1,"name":"P\u00e1gina principal","item":"https:\/\/www.anjouautomation.com\/es\/"},{"@type":"ListItem","position":2,"name":"Productos","item":"https:\/\/www.anjouautomation.com\/es\/tienda\/"},{"@type":"ListItem","position":3,"name":"Riego","item":"https:\/\/www.anjouautomation.com\/es\/categorie-produit\/riego\/"},{"@type":"ListItem","position":4,"name":"Programadores de riego","item":"https:\/\/www.anjouautomation.com\/es\/categorie-produit\/riego\/programadores-de-riego\/"},{"@type":"ListItem","position":5,"name":"Polyprog 12"}]},{"@type":"WebSite","@id":"https:\/\/www.anjouautomation.com\/es\/#website","url":"https:\/\/www.anjouautomation.com\/es\/","name":"Anjou Automation","description":"\u00c9quipements de r\u00e9gulation et d&#039;automatisme","publisher":{"@id":"https:\/\/www.anjouautomation.com\/es\/#organization"},"potentialAction":[{"@type":"SearchAction","target":{"@type":"EntryPoint","urlTemplate":"https:\/\/www.anjouautomation.com\/es\/?s={search_term_string}"},"query-input":{"@type":"PropertyValueSpecification","valueRequired":true,"valueName":"search_term_string"}}],"inLanguage":"es"},{"@type":"Organization","@id":"https:\/\/www.anjouautomation.com\/es\/#organization","name":"Anjou Automation","url":"https:\/\/www.anjouautomation.com\/es\/","logo":{"@type":"ImageObject","inLanguage":"es","@id":"https:\/\/www.anjouautomation.com\/es\/#\/schema\/logo\/image\/","url":"https:\/\/www.anjouautomation.com\/wp-content\/uploads\/2020\/05\/logo-anjou-automation.png","contentUrl":"https:\/\/www.anjouautomation.com\/wp-content\/uploads\/2020\/05\/logo-anjou-automation.png","width":301,"height":66,"caption":"Anjou Automation"},"image":{"@id":"https:\/\/www.anjouautomation.com\/es\/#\/schema\/logo\/image\/"}}]}},"_links":{"self":[{"href":"https:\/\/www.anjouautomation.com\/es\/wp-json\/wp\/v2\/product\/87594","targetHints":{"allow":["GET"]}}],"collection":[{"href":"https:\/\/www.anjouautomation.com\/es\/wp-json\/wp\/v2\/product"}],"about":[{"href":"https:\/\/www.anjouautomation.com\/es\/wp-json\/wp\/v2\/types\/product"}],"wp:featuredmedia":[{"embeddable":true,"href":"https:\/\/www.anjouautomation.com\/es\/wp-json\/wp\/v2\/media\/87595"}],"wp:attachment":[{"href":"https:\/\/www.anjouautomation.com\/es\/wp-json\/wp\/v2\/media?parent=87594"}],"wp:term":[{"taxonomy":"product_brand","embeddable":true,"href":"https:\/\/www.anjouautomation.com\/es\/wp-json\/wp\/v2\/product_brand?post=87594"},{"taxonomy":"product_cat","embeddable":true,"href":"https:\/\/www.anjouautomation.com\/es\/wp-json\/wp\/v2\/product_cat?post=87594"},{"taxonomy":"product_tag","embeddable":true,"href":"https:\/\/www.anjouautomation.com\/es\/wp-json\/wp\/v2\/product_tag?post=87594"}],"curies":[{"name":"wp","href":"https:\/\/api.w.org\/{rel}","templated":true}]}}