{"id":87589,"date":"2020-04-18T10:16:52","date_gmt":"2020-04-18T08:16:52","guid":{"rendered":"https:\/\/www.anjouautomation.com\/produit\/maxiclim-ng\/"},"modified":"2025-12-10T15:54:53","modified_gmt":"2025-12-10T14:54:53","slug":"kairos","status":"publish","type":"product","link":"https:\/\/www.anjouautomation.com\/es\/produit\/kairos\/","title":{"rendered":"Kairos"},"content":{"rendered":"","protected":false},"excerpt":{"rendered":"<p>CLIMA<br \/>\n\u2022 De 1 a 6 zonas clim\u00e1ticas con 8 (6Z), 16 (4Z) o 24 (2Z) salidas<br \/>\n\u2022 Gesti\u00f3n meteorol\u00f3gica completa<br \/>\n\u2022 M\u00f3dulo de calderas (1 caldera + 1 transporte)<br \/>\n\u2022 Gesti\u00f3n de fallos externos: 3 b\u00e1sicos + 16 opcionales<\/p>\n<p>SUPERVISI\u00d3N<br \/>\n\u2022 Compatible con Supervisi\u00f3n ARTIC<br \/>\n\u2022 Acceso 4G a trav\u00e9s del sitio web embarcado (ver p\u00e1ginas 18-19)<\/p>\n<p>&nbsp;<\/p>\n<p>A DESTACAR<br \/>\n\u2022 Visualizaci\u00f3n inmediata de la temperatura de las zonas y la meteorolog\u00eda<br \/>\n\u2022 F\u00e1cil acceso a los men\u00fas y par\u00e1metros mediante iconos<br \/>\n\u2022 Introducci\u00f3n de valores con teclado num\u00e9rico t\u00e1ctil<br \/>\n\u2022 Registro y restauraci\u00f3n de par\u00e1metros a trav\u00e9s del sitio web embarcado<br \/>\n\u2022 Actualizaci\u00f3n de los programas y configuraciones por memoria USB<br \/>\n\u2022 Modo manual virtual: integraci\u00f3n en la pantalla de conmutadores de 3 y 5 posiciones para todas las funciones<\/p>\n","protected":false},"featured_media":90158,"template":"","meta":[],"product_brand":[],"product_cat":[227,228],"product_tag":[],"class_list":{"0":"post-87589","1":"product","2":"type-product","3":"status-publish","4":"has-post-thumbnail","6":"product_cat-clima-sensores","7":"product_cat-reguladores-climaticos","9":"first","10":"instock","11":"downloadable","12":"shipping-taxable","13":"purchasable","14":"product-type-simple"},"yoast_head":"<!-- This site is optimized with the Yoast SEO plugin v27.5 - https:\/\/yoast.com\/product\/yoast-seo-wordpress\/ -->\n<title>Kairos - Anjou Automation<\/title>\n<meta name=\"robots\" content=\"index, follow, max-snippet:-1, max-image-preview:large, max-video-preview:-1\" \/>\n<link rel=\"canonical\" href=\"https:\/\/www.anjouautomation.com\/es\/produit\/kairos\/\" \/>\n<meta property=\"og:locale\" content=\"es_ES\" \/>\n<meta property=\"og:type\" content=\"article\" \/>\n<meta property=\"og:title\" content=\"Kairos - Anjou Automation\" \/>\n<meta property=\"og:description\" content=\"CLIMA \u2022 De 1 a 6 zonas clim\u00e1ticas con 8 (6Z), 16 (4Z) o 24 (2Z) salidas \u2022 Gesti\u00f3n meteorol\u00f3gica completa \u2022 M\u00f3dulo de calderas (1 caldera + 1 transporte) \u2022 Gesti\u00f3n de fallos externos: 3 b\u00e1sicos + 16 opcionales  SUPERVISI\u00d3N \u2022 Compatible con Supervisi\u00f3n ARTIC \u2022 Acceso 4G a trav\u00e9s del sitio web embarcado (ver p\u00e1ginas 18-19)  &nbsp;  A DESTACAR \u2022 Visualizaci\u00f3n inmediata de la temperatura de las zonas y la meteorolog\u00eda \u2022 F\u00e1cil acceso a los men\u00fas y par\u00e1metros mediante iconos \u2022 Introducci\u00f3n de valores con teclado num\u00e9rico t\u00e1ctil \u2022 Registro y restauraci\u00f3n de par\u00e1metros a trav\u00e9s del sitio web embarcado \u2022 Actualizaci\u00f3n de los programas y configuraciones por memoria USB \u2022 Modo manual virtual: integraci\u00f3n en la pantalla de conmutadores de 3 y 5 posiciones para todas las funciones\" \/>\n<meta property=\"og:url\" content=\"https:\/\/www.anjouautomation.com\/es\/produit\/kairos\/\" \/>\n<meta property=\"og:site_name\" content=\"Anjou Automation\" \/>\n<meta property=\"article:modified_time\" content=\"2025-12-10T14:54:53+00:00\" \/>\n<meta property=\"og:image\" content=\"https:\/\/www.anjouautomation.com\/wp-content\/uploads\/2020\/04\/2021-11-29_16h46_34.png\" \/>\n\t<meta property=\"og:image:width\" content=\"783\" \/>\n\t<meta property=\"og:image:height\" content=\"690\" \/>\n\t<meta property=\"og:image:type\" content=\"image\/png\" \/>\n<meta name=\"twitter:card\" content=\"summary_large_image\" \/>\n<script type=\"application\/ld+json\" class=\"yoast-schema-graph\">{\"@context\":\"https:\\\/\\\/schema.org\",\"@graph\":[{\"@type\":\"WebPage\",\"@id\":\"https:\\\/\\\/www.anjouautomation.com\\\/es\\\/produit\\\/kairos\\\/\",\"url\":\"https:\\\/\\\/www.anjouautomation.com\\\/es\\\/produit\\\/kairos\\\/\",\"name\":\"Kairos - Anjou Automation\",\"isPartOf\":{\"@id\":\"https:\\\/\\\/www.anjouautomation.com\\\/es\\\/#website\"},\"primaryImageOfPage\":{\"@id\":\"https:\\\/\\\/www.anjouautomation.com\\\/es\\\/produit\\\/kairos\\\/#primaryimage\"},\"image\":{\"@id\":\"https:\\\/\\\/www.anjouautomation.com\\\/es\\\/produit\\\/kairos\\\/#primaryimage\"},\"thumbnailUrl\":\"https:\\\/\\\/www.anjouautomation.com\\\/wp-content\\\/uploads\\\/2020\\\/04\\\/2021-11-29_16h46_34.png\",\"datePublished\":\"2020-04-18T08:16:52+00:00\",\"dateModified\":\"2025-12-10T14:54:53+00:00\",\"breadcrumb\":{\"@id\":\"https:\\\/\\\/www.anjouautomation.com\\\/es\\\/produit\\\/kairos\\\/#breadcrumb\"},\"inLanguage\":\"es\",\"potentialAction\":[{\"@type\":\"ReadAction\",\"target\":[\"https:\\\/\\\/www.anjouautomation.com\\\/es\\\/produit\\\/kairos\\\/\"]}]},{\"@type\":\"ImageObject\",\"inLanguage\":\"es\",\"@id\":\"https:\\\/\\\/www.anjouautomation.com\\\/es\\\/produit\\\/kairos\\\/#primaryimage\",\"url\":\"https:\\\/\\\/www.anjouautomation.com\\\/wp-content\\\/uploads\\\/2020\\\/04\\\/2021-11-29_16h46_34.png\",\"contentUrl\":\"https:\\\/\\\/www.anjouautomation.com\\\/wp-content\\\/uploads\\\/2020\\\/04\\\/2021-11-29_16h46_34.png\",\"width\":783,\"height\":690},{\"@type\":\"BreadcrumbList\",\"@id\":\"https:\\\/\\\/www.anjouautomation.com\\\/es\\\/produit\\\/kairos\\\/#breadcrumb\",\"itemListElement\":[{\"@type\":\"ListItem\",\"position\":1,\"name\":\"P\u00e1gina principal\",\"item\":\"https:\\\/\\\/www.anjouautomation.com\\\/es\\\/\"},{\"@type\":\"ListItem\",\"position\":2,\"name\":\"Productos\",\"item\":\"https:\\\/\\\/www.anjouautomation.com\\\/es\\\/tienda\\\/\"},{\"@type\":\"ListItem\",\"position\":3,\"name\":\"Clima \\\/ Sensores\",\"item\":\"https:\\\/\\\/www.anjouautomation.com\\\/es\\\/categorie-produit\\\/clima-sensores\\\/\"},{\"@type\":\"ListItem\",\"position\":4,\"name\":\"Kairos\"}]},{\"@type\":\"WebSite\",\"@id\":\"https:\\\/\\\/www.anjouautomation.com\\\/es\\\/#website\",\"url\":\"https:\\\/\\\/www.anjouautomation.com\\\/es\\\/\",\"name\":\"Anjou Automation\",\"description\":\"\u00c9quipements de r\u00e9gulation et d&#039;automatisme\",\"publisher\":{\"@id\":\"https:\\\/\\\/www.anjouautomation.com\\\/es\\\/#organization\"},\"potentialAction\":[{\"@type\":\"SearchAction\",\"target\":{\"@type\":\"EntryPoint\",\"urlTemplate\":\"https:\\\/\\\/www.anjouautomation.com\\\/es\\\/?s={search_term_string}\"},\"query-input\":{\"@type\":\"PropertyValueSpecification\",\"valueRequired\":true,\"valueName\":\"search_term_string\"}}],\"inLanguage\":\"es\"},{\"@type\":\"Organization\",\"@id\":\"https:\\\/\\\/www.anjouautomation.com\\\/es\\\/#organization\",\"name\":\"Anjou Automation\",\"url\":\"https:\\\/\\\/www.anjouautomation.com\\\/es\\\/\",\"logo\":{\"@type\":\"ImageObject\",\"inLanguage\":\"es\",\"@id\":\"https:\\\/\\\/www.anjouautomation.com\\\/es\\\/#\\\/schema\\\/logo\\\/image\\\/\",\"url\":\"https:\\\/\\\/www.anjouautomation.com\\\/wp-content\\\/uploads\\\/2020\\\/05\\\/logo-anjou-automation.png\",\"contentUrl\":\"https:\\\/\\\/www.anjouautomation.com\\\/wp-content\\\/uploads\\\/2020\\\/05\\\/logo-anjou-automation.png\",\"width\":301,\"height\":66,\"caption\":\"Anjou Automation\"},\"image\":{\"@id\":\"https:\\\/\\\/www.anjouautomation.com\\\/es\\\/#\\\/schema\\\/logo\\\/image\\\/\"}}]}<\/script>\n<!-- \/ Yoast SEO plugin. -->","yoast_head_json":{"title":"Kairos - Anjou Automation","robots":{"index":"index","follow":"follow","max-snippet":"max-snippet:-1","max-image-preview":"max-image-preview:large","max-video-preview":"max-video-preview:-1"},"canonical":"https:\/\/www.anjouautomation.com\/es\/produit\/kairos\/","og_locale":"es_ES","og_type":"article","og_title":"Kairos - Anjou Automation","og_description":"CLIMA \u2022 De 1 a 6 zonas clim\u00e1ticas con 8 (6Z), 16 (4Z) o 24 (2Z) salidas \u2022 Gesti\u00f3n meteorol\u00f3gica completa \u2022 M\u00f3dulo de calderas (1 caldera + 1 transporte) \u2022 Gesti\u00f3n de fallos externos: 3 b\u00e1sicos + 16 opcionales  SUPERVISI\u00d3N \u2022 Compatible con Supervisi\u00f3n ARTIC \u2022 Acceso 4G a trav\u00e9s del sitio web embarcado (ver p\u00e1ginas 18-19)  &nbsp;  A DESTACAR \u2022 Visualizaci\u00f3n inmediata de la temperatura de las zonas y la meteorolog\u00eda \u2022 F\u00e1cil acceso a los men\u00fas y par\u00e1metros mediante iconos \u2022 Introducci\u00f3n de valores con teclado num\u00e9rico t\u00e1ctil \u2022 Registro y restauraci\u00f3n de par\u00e1metros a trav\u00e9s del sitio web embarcado \u2022 Actualizaci\u00f3n de los programas y configuraciones por memoria USB \u2022 Modo manual virtual: integraci\u00f3n en la pantalla de conmutadores de 3 y 5 posiciones para todas las funciones","og_url":"https:\/\/www.anjouautomation.com\/es\/produit\/kairos\/","og_site_name":"Anjou Automation","article_modified_time":"2025-12-10T14:54:53+00:00","og_image":[{"width":783,"height":690,"url":"https:\/\/www.anjouautomation.com\/wp-content\/uploads\/2020\/04\/2021-11-29_16h46_34.png","type":"image\/png"}],"twitter_card":"summary_large_image","schema":{"@context":"https:\/\/schema.org","@graph":[{"@type":"WebPage","@id":"https:\/\/www.anjouautomation.com\/es\/produit\/kairos\/","url":"https:\/\/www.anjouautomation.com\/es\/produit\/kairos\/","name":"Kairos - Anjou Automation","isPartOf":{"@id":"https:\/\/www.anjouautomation.com\/es\/#website"},"primaryImageOfPage":{"@id":"https:\/\/www.anjouautomation.com\/es\/produit\/kairos\/#primaryimage"},"image":{"@id":"https:\/\/www.anjouautomation.com\/es\/produit\/kairos\/#primaryimage"},"thumbnailUrl":"https:\/\/www.anjouautomation.com\/wp-content\/uploads\/2020\/04\/2021-11-29_16h46_34.png","datePublished":"2020-04-18T08:16:52+00:00","dateModified":"2025-12-10T14:54:53+00:00","breadcrumb":{"@id":"https:\/\/www.anjouautomation.com\/es\/produit\/kairos\/#breadcrumb"},"inLanguage":"es","potentialAction":[{"@type":"ReadAction","target":["https:\/\/www.anjouautomation.com\/es\/produit\/kairos\/"]}]},{"@type":"ImageObject","inLanguage":"es","@id":"https:\/\/www.anjouautomation.com\/es\/produit\/kairos\/#primaryimage","url":"https:\/\/www.anjouautomation.com\/wp-content\/uploads\/2020\/04\/2021-11-29_16h46_34.png","contentUrl":"https:\/\/www.anjouautomation.com\/wp-content\/uploads\/2020\/04\/2021-11-29_16h46_34.png","width":783,"height":690},{"@type":"BreadcrumbList","@id":"https:\/\/www.anjouautomation.com\/es\/produit\/kairos\/#breadcrumb","itemListElement":[{"@type":"ListItem","position":1,"name":"P\u00e1gina principal","item":"https:\/\/www.anjouautomation.com\/es\/"},{"@type":"ListItem","position":2,"name":"Productos","item":"https:\/\/www.anjouautomation.com\/es\/tienda\/"},{"@type":"ListItem","position":3,"name":"Clima \/ Sensores","item":"https:\/\/www.anjouautomation.com\/es\/categorie-produit\/clima-sensores\/"},{"@type":"ListItem","position":4,"name":"Kairos"}]},{"@type":"WebSite","@id":"https:\/\/www.anjouautomation.com\/es\/#website","url":"https:\/\/www.anjouautomation.com\/es\/","name":"Anjou Automation","description":"\u00c9quipements de r\u00e9gulation et d&#039;automatisme","publisher":{"@id":"https:\/\/www.anjouautomation.com\/es\/#organization"},"potentialAction":[{"@type":"SearchAction","target":{"@type":"EntryPoint","urlTemplate":"https:\/\/www.anjouautomation.com\/es\/?s={search_term_string}"},"query-input":{"@type":"PropertyValueSpecification","valueRequired":true,"valueName":"search_term_string"}}],"inLanguage":"es"},{"@type":"Organization","@id":"https:\/\/www.anjouautomation.com\/es\/#organization","name":"Anjou Automation","url":"https:\/\/www.anjouautomation.com\/es\/","logo":{"@type":"ImageObject","inLanguage":"es","@id":"https:\/\/www.anjouautomation.com\/es\/#\/schema\/logo\/image\/","url":"https:\/\/www.anjouautomation.com\/wp-content\/uploads\/2020\/05\/logo-anjou-automation.png","contentUrl":"https:\/\/www.anjouautomation.com\/wp-content\/uploads\/2020\/05\/logo-anjou-automation.png","width":301,"height":66,"caption":"Anjou Automation"},"image":{"@id":"https:\/\/www.anjouautomation.com\/es\/#\/schema\/logo\/image\/"}}]}},"_links":{"self":[{"href":"https:\/\/www.anjouautomation.com\/es\/wp-json\/wp\/v2\/product\/87589","targetHints":{"allow":["GET"]}}],"collection":[{"href":"https:\/\/www.anjouautomation.com\/es\/wp-json\/wp\/v2\/product"}],"about":[{"href":"https:\/\/www.anjouautomation.com\/es\/wp-json\/wp\/v2\/types\/product"}],"wp:featuredmedia":[{"embeddable":true,"href":"https:\/\/www.anjouautomation.com\/es\/wp-json\/wp\/v2\/media\/90158"}],"wp:attachment":[{"href":"https:\/\/www.anjouautomation.com\/es\/wp-json\/wp\/v2\/media?parent=87589"}],"wp:term":[{"taxonomy":"product_brand","embeddable":true,"href":"https:\/\/www.anjouautomation.com\/es\/wp-json\/wp\/v2\/product_brand?post=87589"},{"taxonomy":"product_cat","embeddable":true,"href":"https:\/\/www.anjouautomation.com\/es\/wp-json\/wp\/v2\/product_cat?post=87589"},{"taxonomy":"product_tag","embeddable":true,"href":"https:\/\/www.anjouautomation.com\/es\/wp-json\/wp\/v2\/product_tag?post=87589"}],"curies":[{"name":"wp","href":"https:\/\/api.w.org\/{rel}","templated":true}]}}