{"id":87587,"date":"2020-03-18T10:15:03","date_gmt":"2020-03-18T09:15:03","guid":{"rendered":"https:\/\/www.anjouautomation.com\/produit\/polyclim-ng\/"},"modified":"2025-12-10T11:22:42","modified_gmt":"2025-12-10T10:22:42","slug":"polyclim-ng","status":"publish","type":"product","link":"https:\/\/www.anjouautomation.com\/es\/produit\/polyclim-ng\/","title":{"rendered":"Polyclim NG"},"content":{"rendered":"","protected":false},"excerpt":{"rendered":"<p>\u2022 El Polyclim NG es un regulador monobloque con 13 salidas de rel\u00e9. Evoluci\u00f3n del Polyclim cl\u00e1sico, actualmente incorpora una pantalla t\u00e1ctil en color para una navegaci\u00f3n m\u00e1s fluida. Con su sitio web integrado, ahora es posible controlarlo remotamente conect\u00e1ndolo a la red. Actualizaci\u00f3n con llave USB, archivo de datos durante 1 mes, gesti\u00f3n de 4 periodos. Buscamos ofrecerle un producto siempre m\u00e1s eficiente.<\/p>\n<p>\u2022 Posibilidad de conectar varios Polyclim en red Meteorolog\u00eda y\/o Supervisi\u00f3n. Compatibilidad de red con todos los reguladores clim\u00e1ticos Polyclim, Maxiclim, Masterclim y Artic.<\/p>\n<p>\u2022 Versiones estandarizadas: consulte el cat\u00e1logo y la documentaci\u00f3n. Opciones disponibles bajo pedido y sujetas a disponibilidad de salidas de rel\u00e9.<\/p>\n","protected":false},"featured_media":87588,"template":"","meta":[],"product_brand":[],"product_cat":[227,228],"product_tag":[],"class_list":{"0":"post-87587","1":"product","2":"type-product","3":"status-publish","4":"has-post-thumbnail","6":"product_cat-clima-sensores","7":"product_cat-reguladores-climaticos","9":"first","10":"instock","11":"downloadable","12":"shipping-taxable","13":"purchasable","14":"product-type-simple"},"yoast_head":"<!-- This site is optimized with the Yoast SEO plugin v27.4 - https:\/\/yoast.com\/product\/yoast-seo-wordpress\/ -->\n<title>Polyclim NG - Anjou Automation<\/title>\n<meta name=\"robots\" content=\"index, follow, max-snippet:-1, max-image-preview:large, max-video-preview:-1\" \/>\n<link rel=\"canonical\" href=\"https:\/\/www.anjouautomation.com\/es\/produit\/polyclim-ng\/\" \/>\n<meta property=\"og:locale\" content=\"es_ES\" \/>\n<meta property=\"og:type\" content=\"article\" \/>\n<meta property=\"og:title\" content=\"Polyclim NG - Anjou Automation\" \/>\n<meta property=\"og:description\" content=\"\u2022 El Polyclim NG es un regulador monobloque con 13 salidas de rel\u00e9. Evoluci\u00f3n del Polyclim cl\u00e1sico, actualmente incorpora una pantalla t\u00e1ctil en color para una navegaci\u00f3n m\u00e1s fluida. Con su sitio web integrado, ahora es posible controlarlo remotamente conect\u00e1ndolo a la red. Actualizaci\u00f3n con llave USB, archivo de datos durante 1 mes, gesti\u00f3n de 4 periodos. Buscamos ofrecerle un producto siempre m\u00e1s eficiente.  \u2022 Posibilidad de conectar varios Polyclim en red Meteorolog\u00eda y\/o Supervisi\u00f3n. Compatibilidad de red con todos los reguladores clim\u00e1ticos Polyclim, Maxiclim, Masterclim y Artic.  \u2022 Versiones estandarizadas: consulte el cat\u00e1logo y la documentaci\u00f3n. Opciones disponibles bajo pedido y sujetas a disponibilidad de salidas de rel\u00e9.\" \/>\n<meta property=\"og:url\" content=\"https:\/\/www.anjouautomation.com\/es\/produit\/polyclim-ng\/\" \/>\n<meta property=\"og:site_name\" content=\"Anjou Automation\" \/>\n<meta property=\"article:modified_time\" content=\"2025-12-10T10:22:42+00:00\" \/>\n<meta property=\"og:image\" content=\"https:\/\/www.anjouautomation.com\/wp-content\/uploads\/2020\/05\/regul-1.jpg\" \/>\n\t<meta property=\"og:image:width\" content=\"800\" \/>\n\t<meta property=\"og:image:height\" content=\"800\" \/>\n\t<meta property=\"og:image:type\" content=\"image\/jpeg\" \/>\n<meta name=\"twitter:card\" content=\"summary_large_image\" \/>\n<script type=\"application\/ld+json\" class=\"yoast-schema-graph\">{\"@context\":\"https:\\\/\\\/schema.org\",\"@graph\":[{\"@type\":\"WebPage\",\"@id\":\"https:\\\/\\\/www.anjouautomation.com\\\/es\\\/produit\\\/polyclim-ng\\\/\",\"url\":\"https:\\\/\\\/www.anjouautomation.com\\\/es\\\/produit\\\/polyclim-ng\\\/\",\"name\":\"Polyclim NG - Anjou Automation\",\"isPartOf\":{\"@id\":\"https:\\\/\\\/www.anjouautomation.com\\\/es\\\/#website\"},\"primaryImageOfPage\":{\"@id\":\"https:\\\/\\\/www.anjouautomation.com\\\/es\\\/produit\\\/polyclim-ng\\\/#primaryimage\"},\"image\":{\"@id\":\"https:\\\/\\\/www.anjouautomation.com\\\/es\\\/produit\\\/polyclim-ng\\\/#primaryimage\"},\"thumbnailUrl\":\"https:\\\/\\\/www.anjouautomation.com\\\/wp-content\\\/uploads\\\/2020\\\/05\\\/regul-1.jpg\",\"datePublished\":\"2020-03-18T09:15:03+00:00\",\"dateModified\":\"2025-12-10T10:22:42+00:00\",\"breadcrumb\":{\"@id\":\"https:\\\/\\\/www.anjouautomation.com\\\/es\\\/produit\\\/polyclim-ng\\\/#breadcrumb\"},\"inLanguage\":\"es\",\"potentialAction\":[{\"@type\":\"ReadAction\",\"target\":[\"https:\\\/\\\/www.anjouautomation.com\\\/es\\\/produit\\\/polyclim-ng\\\/\"]}]},{\"@type\":\"ImageObject\",\"inLanguage\":\"es\",\"@id\":\"https:\\\/\\\/www.anjouautomation.com\\\/es\\\/produit\\\/polyclim-ng\\\/#primaryimage\",\"url\":\"https:\\\/\\\/www.anjouautomation.com\\\/wp-content\\\/uploads\\\/2020\\\/05\\\/regul-1.jpg\",\"contentUrl\":\"https:\\\/\\\/www.anjouautomation.com\\\/wp-content\\\/uploads\\\/2020\\\/05\\\/regul-1.jpg\",\"width\":800,\"height\":800,\"caption\":\"Categorie r\u00e9gul climatique\"},{\"@type\":\"BreadcrumbList\",\"@id\":\"https:\\\/\\\/www.anjouautomation.com\\\/es\\\/produit\\\/polyclim-ng\\\/#breadcrumb\",\"itemListElement\":[{\"@type\":\"ListItem\",\"position\":1,\"name\":\"P\u00e1gina principal\",\"item\":\"https:\\\/\\\/www.anjouautomation.com\\\/es\\\/\"},{\"@type\":\"ListItem\",\"position\":2,\"name\":\"Productos\",\"item\":\"https:\\\/\\\/www.anjouautomation.com\\\/es\\\/tienda\\\/\"},{\"@type\":\"ListItem\",\"position\":3,\"name\":\"Clima \\\/ Sensores\",\"item\":\"https:\\\/\\\/www.anjouautomation.com\\\/es\\\/categorie-produit\\\/clima-sensores\\\/\"},{\"@type\":\"ListItem\",\"position\":4,\"name\":\"Polyclim NG\"}]},{\"@type\":\"WebSite\",\"@id\":\"https:\\\/\\\/www.anjouautomation.com\\\/es\\\/#website\",\"url\":\"https:\\\/\\\/www.anjouautomation.com\\\/es\\\/\",\"name\":\"Anjou Automation\",\"description\":\"\u00c9quipements de r\u00e9gulation et d&#039;automatisme\",\"publisher\":{\"@id\":\"https:\\\/\\\/www.anjouautomation.com\\\/es\\\/#organization\"},\"potentialAction\":[{\"@type\":\"SearchAction\",\"target\":{\"@type\":\"EntryPoint\",\"urlTemplate\":\"https:\\\/\\\/www.anjouautomation.com\\\/es\\\/?s={search_term_string}\"},\"query-input\":{\"@type\":\"PropertyValueSpecification\",\"valueRequired\":true,\"valueName\":\"search_term_string\"}}],\"inLanguage\":\"es\"},{\"@type\":\"Organization\",\"@id\":\"https:\\\/\\\/www.anjouautomation.com\\\/es\\\/#organization\",\"name\":\"Anjou Automation\",\"url\":\"https:\\\/\\\/www.anjouautomation.com\\\/es\\\/\",\"logo\":{\"@type\":\"ImageObject\",\"inLanguage\":\"es\",\"@id\":\"https:\\\/\\\/www.anjouautomation.com\\\/es\\\/#\\\/schema\\\/logo\\\/image\\\/\",\"url\":\"https:\\\/\\\/www.anjouautomation.com\\\/wp-content\\\/uploads\\\/2020\\\/05\\\/logo-anjou-automation.png\",\"contentUrl\":\"https:\\\/\\\/www.anjouautomation.com\\\/wp-content\\\/uploads\\\/2020\\\/05\\\/logo-anjou-automation.png\",\"width\":301,\"height\":66,\"caption\":\"Anjou Automation\"},\"image\":{\"@id\":\"https:\\\/\\\/www.anjouautomation.com\\\/es\\\/#\\\/schema\\\/logo\\\/image\\\/\"}}]}<\/script>\n<!-- \/ Yoast SEO plugin. -->","yoast_head_json":{"title":"Polyclim NG - Anjou Automation","robots":{"index":"index","follow":"follow","max-snippet":"max-snippet:-1","max-image-preview":"max-image-preview:large","max-video-preview":"max-video-preview:-1"},"canonical":"https:\/\/www.anjouautomation.com\/es\/produit\/polyclim-ng\/","og_locale":"es_ES","og_type":"article","og_title":"Polyclim NG - Anjou Automation","og_description":"\u2022 El Polyclim NG es un regulador monobloque con 13 salidas de rel\u00e9. Evoluci\u00f3n del Polyclim cl\u00e1sico, actualmente incorpora una pantalla t\u00e1ctil en color para una navegaci\u00f3n m\u00e1s fluida. Con su sitio web integrado, ahora es posible controlarlo remotamente conect\u00e1ndolo a la red. Actualizaci\u00f3n con llave USB, archivo de datos durante 1 mes, gesti\u00f3n de 4 periodos. Buscamos ofrecerle un producto siempre m\u00e1s eficiente.  \u2022 Posibilidad de conectar varios Polyclim en red Meteorolog\u00eda y\/o Supervisi\u00f3n. Compatibilidad de red con todos los reguladores clim\u00e1ticos Polyclim, Maxiclim, Masterclim y Artic.  \u2022 Versiones estandarizadas: consulte el cat\u00e1logo y la documentaci\u00f3n. Opciones disponibles bajo pedido y sujetas a disponibilidad de salidas de rel\u00e9.","og_url":"https:\/\/www.anjouautomation.com\/es\/produit\/polyclim-ng\/","og_site_name":"Anjou Automation","article_modified_time":"2025-12-10T10:22:42+00:00","og_image":[{"width":800,"height":800,"url":"https:\/\/www.anjouautomation.com\/wp-content\/uploads\/2020\/05\/regul-1.jpg","type":"image\/jpeg"}],"twitter_card":"summary_large_image","schema":{"@context":"https:\/\/schema.org","@graph":[{"@type":"WebPage","@id":"https:\/\/www.anjouautomation.com\/es\/produit\/polyclim-ng\/","url":"https:\/\/www.anjouautomation.com\/es\/produit\/polyclim-ng\/","name":"Polyclim NG - Anjou Automation","isPartOf":{"@id":"https:\/\/www.anjouautomation.com\/es\/#website"},"primaryImageOfPage":{"@id":"https:\/\/www.anjouautomation.com\/es\/produit\/polyclim-ng\/#primaryimage"},"image":{"@id":"https:\/\/www.anjouautomation.com\/es\/produit\/polyclim-ng\/#primaryimage"},"thumbnailUrl":"https:\/\/www.anjouautomation.com\/wp-content\/uploads\/2020\/05\/regul-1.jpg","datePublished":"2020-03-18T09:15:03+00:00","dateModified":"2025-12-10T10:22:42+00:00","breadcrumb":{"@id":"https:\/\/www.anjouautomation.com\/es\/produit\/polyclim-ng\/#breadcrumb"},"inLanguage":"es","potentialAction":[{"@type":"ReadAction","target":["https:\/\/www.anjouautomation.com\/es\/produit\/polyclim-ng\/"]}]},{"@type":"ImageObject","inLanguage":"es","@id":"https:\/\/www.anjouautomation.com\/es\/produit\/polyclim-ng\/#primaryimage","url":"https:\/\/www.anjouautomation.com\/wp-content\/uploads\/2020\/05\/regul-1.jpg","contentUrl":"https:\/\/www.anjouautomation.com\/wp-content\/uploads\/2020\/05\/regul-1.jpg","width":800,"height":800,"caption":"Categorie r\u00e9gul climatique"},{"@type":"BreadcrumbList","@id":"https:\/\/www.anjouautomation.com\/es\/produit\/polyclim-ng\/#breadcrumb","itemListElement":[{"@type":"ListItem","position":1,"name":"P\u00e1gina principal","item":"https:\/\/www.anjouautomation.com\/es\/"},{"@type":"ListItem","position":2,"name":"Productos","item":"https:\/\/www.anjouautomation.com\/es\/tienda\/"},{"@type":"ListItem","position":3,"name":"Clima \/ Sensores","item":"https:\/\/www.anjouautomation.com\/es\/categorie-produit\/clima-sensores\/"},{"@type":"ListItem","position":4,"name":"Polyclim NG"}]},{"@type":"WebSite","@id":"https:\/\/www.anjouautomation.com\/es\/#website","url":"https:\/\/www.anjouautomation.com\/es\/","name":"Anjou Automation","description":"\u00c9quipements de r\u00e9gulation et d&#039;automatisme","publisher":{"@id":"https:\/\/www.anjouautomation.com\/es\/#organization"},"potentialAction":[{"@type":"SearchAction","target":{"@type":"EntryPoint","urlTemplate":"https:\/\/www.anjouautomation.com\/es\/?s={search_term_string}"},"query-input":{"@type":"PropertyValueSpecification","valueRequired":true,"valueName":"search_term_string"}}],"inLanguage":"es"},{"@type":"Organization","@id":"https:\/\/www.anjouautomation.com\/es\/#organization","name":"Anjou Automation","url":"https:\/\/www.anjouautomation.com\/es\/","logo":{"@type":"ImageObject","inLanguage":"es","@id":"https:\/\/www.anjouautomation.com\/es\/#\/schema\/logo\/image\/","url":"https:\/\/www.anjouautomation.com\/wp-content\/uploads\/2020\/05\/logo-anjou-automation.png","contentUrl":"https:\/\/www.anjouautomation.com\/wp-content\/uploads\/2020\/05\/logo-anjou-automation.png","width":301,"height":66,"caption":"Anjou Automation"},"image":{"@id":"https:\/\/www.anjouautomation.com\/es\/#\/schema\/logo\/image\/"}}]}},"_links":{"self":[{"href":"https:\/\/www.anjouautomation.com\/es\/wp-json\/wp\/v2\/product\/87587","targetHints":{"allow":["GET"]}}],"collection":[{"href":"https:\/\/www.anjouautomation.com\/es\/wp-json\/wp\/v2\/product"}],"about":[{"href":"https:\/\/www.anjouautomation.com\/es\/wp-json\/wp\/v2\/types\/product"}],"wp:featuredmedia":[{"embeddable":true,"href":"https:\/\/www.anjouautomation.com\/es\/wp-json\/wp\/v2\/media\/87588"}],"wp:attachment":[{"href":"https:\/\/www.anjouautomation.com\/es\/wp-json\/wp\/v2\/media?parent=87587"}],"wp:term":[{"taxonomy":"product_brand","embeddable":true,"href":"https:\/\/www.anjouautomation.com\/es\/wp-json\/wp\/v2\/product_brand?post=87587"},{"taxonomy":"product_cat","embeddable":true,"href":"https:\/\/www.anjouautomation.com\/es\/wp-json\/wp\/v2\/product_cat?post=87587"},{"taxonomy":"product_tag","embeddable":true,"href":"https:\/\/www.anjouautomation.com\/es\/wp-json\/wp\/v2\/product_tag?post=87587"}],"curies":[{"name":"wp","href":"https:\/\/api.w.org\/{rel}","templated":true}]}}