{"id":84735,"date":"2020-06-26T14:39:25","date_gmt":"2020-06-26T12:39:25","guid":{"rendered":"https:\/\/www.anjouautomation.com\/aviso-legal\/"},"modified":"2020-06-26T14:39:27","modified_gmt":"2020-06-26T12:39:27","slug":"aviso-legal","status":"publish","type":"page","link":"https:\/\/www.anjouautomation.com\/es\/aviso-legal\/","title":{"rendered":"Aviso legal"},"content":{"rendered":"<div class=\"wpb-content-wrapper\"><p>[vc_row row_height_percent=\u00bb0&#8243; override_padding=\u00bbyes\u00bb h_padding=\u00bb2&#8243; top_padding=\u00bb3&#8243; bottom_padding=\u00bb1&#8243; overlay_alpha=\u00bb50&#8243; gutter_size=\u00bb3&#8243; column_width_percent=\u00bb100&#8243; shift_y=\u00bb0&#8243; z_index=\u00bb0&#8243; el_class=\u00bb.content-mentions\u00bb shape_dividers=\u00bb\u00bb][vc_column width=\u00bb1\/2&#8243;][vc_custom_heading sub_reduced=\u00bbyes\u00bb]aujouautomation.fr es editado por la sociedad:[\/vc_custom_heading][vc_column_text]Anjou Automation<br \/>\nSAS con capital social de 7 067 666,00 \u20ac<br \/>\n880, rue L\u00e9o Baekeland &#8211; B.P. 57<br \/>\n85290 MORTAGNE SUR SEVRE<\/p>\n<p>Directores de publicaci\u00f3n:<br \/>\nPascal CHERBONNIER[\/vc_column_text][\/vc_column][vc_column width=\u00bb1\/2&#8243;][vc_custom_heading sub_reduced=\u00bbyes\u00bb]El sitio anjouautomation.fr est\u00e1 alojado por:[\/vc_custom_heading][vc_column_text]OVH<br \/>\n2 rue kellermann<br \/>\nBP 80157<br \/>\n59053 ROUBAIX Cedex 1<br \/>\nTel\u00e9fono :+33 (0)8 203 203 63<br \/>\nCorreo electr\u00f3nico : support@ovh.com[\/vc_column_text][\/vc_column][\/vc_row][vc_row row_height_percent=\u00bb0&#8243; overlay_alpha=\u00bb50&#8243; gutter_size=\u00bb3&#8243; column_width_percent=\u00bb100&#8243; shift_y=\u00bb0&#8243; z_index=\u00bb0&#8243; el_class=\u00bb.content-mentions\u00bb][vc_column width=\u00bb1\/1&#8243;][vc_custom_heading sub_reduced=\u00bbyes\u00bb]El sitio anjouautomation.fr ha sido realizado por:[\/vc_custom_heading][vc_column_text]<\/p>\n<p>Agencia web Enjin<br \/>\nCorreo electr\u00f3nico : <a href=\"mailto:contact@enjin.fr\">contact@enjin.fr<\/a><br \/>\nSitio de Internet : <a href=\"https:\/\/www.enjin.fr\">www.enjin.fr<\/a><\/p>\n<p>[\/vc_column_text][vc_custom_heading sub_reduced=\u00bbyes\u00bb]Propiedad intelectual[\/vc_custom_heading][vc_column_text]Los contenidos del sitio anjouautomation.fr (estructura, dise\u00f1o, textos, im\u00e1genes, animaciones, logotipos) son propiedad exclusiva de la empresa Anjou Automation. Est\u00e1 estrictamente prohibido el uso de elementos del sitio anjouautomation.fr, incluida la reproducci\u00f3n, modificaci\u00f3n, difusi\u00f3n o republicaci\u00f3n, sin la autorizaci\u00f3n previa por escrito de Anjou Automation. Cualquier solicitud de autorizaci\u00f3n para reproducci\u00f3n total o parcial de este sitio debe enviarse a contact@anjouautomation.fr[\/vc_column_text][vc_custom_heading sub_reduced=\u00bbyes\u00bb]Limitaci\u00f3n de responsabilidad[\/vc_custom_heading][vc_column_text]<\/p>\n<p>El sitio anjouautomation.fr no se hace responsable de errores encontrados en el sitio, problemas t\u00e9cnicos, interpretaci\u00f3n de la informaci\u00f3n publicada y consecuencias de su uso. Por consiguiente, el usuario reconoce utilizar esta informaci\u00f3n bajo su exclusiva responsabilidad.<\/p>\n<p>[\/vc_column_text][vc_custom_heading sub_reduced=\u00bbyes\u00bb]Pol\u00edtica de cookies[\/vc_custom_heading][vc_column_text]<\/p>\n<p>El sitio anjouautomation.fr utiliza cookies, peque\u00f1os archivos de texto que se insertan en su ordenador para ayudarnos a mejorar su experiencia de usuario. Las cookies se utilizan en nuestro sitio para proporcionar datos de seguimiento an\u00f3nimos a una aplicaci\u00f3n ajena: Google Analytics. En general, las cookies mejorar\u00e1n su experiencia de navegaci\u00f3n. No obstante, usted puede deshabilitar las cookies en este sitio deshabilit\u00e1ndolas en su navegador. El rechazo a la instalaci\u00f3n de una cookie puede imposibilitar el acceso a ciertos servicios. Sin embargo, puede configurar su navegador para rechazar la instalaci\u00f3n de cookies:<\/p>\n<ul>\n<li>Internet Explorer : <a href=\"\/\/support.microsoft.com\/fr-fr\/help\/17442\/windows-inter-net-explorer-delete-manage-cookies\u00bb\" target=\"\u00bb_blank\u00bbrel=\u00bbnoopener\u00bb\" rel=\"noopener noreferrer\">https:\/\/support.microsoft.com\/fr-fr\/help\/17442\/windows-internet-explorer-delete-ma-nage-cookies<\/a><\/li>\n<li>Firefox : <a href=\"\u00bbhttps:\/\/support.mo-zilla.org\/fr\/kb\/empecher-sites-enregistrer-preferences\u00bbtarget=\u00bb_blank\u00bb\" rel=\"\u00bbnoopener\u00bb\">https:\/\/support.mozilla.org\/fr\/kb\/empecher-sites-enregistrer-prefe-rences<\/a><\/li>\n<li>Safari : <a href=\"\/\/support.apple.com\/kb\/PH21411?viewlocale=fr_CA&amp;locale=fr_CA\u00bb\" target=\"\u00bb_blank\u00bb\" rel=\"\u00bbnoopener\u00bb noopener noreferrer\">https:\/\/support.apple.com\/kb\/PH21411?viewlocale=fr_CA&amp;lo-cale=fr_CA<\/a><\/li>\n<li>Chrome : <a href=\"\/\/sup-port.google.com\/chrome\/answer\/95647?co=GENIE.Platform%3DDesktop&amp;hl=fr\u00bb\" target=\"\u00bb_blank\u00bbrel=\u00bbnoopener\u00bb\" rel=\"noopener noreferrer\">https:\/\/support.google.com\/chrome\/answer\/95647?co=GENIE.Platform%3DDesktop&amp;am-p;hl=fr<\/a><\/li>\n<\/ul>\n<p>[\/vc_column_text][vc_custom_heading sub_reduced=\u00bbyes\u00bb]Pol\u00edtica de confidencialidad[\/vc_custom_heading][vc_column_text]La presente pol\u00edtica de confidencialidad detalla las<br \/>\ncondiciones de recopilaci\u00f3n, uso e intercambio de datos personales o no personales que usted proporciona a Anjou Automation cuando accede a nuestro sitio internet.[\/vc_column_text][\/vc_column][\/vc_row][vc_row row_height_percent=\u00bb0&#8243; override_padding=\u00bbyes\u00bb h_padding=\u00bb2&#8243; top_padding=\u00bb1&#8243; bottom_padding=\u00bb4&#8243; overlay_alpha=\u00bb50&#8243; gutter_size=\u00bb4&#8243; column_width_percent=\u00bb100&#8243; shift_y=\u00bb0&#8243; z_index=\u00bb0&#8243; el_class=\u00bb.content-mentions\u00bb][vc_column column_width_percent=\u00bb100&#8243; gutter_size=\u00bb4&#8243; overlay_alpha=\u00bb50&#8243; shift_x=\u00bb0&#8243; shift_y=\u00bb0&#8243; shift_y_down=\u00bb0&#8243; z_index=\u00bb0&#8243; medium_width=\u00bb4&#8243; mobile_width=\u00bb0&#8243; width=\u00bb1\/2&#8243;][vc_custom_heading heading_semantic=\u00bbh3&#8243; text_size=\u00bbh3&#8243; sub_reduced=\u00bbyes\u00bb]\u2013 Definici\u00f3n de datos personales y no personales[\/vc_custom_heading][vc_column_text]<\/p>\n<p>Los datos personales (\u00abdatos personales\u00bb) se refieren a cualquier informaci\u00f3n que le identifique como persona espec\u00edfica, y los datos no personales (\u00abdatos no personales\u00bb) designan cualquier informaci\u00f3n que no le identifique como persona espec\u00edfica. Anjou Automation respetar\u00e1 siempre la definici\u00f3n reglamentaria aplicable para determinar qu\u00e9 datos son personales y cu\u00e1les no respecto a los prop\u00f3sitos de la presente pol\u00edtica de confidencialidad. Cuando esta pol\u00edtica de confidencialidad se refiere a \u00abdatos\u00bb o a \u00absus datos\u00bb, \u00e9stos pueden incluir tanto datos personales como no personales. La presente pol\u00edtica de confidencialidad se refiere \u00fanicamente a los datos recopilados por nuestro sitio.<\/p>\n<p>[\/vc_column_text][vc_custom_heading heading_semantic=\u00bbh3&#8243; text_size=\u00bbh3&#8243; sub_reduced=\u00bbyes\u00bb]\u2013 Ejercicio de sus derechos respecto a sus datos personales[\/vc_custom_heading][vc_column_text]<\/p>\n<p>Usted tiene derecho a acceder, modificar, rectificar y eliminar los datos recopilados en este sitio, en las condiciones previstas por el art\u00edculo 31 de la Ley del 6 de enero de 1978 modificada relativa a la inform\u00e1tica, archivos y libertades, y en las previstas por el Reglamento Europeo 2016\/679 del 27 de abril de 2016 (RGPD). Para ejercer este derecho, puede contactarnos a trav\u00e9s de nuestro formulario de contacto.<\/p>\n<p>[\/vc_column_text][\/vc_column][vc_column column_width_percent=\u00bb100&#8243; gutter_size=\u00bb4&#8243; overlay_alpha=\u00bb50&#8243; shift_x=\u00bb0&#8243; shift_y=\u00bb0&#8243; shift_y_down=\u00bb0&#8243; z_index=\u00bb0&#8243; medium_width=\u00bb4&#8243; mobile_width=\u00bb0&#8243; width=\u00bb1\/2&#8243;][vc_custom_heading heading_semantic=\u00bbh3&#8243; text_size=\u00bbh3&#8243; sub_reduced=\u00bbyes\u00bb]\u2013 Datos recopilados y su utilizaci\u00f3n[\/vc_custom_heading][vc_column_text]<\/p>\n<p>Los datos recopilados en anjouautomation.fr se utilizan solo dentro del marco legal previsto en Francia para el respeto a la privacidad. La empresa Anjou Automation es el \u00fanico destinatario de los datos. Al utilizar el sitio anjouautomation.fr, pueden recopilarse los siguientes datos personales: \u2013 la URL de los enlaces a trav\u00e9s de los cuales usted ha accedido al sitio anjouautomation.fr, &#8211; su direcci\u00f3n IP. Estos datos se utilizan para facilitar la navegaci\u00f3n en el sitio y para permitir medidas de frecuencia del sitio. Al enviar el formulario desde nuestro formulario de contacto: \u2013 Apellidos y nombre &#8211; Direcci\u00f3n email Estos datos se utilizan \u00fanicamente para responderle por correo electr\u00f3nico o por tel\u00e9fono tras su toma de contacto. La empresa Anjou Automation es el \u00fanico destinatario de los datos. No se publica o publicar\u00e1 ning\u00fan dato personal del usuario del sitio sin su conocimiento, ni se intercambiar\u00e1, ceder\u00e1 o vender\u00e1 en ning\u00fan soporte a terceros.<\/p>\n<p>[\/vc_column_text][\/vc_column][\/vc_row]<\/p>\n<\/div>","protected":false},"excerpt":{"rendered":"<p>[vc_row row_height_percent=\u00bb0&#8243; override_padding=\u00bbyes\u00bb h_padding=\u00bb2&#8243; top_padding=\u00bb3&#8243; bottom_padding=\u00bb1&#8243; overlay_alpha=\u00bb50&#8243; gutter_size=\u00bb3&#8243; column_width_percent=\u00bb100&#8243; shift_y=\u00bb0&#8243; z_index=\u00bb0&#8243; el_class=\u00bb.content-mentions\u00bb shape_dividers=\u00bb\u00bb][vc_column width=\u00bb1\/2&#8243;][vc_custom_heading sub_reduced=\u00bbyes\u00bb]aujouautomation.fr es editado por la sociedad:[\/vc_custom_heading][vc_column_text]Anjou [&hellip;]<\/p>\n","protected":false},"author":1,"featured_media":0,"parent":0,"menu_order":0,"comment_status":"closed","ping_status":"closed","template":"","meta":{"_monsterinsights_skip_tracking":false,"_monsterinsights_sitenote_active":false,"_monsterinsights_sitenote_note":"","_monsterinsights_sitenote_category":0,"footnotes":""},"class_list":["post-84735","page","type-page","status-publish","hentry"],"yoast_head":"<!-- This site is optimized with the Yoast SEO plugin v27.3 - https:\/\/yoast.com\/product\/yoast-seo-wordpress\/ -->\n<title>Aviso legal - Anjou Automation<\/title>\n<meta name=\"robots\" content=\"index, follow, max-snippet:-1, max-image-preview:large, max-video-preview:-1\" \/>\n<link rel=\"canonical\" href=\"https:\/\/www.anjouautomation.com\/es\/aviso-legal\/\" \/>\n<meta property=\"og:locale\" content=\"es_ES\" \/>\n<meta property=\"og:type\" content=\"article\" \/>\n<meta property=\"og:title\" content=\"Aviso legal - Anjou Automation\" \/>\n<meta property=\"og:description\" content=\"[vc_row row_height_percent=\u00bb0&#8243; override_padding=\u00bbyes\u00bb h_padding=\u00bb2&#8243; top_padding=\u00bb3&#8243; bottom_padding=\u00bb1&#8243; overlay_alpha=\u00bb50&#8243; gutter_size=\u00bb3&#8243; column_width_percent=\u00bb100&#8243; shift_y=\u00bb0&#8243; z_index=\u00bb0&#8243; el_class=\u00bb.content-mentions\u00bb shape_dividers=\u00bb\u00bb][vc_column width=\u00bb1\/2&#8243;][vc_custom_heading sub_reduced=\u00bbyes\u00bb]aujouautomation.fr es editado por la sociedad:[\/vc_custom_heading][vc_column_text]Anjou [&hellip;]\" \/>\n<meta property=\"og:url\" content=\"https:\/\/www.anjouautomation.com\/es\/aviso-legal\/\" \/>\n<meta property=\"og:site_name\" content=\"Anjou Automation\" \/>\n<meta property=\"article:modified_time\" content=\"2020-06-26T12:39:27+00:00\" \/>\n<meta property=\"og:image\" content=\"https:\/\/www.anjouautomation.com\/wp-content\/uploads\/2020\/07\/open-graph.jpg\" \/>\n\t<meta property=\"og:image:width\" content=\"1200\" \/>\n\t<meta property=\"og:image:height\" content=\"627\" \/>\n\t<meta property=\"og:image:type\" content=\"image\/jpeg\" \/>\n<meta name=\"twitter:card\" content=\"summary_large_image\" \/>\n<meta name=\"twitter:label1\" content=\"Tiempo de lectura\" \/>\n\t<meta name=\"twitter:data1\" content=\"5 minutos\" \/>\n<script type=\"application\/ld+json\" class=\"yoast-schema-graph\">{\"@context\":\"https:\\\/\\\/schema.org\",\"@graph\":[{\"@type\":\"WebPage\",\"@id\":\"https:\\\/\\\/www.anjouautomation.com\\\/es\\\/aviso-legal\\\/\",\"url\":\"https:\\\/\\\/www.anjouautomation.com\\\/es\\\/aviso-legal\\\/\",\"name\":\"Aviso legal - Anjou Automation\",\"isPartOf\":{\"@id\":\"https:\\\/\\\/www.anjouautomation.com\\\/es\\\/#website\"},\"datePublished\":\"2020-06-26T12:39:25+00:00\",\"dateModified\":\"2020-06-26T12:39:27+00:00\",\"breadcrumb\":{\"@id\":\"https:\\\/\\\/www.anjouautomation.com\\\/es\\\/aviso-legal\\\/#breadcrumb\"},\"inLanguage\":\"es\",\"potentialAction\":[{\"@type\":\"ReadAction\",\"target\":[\"https:\\\/\\\/www.anjouautomation.com\\\/es\\\/aviso-legal\\\/\"]}]},{\"@type\":\"BreadcrumbList\",\"@id\":\"https:\\\/\\\/www.anjouautomation.com\\\/es\\\/aviso-legal\\\/#breadcrumb\",\"itemListElement\":[{\"@type\":\"ListItem\",\"position\":1,\"name\":\"P\u00e1gina principal\",\"item\":\"https:\\\/\\\/www.anjouautomation.com\\\/es\\\/\"},{\"@type\":\"ListItem\",\"position\":2,\"name\":\"Aviso legal\"}]},{\"@type\":\"WebSite\",\"@id\":\"https:\\\/\\\/www.anjouautomation.com\\\/es\\\/#website\",\"url\":\"https:\\\/\\\/www.anjouautomation.com\\\/es\\\/\",\"name\":\"Anjou Automation\",\"description\":\"\u00c9quipements de r\u00e9gulation et d&#039;automatisme\",\"publisher\":{\"@id\":\"https:\\\/\\\/www.anjouautomation.com\\\/es\\\/#organization\"},\"potentialAction\":[{\"@type\":\"SearchAction\",\"target\":{\"@type\":\"EntryPoint\",\"urlTemplate\":\"https:\\\/\\\/www.anjouautomation.com\\\/es\\\/?s={search_term_string}\"},\"query-input\":{\"@type\":\"PropertyValueSpecification\",\"valueRequired\":true,\"valueName\":\"search_term_string\"}}],\"inLanguage\":\"es\"},{\"@type\":\"Organization\",\"@id\":\"https:\\\/\\\/www.anjouautomation.com\\\/es\\\/#organization\",\"name\":\"Anjou Automation\",\"url\":\"https:\\\/\\\/www.anjouautomation.com\\\/es\\\/\",\"logo\":{\"@type\":\"ImageObject\",\"inLanguage\":\"es\",\"@id\":\"https:\\\/\\\/www.anjouautomation.com\\\/es\\\/#\\\/schema\\\/logo\\\/image\\\/\",\"url\":\"https:\\\/\\\/www.anjouautomation.com\\\/wp-content\\\/uploads\\\/2020\\\/05\\\/logo-anjou-automation.png\",\"contentUrl\":\"https:\\\/\\\/www.anjouautomation.com\\\/wp-content\\\/uploads\\\/2020\\\/05\\\/logo-anjou-automation.png\",\"width\":301,\"height\":66,\"caption\":\"Anjou Automation\"},\"image\":{\"@id\":\"https:\\\/\\\/www.anjouautomation.com\\\/es\\\/#\\\/schema\\\/logo\\\/image\\\/\"}}]}<\/script>\n<!-- \/ Yoast SEO plugin. -->","yoast_head_json":{"title":"Aviso legal - Anjou Automation","robots":{"index":"index","follow":"follow","max-snippet":"max-snippet:-1","max-image-preview":"max-image-preview:large","max-video-preview":"max-video-preview:-1"},"canonical":"https:\/\/www.anjouautomation.com\/es\/aviso-legal\/","og_locale":"es_ES","og_type":"article","og_title":"Aviso legal - Anjou Automation","og_description":"[vc_row row_height_percent=\u00bb0&#8243; override_padding=\u00bbyes\u00bb h_padding=\u00bb2&#8243; top_padding=\u00bb3&#8243; bottom_padding=\u00bb1&#8243; overlay_alpha=\u00bb50&#8243; gutter_size=\u00bb3&#8243; column_width_percent=\u00bb100&#8243; shift_y=\u00bb0&#8243; z_index=\u00bb0&#8243; el_class=\u00bb.content-mentions\u00bb shape_dividers=\u00bb\u00bb][vc_column width=\u00bb1\/2&#8243;][vc_custom_heading sub_reduced=\u00bbyes\u00bb]aujouautomation.fr es editado por la sociedad:[\/vc_custom_heading][vc_column_text]Anjou [&hellip;]","og_url":"https:\/\/www.anjouautomation.com\/es\/aviso-legal\/","og_site_name":"Anjou Automation","article_modified_time":"2020-06-26T12:39:27+00:00","og_image":[{"width":1200,"height":627,"url":"https:\/\/www.anjouautomation.com\/wp-content\/uploads\/2020\/07\/open-graph.jpg","type":"image\/jpeg"}],"twitter_card":"summary_large_image","twitter_misc":{"Tiempo de lectura":"5 minutos"},"schema":{"@context":"https:\/\/schema.org","@graph":[{"@type":"WebPage","@id":"https:\/\/www.anjouautomation.com\/es\/aviso-legal\/","url":"https:\/\/www.anjouautomation.com\/es\/aviso-legal\/","name":"Aviso legal - Anjou Automation","isPartOf":{"@id":"https:\/\/www.anjouautomation.com\/es\/#website"},"datePublished":"2020-06-26T12:39:25+00:00","dateModified":"2020-06-26T12:39:27+00:00","breadcrumb":{"@id":"https:\/\/www.anjouautomation.com\/es\/aviso-legal\/#breadcrumb"},"inLanguage":"es","potentialAction":[{"@type":"ReadAction","target":["https:\/\/www.anjouautomation.com\/es\/aviso-legal\/"]}]},{"@type":"BreadcrumbList","@id":"https:\/\/www.anjouautomation.com\/es\/aviso-legal\/#breadcrumb","itemListElement":[{"@type":"ListItem","position":1,"name":"P\u00e1gina principal","item":"https:\/\/www.anjouautomation.com\/es\/"},{"@type":"ListItem","position":2,"name":"Aviso legal"}]},{"@type":"WebSite","@id":"https:\/\/www.anjouautomation.com\/es\/#website","url":"https:\/\/www.anjouautomation.com\/es\/","name":"Anjou Automation","description":"\u00c9quipements de r\u00e9gulation et d&#039;automatisme","publisher":{"@id":"https:\/\/www.anjouautomation.com\/es\/#organization"},"potentialAction":[{"@type":"SearchAction","target":{"@type":"EntryPoint","urlTemplate":"https:\/\/www.anjouautomation.com\/es\/?s={search_term_string}"},"query-input":{"@type":"PropertyValueSpecification","valueRequired":true,"valueName":"search_term_string"}}],"inLanguage":"es"},{"@type":"Organization","@id":"https:\/\/www.anjouautomation.com\/es\/#organization","name":"Anjou Automation","url":"https:\/\/www.anjouautomation.com\/es\/","logo":{"@type":"ImageObject","inLanguage":"es","@id":"https:\/\/www.anjouautomation.com\/es\/#\/schema\/logo\/image\/","url":"https:\/\/www.anjouautomation.com\/wp-content\/uploads\/2020\/05\/logo-anjou-automation.png","contentUrl":"https:\/\/www.anjouautomation.com\/wp-content\/uploads\/2020\/05\/logo-anjou-automation.png","width":301,"height":66,"caption":"Anjou Automation"},"image":{"@id":"https:\/\/www.anjouautomation.com\/es\/#\/schema\/logo\/image\/"}}]}},"_links":{"self":[{"href":"https:\/\/www.anjouautomation.com\/es\/wp-json\/wp\/v2\/pages\/84735","targetHints":{"allow":["GET"]}}],"collection":[{"href":"https:\/\/www.anjouautomation.com\/es\/wp-json\/wp\/v2\/pages"}],"about":[{"href":"https:\/\/www.anjouautomation.com\/es\/wp-json\/wp\/v2\/types\/page"}],"author":[{"embeddable":true,"href":"https:\/\/www.anjouautomation.com\/es\/wp-json\/wp\/v2\/users\/1"}],"replies":[{"embeddable":true,"href":"https:\/\/www.anjouautomation.com\/es\/wp-json\/wp\/v2\/comments?post=84735"}],"version-history":[{"count":1,"href":"https:\/\/www.anjouautomation.com\/es\/wp-json\/wp\/v2\/pages\/84735\/revisions"}],"predecessor-version":[{"id":84736,"href":"https:\/\/www.anjouautomation.com\/es\/wp-json\/wp\/v2\/pages\/84735\/revisions\/84736"}],"wp:attachment":[{"href":"https:\/\/www.anjouautomation.com\/es\/wp-json\/wp\/v2\/media?parent=84735"}],"curies":[{"name":"wp","href":"https:\/\/api.w.org\/{rel}","templated":true}]}}