{"id":84667,"date":"2020-06-26T12:13:04","date_gmt":"2020-06-26T10:13:04","guid":{"rendered":"https:\/\/www.anjouautomation.com\/la-empresa\/"},"modified":"2020-07-03T11:06:00","modified_gmt":"2020-07-03T09:06:00","slug":"la-empresa","status":"publish","type":"page","link":"https:\/\/www.anjouautomation.com\/es\/la-empresa\/","title":{"rendered":"La empresa"},"content":{"rendered":"<div class=\"wpb-content-wrapper\"><p>[vc_row row_height_percent=\u00bb0&#8243; override_padding=\u00bbyes\u00bb h_padding=\u00bb2&#8243; top_padding=\u00bb3&#8243; bottom_padding=\u00bb3&#8243; back_image=\u00bb83618&#8243; back_repeat=\u00bbno-repeat\u00bb back_position=\u00bbcenter center\u00bb overlay_alpha=\u00bb50&#8243; gutter_size=\u00bb3&#8243; column_width_percent=\u00bb100&#8243; shift_y=\u00bb0&#8243; z_index=\u00bb0&#8243;][vc_column column_width_percent=\u00bb100&#8243; align_horizontal=\u00bbalign_center\u00bb gutter_size=\u00bb2&#8243; style=\u00bbdark\u00bb overlay_alpha=\u00bb50&#8243; shift_x=\u00bb0&#8243; shift_y=\u00bb0&#8243; shift_y_down=\u00bb0&#8243; z_index=\u00bb0&#8243; medium_width=\u00bb0&#8243; mobile_width=\u00bb0&#8243; width=\u00bb1\/1&#8243;][vc_icon icon=\u00bbfa fa-apartment\u00bb icon_color=\u00bbblanc\u00bb size=\u00bbfa-2x\u00bb][\/vc_icon][vc_custom_heading heading_semantic=\u00bbh1&#8243; text_size=\u00bbh1&#8243;]La empresa[\/vc_custom_heading][vc_column_text]Descubra nuestra experiencia, nuestras actividades predilectas&#8230;[\/vc_column_text][\/vc_column][\/vc_row][vc_row row_height_percent=\u00bb0&#8243; override_padding=\u00bbyes\u00bb h_padding=\u00bb2&#8243; top_padding=\u00bb5&#8243; bottom_padding=\u00bb5&#8243; overlay_alpha=\u00bb100&#8243; gutter_size=\u00bb100&#8243; column_width_percent=\u00bb100&#8243; shift_y=\u00bb0&#8243; z_index=\u00bb0&#8243; style=\u00bbinherited\u00bb el_class=\u00bbcontact-form\u00bb][vc_column column_width_percent=\u00bb100&#8243; position_vertical=\u00bbmiddle\u00bb gutter_size=\u00bb3&#8243; overlay_alpha=\u00bb50&#8243; shift_x=\u00bb0&#8243; shift_y=\u00bb0&#8243; shift_y_down=\u00bb0&#8243; z_index=\u00bb0&#8243; medium_width=\u00bb0&#8243; mobile_width=\u00bb0&#8243; width=\u00bb1\/3&#8243;][vc_single_image media=\u00bb83175&#8243; media_width_percent=\u00bb100&#8243;][\/vc_column][vc_column column_width_use_pixel=\u00bbyes\u00bb position_vertical=\u00bbmiddle\u00bb gutter_size=\u00bb2&#8243; overlay_alpha=\u00bb100&#8243; shift_x=\u00bb0&#8243; shift_y=\u00bb0&#8243; shift_y_down=\u00bb0&#8243; z_index=\u00bb0&#8243; medium_width=\u00bb100&#8243; mobile_width=\u00bb0&#8243; zoom_width=\u00bb0&#8243; zoom_height=\u00bb0&#8243; width=\u00bb2\/3&#8243; column_width_pixel=\u00bb1000&#8243;][vc_custom_heading heading_semantic=\u00bbp\u00bb]Anjou Automation, desde 1982[\/vc_custom_heading][vc_column_text]Desde su fundaci\u00f3n, Anjou Automation dise\u00f1a y fabrica equipos de regulaci\u00f3n y automatizaci\u00f3n para invernaderos hort\u00edcolas. Nuestros reguladores de clima y riego, componentes centrales de nuestra actividad desde su origen, se utilizan actualmente en todo el mundo y acreditan el reconocimiento internacional de nuestra empresa.<\/p>\n<p>Hoy, Anjou Automation puede ofrecer soluciones llave en mano a sus clientes gracias a la ampliaci\u00f3n de su gama de productos, tales como:<br \/>\n\u2022 Mecanizaci\u00f3n, mediante motorreductores, reductores manuales, brazos telesc\u00f3picos y cremalleras;<br \/>\n\u2022 Bombeo, mediante la gesti\u00f3n de estaciones de bombeo;<br \/>\n\u2022 Fertilizaci\u00f3n, mediante estaciones de inyecci\u00f3n de fertilizantes y regulaci\u00f3n de la fertilizaci\u00f3n.<\/p>\n<p>Anjou Automation se ha construido en torno a valores como el dinamismo, la capacidad de respuesta y la diversificaci\u00f3n. Gracias a ello, a lo largo del tiempo ha completado y actualizado progresivamente su gama. Anjou Automation tambi\u00e9n est\u00e1 presente en la actualidad en otros sectores como:<br \/>\n\u2022 Agroindustria, con sus detectores de nivel de paleta rotatorios;<br \/>\n\u2022 Automoci\u00f3n, mediante el dise\u00f1o y la fabricaci\u00f3n de salpicaderos de ambulancia;<br \/>\n\u2022 Maquinaria agr\u00edcola, con unidades de control remoto.[\/vc_column_text][\/vc_column][\/vc_row][vc_row row_height_percent=\u00bb0&#8243; override_padding=\u00bbyes\u00bb h_padding=\u00bb2&#8243; top_padding=\u00bb5&#8243; bottom_padding=\u00bb5&#8243; back_image=\u00bb83236&#8243; back_repeat=\u00bbno-repeat\u00bb back_attachment=\u00bbfixed\u00bb back_position=\u00bbcenter center\u00bb overlay_alpha=\u00bb100&#8243; gutter_size=\u00bb100&#8243; column_width_percent=\u00bb100&#8243; shift_y=\u00bb0&#8243; z_index=\u00bb0&#8243; style=\u00bbinherited\u00bb el_class=\u00bbcontact-form\u00bb el_id=\u00bbsociete_groupe\u00bb][vc_column column_width_use_pixel=\u00bbyes\u00bb position_vertical=\u00bbmiddle\u00bb gutter_size=\u00bb2&#8243; style=\u00bbdark\u00bb overlay_alpha=\u00bb100&#8243; shift_x=\u00bb0&#8243; shift_y=\u00bb0&#8243; shift_y_down=\u00bb0&#8243; z_index=\u00bb0&#8243; medium_width=\u00bb100&#8243; mobile_width=\u00bb0&#8243; zoom_width=\u00bb0&#8243; zoom_height=\u00bb0&#8243; width=\u00bb5\/6&#8243; column_width_pixel=\u00bb1000&#8243;][vc_custom_heading heading_semantic=\u00bbp\u00bb]El grupo NADIA[\/vc_custom_heading][vc_column_text]Considerado at\u00edpico durante muchos a\u00f1os, cuando la tendencia impon\u00eda la concentraci\u00f3n en un sola actividad, el grupo NADIA cubre m\u00faltiples actividades, impulsadas por el conocimiento y la experiencia de hombres y mujeres que act\u00faan sobre el terreno y cerca de sus clientes, expertos en su profesi\u00f3n de fabricantes y a la b\u00fasqueda permanente de innovaci\u00f3n.<\/p>\n<p>Las empresas del grupo dise\u00f1an y fabrican productos de manera totalmente integrada. El Grupo cuenta con un departamento de investigaci\u00f3n, que avala su gran capacidad de innovaci\u00f3n y respuesta. Decididamente orientadas a la exportaci\u00f3n, algunas empresas generan hasta el 80% de su facturaci\u00f3n dentro del grupo.<\/p>\n<p>Todas l\u00edderes indiscutibles en sus respectivos mercados, transmiten una imagen impecable de calidad y servicio vinculada a productos originales y eficientes.[\/vc_column_text][\/vc_column][vc_column column_width_percent=\u00bb100&#8243; position_vertical=\u00bbmiddle\u00bb gutter_size=\u00bb3&#8243; overlay_alpha=\u00bb50&#8243; shift_x=\u00bb0&#8243; shift_y=\u00bb0&#8243; shift_y_down=\u00bb0&#8243; z_index=\u00bb0&#8243; medium_width=\u00bb0&#8243; mobile_width=\u00bb0&#8243; width=\u00bb1\/6&#8243;][vc_single_image media=\u00bb83138&#8243; media_width_percent=\u00bb100&#8243;][\/vc_column][\/vc_row][vc_row unlock_row_content=\u00bbyes\u00bb row_height_percent=\u00bb0&#8243; override_padding=\u00bbyes\u00bb h_padding=\u00bb0&#8243; top_padding=\u00bb0&#8243; bottom_padding=\u00bb0&#8243; back_color=\u00bbgris-fonce\u00bb overlay_color=\u00bbnoir-fonce\u00bb overlay_alpha=\u00bb86&#8243; gutter_size=\u00bb100&#8243; column_width_percent=\u00bb100&#8243; shift_y=\u00bb0&#8243; z_index=\u00bb0&#8243; style=\u00bbinherited\u00bb el_class=\u00bbcontact-infos\u00bb][vc_column column_width_use_pixel=\u00bbyes\u00bb align_horizontal=\u00bbalign_center\u00bb gutter_size=\u00bb4&#8243; override_padding=\u00bbyes\u00bb column_padding=\u00bb3&#8243; overlay_alpha=\u00bb100&#8243; shift_x=\u00bb0&#8243; shift_y=\u00bb0&#8243; shift_y_down=\u00bb0&#8243; z_index=\u00bb0&#8243; medium_width=\u00bb100&#8243; mobile_width=\u00bb0&#8243; zoom_width=\u00bb0&#8243; zoom_height=\u00bb0&#8243; width=\u00bb1\/3&#8243; column_width_pixel=\u00bb1400&#8243;][vc_row_inner row_inner_height_percent=\u00bb0&#8243; overlay_alpha=\u00bb100&#8243; gutter_size=\u00bb3&#8243; shift_y=\u00bb0&#8243;][vc_column_inner column_width_percent=\u00bb100&#8243; position_horizontal=\u00bbleft\u00bb position_vertical=\u00bbmiddle\u00bb gutter_size=\u00bb3&#8243; overlay_alpha=\u00bb100&#8243; shift_x=\u00bb0&#8243; shift_y=\u00bb0&#8243; shift_y_down=\u00bb0&#8243; z_index=\u00bb0&#8243; medium_width=\u00bb3&#8243; mobile_width=\u00bb0&#8243; zoom_width=\u00bb0&#8243; zoom_height=\u00bb0&#8243; width=\u00bb1\/1&#8243;][vc_icon position=\u00bbleft\u00bb title_aligned_icon=\u00bbyes\u00bb icon=\u00bbfa fa-phone2&#8243; icon_color=\u00bbaccent\u00bb size=\u00bbfa-3x\u00bb heading_semantic=\u00bbp\u00bb text_size=\u00bbh5&#8243; text_weight=\u00bb700&#8243; title=\u00bbPor tel\u00e9fono\u00bb link=\u00bburl:tel%3A%2B33251630282|||\u00bb]Cont\u00e1ctenos<br \/>\n+33 (0)2 51 63 02 82[\/vc_icon][vc_icon position=\u00bbleft\u00bb title_aligned_icon=\u00bbyes\u00bb icon=\u00bbfa fa-envelope2&#8243; icon_color=\u00bbaccent\u00bb size=\u00bbfa-3x\u00bb heading_semantic=\u00bbp\u00bb text_size=\u00bbh5&#8243; text_weight=\u00bb700&#8243; title=\u00bbPor email\u00bb link=\u00bburl:mailto%3Acontact%40anjouautomation.fr|||\u00bb]Escr\u00edbanos<br \/>\ncontact@anjouautomation.fr[\/vc_icon][vc_icon position=\u00bbleft\u00bb title_aligned_icon=\u00bbyes\u00bb icon=\u00bbfa fa-map-pin\u00bb icon_color=\u00bbaccent\u00bb size=\u00bbfa-3x\u00bb heading_semantic=\u00bbp\u00bb text_size=\u00bbh5&#8243; text_weight=\u00bb700&#8243; title=\u00bbNuestras oficinas\u00bb link=\u00bburl:https%3A%2F%2Fwww.google.com%2Fmaps%2Fplace%2FAnjou%2BAutomation%2F%4046.9822107%2C-0.9286674%2C15z%2Fdata%3D!4m5!3m4!1s0x0%3A0x1c434ab99bf14086!8m2!3d46.9822107!4d-0.9286674||target:%20_blank|\u00bb]880, rue L\u00e9o Baekeland &#8211; B.P. 57<br \/>\n85290 MORTAGNE SUR SEVRE[\/vc_icon][\/vc_column_inner][\/vc_row_inner][\/vc_column][vc_column column_width_percent=\u00bb100&#8243; position_vertical=\u00bbmiddle\u00bb align_horizontal=\u00bbalign_center\u00bb gutter_size=\u00bb3&#8243; expand_height=\u00bbyes\u00bb overlay_alpha=\u00bb50&#8243; shift_x=\u00bb0&#8243; shift_y=\u00bb0&#8243; shift_y_down=\u00bb0&#8243; z_index=\u00bb0&#8243; medium_width=\u00bb0&#8243; mobile_width=\u00bb0&#8243; width=\u00bb2\/3&#8243;][vc_gmaps map_color=\u00bbaccent\u00bb zoom=\u00bb14&#8243; map_saturation=\u00bb-20&#8243; map_brightness=\u00bb0&#8243; latlon=\u00bb46.9822107, -0.9286674&#8243;][\/vc_column][\/vc_row]<\/p>\n<\/div>","protected":false},"excerpt":{"rendered":"<p>[vc_row row_height_percent=\u00bb0&#8243; override_padding=\u00bbyes\u00bb h_padding=\u00bb2&#8243; top_padding=\u00bb3&#8243; bottom_padding=\u00bb3&#8243; back_image=\u00bb83618&#8243; back_repeat=\u00bbno-repeat\u00bb back_position=\u00bbcenter center\u00bb overlay_alpha=\u00bb50&#8243; gutter_size=\u00bb3&#8243; column_width_percent=\u00bb100&#8243; shift_y=\u00bb0&#8243; z_index=\u00bb0&#8243;][vc_column column_width_percent=\u00bb100&#8243; align_horizontal=\u00bbalign_center\u00bb gutter_size=\u00bb2&#8243; style=\u00bbdark\u00bb overlay_alpha=\u00bb50&#8243; [&hellip;]<\/p>\n","protected":false},"author":1,"featured_media":0,"parent":0,"menu_order":0,"comment_status":"open","ping_status":"closed","template":"","meta":{"footnotes":""},"class_list":["post-84667","page","type-page","status-publish","hentry"],"yoast_head":"<!-- This site is optimized with the Yoast SEO plugin v27.5 - https:\/\/yoast.com\/product\/yoast-seo-wordpress\/ -->\n<title>La empresa - Anjou Automation | Equipos de regulaci\u00f3n y automatizaci\u00f3n<\/title>\n<meta name=\"description\" content=\"Nuestros reguladores de clima y riego, componentes centrales de nuestra actividad desde su origen, se utilizan actualmente en todo el mundo y acreditan el reconocimiento internacional de nuestra empresa.\" \/>\n<meta name=\"robots\" content=\"index, follow, max-snippet:-1, max-image-preview:large, max-video-preview:-1\" \/>\n<link rel=\"canonical\" href=\"https:\/\/www.anjouautomation.com\/es\/la-empresa\/\" \/>\n<meta property=\"og:locale\" content=\"es_ES\" \/>\n<meta property=\"og:type\" content=\"article\" \/>\n<meta property=\"og:title\" content=\"La empresa - Anjou Automation | Equipos de regulaci\u00f3n y automatizaci\u00f3n\" \/>\n<meta property=\"og:description\" content=\"Nuestros reguladores de clima y riego, componentes centrales de nuestra actividad desde su origen, se utilizan actualmente en todo el mundo y acreditan el reconocimiento internacional de nuestra empresa.\" \/>\n<meta property=\"og:url\" content=\"https:\/\/www.anjouautomation.com\/es\/la-empresa\/\" \/>\n<meta property=\"og:site_name\" content=\"Anjou Automation\" \/>\n<meta property=\"article:modified_time\" content=\"2020-07-03T09:06:00+00:00\" \/>\n<meta property=\"og:image\" content=\"https:\/\/www.anjouautomation.com\/wp-content\/uploads\/2020\/07\/open-graph.jpg\" \/>\n\t<meta property=\"og:image:width\" content=\"1200\" \/>\n\t<meta property=\"og:image:height\" content=\"627\" \/>\n\t<meta property=\"og:image:type\" content=\"image\/jpeg\" \/>\n<meta name=\"twitter:card\" content=\"summary_large_image\" \/>\n<meta name=\"twitter:label1\" content=\"Tiempo de lectura\" \/>\n\t<meta name=\"twitter:data1\" content=\"5 minutos\" \/>\n<script type=\"application\/ld+json\" class=\"yoast-schema-graph\">{\"@context\":\"https:\\\/\\\/schema.org\",\"@graph\":[{\"@type\":\"WebPage\",\"@id\":\"https:\\\/\\\/www.anjouautomation.com\\\/es\\\/la-empresa\\\/\",\"url\":\"https:\\\/\\\/www.anjouautomation.com\\\/es\\\/la-empresa\\\/\",\"name\":\"La empresa - Anjou Automation | Equipos de regulaci\u00f3n y automatizaci\u00f3n\",\"isPartOf\":{\"@id\":\"https:\\\/\\\/www.anjouautomation.com\\\/es\\\/#website\"},\"datePublished\":\"2020-06-26T10:13:04+00:00\",\"dateModified\":\"2020-07-03T09:06:00+00:00\",\"description\":\"Nuestros reguladores de clima y riego, componentes centrales de nuestra actividad desde su origen, se utilizan actualmente en todo el mundo y acreditan el reconocimiento internacional de nuestra empresa.\",\"breadcrumb\":{\"@id\":\"https:\\\/\\\/www.anjouautomation.com\\\/es\\\/la-empresa\\\/#breadcrumb\"},\"inLanguage\":\"es\",\"potentialAction\":[{\"@type\":\"ReadAction\",\"target\":[\"https:\\\/\\\/www.anjouautomation.com\\\/es\\\/la-empresa\\\/\"]}]},{\"@type\":\"BreadcrumbList\",\"@id\":\"https:\\\/\\\/www.anjouautomation.com\\\/es\\\/la-empresa\\\/#breadcrumb\",\"itemListElement\":[{\"@type\":\"ListItem\",\"position\":1,\"name\":\"P\u00e1gina principal\",\"item\":\"https:\\\/\\\/www.anjouautomation.com\\\/es\\\/\"},{\"@type\":\"ListItem\",\"position\":2,\"name\":\"La empresa\"}]},{\"@type\":\"WebSite\",\"@id\":\"https:\\\/\\\/www.anjouautomation.com\\\/es\\\/#website\",\"url\":\"https:\\\/\\\/www.anjouautomation.com\\\/es\\\/\",\"name\":\"Anjou Automation\",\"description\":\"\u00c9quipements de r\u00e9gulation et d&#039;automatisme\",\"publisher\":{\"@id\":\"https:\\\/\\\/www.anjouautomation.com\\\/es\\\/#organization\"},\"potentialAction\":[{\"@type\":\"SearchAction\",\"target\":{\"@type\":\"EntryPoint\",\"urlTemplate\":\"https:\\\/\\\/www.anjouautomation.com\\\/es\\\/?s={search_term_string}\"},\"query-input\":{\"@type\":\"PropertyValueSpecification\",\"valueRequired\":true,\"valueName\":\"search_term_string\"}}],\"inLanguage\":\"es\"},{\"@type\":\"Organization\",\"@id\":\"https:\\\/\\\/www.anjouautomation.com\\\/es\\\/#organization\",\"name\":\"Anjou Automation\",\"url\":\"https:\\\/\\\/www.anjouautomation.com\\\/es\\\/\",\"logo\":{\"@type\":\"ImageObject\",\"inLanguage\":\"es\",\"@id\":\"https:\\\/\\\/www.anjouautomation.com\\\/es\\\/#\\\/schema\\\/logo\\\/image\\\/\",\"url\":\"https:\\\/\\\/www.anjouautomation.com\\\/wp-content\\\/uploads\\\/2020\\\/05\\\/logo-anjou-automation.png\",\"contentUrl\":\"https:\\\/\\\/www.anjouautomation.com\\\/wp-content\\\/uploads\\\/2020\\\/05\\\/logo-anjou-automation.png\",\"width\":301,\"height\":66,\"caption\":\"Anjou Automation\"},\"image\":{\"@id\":\"https:\\\/\\\/www.anjouautomation.com\\\/es\\\/#\\\/schema\\\/logo\\\/image\\\/\"}}]}<\/script>\n<!-- \/ Yoast SEO plugin. -->","yoast_head_json":{"title":"La empresa - Anjou Automation | Equipos de regulaci\u00f3n y automatizaci\u00f3n","description":"Nuestros reguladores de clima y riego, componentes centrales de nuestra actividad desde su origen, se utilizan actualmente en todo el mundo y acreditan el reconocimiento internacional de nuestra empresa.","robots":{"index":"index","follow":"follow","max-snippet":"max-snippet:-1","max-image-preview":"max-image-preview:large","max-video-preview":"max-video-preview:-1"},"canonical":"https:\/\/www.anjouautomation.com\/es\/la-empresa\/","og_locale":"es_ES","og_type":"article","og_title":"La empresa - Anjou Automation | Equipos de regulaci\u00f3n y automatizaci\u00f3n","og_description":"Nuestros reguladores de clima y riego, componentes centrales de nuestra actividad desde su origen, se utilizan actualmente en todo el mundo y acreditan el reconocimiento internacional de nuestra empresa.","og_url":"https:\/\/www.anjouautomation.com\/es\/la-empresa\/","og_site_name":"Anjou Automation","article_modified_time":"2020-07-03T09:06:00+00:00","og_image":[{"width":1200,"height":627,"url":"https:\/\/www.anjouautomation.com\/wp-content\/uploads\/2020\/07\/open-graph.jpg","type":"image\/jpeg"}],"twitter_card":"summary_large_image","twitter_misc":{"Tiempo de lectura":"5 minutos"},"schema":{"@context":"https:\/\/schema.org","@graph":[{"@type":"WebPage","@id":"https:\/\/www.anjouautomation.com\/es\/la-empresa\/","url":"https:\/\/www.anjouautomation.com\/es\/la-empresa\/","name":"La empresa - Anjou Automation | Equipos de regulaci\u00f3n y automatizaci\u00f3n","isPartOf":{"@id":"https:\/\/www.anjouautomation.com\/es\/#website"},"datePublished":"2020-06-26T10:13:04+00:00","dateModified":"2020-07-03T09:06:00+00:00","description":"Nuestros reguladores de clima y riego, componentes centrales de nuestra actividad desde su origen, se utilizan actualmente en todo el mundo y acreditan el reconocimiento internacional de nuestra empresa.","breadcrumb":{"@id":"https:\/\/www.anjouautomation.com\/es\/la-empresa\/#breadcrumb"},"inLanguage":"es","potentialAction":[{"@type":"ReadAction","target":["https:\/\/www.anjouautomation.com\/es\/la-empresa\/"]}]},{"@type":"BreadcrumbList","@id":"https:\/\/www.anjouautomation.com\/es\/la-empresa\/#breadcrumb","itemListElement":[{"@type":"ListItem","position":1,"name":"P\u00e1gina principal","item":"https:\/\/www.anjouautomation.com\/es\/"},{"@type":"ListItem","position":2,"name":"La empresa"}]},{"@type":"WebSite","@id":"https:\/\/www.anjouautomation.com\/es\/#website","url":"https:\/\/www.anjouautomation.com\/es\/","name":"Anjou Automation","description":"\u00c9quipements de r\u00e9gulation et d&#039;automatisme","publisher":{"@id":"https:\/\/www.anjouautomation.com\/es\/#organization"},"potentialAction":[{"@type":"SearchAction","target":{"@type":"EntryPoint","urlTemplate":"https:\/\/www.anjouautomation.com\/es\/?s={search_term_string}"},"query-input":{"@type":"PropertyValueSpecification","valueRequired":true,"valueName":"search_term_string"}}],"inLanguage":"es"},{"@type":"Organization","@id":"https:\/\/www.anjouautomation.com\/es\/#organization","name":"Anjou Automation","url":"https:\/\/www.anjouautomation.com\/es\/","logo":{"@type":"ImageObject","inLanguage":"es","@id":"https:\/\/www.anjouautomation.com\/es\/#\/schema\/logo\/image\/","url":"https:\/\/www.anjouautomation.com\/wp-content\/uploads\/2020\/05\/logo-anjou-automation.png","contentUrl":"https:\/\/www.anjouautomation.com\/wp-content\/uploads\/2020\/05\/logo-anjou-automation.png","width":301,"height":66,"caption":"Anjou Automation"},"image":{"@id":"https:\/\/www.anjouautomation.com\/es\/#\/schema\/logo\/image\/"}}]}},"_links":{"self":[{"href":"https:\/\/www.anjouautomation.com\/es\/wp-json\/wp\/v2\/pages\/84667","targetHints":{"allow":["GET"]}}],"collection":[{"href":"https:\/\/www.anjouautomation.com\/es\/wp-json\/wp\/v2\/pages"}],"about":[{"href":"https:\/\/www.anjouautomation.com\/es\/wp-json\/wp\/v2\/types\/page"}],"author":[{"embeddable":true,"href":"https:\/\/www.anjouautomation.com\/es\/wp-json\/wp\/v2\/users\/1"}],"replies":[{"embeddable":true,"href":"https:\/\/www.anjouautomation.com\/es\/wp-json\/wp\/v2\/comments?post=84667"}],"version-history":[{"count":1,"href":"https:\/\/www.anjouautomation.com\/es\/wp-json\/wp\/v2\/pages\/84667\/revisions"}],"predecessor-version":[{"id":84668,"href":"https:\/\/www.anjouautomation.com\/es\/wp-json\/wp\/v2\/pages\/84667\/revisions\/84668"}],"wp:attachment":[{"href":"https:\/\/www.anjouautomation.com\/es\/wp-json\/wp\/v2\/media?parent=84667"}],"curies":[{"name":"wp","href":"https:\/\/api.w.org\/{rel}","templated":true}]}}