{"id":96706,"date":"2021-12-02T13:30:53","date_gmt":"2021-12-02T12:30:53","guid":{"rendered":"https:\/\/www.anjouautomation.com\/produit\/sima-autonome-alarmzentrale-4g-zugang-2\/"},"modified":"2026-01-14T15:33:54","modified_gmt":"2026-01-14T14:33:54","slug":"sima-autonome-alarmzentrale-4g-zugang-2","status":"publish","type":"product","link":"https:\/\/www.anjouautomation.com\/de\/produit\/sima-autonome-alarmzentrale-4g-zugang-2\/","title":{"rendered":"Sima: Autonome Alarmzentrale + 4G-Zugang"},"content":{"rendered":"","protected":false},"excerpt":{"rendered":"<p>\u2022 Von Reglern und Programmierger\u00e4ten unabh\u00e4ngiges Geh\u00e4use<br \/>\n\u2022 Konfiguration des SIMA \u00fcber Farb-Touchscreen und integrierte Website<br \/>\n\u2022 SMS-Versand des Alarmkontakts der angeschlossenen Regler<br \/>\n\u2022 M\u00f6glichkeit zum Anschluss von 48 externen Fehlermeldungen (Thermostat, F\u00fcllstandsmessung, Leistungsschalter&#8230;)<br \/>\n\u2022 4G-Zugang zu den integrierten Websites der angeschlossenen Regler<br \/>\n\u2022 Bis zu 10 Benutzer<br \/>\n\u2022 Priorit\u00e4tenverwaltung<br \/>\n\u2022 Bis zu 11 Sequenzen<\/p>\n","protected":false},"featured_media":90232,"template":"","meta":[],"product_brand":[],"product_cat":[353],"product_tag":[],"class_list":{"0":"post-96706","1":"product","2":"type-product","3":"status-publish","4":"has-post-thumbnail","6":"product_cat-supervision","8":"first","9":"instock","10":"downloadable","11":"shipping-taxable","12":"product-type-simple"},"yoast_head":"<!-- This site is optimized with the Yoast SEO plugin v27.4 - https:\/\/yoast.com\/product\/yoast-seo-wordpress\/ -->\n<title>Sima: Autonome Alarmzentrale + 4G-Zugang - Anjou Automation<\/title>\n<meta name=\"robots\" content=\"index, follow, max-snippet:-1, max-image-preview:large, max-video-preview:-1\" \/>\n<link rel=\"canonical\" href=\"https:\/\/www.anjouautomation.com\/de\/produit\/sima-autonome-alarmzentrale-4g-zugang-2\/\" \/>\n<meta property=\"og:locale\" content=\"de_DE\" \/>\n<meta property=\"og:type\" content=\"article\" \/>\n<meta property=\"og:title\" content=\"Sima: Autonome Alarmzentrale + 4G-Zugang - Anjou Automation\" \/>\n<meta property=\"og:description\" content=\"\u2022 Von Reglern und Programmierger\u00e4ten unabh\u00e4ngiges Geh\u00e4use \u2022 Konfiguration des SIMA \u00fcber Farb-Touchscreen und integrierte Website \u2022 SMS-Versand des Alarmkontakts der angeschlossenen Regler \u2022 M\u00f6glichkeit zum Anschluss von 48 externen Fehlermeldungen (Thermostat, F\u00fcllstandsmessung, Leistungsschalter...) \u2022 4G-Zugang zu den integrierten Websites der angeschlossenen Regler \u2022 Bis zu 10 Benutzer \u2022 Priorit\u00e4tenverwaltung \u2022 Bis zu 11 Sequenzen\" \/>\n<meta property=\"og:url\" content=\"https:\/\/www.anjouautomation.com\/de\/produit\/sima-autonome-alarmzentrale-4g-zugang-2\/\" \/>\n<meta property=\"og:site_name\" content=\"Anjou Automation\" \/>\n<meta property=\"article:modified_time\" content=\"2026-01-14T14:33:54+00:00\" \/>\n<meta property=\"og:image\" content=\"https:\/\/www.anjouautomation.com\/wp-content\/uploads\/2021\/12\/2021-12-02_13h30_00.png\" \/>\n\t<meta property=\"og:image:width\" content=\"766\" \/>\n\t<meta property=\"og:image:height\" content=\"720\" \/>\n\t<meta property=\"og:image:type\" content=\"image\/png\" \/>\n<meta name=\"twitter:card\" content=\"summary_large_image\" \/>\n<script type=\"application\/ld+json\" class=\"yoast-schema-graph\">{\"@context\":\"https:\\\/\\\/schema.org\",\"@graph\":[{\"@type\":\"WebPage\",\"@id\":\"https:\\\/\\\/www.anjouautomation.com\\\/de\\\/produit\\\/sima-autonome-alarmzentrale-4g-zugang-2\\\/\",\"url\":\"https:\\\/\\\/www.anjouautomation.com\\\/de\\\/produit\\\/sima-autonome-alarmzentrale-4g-zugang-2\\\/\",\"name\":\"Sima: Autonome Alarmzentrale + 4G-Zugang - Anjou Automation\",\"isPartOf\":{\"@id\":\"https:\\\/\\\/www.anjouautomation.com\\\/de\\\/#website\"},\"primaryImageOfPage\":{\"@id\":\"https:\\\/\\\/www.anjouautomation.com\\\/de\\\/produit\\\/sima-autonome-alarmzentrale-4g-zugang-2\\\/#primaryimage\"},\"image\":{\"@id\":\"https:\\\/\\\/www.anjouautomation.com\\\/de\\\/produit\\\/sima-autonome-alarmzentrale-4g-zugang-2\\\/#primaryimage\"},\"thumbnailUrl\":\"https:\\\/\\\/www.anjouautomation.com\\\/wp-content\\\/uploads\\\/2021\\\/12\\\/2021-12-02_13h30_00.png\",\"datePublished\":\"2021-12-02T12:30:53+00:00\",\"dateModified\":\"2026-01-14T14:33:54+00:00\",\"breadcrumb\":{\"@id\":\"https:\\\/\\\/www.anjouautomation.com\\\/de\\\/produit\\\/sima-autonome-alarmzentrale-4g-zugang-2\\\/#breadcrumb\"},\"inLanguage\":\"de\",\"potentialAction\":[{\"@type\":\"ReadAction\",\"target\":[\"https:\\\/\\\/www.anjouautomation.com\\\/de\\\/produit\\\/sima-autonome-alarmzentrale-4g-zugang-2\\\/\"]}]},{\"@type\":\"ImageObject\",\"inLanguage\":\"de\",\"@id\":\"https:\\\/\\\/www.anjouautomation.com\\\/de\\\/produit\\\/sima-autonome-alarmzentrale-4g-zugang-2\\\/#primaryimage\",\"url\":\"https:\\\/\\\/www.anjouautomation.com\\\/wp-content\\\/uploads\\\/2021\\\/12\\\/2021-12-02_13h30_00.png\",\"contentUrl\":\"https:\\\/\\\/www.anjouautomation.com\\\/wp-content\\\/uploads\\\/2021\\\/12\\\/2021-12-02_13h30_00.png\",\"width\":766,\"height\":720},{\"@type\":\"BreadcrumbList\",\"@id\":\"https:\\\/\\\/www.anjouautomation.com\\\/de\\\/produit\\\/sima-autonome-alarmzentrale-4g-zugang-2\\\/#breadcrumb\",\"itemListElement\":[{\"@type\":\"ListItem\",\"position\":1,\"name\":\"Startseite\",\"item\":\"https:\\\/\\\/www.anjouautomation.com\\\/de\\\/\"},{\"@type\":\"ListItem\",\"position\":2,\"name\":\"Die Produkte\",\"item\":\"https:\\\/\\\/www.anjouautomation.com\\\/de\\\/i-prodotti\\\/\"},{\"@type\":\"ListItem\",\"position\":3,\"name\":\"Supervision\",\"item\":\"https:\\\/\\\/www.anjouautomation.com\\\/de\\\/categorie-produit\\\/supervision\\\/\"},{\"@type\":\"ListItem\",\"position\":4,\"name\":\"Sima: Autonome Alarmzentrale + 4G-Zugang\"}]},{\"@type\":\"WebSite\",\"@id\":\"https:\\\/\\\/www.anjouautomation.com\\\/de\\\/#website\",\"url\":\"https:\\\/\\\/www.anjouautomation.com\\\/de\\\/\",\"name\":\"Anjou Automation\",\"description\":\"\u00c9quipements de r\u00e9gulation et d&#039;automatisme\",\"publisher\":{\"@id\":\"https:\\\/\\\/www.anjouautomation.com\\\/de\\\/#organization\"},\"potentialAction\":[{\"@type\":\"SearchAction\",\"target\":{\"@type\":\"EntryPoint\",\"urlTemplate\":\"https:\\\/\\\/www.anjouautomation.com\\\/de\\\/?s={search_term_string}\"},\"query-input\":{\"@type\":\"PropertyValueSpecification\",\"valueRequired\":true,\"valueName\":\"search_term_string\"}}],\"inLanguage\":\"de\"},{\"@type\":\"Organization\",\"@id\":\"https:\\\/\\\/www.anjouautomation.com\\\/de\\\/#organization\",\"name\":\"Anjou Automation\",\"url\":\"https:\\\/\\\/www.anjouautomation.com\\\/de\\\/\",\"logo\":{\"@type\":\"ImageObject\",\"inLanguage\":\"de\",\"@id\":\"https:\\\/\\\/www.anjouautomation.com\\\/de\\\/#\\\/schema\\\/logo\\\/image\\\/\",\"url\":\"https:\\\/\\\/www.anjouautomation.com\\\/wp-content\\\/uploads\\\/2020\\\/05\\\/logo-anjou-automation.png\",\"contentUrl\":\"https:\\\/\\\/www.anjouautomation.com\\\/wp-content\\\/uploads\\\/2020\\\/05\\\/logo-anjou-automation.png\",\"width\":301,\"height\":66,\"caption\":\"Anjou Automation\"},\"image\":{\"@id\":\"https:\\\/\\\/www.anjouautomation.com\\\/de\\\/#\\\/schema\\\/logo\\\/image\\\/\"}}]}<\/script>\n<!-- \/ Yoast SEO plugin. -->","yoast_head_json":{"title":"Sima: Autonome Alarmzentrale + 4G-Zugang - Anjou Automation","robots":{"index":"index","follow":"follow","max-snippet":"max-snippet:-1","max-image-preview":"max-image-preview:large","max-video-preview":"max-video-preview:-1"},"canonical":"https:\/\/www.anjouautomation.com\/de\/produit\/sima-autonome-alarmzentrale-4g-zugang-2\/","og_locale":"de_DE","og_type":"article","og_title":"Sima: Autonome Alarmzentrale + 4G-Zugang - Anjou Automation","og_description":"\u2022 Von Reglern und Programmierger\u00e4ten unabh\u00e4ngiges Geh\u00e4use \u2022 Konfiguration des SIMA \u00fcber Farb-Touchscreen und integrierte Website \u2022 SMS-Versand des Alarmkontakts der angeschlossenen Regler \u2022 M\u00f6glichkeit zum Anschluss von 48 externen Fehlermeldungen (Thermostat, F\u00fcllstandsmessung, Leistungsschalter...) \u2022 4G-Zugang zu den integrierten Websites der angeschlossenen Regler \u2022 Bis zu 10 Benutzer \u2022 Priorit\u00e4tenverwaltung \u2022 Bis zu 11 Sequenzen","og_url":"https:\/\/www.anjouautomation.com\/de\/produit\/sima-autonome-alarmzentrale-4g-zugang-2\/","og_site_name":"Anjou Automation","article_modified_time":"2026-01-14T14:33:54+00:00","og_image":[{"width":766,"height":720,"url":"https:\/\/www.anjouautomation.com\/wp-content\/uploads\/2021\/12\/2021-12-02_13h30_00.png","type":"image\/png"}],"twitter_card":"summary_large_image","schema":{"@context":"https:\/\/schema.org","@graph":[{"@type":"WebPage","@id":"https:\/\/www.anjouautomation.com\/de\/produit\/sima-autonome-alarmzentrale-4g-zugang-2\/","url":"https:\/\/www.anjouautomation.com\/de\/produit\/sima-autonome-alarmzentrale-4g-zugang-2\/","name":"Sima: Autonome Alarmzentrale + 4G-Zugang - Anjou Automation","isPartOf":{"@id":"https:\/\/www.anjouautomation.com\/de\/#website"},"primaryImageOfPage":{"@id":"https:\/\/www.anjouautomation.com\/de\/produit\/sima-autonome-alarmzentrale-4g-zugang-2\/#primaryimage"},"image":{"@id":"https:\/\/www.anjouautomation.com\/de\/produit\/sima-autonome-alarmzentrale-4g-zugang-2\/#primaryimage"},"thumbnailUrl":"https:\/\/www.anjouautomation.com\/wp-content\/uploads\/2021\/12\/2021-12-02_13h30_00.png","datePublished":"2021-12-02T12:30:53+00:00","dateModified":"2026-01-14T14:33:54+00:00","breadcrumb":{"@id":"https:\/\/www.anjouautomation.com\/de\/produit\/sima-autonome-alarmzentrale-4g-zugang-2\/#breadcrumb"},"inLanguage":"de","potentialAction":[{"@type":"ReadAction","target":["https:\/\/www.anjouautomation.com\/de\/produit\/sima-autonome-alarmzentrale-4g-zugang-2\/"]}]},{"@type":"ImageObject","inLanguage":"de","@id":"https:\/\/www.anjouautomation.com\/de\/produit\/sima-autonome-alarmzentrale-4g-zugang-2\/#primaryimage","url":"https:\/\/www.anjouautomation.com\/wp-content\/uploads\/2021\/12\/2021-12-02_13h30_00.png","contentUrl":"https:\/\/www.anjouautomation.com\/wp-content\/uploads\/2021\/12\/2021-12-02_13h30_00.png","width":766,"height":720},{"@type":"BreadcrumbList","@id":"https:\/\/www.anjouautomation.com\/de\/produit\/sima-autonome-alarmzentrale-4g-zugang-2\/#breadcrumb","itemListElement":[{"@type":"ListItem","position":1,"name":"Startseite","item":"https:\/\/www.anjouautomation.com\/de\/"},{"@type":"ListItem","position":2,"name":"Die Produkte","item":"https:\/\/www.anjouautomation.com\/de\/i-prodotti\/"},{"@type":"ListItem","position":3,"name":"Supervision","item":"https:\/\/www.anjouautomation.com\/de\/categorie-produit\/supervision\/"},{"@type":"ListItem","position":4,"name":"Sima: Autonome Alarmzentrale + 4G-Zugang"}]},{"@type":"WebSite","@id":"https:\/\/www.anjouautomation.com\/de\/#website","url":"https:\/\/www.anjouautomation.com\/de\/","name":"Anjou Automation","description":"\u00c9quipements de r\u00e9gulation et d&#039;automatisme","publisher":{"@id":"https:\/\/www.anjouautomation.com\/de\/#organization"},"potentialAction":[{"@type":"SearchAction","target":{"@type":"EntryPoint","urlTemplate":"https:\/\/www.anjouautomation.com\/de\/?s={search_term_string}"},"query-input":{"@type":"PropertyValueSpecification","valueRequired":true,"valueName":"search_term_string"}}],"inLanguage":"de"},{"@type":"Organization","@id":"https:\/\/www.anjouautomation.com\/de\/#organization","name":"Anjou Automation","url":"https:\/\/www.anjouautomation.com\/de\/","logo":{"@type":"ImageObject","inLanguage":"de","@id":"https:\/\/www.anjouautomation.com\/de\/#\/schema\/logo\/image\/","url":"https:\/\/www.anjouautomation.com\/wp-content\/uploads\/2020\/05\/logo-anjou-automation.png","contentUrl":"https:\/\/www.anjouautomation.com\/wp-content\/uploads\/2020\/05\/logo-anjou-automation.png","width":301,"height":66,"caption":"Anjou Automation"},"image":{"@id":"https:\/\/www.anjouautomation.com\/de\/#\/schema\/logo\/image\/"}}]}},"_links":{"self":[{"href":"https:\/\/www.anjouautomation.com\/de\/wp-json\/wp\/v2\/product\/96706","targetHints":{"allow":["GET"]}}],"collection":[{"href":"https:\/\/www.anjouautomation.com\/de\/wp-json\/wp\/v2\/product"}],"about":[{"href":"https:\/\/www.anjouautomation.com\/de\/wp-json\/wp\/v2\/types\/product"}],"wp:featuredmedia":[{"embeddable":true,"href":"https:\/\/www.anjouautomation.com\/de\/wp-json\/wp\/v2\/media\/90232"}],"wp:attachment":[{"href":"https:\/\/www.anjouautomation.com\/de\/wp-json\/wp\/v2\/media?parent=96706"}],"wp:term":[{"taxonomy":"product_brand","embeddable":true,"href":"https:\/\/www.anjouautomation.com\/de\/wp-json\/wp\/v2\/product_brand?post=96706"},{"taxonomy":"product_cat","embeddable":true,"href":"https:\/\/www.anjouautomation.com\/de\/wp-json\/wp\/v2\/product_cat?post=96706"},{"taxonomy":"product_tag","embeddable":true,"href":"https:\/\/www.anjouautomation.com\/de\/wp-json\/wp\/v2\/product_tag?post=96706"}],"curies":[{"name":"wp","href":"https:\/\/api.w.org\/{rel}","templated":true}]}}