{"id":96512,"date":"2026-01-07T15:40:57","date_gmt":"2026-01-07T14:40:57","guid":{"rendered":"https:\/\/www.anjouautomation.com\/?post_type=product&#038;p=96512"},"modified":"2026-01-12T12:14:10","modified_gmt":"2026-01-12T11:14:10","slug":"c1ma-sa-auto-mono-tri-copie","status":"publish","type":"product","link":"https:\/\/www.anjouautomation.com\/de\/produit\/c1ma-sa-auto-mono-tri-copie\/","title":{"rendered":"3-Wege-Ventilheizung + Pumpe"},"content":{"rendered":"","protected":false},"excerpt":{"rendered":"<ul>\n<li class=\"p1\">Geh\u00e4use zwecks Gew\u00e4hrleistung der Leistungsschnittstelle f\u00fcr die Steuerung einer Kreislaufpumpe und eines 3-Weg-Ventils<\/li>\n<li class=\"p2\">Steuerung der Pumpe \u00fcber Ausschalter + Kontaktgeber, Ausgang 3-Weg-Ventil des Typs 24VAC oder 230VAC<\/li>\n<li class=\"p2\">2 Auswahlvorrichtungen f\u00fcr die manuelle \/ automatische Steuerung<\/li>\n<li class=\"p2\">Eingang automatische Steuerung 24VAC, 24VDC oder Trockenkontakt<\/li>\n<\/ul>\n","protected":false},"featured_media":96507,"template":"","meta":[],"product_brand":[],"product_cat":[329,189],"product_tag":[],"class_list":{"0":"post-96512","1":"product","2":"type-product","3":"status-publish","4":"has-post-thumbnail","6":"product_cat-leistungskasten-v3v-pumpe-lufterhitzer-turbine","7":"product_cat-leistung","9":"first","10":"instock","11":"downloadable","12":"shipping-taxable","13":"product-type-simple"},"yoast_head":"<!-- This site is optimized with the Yoast SEO plugin v27.4 - https:\/\/yoast.com\/product\/yoast-seo-wordpress\/ -->\n<title>3-Wege-Ventilheizung + Pumpe - Anjou Automation<\/title>\n<meta name=\"robots\" content=\"index, follow, max-snippet:-1, max-image-preview:large, max-video-preview:-1\" \/>\n<link rel=\"canonical\" href=\"https:\/\/www.anjouautomation.com\/de\/produit\/c1ma-sa-auto-mono-tri-copie\/\" \/>\n<meta property=\"og:locale\" content=\"de_DE\" \/>\n<meta property=\"og:type\" content=\"article\" \/>\n<meta property=\"og:title\" content=\"3-Wege-Ventilheizung + Pumpe - Anjou Automation\" \/>\n<meta property=\"og:description\" content=\"Geh\u00e4use zwecks Gew\u00e4hrleistung der Leistungsschnittstelle f\u00fcr die Steuerung einer Kreislaufpumpe und eines 3-Weg-Ventils  Steuerung der Pumpe \u00fcber Ausschalter + Kontaktgeber, Ausgang 3-Weg-Ventil des Typs 24VAC oder 230VAC  2 Auswahlvorrichtungen f\u00fcr die manuelle \/ automatische Steuerung  Eingang automatische Steuerung 24VAC, 24VDC oder Trockenkontakt\" \/>\n<meta property=\"og:url\" content=\"https:\/\/www.anjouautomation.com\/de\/produit\/c1ma-sa-auto-mono-tri-copie\/\" \/>\n<meta property=\"og:site_name\" content=\"Anjou Automation\" \/>\n<meta property=\"article:modified_time\" content=\"2026-01-12T11:14:10+00:00\" \/>\n<meta property=\"og:image\" content=\"https:\/\/www.anjouautomation.com\/wp-content\/uploads\/2026\/01\/V3VPOMPE.png\" \/>\n\t<meta property=\"og:image:width\" content=\"334\" \/>\n\t<meta property=\"og:image:height\" content=\"335\" \/>\n\t<meta property=\"og:image:type\" content=\"image\/png\" \/>\n<meta name=\"twitter:card\" content=\"summary_large_image\" \/>\n<script type=\"application\/ld+json\" class=\"yoast-schema-graph\">{\"@context\":\"https:\\\/\\\/schema.org\",\"@graph\":[{\"@type\":\"WebPage\",\"@id\":\"https:\\\/\\\/www.anjouautomation.com\\\/de\\\/produit\\\/c1ma-sa-auto-mono-tri-copie\\\/\",\"url\":\"https:\\\/\\\/www.anjouautomation.com\\\/de\\\/produit\\\/c1ma-sa-auto-mono-tri-copie\\\/\",\"name\":\"3-Wege-Ventilheizung + Pumpe - Anjou Automation\",\"isPartOf\":{\"@id\":\"https:\\\/\\\/www.anjouautomation.com\\\/de\\\/#website\"},\"primaryImageOfPage\":{\"@id\":\"https:\\\/\\\/www.anjouautomation.com\\\/de\\\/produit\\\/c1ma-sa-auto-mono-tri-copie\\\/#primaryimage\"},\"image\":{\"@id\":\"https:\\\/\\\/www.anjouautomation.com\\\/de\\\/produit\\\/c1ma-sa-auto-mono-tri-copie\\\/#primaryimage\"},\"thumbnailUrl\":\"https:\\\/\\\/www.anjouautomation.com\\\/wp-content\\\/uploads\\\/2026\\\/01\\\/V3VPOMPE.png\",\"datePublished\":\"2026-01-07T14:40:57+00:00\",\"dateModified\":\"2026-01-12T11:14:10+00:00\",\"breadcrumb\":{\"@id\":\"https:\\\/\\\/www.anjouautomation.com\\\/de\\\/produit\\\/c1ma-sa-auto-mono-tri-copie\\\/#breadcrumb\"},\"inLanguage\":\"de\",\"potentialAction\":[{\"@type\":\"ReadAction\",\"target\":[\"https:\\\/\\\/www.anjouautomation.com\\\/de\\\/produit\\\/c1ma-sa-auto-mono-tri-copie\\\/\"]}]},{\"@type\":\"ImageObject\",\"inLanguage\":\"de\",\"@id\":\"https:\\\/\\\/www.anjouautomation.com\\\/de\\\/produit\\\/c1ma-sa-auto-mono-tri-copie\\\/#primaryimage\",\"url\":\"https:\\\/\\\/www.anjouautomation.com\\\/wp-content\\\/uploads\\\/2026\\\/01\\\/V3VPOMPE.png\",\"contentUrl\":\"https:\\\/\\\/www.anjouautomation.com\\\/wp-content\\\/uploads\\\/2026\\\/01\\\/V3VPOMPE.png\",\"width\":334,\"height\":335},{\"@type\":\"BreadcrumbList\",\"@id\":\"https:\\\/\\\/www.anjouautomation.com\\\/de\\\/produit\\\/c1ma-sa-auto-mono-tri-copie\\\/#breadcrumb\",\"itemListElement\":[{\"@type\":\"ListItem\",\"position\":1,\"name\":\"Startseite\",\"item\":\"https:\\\/\\\/www.anjouautomation.com\\\/de\\\/\"},{\"@type\":\"ListItem\",\"position\":2,\"name\":\"Die Produkte\",\"item\":\"https:\\\/\\\/www.anjouautomation.com\\\/de\\\/i-prodotti\\\/\"},{\"@type\":\"ListItem\",\"position\":3,\"name\":\"Leistung\",\"item\":\"https:\\\/\\\/www.anjouautomation.com\\\/de\\\/categorie-produit\\\/leistung\\\/\"},{\"@type\":\"ListItem\",\"position\":4,\"name\":\"3-Wege-Ventilheizung + Pumpe\"}]},{\"@type\":\"WebSite\",\"@id\":\"https:\\\/\\\/www.anjouautomation.com\\\/de\\\/#website\",\"url\":\"https:\\\/\\\/www.anjouautomation.com\\\/de\\\/\",\"name\":\"Anjou Automation\",\"description\":\"\u00c9quipements de r\u00e9gulation et d&#039;automatisme\",\"publisher\":{\"@id\":\"https:\\\/\\\/www.anjouautomation.com\\\/de\\\/#organization\"},\"potentialAction\":[{\"@type\":\"SearchAction\",\"target\":{\"@type\":\"EntryPoint\",\"urlTemplate\":\"https:\\\/\\\/www.anjouautomation.com\\\/de\\\/?s={search_term_string}\"},\"query-input\":{\"@type\":\"PropertyValueSpecification\",\"valueRequired\":true,\"valueName\":\"search_term_string\"}}],\"inLanguage\":\"de\"},{\"@type\":\"Organization\",\"@id\":\"https:\\\/\\\/www.anjouautomation.com\\\/de\\\/#organization\",\"name\":\"Anjou Automation\",\"url\":\"https:\\\/\\\/www.anjouautomation.com\\\/de\\\/\",\"logo\":{\"@type\":\"ImageObject\",\"inLanguage\":\"de\",\"@id\":\"https:\\\/\\\/www.anjouautomation.com\\\/de\\\/#\\\/schema\\\/logo\\\/image\\\/\",\"url\":\"https:\\\/\\\/www.anjouautomation.com\\\/wp-content\\\/uploads\\\/2020\\\/05\\\/logo-anjou-automation.png\",\"contentUrl\":\"https:\\\/\\\/www.anjouautomation.com\\\/wp-content\\\/uploads\\\/2020\\\/05\\\/logo-anjou-automation.png\",\"width\":301,\"height\":66,\"caption\":\"Anjou Automation\"},\"image\":{\"@id\":\"https:\\\/\\\/www.anjouautomation.com\\\/de\\\/#\\\/schema\\\/logo\\\/image\\\/\"}}]}<\/script>\n<!-- \/ Yoast SEO plugin. -->","yoast_head_json":{"title":"3-Wege-Ventilheizung + Pumpe - Anjou Automation","robots":{"index":"index","follow":"follow","max-snippet":"max-snippet:-1","max-image-preview":"max-image-preview:large","max-video-preview":"max-video-preview:-1"},"canonical":"https:\/\/www.anjouautomation.com\/de\/produit\/c1ma-sa-auto-mono-tri-copie\/","og_locale":"de_DE","og_type":"article","og_title":"3-Wege-Ventilheizung + Pumpe - Anjou Automation","og_description":"Geh\u00e4use zwecks Gew\u00e4hrleistung der Leistungsschnittstelle f\u00fcr die Steuerung einer Kreislaufpumpe und eines 3-Weg-Ventils  Steuerung der Pumpe \u00fcber Ausschalter + Kontaktgeber, Ausgang 3-Weg-Ventil des Typs 24VAC oder 230VAC  2 Auswahlvorrichtungen f\u00fcr die manuelle \/ automatische Steuerung  Eingang automatische Steuerung 24VAC, 24VDC oder Trockenkontakt","og_url":"https:\/\/www.anjouautomation.com\/de\/produit\/c1ma-sa-auto-mono-tri-copie\/","og_site_name":"Anjou Automation","article_modified_time":"2026-01-12T11:14:10+00:00","og_image":[{"width":334,"height":335,"url":"https:\/\/www.anjouautomation.com\/wp-content\/uploads\/2026\/01\/V3VPOMPE.png","type":"image\/png"}],"twitter_card":"summary_large_image","schema":{"@context":"https:\/\/schema.org","@graph":[{"@type":"WebPage","@id":"https:\/\/www.anjouautomation.com\/de\/produit\/c1ma-sa-auto-mono-tri-copie\/","url":"https:\/\/www.anjouautomation.com\/de\/produit\/c1ma-sa-auto-mono-tri-copie\/","name":"3-Wege-Ventilheizung + Pumpe - Anjou Automation","isPartOf":{"@id":"https:\/\/www.anjouautomation.com\/de\/#website"},"primaryImageOfPage":{"@id":"https:\/\/www.anjouautomation.com\/de\/produit\/c1ma-sa-auto-mono-tri-copie\/#primaryimage"},"image":{"@id":"https:\/\/www.anjouautomation.com\/de\/produit\/c1ma-sa-auto-mono-tri-copie\/#primaryimage"},"thumbnailUrl":"https:\/\/www.anjouautomation.com\/wp-content\/uploads\/2026\/01\/V3VPOMPE.png","datePublished":"2026-01-07T14:40:57+00:00","dateModified":"2026-01-12T11:14:10+00:00","breadcrumb":{"@id":"https:\/\/www.anjouautomation.com\/de\/produit\/c1ma-sa-auto-mono-tri-copie\/#breadcrumb"},"inLanguage":"de","potentialAction":[{"@type":"ReadAction","target":["https:\/\/www.anjouautomation.com\/de\/produit\/c1ma-sa-auto-mono-tri-copie\/"]}]},{"@type":"ImageObject","inLanguage":"de","@id":"https:\/\/www.anjouautomation.com\/de\/produit\/c1ma-sa-auto-mono-tri-copie\/#primaryimage","url":"https:\/\/www.anjouautomation.com\/wp-content\/uploads\/2026\/01\/V3VPOMPE.png","contentUrl":"https:\/\/www.anjouautomation.com\/wp-content\/uploads\/2026\/01\/V3VPOMPE.png","width":334,"height":335},{"@type":"BreadcrumbList","@id":"https:\/\/www.anjouautomation.com\/de\/produit\/c1ma-sa-auto-mono-tri-copie\/#breadcrumb","itemListElement":[{"@type":"ListItem","position":1,"name":"Startseite","item":"https:\/\/www.anjouautomation.com\/de\/"},{"@type":"ListItem","position":2,"name":"Die Produkte","item":"https:\/\/www.anjouautomation.com\/de\/i-prodotti\/"},{"@type":"ListItem","position":3,"name":"Leistung","item":"https:\/\/www.anjouautomation.com\/de\/categorie-produit\/leistung\/"},{"@type":"ListItem","position":4,"name":"3-Wege-Ventilheizung + Pumpe"}]},{"@type":"WebSite","@id":"https:\/\/www.anjouautomation.com\/de\/#website","url":"https:\/\/www.anjouautomation.com\/de\/","name":"Anjou Automation","description":"\u00c9quipements de r\u00e9gulation et d&#039;automatisme","publisher":{"@id":"https:\/\/www.anjouautomation.com\/de\/#organization"},"potentialAction":[{"@type":"SearchAction","target":{"@type":"EntryPoint","urlTemplate":"https:\/\/www.anjouautomation.com\/de\/?s={search_term_string}"},"query-input":{"@type":"PropertyValueSpecification","valueRequired":true,"valueName":"search_term_string"}}],"inLanguage":"de"},{"@type":"Organization","@id":"https:\/\/www.anjouautomation.com\/de\/#organization","name":"Anjou Automation","url":"https:\/\/www.anjouautomation.com\/de\/","logo":{"@type":"ImageObject","inLanguage":"de","@id":"https:\/\/www.anjouautomation.com\/de\/#\/schema\/logo\/image\/","url":"https:\/\/www.anjouautomation.com\/wp-content\/uploads\/2020\/05\/logo-anjou-automation.png","contentUrl":"https:\/\/www.anjouautomation.com\/wp-content\/uploads\/2020\/05\/logo-anjou-automation.png","width":301,"height":66,"caption":"Anjou Automation"},"image":{"@id":"https:\/\/www.anjouautomation.com\/de\/#\/schema\/logo\/image\/"}}]}},"_links":{"self":[{"href":"https:\/\/www.anjouautomation.com\/de\/wp-json\/wp\/v2\/product\/96512","targetHints":{"allow":["GET"]}}],"collection":[{"href":"https:\/\/www.anjouautomation.com\/de\/wp-json\/wp\/v2\/product"}],"about":[{"href":"https:\/\/www.anjouautomation.com\/de\/wp-json\/wp\/v2\/types\/product"}],"wp:featuredmedia":[{"embeddable":true,"href":"https:\/\/www.anjouautomation.com\/de\/wp-json\/wp\/v2\/media\/96507"}],"wp:attachment":[{"href":"https:\/\/www.anjouautomation.com\/de\/wp-json\/wp\/v2\/media?parent=96512"}],"wp:term":[{"taxonomy":"product_brand","embeddable":true,"href":"https:\/\/www.anjouautomation.com\/de\/wp-json\/wp\/v2\/product_brand?post=96512"},{"taxonomy":"product_cat","embeddable":true,"href":"https:\/\/www.anjouautomation.com\/de\/wp-json\/wp\/v2\/product_cat?post=96512"},{"taxonomy":"product_tag","embeddable":true,"href":"https:\/\/www.anjouautomation.com\/de\/wp-json\/wp\/v2\/product_tag?post=96512"}],"curies":[{"name":"wp","href":"https:\/\/api.w.org\/{rel}","templated":true}]}}