{"id":96476,"date":"2026-01-07T14:53:43","date_gmt":"2026-01-07T13:53:43","guid":{"rendered":"https:\/\/www.anjouautomation.com\/?post_type=product&#038;p=96476"},"modified":"2026-01-12T11:34:46","modified_gmt":"2026-01-12T10:34:46","slug":"c2ma-sa-copie","status":"publish","type":"product","link":"https:\/\/www.anjouautomation.com\/de\/produit\/c2ma-sa-copie\/","title":{"rendered":"C1MA \/ SA MONO \/ TRI"},"content":{"rendered":"","protected":false},"excerpt":{"rendered":"<p>&#8211; Schaltschrank f\u00fcr einphasige Stromversorgung<br \/>\n&#8211; Schaltschrank mit Leistungsschnittstelle zur Steuerung eines L\u00fcftungs- oder Schattensegelmotors<br \/>\n&#8211; Sch\u00fctz + Leistungsschalter, Endanschlagmanagement<br \/>\n&#8211; Lokale Steuerung f\u00fcr die Versionen SA &amp; SA\/AUTO<br \/>\n&#8211; Geh\u00e4use f\u00fcr einphasige 220V-Stromversorgung.<\/p>\n","protected":false},"featured_media":96447,"template":"","meta":[],"product_brand":[],"product_cat":[317,189],"product_tag":[],"class_list":{"0":"post-96476","1":"product","2":"type-product","3":"status-publish","4":"has-post-thumbnail","6":"product_cat-motorbox-mit-manueller-steuerung","7":"product_cat-leistung","9":"first","10":"instock","11":"downloadable","12":"shipping-taxable","13":"product-type-simple"},"yoast_head":"<!-- This site is optimized with the Yoast SEO plugin v27.4 - https:\/\/yoast.com\/product\/yoast-seo-wordpress\/ -->\n<title>C1MA \/ SA MONO \/ TRI - Anjou Automation<\/title>\n<meta name=\"robots\" content=\"index, follow, max-snippet:-1, max-image-preview:large, max-video-preview:-1\" \/>\n<link rel=\"canonical\" href=\"https:\/\/www.anjouautomation.com\/de\/produit\/c2ma-sa-copie\/\" \/>\n<meta property=\"og:locale\" content=\"de_DE\" \/>\n<meta property=\"og:type\" content=\"article\" \/>\n<meta property=\"og:title\" content=\"C1MA \/ SA MONO \/ TRI - Anjou Automation\" \/>\n<meta property=\"og:description\" content=\"- Schaltschrank f\u00fcr einphasige Stromversorgung - Schaltschrank mit Leistungsschnittstelle zur Steuerung eines L\u00fcftungs- oder Schattensegelmotors - Sch\u00fctz + Leistungsschalter, Endanschlagmanagement - Lokale Steuerung f\u00fcr die Versionen SA &amp; SA\/AUTO - Geh\u00e4use f\u00fcr einphasige 220V-Stromversorgung.\" \/>\n<meta property=\"og:url\" content=\"https:\/\/www.anjouautomation.com\/de\/produit\/c2ma-sa-copie\/\" \/>\n<meta property=\"og:site_name\" content=\"Anjou Automation\" \/>\n<meta property=\"article:modified_time\" content=\"2026-01-12T10:34:46+00:00\" \/>\n<meta property=\"og:image\" content=\"https:\/\/www.anjouautomation.com\/wp-content\/uploads\/2026\/01\/Fichier-16.png\" \/>\n\t<meta property=\"og:image:width\" content=\"334\" \/>\n\t<meta property=\"og:image:height\" content=\"335\" \/>\n\t<meta property=\"og:image:type\" content=\"image\/png\" \/>\n<meta name=\"twitter:card\" content=\"summary_large_image\" \/>\n<script type=\"application\/ld+json\" class=\"yoast-schema-graph\">{\"@context\":\"https:\\\/\\\/schema.org\",\"@graph\":[{\"@type\":\"WebPage\",\"@id\":\"https:\\\/\\\/www.anjouautomation.com\\\/de\\\/produit\\\/c2ma-sa-copie\\\/\",\"url\":\"https:\\\/\\\/www.anjouautomation.com\\\/de\\\/produit\\\/c2ma-sa-copie\\\/\",\"name\":\"C1MA \\\/ SA MONO \\\/ TRI - Anjou Automation\",\"isPartOf\":{\"@id\":\"https:\\\/\\\/www.anjouautomation.com\\\/de\\\/#website\"},\"primaryImageOfPage\":{\"@id\":\"https:\\\/\\\/www.anjouautomation.com\\\/de\\\/produit\\\/c2ma-sa-copie\\\/#primaryimage\"},\"image\":{\"@id\":\"https:\\\/\\\/www.anjouautomation.com\\\/de\\\/produit\\\/c2ma-sa-copie\\\/#primaryimage\"},\"thumbnailUrl\":\"https:\\\/\\\/www.anjouautomation.com\\\/wp-content\\\/uploads\\\/2026\\\/01\\\/Fichier-16.png\",\"datePublished\":\"2026-01-07T13:53:43+00:00\",\"dateModified\":\"2026-01-12T10:34:46+00:00\",\"breadcrumb\":{\"@id\":\"https:\\\/\\\/www.anjouautomation.com\\\/de\\\/produit\\\/c2ma-sa-copie\\\/#breadcrumb\"},\"inLanguage\":\"de\",\"potentialAction\":[{\"@type\":\"ReadAction\",\"target\":[\"https:\\\/\\\/www.anjouautomation.com\\\/de\\\/produit\\\/c2ma-sa-copie\\\/\"]}]},{\"@type\":\"ImageObject\",\"inLanguage\":\"de\",\"@id\":\"https:\\\/\\\/www.anjouautomation.com\\\/de\\\/produit\\\/c2ma-sa-copie\\\/#primaryimage\",\"url\":\"https:\\\/\\\/www.anjouautomation.com\\\/wp-content\\\/uploads\\\/2026\\\/01\\\/Fichier-16.png\",\"contentUrl\":\"https:\\\/\\\/www.anjouautomation.com\\\/wp-content\\\/uploads\\\/2026\\\/01\\\/Fichier-16.png\",\"width\":334,\"height\":335},{\"@type\":\"BreadcrumbList\",\"@id\":\"https:\\\/\\\/www.anjouautomation.com\\\/de\\\/produit\\\/c2ma-sa-copie\\\/#breadcrumb\",\"itemListElement\":[{\"@type\":\"ListItem\",\"position\":1,\"name\":\"Startseite\",\"item\":\"https:\\\/\\\/www.anjouautomation.com\\\/de\\\/\"},{\"@type\":\"ListItem\",\"position\":2,\"name\":\"Die Produkte\",\"item\":\"https:\\\/\\\/www.anjouautomation.com\\\/de\\\/i-prodotti\\\/\"},{\"@type\":\"ListItem\",\"position\":3,\"name\":\"Leistung\",\"item\":\"https:\\\/\\\/www.anjouautomation.com\\\/de\\\/categorie-produit\\\/leistung\\\/\"},{\"@type\":\"ListItem\",\"position\":4,\"name\":\"C1MA \\\/ SA MONO \\\/ TRI\"}]},{\"@type\":\"WebSite\",\"@id\":\"https:\\\/\\\/www.anjouautomation.com\\\/de\\\/#website\",\"url\":\"https:\\\/\\\/www.anjouautomation.com\\\/de\\\/\",\"name\":\"Anjou Automation\",\"description\":\"\u00c9quipements de r\u00e9gulation et d&#039;automatisme\",\"publisher\":{\"@id\":\"https:\\\/\\\/www.anjouautomation.com\\\/de\\\/#organization\"},\"potentialAction\":[{\"@type\":\"SearchAction\",\"target\":{\"@type\":\"EntryPoint\",\"urlTemplate\":\"https:\\\/\\\/www.anjouautomation.com\\\/de\\\/?s={search_term_string}\"},\"query-input\":{\"@type\":\"PropertyValueSpecification\",\"valueRequired\":true,\"valueName\":\"search_term_string\"}}],\"inLanguage\":\"de\"},{\"@type\":\"Organization\",\"@id\":\"https:\\\/\\\/www.anjouautomation.com\\\/de\\\/#organization\",\"name\":\"Anjou Automation\",\"url\":\"https:\\\/\\\/www.anjouautomation.com\\\/de\\\/\",\"logo\":{\"@type\":\"ImageObject\",\"inLanguage\":\"de\",\"@id\":\"https:\\\/\\\/www.anjouautomation.com\\\/de\\\/#\\\/schema\\\/logo\\\/image\\\/\",\"url\":\"https:\\\/\\\/www.anjouautomation.com\\\/wp-content\\\/uploads\\\/2020\\\/05\\\/logo-anjou-automation.png\",\"contentUrl\":\"https:\\\/\\\/www.anjouautomation.com\\\/wp-content\\\/uploads\\\/2020\\\/05\\\/logo-anjou-automation.png\",\"width\":301,\"height\":66,\"caption\":\"Anjou Automation\"},\"image\":{\"@id\":\"https:\\\/\\\/www.anjouautomation.com\\\/de\\\/#\\\/schema\\\/logo\\\/image\\\/\"}}]}<\/script>\n<!-- \/ Yoast SEO plugin. -->","yoast_head_json":{"title":"C1MA \/ SA MONO \/ TRI - Anjou Automation","robots":{"index":"index","follow":"follow","max-snippet":"max-snippet:-1","max-image-preview":"max-image-preview:large","max-video-preview":"max-video-preview:-1"},"canonical":"https:\/\/www.anjouautomation.com\/de\/produit\/c2ma-sa-copie\/","og_locale":"de_DE","og_type":"article","og_title":"C1MA \/ SA MONO \/ TRI - Anjou Automation","og_description":"- Schaltschrank f\u00fcr einphasige Stromversorgung - Schaltschrank mit Leistungsschnittstelle zur Steuerung eines L\u00fcftungs- oder Schattensegelmotors - Sch\u00fctz + Leistungsschalter, Endanschlagmanagement - Lokale Steuerung f\u00fcr die Versionen SA &amp; SA\/AUTO - Geh\u00e4use f\u00fcr einphasige 220V-Stromversorgung.","og_url":"https:\/\/www.anjouautomation.com\/de\/produit\/c2ma-sa-copie\/","og_site_name":"Anjou Automation","article_modified_time":"2026-01-12T10:34:46+00:00","og_image":[{"width":334,"height":335,"url":"https:\/\/www.anjouautomation.com\/wp-content\/uploads\/2026\/01\/Fichier-16.png","type":"image\/png"}],"twitter_card":"summary_large_image","schema":{"@context":"https:\/\/schema.org","@graph":[{"@type":"WebPage","@id":"https:\/\/www.anjouautomation.com\/de\/produit\/c2ma-sa-copie\/","url":"https:\/\/www.anjouautomation.com\/de\/produit\/c2ma-sa-copie\/","name":"C1MA \/ SA MONO \/ TRI - Anjou Automation","isPartOf":{"@id":"https:\/\/www.anjouautomation.com\/de\/#website"},"primaryImageOfPage":{"@id":"https:\/\/www.anjouautomation.com\/de\/produit\/c2ma-sa-copie\/#primaryimage"},"image":{"@id":"https:\/\/www.anjouautomation.com\/de\/produit\/c2ma-sa-copie\/#primaryimage"},"thumbnailUrl":"https:\/\/www.anjouautomation.com\/wp-content\/uploads\/2026\/01\/Fichier-16.png","datePublished":"2026-01-07T13:53:43+00:00","dateModified":"2026-01-12T10:34:46+00:00","breadcrumb":{"@id":"https:\/\/www.anjouautomation.com\/de\/produit\/c2ma-sa-copie\/#breadcrumb"},"inLanguage":"de","potentialAction":[{"@type":"ReadAction","target":["https:\/\/www.anjouautomation.com\/de\/produit\/c2ma-sa-copie\/"]}]},{"@type":"ImageObject","inLanguage":"de","@id":"https:\/\/www.anjouautomation.com\/de\/produit\/c2ma-sa-copie\/#primaryimage","url":"https:\/\/www.anjouautomation.com\/wp-content\/uploads\/2026\/01\/Fichier-16.png","contentUrl":"https:\/\/www.anjouautomation.com\/wp-content\/uploads\/2026\/01\/Fichier-16.png","width":334,"height":335},{"@type":"BreadcrumbList","@id":"https:\/\/www.anjouautomation.com\/de\/produit\/c2ma-sa-copie\/#breadcrumb","itemListElement":[{"@type":"ListItem","position":1,"name":"Startseite","item":"https:\/\/www.anjouautomation.com\/de\/"},{"@type":"ListItem","position":2,"name":"Die Produkte","item":"https:\/\/www.anjouautomation.com\/de\/i-prodotti\/"},{"@type":"ListItem","position":3,"name":"Leistung","item":"https:\/\/www.anjouautomation.com\/de\/categorie-produit\/leistung\/"},{"@type":"ListItem","position":4,"name":"C1MA \/ SA MONO \/ TRI"}]},{"@type":"WebSite","@id":"https:\/\/www.anjouautomation.com\/de\/#website","url":"https:\/\/www.anjouautomation.com\/de\/","name":"Anjou Automation","description":"\u00c9quipements de r\u00e9gulation et d&#039;automatisme","publisher":{"@id":"https:\/\/www.anjouautomation.com\/de\/#organization"},"potentialAction":[{"@type":"SearchAction","target":{"@type":"EntryPoint","urlTemplate":"https:\/\/www.anjouautomation.com\/de\/?s={search_term_string}"},"query-input":{"@type":"PropertyValueSpecification","valueRequired":true,"valueName":"search_term_string"}}],"inLanguage":"de"},{"@type":"Organization","@id":"https:\/\/www.anjouautomation.com\/de\/#organization","name":"Anjou Automation","url":"https:\/\/www.anjouautomation.com\/de\/","logo":{"@type":"ImageObject","inLanguage":"de","@id":"https:\/\/www.anjouautomation.com\/de\/#\/schema\/logo\/image\/","url":"https:\/\/www.anjouautomation.com\/wp-content\/uploads\/2020\/05\/logo-anjou-automation.png","contentUrl":"https:\/\/www.anjouautomation.com\/wp-content\/uploads\/2020\/05\/logo-anjou-automation.png","width":301,"height":66,"caption":"Anjou Automation"},"image":{"@id":"https:\/\/www.anjouautomation.com\/de\/#\/schema\/logo\/image\/"}}]}},"_links":{"self":[{"href":"https:\/\/www.anjouautomation.com\/de\/wp-json\/wp\/v2\/product\/96476","targetHints":{"allow":["GET"]}}],"collection":[{"href":"https:\/\/www.anjouautomation.com\/de\/wp-json\/wp\/v2\/product"}],"about":[{"href":"https:\/\/www.anjouautomation.com\/de\/wp-json\/wp\/v2\/types\/product"}],"wp:featuredmedia":[{"embeddable":true,"href":"https:\/\/www.anjouautomation.com\/de\/wp-json\/wp\/v2\/media\/96447"}],"wp:attachment":[{"href":"https:\/\/www.anjouautomation.com\/de\/wp-json\/wp\/v2\/media?parent=96476"}],"wp:term":[{"taxonomy":"product_brand","embeddable":true,"href":"https:\/\/www.anjouautomation.com\/de\/wp-json\/wp\/v2\/product_brand?post=96476"},{"taxonomy":"product_cat","embeddable":true,"href":"https:\/\/www.anjouautomation.com\/de\/wp-json\/wp\/v2\/product_cat?post=96476"},{"taxonomy":"product_tag","embeddable":true,"href":"https:\/\/www.anjouautomation.com\/de\/wp-json\/wp\/v2\/product_tag?post=96476"}],"curies":[{"name":"wp","href":"https:\/\/api.w.org\/{rel}","templated":true}]}}