{"id":96385,"date":"2026-01-07T11:39:53","date_gmt":"2026-01-07T10:39:53","guid":{"rendered":"https:\/\/www.anjouautomation.com\/?post_type=product&#038;p=96385"},"modified":"2026-01-21T11:28:07","modified_gmt":"2026-01-21T10:28:07","slug":"ligoferti","status":"publish","type":"product","link":"https:\/\/www.anjouautomation.com\/de\/produit\/ligoferti\/","title":{"rendered":"Ligoferti"},"content":{"rendered":"","protected":false},"excerpt":{"rendered":"<div>\u2022 Verwaltung von 3 D\u00fcngern und 1 S\u00e4ure<\/div>\n<div>\u2022 EC \/ PH Kontrolle in Venturi-Version<\/div>\n<div>\u2022 Numerische Eichung der Sensoren<\/div>\n<div>\u2022 Verwaltung der EC \/ PH Alarme + 1 Alarmrelais<\/div>\n<div>\u2022 Ausgang Pumpenrelais<\/div>\n<div>\n<div>\u2022 Regulierungsstart an 2 Digital-Eing\u00e4ngen (2 Vorgabe-Gruppen)<\/div>\n<div>\u2022 M\u00f6glichkeit einer Schnittstelle 0 10V f\u00fcr die Verwaltung der 2 Dosierpumpen mit variabler Geschwindigkeit<\/div>\n<div>\u2022 Verwaltung durch Solarimeter mit \u00c4nderung des EC in Abh\u00e4ngigkeit von der Sonneneinstrahlung m\u00f6glich<\/div>\n<\/div>\n","protected":false},"featured_media":96392,"template":"","meta":[],"product_brand":[],"product_cat":[181,180],"product_tag":[],"class_list":{"0":"post-96385","1":"product","2":"type-product","3":"status-publish","4":"has-post-thumbnail","6":"product_cat-bewasserungsprogrammierern","7":"product_cat-bewasserung","9":"first","10":"instock","11":"downloadable","12":"shipping-taxable","13":"purchasable","14":"product-type-simple"},"yoast_head":"<!-- This site is optimized with the Yoast SEO plugin v27.4 - https:\/\/yoast.com\/product\/yoast-seo-wordpress\/ -->\n<title>Ligoferti - Anjou Automation<\/title>\n<meta name=\"robots\" content=\"index, follow, max-snippet:-1, max-image-preview:large, max-video-preview:-1\" \/>\n<link rel=\"canonical\" href=\"https:\/\/www.anjouautomation.com\/de\/produit\/ligoferti\/\" \/>\n<meta property=\"og:locale\" content=\"de_DE\" \/>\n<meta property=\"og:type\" content=\"article\" \/>\n<meta property=\"og:title\" content=\"Ligoferti - Anjou Automation\" \/>\n<meta property=\"og:description\" content=\"\u2022 Verwaltung von 3 D\u00fcngern und 1 S\u00e4ure \u2022 EC \/ PH Kontrolle in Venturi-Version \u2022 Numerische Eichung der Sensoren \u2022 Verwaltung der EC \/ PH Alarme + 1 Alarmrelais \u2022 Ausgang Pumpenrelais  \u2022 Regulierungsstart an 2 Digital-Eing\u00e4ngen (2 Vorgabe-Gruppen) \u2022 M\u00f6glichkeit einer Schnittstelle 0 10V f\u00fcr die Verwaltung der 2 Dosierpumpen mit variabler Geschwindigkeit \u2022 Verwaltung durch Solarimeter mit \u00c4nderung des EC in Abh\u00e4ngigkeit von der Sonneneinstrahlung m\u00f6glich\" \/>\n<meta property=\"og:url\" content=\"https:\/\/www.anjouautomation.com\/de\/produit\/ligoferti\/\" \/>\n<meta property=\"og:site_name\" content=\"Anjou Automation\" \/>\n<meta property=\"article:modified_time\" content=\"2026-01-21T10:28:07+00:00\" \/>\n<meta property=\"og:image\" content=\"https:\/\/www.anjouautomation.com\/wp-content\/uploads\/2026\/01\/Ligoferti.png\" \/>\n\t<meta property=\"og:image:width\" content=\"334\" \/>\n\t<meta property=\"og:image:height\" content=\"335\" \/>\n\t<meta property=\"og:image:type\" content=\"image\/png\" \/>\n<meta name=\"twitter:card\" content=\"summary_large_image\" \/>\n<meta name=\"twitter:label1\" content=\"Gesch\u00e4tzte Lesezeit\" \/>\n\t<meta name=\"twitter:data1\" content=\"1\u00a0Minute\" \/>\n<script type=\"application\/ld+json\" class=\"yoast-schema-graph\">{\"@context\":\"https:\\\/\\\/schema.org\",\"@graph\":[{\"@type\":\"WebPage\",\"@id\":\"https:\\\/\\\/www.anjouautomation.com\\\/de\\\/produit\\\/ligoferti\\\/\",\"url\":\"https:\\\/\\\/www.anjouautomation.com\\\/de\\\/produit\\\/ligoferti\\\/\",\"name\":\"Ligoferti - Anjou Automation\",\"isPartOf\":{\"@id\":\"https:\\\/\\\/www.anjouautomation.com\\\/de\\\/#website\"},\"primaryImageOfPage\":{\"@id\":\"https:\\\/\\\/www.anjouautomation.com\\\/de\\\/produit\\\/ligoferti\\\/#primaryimage\"},\"image\":{\"@id\":\"https:\\\/\\\/www.anjouautomation.com\\\/de\\\/produit\\\/ligoferti\\\/#primaryimage\"},\"thumbnailUrl\":\"https:\\\/\\\/www.anjouautomation.com\\\/wp-content\\\/uploads\\\/2026\\\/01\\\/Ligoferti.png\",\"datePublished\":\"2026-01-07T10:39:53+00:00\",\"dateModified\":\"2026-01-21T10:28:07+00:00\",\"breadcrumb\":{\"@id\":\"https:\\\/\\\/www.anjouautomation.com\\\/de\\\/produit\\\/ligoferti\\\/#breadcrumb\"},\"inLanguage\":\"de\",\"potentialAction\":[{\"@type\":\"ReadAction\",\"target\":[\"https:\\\/\\\/www.anjouautomation.com\\\/de\\\/produit\\\/ligoferti\\\/\"]}]},{\"@type\":\"ImageObject\",\"inLanguage\":\"de\",\"@id\":\"https:\\\/\\\/www.anjouautomation.com\\\/de\\\/produit\\\/ligoferti\\\/#primaryimage\",\"url\":\"https:\\\/\\\/www.anjouautomation.com\\\/wp-content\\\/uploads\\\/2026\\\/01\\\/Ligoferti.png\",\"contentUrl\":\"https:\\\/\\\/www.anjouautomation.com\\\/wp-content\\\/uploads\\\/2026\\\/01\\\/Ligoferti.png\",\"width\":334,\"height\":335},{\"@type\":\"BreadcrumbList\",\"@id\":\"https:\\\/\\\/www.anjouautomation.com\\\/de\\\/produit\\\/ligoferti\\\/#breadcrumb\",\"itemListElement\":[{\"@type\":\"ListItem\",\"position\":1,\"name\":\"Startseite\",\"item\":\"https:\\\/\\\/www.anjouautomation.com\\\/de\\\/\"},{\"@type\":\"ListItem\",\"position\":2,\"name\":\"Die Produkte\",\"item\":\"https:\\\/\\\/www.anjouautomation.com\\\/de\\\/i-prodotti\\\/\"},{\"@type\":\"ListItem\",\"position\":3,\"name\":\"Bew\u00e4sserung\",\"item\":\"https:\\\/\\\/www.anjouautomation.com\\\/de\\\/categorie-produit\\\/bewasserung\\\/\"},{\"@type\":\"ListItem\",\"position\":4,\"name\":\"Bew\u00e4sserungsprogrammierern\",\"item\":\"https:\\\/\\\/www.anjouautomation.com\\\/de\\\/categorie-produit\\\/bewasserung\\\/bewasserungsprogrammierern\\\/\"},{\"@type\":\"ListItem\",\"position\":5,\"name\":\"Ligoferti\"}]},{\"@type\":\"WebSite\",\"@id\":\"https:\\\/\\\/www.anjouautomation.com\\\/de\\\/#website\",\"url\":\"https:\\\/\\\/www.anjouautomation.com\\\/de\\\/\",\"name\":\"Anjou Automation\",\"description\":\"\u00c9quipements de r\u00e9gulation et d&#039;automatisme\",\"publisher\":{\"@id\":\"https:\\\/\\\/www.anjouautomation.com\\\/de\\\/#organization\"},\"potentialAction\":[{\"@type\":\"SearchAction\",\"target\":{\"@type\":\"EntryPoint\",\"urlTemplate\":\"https:\\\/\\\/www.anjouautomation.com\\\/de\\\/?s={search_term_string}\"},\"query-input\":{\"@type\":\"PropertyValueSpecification\",\"valueRequired\":true,\"valueName\":\"search_term_string\"}}],\"inLanguage\":\"de\"},{\"@type\":\"Organization\",\"@id\":\"https:\\\/\\\/www.anjouautomation.com\\\/de\\\/#organization\",\"name\":\"Anjou Automation\",\"url\":\"https:\\\/\\\/www.anjouautomation.com\\\/de\\\/\",\"logo\":{\"@type\":\"ImageObject\",\"inLanguage\":\"de\",\"@id\":\"https:\\\/\\\/www.anjouautomation.com\\\/de\\\/#\\\/schema\\\/logo\\\/image\\\/\",\"url\":\"https:\\\/\\\/www.anjouautomation.com\\\/wp-content\\\/uploads\\\/2020\\\/05\\\/logo-anjou-automation.png\",\"contentUrl\":\"https:\\\/\\\/www.anjouautomation.com\\\/wp-content\\\/uploads\\\/2020\\\/05\\\/logo-anjou-automation.png\",\"width\":301,\"height\":66,\"caption\":\"Anjou Automation\"},\"image\":{\"@id\":\"https:\\\/\\\/www.anjouautomation.com\\\/de\\\/#\\\/schema\\\/logo\\\/image\\\/\"}}]}<\/script>\n<!-- \/ Yoast SEO plugin. -->","yoast_head_json":{"title":"Ligoferti - Anjou Automation","robots":{"index":"index","follow":"follow","max-snippet":"max-snippet:-1","max-image-preview":"max-image-preview:large","max-video-preview":"max-video-preview:-1"},"canonical":"https:\/\/www.anjouautomation.com\/de\/produit\/ligoferti\/","og_locale":"de_DE","og_type":"article","og_title":"Ligoferti - Anjou Automation","og_description":"\u2022 Verwaltung von 3 D\u00fcngern und 1 S\u00e4ure \u2022 EC \/ PH Kontrolle in Venturi-Version \u2022 Numerische Eichung der Sensoren \u2022 Verwaltung der EC \/ PH Alarme + 1 Alarmrelais \u2022 Ausgang Pumpenrelais  \u2022 Regulierungsstart an 2 Digital-Eing\u00e4ngen (2 Vorgabe-Gruppen) \u2022 M\u00f6glichkeit einer Schnittstelle 0 10V f\u00fcr die Verwaltung der 2 Dosierpumpen mit variabler Geschwindigkeit \u2022 Verwaltung durch Solarimeter mit \u00c4nderung des EC in Abh\u00e4ngigkeit von der Sonneneinstrahlung m\u00f6glich","og_url":"https:\/\/www.anjouautomation.com\/de\/produit\/ligoferti\/","og_site_name":"Anjou Automation","article_modified_time":"2026-01-21T10:28:07+00:00","og_image":[{"width":334,"height":335,"url":"https:\/\/www.anjouautomation.com\/wp-content\/uploads\/2026\/01\/Ligoferti.png","type":"image\/png"}],"twitter_card":"summary_large_image","twitter_misc":{"Gesch\u00e4tzte Lesezeit":"1\u00a0Minute"},"schema":{"@context":"https:\/\/schema.org","@graph":[{"@type":"WebPage","@id":"https:\/\/www.anjouautomation.com\/de\/produit\/ligoferti\/","url":"https:\/\/www.anjouautomation.com\/de\/produit\/ligoferti\/","name":"Ligoferti - Anjou Automation","isPartOf":{"@id":"https:\/\/www.anjouautomation.com\/de\/#website"},"primaryImageOfPage":{"@id":"https:\/\/www.anjouautomation.com\/de\/produit\/ligoferti\/#primaryimage"},"image":{"@id":"https:\/\/www.anjouautomation.com\/de\/produit\/ligoferti\/#primaryimage"},"thumbnailUrl":"https:\/\/www.anjouautomation.com\/wp-content\/uploads\/2026\/01\/Ligoferti.png","datePublished":"2026-01-07T10:39:53+00:00","dateModified":"2026-01-21T10:28:07+00:00","breadcrumb":{"@id":"https:\/\/www.anjouautomation.com\/de\/produit\/ligoferti\/#breadcrumb"},"inLanguage":"de","potentialAction":[{"@type":"ReadAction","target":["https:\/\/www.anjouautomation.com\/de\/produit\/ligoferti\/"]}]},{"@type":"ImageObject","inLanguage":"de","@id":"https:\/\/www.anjouautomation.com\/de\/produit\/ligoferti\/#primaryimage","url":"https:\/\/www.anjouautomation.com\/wp-content\/uploads\/2026\/01\/Ligoferti.png","contentUrl":"https:\/\/www.anjouautomation.com\/wp-content\/uploads\/2026\/01\/Ligoferti.png","width":334,"height":335},{"@type":"BreadcrumbList","@id":"https:\/\/www.anjouautomation.com\/de\/produit\/ligoferti\/#breadcrumb","itemListElement":[{"@type":"ListItem","position":1,"name":"Startseite","item":"https:\/\/www.anjouautomation.com\/de\/"},{"@type":"ListItem","position":2,"name":"Die Produkte","item":"https:\/\/www.anjouautomation.com\/de\/i-prodotti\/"},{"@type":"ListItem","position":3,"name":"Bew\u00e4sserung","item":"https:\/\/www.anjouautomation.com\/de\/categorie-produit\/bewasserung\/"},{"@type":"ListItem","position":4,"name":"Bew\u00e4sserungsprogrammierern","item":"https:\/\/www.anjouautomation.com\/de\/categorie-produit\/bewasserung\/bewasserungsprogrammierern\/"},{"@type":"ListItem","position":5,"name":"Ligoferti"}]},{"@type":"WebSite","@id":"https:\/\/www.anjouautomation.com\/de\/#website","url":"https:\/\/www.anjouautomation.com\/de\/","name":"Anjou Automation","description":"\u00c9quipements de r\u00e9gulation et d&#039;automatisme","publisher":{"@id":"https:\/\/www.anjouautomation.com\/de\/#organization"},"potentialAction":[{"@type":"SearchAction","target":{"@type":"EntryPoint","urlTemplate":"https:\/\/www.anjouautomation.com\/de\/?s={search_term_string}"},"query-input":{"@type":"PropertyValueSpecification","valueRequired":true,"valueName":"search_term_string"}}],"inLanguage":"de"},{"@type":"Organization","@id":"https:\/\/www.anjouautomation.com\/de\/#organization","name":"Anjou Automation","url":"https:\/\/www.anjouautomation.com\/de\/","logo":{"@type":"ImageObject","inLanguage":"de","@id":"https:\/\/www.anjouautomation.com\/de\/#\/schema\/logo\/image\/","url":"https:\/\/www.anjouautomation.com\/wp-content\/uploads\/2020\/05\/logo-anjou-automation.png","contentUrl":"https:\/\/www.anjouautomation.com\/wp-content\/uploads\/2020\/05\/logo-anjou-automation.png","width":301,"height":66,"caption":"Anjou Automation"},"image":{"@id":"https:\/\/www.anjouautomation.com\/de\/#\/schema\/logo\/image\/"}}]}},"_links":{"self":[{"href":"https:\/\/www.anjouautomation.com\/de\/wp-json\/wp\/v2\/product\/96385","targetHints":{"allow":["GET"]}}],"collection":[{"href":"https:\/\/www.anjouautomation.com\/de\/wp-json\/wp\/v2\/product"}],"about":[{"href":"https:\/\/www.anjouautomation.com\/de\/wp-json\/wp\/v2\/types\/product"}],"wp:featuredmedia":[{"embeddable":true,"href":"https:\/\/www.anjouautomation.com\/de\/wp-json\/wp\/v2\/media\/96392"}],"wp:attachment":[{"href":"https:\/\/www.anjouautomation.com\/de\/wp-json\/wp\/v2\/media?parent=96385"}],"wp:term":[{"taxonomy":"product_brand","embeddable":true,"href":"https:\/\/www.anjouautomation.com\/de\/wp-json\/wp\/v2\/product_brand?post=96385"},{"taxonomy":"product_cat","embeddable":true,"href":"https:\/\/www.anjouautomation.com\/de\/wp-json\/wp\/v2\/product_cat?post=96385"},{"taxonomy":"product_tag","embeddable":true,"href":"https:\/\/www.anjouautomation.com\/de\/wp-json\/wp\/v2\/product_tag?post=96385"}],"curies":[{"name":"wp","href":"https:\/\/api.w.org\/{rel}","templated":true}]}}