{"id":96057,"date":"2025-12-10T13:59:41","date_gmt":"2025-12-10T12:59:41","guid":{"rendered":"https:\/\/www.anjouautomation.com\/?post_type=product&#038;p=96057"},"modified":"2025-12-10T14:59:04","modified_gmt":"2025-12-10T13:59:04","slug":"optagrow","status":"publish","type":"product","link":"https:\/\/www.anjouautomation.com\/de\/produit\/optagrow\/","title":{"rendered":"Optagrow"},"content":{"rendered":"","protected":false},"excerpt":{"rendered":"<p>OPTAGROW ist ein Computer f\u00fcr die zentrale Steuerung von Klima, D\u00fcngung\/Bew\u00e4sserung und Heizung in Gartenbau-, Gem\u00fcse- und Forschungsgew\u00e4chsh\u00e4usern. Durch sein modulares Ein-\/Ausgabe-Kartensystem ist er erweiterbar und w\u00e4chst mit Ihrem Betrieb mit.<br \/>\nSein farbiger Touchscreen bietet eine optimale Benutzerergonomie und einen einfachen und schnellen Zugriff auf Ihre Daten. Sie k\u00f6nnen den OPTAGROW auch von Ihrem Telefon, Tablet oder Computer aus steuern. Zahlreiche Softwarefunktionen und Displayoptimierungen machen den OPTAGROW zum leistungsst\u00e4rksten Produkt<br \/>\nder ANJOU AUTOMATION-Produktreihe.<\/p>\n","protected":false},"featured_media":96064,"template":"","meta":[],"product_brand":[],"product_cat":[178,179],"product_tag":[],"class_list":{"0":"post-96057","1":"product","2":"type-product","3":"status-publish","4":"has-post-thumbnail","6":"product_cat-klima-sensoren","7":"product_cat-klimaregulatoren","9":"first","10":"instock","11":"downloadable","12":"shipping-taxable","13":"purchasable","14":"product-type-simple"},"yoast_head":"<!-- This site is optimized with the Yoast SEO plugin v27.5 - https:\/\/yoast.com\/product\/yoast-seo-wordpress\/ -->\n<title>Optagrow - Anjou Automation<\/title>\n<meta name=\"robots\" content=\"index, follow, max-snippet:-1, max-image-preview:large, max-video-preview:-1\" \/>\n<link rel=\"canonical\" href=\"https:\/\/www.anjouautomation.com\/de\/produit\/optagrow\/\" \/>\n<meta property=\"og:locale\" content=\"de_DE\" \/>\n<meta property=\"og:type\" content=\"article\" \/>\n<meta property=\"og:title\" content=\"Optagrow - Anjou Automation\" \/>\n<meta property=\"og:description\" content=\"OPTAGROW ist ein Computer f\u00fcr die zentrale Steuerung von Klima, D\u00fcngung\/Bew\u00e4sserung und Heizung in Gartenbau-, Gem\u00fcse- und Forschungsgew\u00e4chsh\u00e4usern. Durch sein modulares Ein-\/Ausgabe-Kartensystem ist er erweiterbar und w\u00e4chst mit Ihrem Betrieb mit. Sein farbiger Touchscreen bietet eine optimale Benutzerergonomie und einen einfachen und schnellen Zugriff auf Ihre Daten. Sie k\u00f6nnen den OPTAGROW auch von Ihrem Telefon, Tablet oder Computer aus steuern. Zahlreiche Softwarefunktionen und Displayoptimierungen machen den OPTAGROW zum leistungsst\u00e4rksten Produkt der ANJOU AUTOMATION-Produktreihe.\" \/>\n<meta property=\"og:url\" content=\"https:\/\/www.anjouautomation.com\/de\/produit\/optagrow\/\" \/>\n<meta property=\"og:site_name\" content=\"Anjou Automation\" \/>\n<meta property=\"article:modified_time\" content=\"2025-12-10T13:59:04+00:00\" \/>\n<meta property=\"og:image\" content=\"https:\/\/www.anjouautomation.com\/wp-content\/uploads\/2025\/12\/CLI_Optagrow-scaled.jpg\" \/>\n\t<meta property=\"og:image:width\" content=\"2560\" \/>\n\t<meta property=\"og:image:height\" content=\"2210\" \/>\n\t<meta property=\"og:image:type\" content=\"image\/jpeg\" \/>\n<meta name=\"twitter:card\" content=\"summary_large_image\" \/>\n<meta name=\"twitter:label1\" content=\"Gesch\u00e4tzte Lesezeit\" \/>\n\t<meta name=\"twitter:data1\" content=\"1\u00a0Minute\" \/>\n<script type=\"application\/ld+json\" class=\"yoast-schema-graph\">{\"@context\":\"https:\\\/\\\/schema.org\",\"@graph\":[{\"@type\":\"WebPage\",\"@id\":\"https:\\\/\\\/www.anjouautomation.com\\\/de\\\/produit\\\/optagrow\\\/\",\"url\":\"https:\\\/\\\/www.anjouautomation.com\\\/de\\\/produit\\\/optagrow\\\/\",\"name\":\"Optagrow - Anjou Automation\",\"isPartOf\":{\"@id\":\"https:\\\/\\\/www.anjouautomation.com\\\/de\\\/#website\"},\"primaryImageOfPage\":{\"@id\":\"https:\\\/\\\/www.anjouautomation.com\\\/de\\\/produit\\\/optagrow\\\/#primaryimage\"},\"image\":{\"@id\":\"https:\\\/\\\/www.anjouautomation.com\\\/de\\\/produit\\\/optagrow\\\/#primaryimage\"},\"thumbnailUrl\":\"https:\\\/\\\/www.anjouautomation.com\\\/wp-content\\\/uploads\\\/2025\\\/12\\\/CLI_Optagrow-scaled.jpg\",\"datePublished\":\"2025-12-10T12:59:41+00:00\",\"dateModified\":\"2025-12-10T13:59:04+00:00\",\"breadcrumb\":{\"@id\":\"https:\\\/\\\/www.anjouautomation.com\\\/de\\\/produit\\\/optagrow\\\/#breadcrumb\"},\"inLanguage\":\"de\",\"potentialAction\":[{\"@type\":\"ReadAction\",\"target\":[\"https:\\\/\\\/www.anjouautomation.com\\\/de\\\/produit\\\/optagrow\\\/\"]}]},{\"@type\":\"ImageObject\",\"inLanguage\":\"de\",\"@id\":\"https:\\\/\\\/www.anjouautomation.com\\\/de\\\/produit\\\/optagrow\\\/#primaryimage\",\"url\":\"https:\\\/\\\/www.anjouautomation.com\\\/wp-content\\\/uploads\\\/2025\\\/12\\\/CLI_Optagrow-scaled.jpg\",\"contentUrl\":\"https:\\\/\\\/www.anjouautomation.com\\\/wp-content\\\/uploads\\\/2025\\\/12\\\/CLI_Optagrow-scaled.jpg\",\"width\":2560,\"height\":2210},{\"@type\":\"BreadcrumbList\",\"@id\":\"https:\\\/\\\/www.anjouautomation.com\\\/de\\\/produit\\\/optagrow\\\/#breadcrumb\",\"itemListElement\":[{\"@type\":\"ListItem\",\"position\":1,\"name\":\"Startseite\",\"item\":\"https:\\\/\\\/www.anjouautomation.com\\\/de\\\/\"},{\"@type\":\"ListItem\",\"position\":2,\"name\":\"Die Produkte\",\"item\":\"https:\\\/\\\/www.anjouautomation.com\\\/de\\\/i-prodotti\\\/\"},{\"@type\":\"ListItem\",\"position\":3,\"name\":\"Klima \\\/ Sensoren\",\"item\":\"https:\\\/\\\/www.anjouautomation.com\\\/de\\\/categorie-produit\\\/klima-sensoren\\\/\"},{\"@type\":\"ListItem\",\"position\":4,\"name\":\"Optagrow\"}]},{\"@type\":\"WebSite\",\"@id\":\"https:\\\/\\\/www.anjouautomation.com\\\/de\\\/#website\",\"url\":\"https:\\\/\\\/www.anjouautomation.com\\\/de\\\/\",\"name\":\"Anjou Automation\",\"description\":\"\u00c9quipements de r\u00e9gulation et d&#039;automatisme\",\"publisher\":{\"@id\":\"https:\\\/\\\/www.anjouautomation.com\\\/de\\\/#organization\"},\"potentialAction\":[{\"@type\":\"SearchAction\",\"target\":{\"@type\":\"EntryPoint\",\"urlTemplate\":\"https:\\\/\\\/www.anjouautomation.com\\\/de\\\/?s={search_term_string}\"},\"query-input\":{\"@type\":\"PropertyValueSpecification\",\"valueRequired\":true,\"valueName\":\"search_term_string\"}}],\"inLanguage\":\"de\"},{\"@type\":\"Organization\",\"@id\":\"https:\\\/\\\/www.anjouautomation.com\\\/de\\\/#organization\",\"name\":\"Anjou Automation\",\"url\":\"https:\\\/\\\/www.anjouautomation.com\\\/de\\\/\",\"logo\":{\"@type\":\"ImageObject\",\"inLanguage\":\"de\",\"@id\":\"https:\\\/\\\/www.anjouautomation.com\\\/de\\\/#\\\/schema\\\/logo\\\/image\\\/\",\"url\":\"https:\\\/\\\/www.anjouautomation.com\\\/wp-content\\\/uploads\\\/2020\\\/05\\\/logo-anjou-automation.png\",\"contentUrl\":\"https:\\\/\\\/www.anjouautomation.com\\\/wp-content\\\/uploads\\\/2020\\\/05\\\/logo-anjou-automation.png\",\"width\":301,\"height\":66,\"caption\":\"Anjou Automation\"},\"image\":{\"@id\":\"https:\\\/\\\/www.anjouautomation.com\\\/de\\\/#\\\/schema\\\/logo\\\/image\\\/\"}}]}<\/script>\n<!-- \/ Yoast SEO plugin. -->","yoast_head_json":{"title":"Optagrow - Anjou Automation","robots":{"index":"index","follow":"follow","max-snippet":"max-snippet:-1","max-image-preview":"max-image-preview:large","max-video-preview":"max-video-preview:-1"},"canonical":"https:\/\/www.anjouautomation.com\/de\/produit\/optagrow\/","og_locale":"de_DE","og_type":"article","og_title":"Optagrow - Anjou Automation","og_description":"OPTAGROW ist ein Computer f\u00fcr die zentrale Steuerung von Klima, D\u00fcngung\/Bew\u00e4sserung und Heizung in Gartenbau-, Gem\u00fcse- und Forschungsgew\u00e4chsh\u00e4usern. Durch sein modulares Ein-\/Ausgabe-Kartensystem ist er erweiterbar und w\u00e4chst mit Ihrem Betrieb mit. Sein farbiger Touchscreen bietet eine optimale Benutzerergonomie und einen einfachen und schnellen Zugriff auf Ihre Daten. Sie k\u00f6nnen den OPTAGROW auch von Ihrem Telefon, Tablet oder Computer aus steuern. Zahlreiche Softwarefunktionen und Displayoptimierungen machen den OPTAGROW zum leistungsst\u00e4rksten Produkt der ANJOU AUTOMATION-Produktreihe.","og_url":"https:\/\/www.anjouautomation.com\/de\/produit\/optagrow\/","og_site_name":"Anjou Automation","article_modified_time":"2025-12-10T13:59:04+00:00","og_image":[{"width":2560,"height":2210,"url":"https:\/\/www.anjouautomation.com\/wp-content\/uploads\/2025\/12\/CLI_Optagrow-scaled.jpg","type":"image\/jpeg"}],"twitter_card":"summary_large_image","twitter_misc":{"Gesch\u00e4tzte Lesezeit":"1\u00a0Minute"},"schema":{"@context":"https:\/\/schema.org","@graph":[{"@type":"WebPage","@id":"https:\/\/www.anjouautomation.com\/de\/produit\/optagrow\/","url":"https:\/\/www.anjouautomation.com\/de\/produit\/optagrow\/","name":"Optagrow - Anjou Automation","isPartOf":{"@id":"https:\/\/www.anjouautomation.com\/de\/#website"},"primaryImageOfPage":{"@id":"https:\/\/www.anjouautomation.com\/de\/produit\/optagrow\/#primaryimage"},"image":{"@id":"https:\/\/www.anjouautomation.com\/de\/produit\/optagrow\/#primaryimage"},"thumbnailUrl":"https:\/\/www.anjouautomation.com\/wp-content\/uploads\/2025\/12\/CLI_Optagrow-scaled.jpg","datePublished":"2025-12-10T12:59:41+00:00","dateModified":"2025-12-10T13:59:04+00:00","breadcrumb":{"@id":"https:\/\/www.anjouautomation.com\/de\/produit\/optagrow\/#breadcrumb"},"inLanguage":"de","potentialAction":[{"@type":"ReadAction","target":["https:\/\/www.anjouautomation.com\/de\/produit\/optagrow\/"]}]},{"@type":"ImageObject","inLanguage":"de","@id":"https:\/\/www.anjouautomation.com\/de\/produit\/optagrow\/#primaryimage","url":"https:\/\/www.anjouautomation.com\/wp-content\/uploads\/2025\/12\/CLI_Optagrow-scaled.jpg","contentUrl":"https:\/\/www.anjouautomation.com\/wp-content\/uploads\/2025\/12\/CLI_Optagrow-scaled.jpg","width":2560,"height":2210},{"@type":"BreadcrumbList","@id":"https:\/\/www.anjouautomation.com\/de\/produit\/optagrow\/#breadcrumb","itemListElement":[{"@type":"ListItem","position":1,"name":"Startseite","item":"https:\/\/www.anjouautomation.com\/de\/"},{"@type":"ListItem","position":2,"name":"Die Produkte","item":"https:\/\/www.anjouautomation.com\/de\/i-prodotti\/"},{"@type":"ListItem","position":3,"name":"Klima \/ Sensoren","item":"https:\/\/www.anjouautomation.com\/de\/categorie-produit\/klima-sensoren\/"},{"@type":"ListItem","position":4,"name":"Optagrow"}]},{"@type":"WebSite","@id":"https:\/\/www.anjouautomation.com\/de\/#website","url":"https:\/\/www.anjouautomation.com\/de\/","name":"Anjou Automation","description":"\u00c9quipements de r\u00e9gulation et d&#039;automatisme","publisher":{"@id":"https:\/\/www.anjouautomation.com\/de\/#organization"},"potentialAction":[{"@type":"SearchAction","target":{"@type":"EntryPoint","urlTemplate":"https:\/\/www.anjouautomation.com\/de\/?s={search_term_string}"},"query-input":{"@type":"PropertyValueSpecification","valueRequired":true,"valueName":"search_term_string"}}],"inLanguage":"de"},{"@type":"Organization","@id":"https:\/\/www.anjouautomation.com\/de\/#organization","name":"Anjou Automation","url":"https:\/\/www.anjouautomation.com\/de\/","logo":{"@type":"ImageObject","inLanguage":"de","@id":"https:\/\/www.anjouautomation.com\/de\/#\/schema\/logo\/image\/","url":"https:\/\/www.anjouautomation.com\/wp-content\/uploads\/2020\/05\/logo-anjou-automation.png","contentUrl":"https:\/\/www.anjouautomation.com\/wp-content\/uploads\/2020\/05\/logo-anjou-automation.png","width":301,"height":66,"caption":"Anjou Automation"},"image":{"@id":"https:\/\/www.anjouautomation.com\/de\/#\/schema\/logo\/image\/"}}]}},"_links":{"self":[{"href":"https:\/\/www.anjouautomation.com\/de\/wp-json\/wp\/v2\/product\/96057","targetHints":{"allow":["GET"]}}],"collection":[{"href":"https:\/\/www.anjouautomation.com\/de\/wp-json\/wp\/v2\/product"}],"about":[{"href":"https:\/\/www.anjouautomation.com\/de\/wp-json\/wp\/v2\/types\/product"}],"wp:featuredmedia":[{"embeddable":true,"href":"https:\/\/www.anjouautomation.com\/de\/wp-json\/wp\/v2\/media\/96064"}],"wp:attachment":[{"href":"https:\/\/www.anjouautomation.com\/de\/wp-json\/wp\/v2\/media?parent=96057"}],"wp:term":[{"taxonomy":"product_brand","embeddable":true,"href":"https:\/\/www.anjouautomation.com\/de\/wp-json\/wp\/v2\/product_brand?post=96057"},{"taxonomy":"product_cat","embeddable":true,"href":"https:\/\/www.anjouautomation.com\/de\/wp-json\/wp\/v2\/product_cat?post=96057"},{"taxonomy":"product_tag","embeddable":true,"href":"https:\/\/www.anjouautomation.com\/de\/wp-json\/wp\/v2\/product_tag?post=96057"}],"curies":[{"name":"wp","href":"https:\/\/api.w.org\/{rel}","templated":true}]}}