{"id":86026,"date":"2020-05-19T15:12:05","date_gmt":"2020-05-19T13:12:05","guid":{"rendered":"https:\/\/www.anjouautomation.com\/produit\/getriebemotor-dachfirstluftung-beschattung\/"},"modified":"2026-01-14T11:43:06","modified_gmt":"2026-01-14T10:43:06","slug":"getriebemotor-dachfirstluftung-beschattung","status":"publish","type":"product","link":"https:\/\/www.anjouautomation.com\/de\/produit\/getriebemotor-dachfirstluftung-beschattung\/","title":{"rendered":"Anjou original drive (AOD):Dachfirstl\u00fcftung und  Beschattung"},"content":{"rendered":"","protected":false},"excerpt":{"rendered":"<ul>\n<li>Wasserdichte Konstruktion im Aluminiumgeh\u00e4use<\/li>\n<li>Irreversibel bei Ladung<\/li>\n<li>Manuelle Fehlerbehebung am Elektromotor<\/li>\n<li>Wasserdichter Endanschlag, ohne Werkzeug einstellbar<\/li>\n<li>Steuerung der Phasenumkehrung (bei Option MISSI)<\/li>\n<li>Nutzhub Hubende 33 Umdrehungen zum \u00d6ffnen und 100 Umdrehungen zum<\/li>\n<li>Schattenspenden<\/li>\n<li>Verbindung mit rohrf\u00f6rmiger Kette \u00d832 oder \u00d834,<\/li>\n<li>Zwei m\u00f6gliche Befestigungen: seitlich und hinten<\/li>\n<li>Ger\u00e4uscharmer Betrieb<\/li>\n<li>Platzierung f\u00fcr die Einpassung der Reihe MISSI ASA vorgesehen.<\/li>\n<\/ul>\n","protected":false},"featured_media":85512,"template":"","meta":[],"product_brand":[],"product_cat":[339,184,188],"product_tag":[],"class_list":{"0":"post-86026","1":"product","2":"type-product","3":"status-publish","4":"has-post-thumbnail","6":"product_cat-getriebemotoren-dachfirstluftung-beschattung","7":"product_cat-mechanisierung","8":"product_cat-getriebemotoren","10":"first","11":"instock","12":"downloadable","13":"shipping-taxable","14":"purchasable","15":"product-type-simple"},"yoast_head":"<!-- This site is optimized with the Yoast SEO plugin v27.5 - https:\/\/yoast.com\/product\/yoast-seo-wordpress\/ -->\n<title>Anjou original drive (AOD):Dachfirstl\u00fcftung und Beschattung - Anjou Automation<\/title>\n<meta name=\"robots\" content=\"index, follow, max-snippet:-1, max-image-preview:large, max-video-preview:-1\" \/>\n<link rel=\"canonical\" href=\"https:\/\/www.anjouautomation.com\/de\/produit\/getriebemotor-dachfirstluftung-beschattung\/\" \/>\n<meta property=\"og:locale\" content=\"de_DE\" \/>\n<meta property=\"og:type\" content=\"article\" \/>\n<meta property=\"og:title\" content=\"Anjou original drive (AOD):Dachfirstl\u00fcftung und Beschattung - Anjou Automation\" \/>\n<meta property=\"og:description\" content=\"Wasserdichte Konstruktion im Aluminiumgeh\u00e4use  Irreversibel bei Ladung  Manuelle Fehlerbehebung am Elektromotor  Wasserdichter Endanschlag, ohne Werkzeug einstellbar  Steuerung der Phasenumkehrung (bei Option MISSI)  Nutzhub Hubende 33 Umdrehungen zum \u00d6ffnen und 100 Umdrehungen zum  Schattenspenden  Verbindung mit rohrf\u00f6rmiger Kette \u00d832 oder \u00d834,  Zwei m\u00f6gliche Befestigungen: seitlich und hinten  Ger\u00e4uscharmer Betrieb  Platzierung f\u00fcr die Einpassung der Reihe MISSI ASA vorgesehen.\" \/>\n<meta property=\"og:url\" content=\"https:\/\/www.anjouautomation.com\/de\/produit\/getriebemotor-dachfirstluftung-beschattung\/\" \/>\n<meta property=\"og:site_name\" content=\"Anjou Automation\" \/>\n<meta property=\"article:modified_time\" content=\"2026-01-14T10:43:06+00:00\" \/>\n<meta property=\"og:image\" content=\"https:\/\/www.anjouautomation.com\/wp-content\/uploads\/2020\/05\/mec-1400.jpg\" \/>\n\t<meta property=\"og:image:width\" content=\"800\" \/>\n\t<meta property=\"og:image:height\" content=\"800\" \/>\n\t<meta property=\"og:image:type\" content=\"image\/jpeg\" \/>\n<meta name=\"twitter:card\" content=\"summary_large_image\" \/>\n<script type=\"application\/ld+json\" class=\"yoast-schema-graph\">{\"@context\":\"https:\\\/\\\/schema.org\",\"@graph\":[{\"@type\":\"WebPage\",\"@id\":\"https:\\\/\\\/www.anjouautomation.com\\\/de\\\/produit\\\/getriebemotor-dachfirstluftung-beschattung\\\/\",\"url\":\"https:\\\/\\\/www.anjouautomation.com\\\/de\\\/produit\\\/getriebemotor-dachfirstluftung-beschattung\\\/\",\"name\":\"Anjou original drive (AOD):Dachfirstl\u00fcftung und Beschattung - Anjou Automation\",\"isPartOf\":{\"@id\":\"https:\\\/\\\/www.anjouautomation.com\\\/de\\\/#website\"},\"primaryImageOfPage\":{\"@id\":\"https:\\\/\\\/www.anjouautomation.com\\\/de\\\/produit\\\/getriebemotor-dachfirstluftung-beschattung\\\/#primaryimage\"},\"image\":{\"@id\":\"https:\\\/\\\/www.anjouautomation.com\\\/de\\\/produit\\\/getriebemotor-dachfirstluftung-beschattung\\\/#primaryimage\"},\"thumbnailUrl\":\"https:\\\/\\\/www.anjouautomation.com\\\/wp-content\\\/uploads\\\/2020\\\/05\\\/mec-1400.jpg\",\"datePublished\":\"2020-05-19T13:12:05+00:00\",\"dateModified\":\"2026-01-14T10:43:06+00:00\",\"breadcrumb\":{\"@id\":\"https:\\\/\\\/www.anjouautomation.com\\\/de\\\/produit\\\/getriebemotor-dachfirstluftung-beschattung\\\/#breadcrumb\"},\"inLanguage\":\"de\",\"potentialAction\":[{\"@type\":\"ReadAction\",\"target\":[\"https:\\\/\\\/www.anjouautomation.com\\\/de\\\/produit\\\/getriebemotor-dachfirstluftung-beschattung\\\/\"]}]},{\"@type\":\"ImageObject\",\"inLanguage\":\"de\",\"@id\":\"https:\\\/\\\/www.anjouautomation.com\\\/de\\\/produit\\\/getriebemotor-dachfirstluftung-beschattung\\\/#primaryimage\",\"url\":\"https:\\\/\\\/www.anjouautomation.com\\\/wp-content\\\/uploads\\\/2020\\\/05\\\/mec-1400.jpg\",\"contentUrl\":\"https:\\\/\\\/www.anjouautomation.com\\\/wp-content\\\/uploads\\\/2020\\\/05\\\/mec-1400.jpg\",\"width\":800,\"height\":800,\"caption\":\"Categorie motor\u00e9ducteurs\"},{\"@type\":\"BreadcrumbList\",\"@id\":\"https:\\\/\\\/www.anjouautomation.com\\\/de\\\/produit\\\/getriebemotor-dachfirstluftung-beschattung\\\/#breadcrumb\",\"itemListElement\":[{\"@type\":\"ListItem\",\"position\":1,\"name\":\"Startseite\",\"item\":\"https:\\\/\\\/www.anjouautomation.com\\\/de\\\/\"},{\"@type\":\"ListItem\",\"position\":2,\"name\":\"Die Produkte\",\"item\":\"https:\\\/\\\/www.anjouautomation.com\\\/de\\\/i-prodotti\\\/\"},{\"@type\":\"ListItem\",\"position\":3,\"name\":\"Mechanisierung\",\"item\":\"https:\\\/\\\/www.anjouautomation.com\\\/de\\\/categorie-produit\\\/mechanisierung\\\/\"},{\"@type\":\"ListItem\",\"position\":4,\"name\":\"Anjou original drive (AOD):Dachfirstl\u00fcftung und Beschattung\"}]},{\"@type\":\"WebSite\",\"@id\":\"https:\\\/\\\/www.anjouautomation.com\\\/de\\\/#website\",\"url\":\"https:\\\/\\\/www.anjouautomation.com\\\/de\\\/\",\"name\":\"Anjou Automation\",\"description\":\"\u00c9quipements de r\u00e9gulation et d&#039;automatisme\",\"publisher\":{\"@id\":\"https:\\\/\\\/www.anjouautomation.com\\\/de\\\/#organization\"},\"potentialAction\":[{\"@type\":\"SearchAction\",\"target\":{\"@type\":\"EntryPoint\",\"urlTemplate\":\"https:\\\/\\\/www.anjouautomation.com\\\/de\\\/?s={search_term_string}\"},\"query-input\":{\"@type\":\"PropertyValueSpecification\",\"valueRequired\":true,\"valueName\":\"search_term_string\"}}],\"inLanguage\":\"de\"},{\"@type\":\"Organization\",\"@id\":\"https:\\\/\\\/www.anjouautomation.com\\\/de\\\/#organization\",\"name\":\"Anjou Automation\",\"url\":\"https:\\\/\\\/www.anjouautomation.com\\\/de\\\/\",\"logo\":{\"@type\":\"ImageObject\",\"inLanguage\":\"de\",\"@id\":\"https:\\\/\\\/www.anjouautomation.com\\\/de\\\/#\\\/schema\\\/logo\\\/image\\\/\",\"url\":\"https:\\\/\\\/www.anjouautomation.com\\\/wp-content\\\/uploads\\\/2020\\\/05\\\/logo-anjou-automation.png\",\"contentUrl\":\"https:\\\/\\\/www.anjouautomation.com\\\/wp-content\\\/uploads\\\/2020\\\/05\\\/logo-anjou-automation.png\",\"width\":301,\"height\":66,\"caption\":\"Anjou Automation\"},\"image\":{\"@id\":\"https:\\\/\\\/www.anjouautomation.com\\\/de\\\/#\\\/schema\\\/logo\\\/image\\\/\"}}]}<\/script>\n<!-- \/ Yoast SEO plugin. -->","yoast_head_json":{"title":"Anjou original drive (AOD):Dachfirstl\u00fcftung und Beschattung - Anjou Automation","robots":{"index":"index","follow":"follow","max-snippet":"max-snippet:-1","max-image-preview":"max-image-preview:large","max-video-preview":"max-video-preview:-1"},"canonical":"https:\/\/www.anjouautomation.com\/de\/produit\/getriebemotor-dachfirstluftung-beschattung\/","og_locale":"de_DE","og_type":"article","og_title":"Anjou original drive (AOD):Dachfirstl\u00fcftung und Beschattung - Anjou Automation","og_description":"Wasserdichte Konstruktion im Aluminiumgeh\u00e4use  Irreversibel bei Ladung  Manuelle Fehlerbehebung am Elektromotor  Wasserdichter Endanschlag, ohne Werkzeug einstellbar  Steuerung der Phasenumkehrung (bei Option MISSI)  Nutzhub Hubende 33 Umdrehungen zum \u00d6ffnen und 100 Umdrehungen zum  Schattenspenden  Verbindung mit rohrf\u00f6rmiger Kette \u00d832 oder \u00d834,  Zwei m\u00f6gliche Befestigungen: seitlich und hinten  Ger\u00e4uscharmer Betrieb  Platzierung f\u00fcr die Einpassung der Reihe MISSI ASA vorgesehen.","og_url":"https:\/\/www.anjouautomation.com\/de\/produit\/getriebemotor-dachfirstluftung-beschattung\/","og_site_name":"Anjou Automation","article_modified_time":"2026-01-14T10:43:06+00:00","og_image":[{"width":800,"height":800,"url":"https:\/\/www.anjouautomation.com\/wp-content\/uploads\/2020\/05\/mec-1400.jpg","type":"image\/jpeg"}],"twitter_card":"summary_large_image","schema":{"@context":"https:\/\/schema.org","@graph":[{"@type":"WebPage","@id":"https:\/\/www.anjouautomation.com\/de\/produit\/getriebemotor-dachfirstluftung-beschattung\/","url":"https:\/\/www.anjouautomation.com\/de\/produit\/getriebemotor-dachfirstluftung-beschattung\/","name":"Anjou original drive (AOD):Dachfirstl\u00fcftung und Beschattung - Anjou Automation","isPartOf":{"@id":"https:\/\/www.anjouautomation.com\/de\/#website"},"primaryImageOfPage":{"@id":"https:\/\/www.anjouautomation.com\/de\/produit\/getriebemotor-dachfirstluftung-beschattung\/#primaryimage"},"image":{"@id":"https:\/\/www.anjouautomation.com\/de\/produit\/getriebemotor-dachfirstluftung-beschattung\/#primaryimage"},"thumbnailUrl":"https:\/\/www.anjouautomation.com\/wp-content\/uploads\/2020\/05\/mec-1400.jpg","datePublished":"2020-05-19T13:12:05+00:00","dateModified":"2026-01-14T10:43:06+00:00","breadcrumb":{"@id":"https:\/\/www.anjouautomation.com\/de\/produit\/getriebemotor-dachfirstluftung-beschattung\/#breadcrumb"},"inLanguage":"de","potentialAction":[{"@type":"ReadAction","target":["https:\/\/www.anjouautomation.com\/de\/produit\/getriebemotor-dachfirstluftung-beschattung\/"]}]},{"@type":"ImageObject","inLanguage":"de","@id":"https:\/\/www.anjouautomation.com\/de\/produit\/getriebemotor-dachfirstluftung-beschattung\/#primaryimage","url":"https:\/\/www.anjouautomation.com\/wp-content\/uploads\/2020\/05\/mec-1400.jpg","contentUrl":"https:\/\/www.anjouautomation.com\/wp-content\/uploads\/2020\/05\/mec-1400.jpg","width":800,"height":800,"caption":"Categorie motor\u00e9ducteurs"},{"@type":"BreadcrumbList","@id":"https:\/\/www.anjouautomation.com\/de\/produit\/getriebemotor-dachfirstluftung-beschattung\/#breadcrumb","itemListElement":[{"@type":"ListItem","position":1,"name":"Startseite","item":"https:\/\/www.anjouautomation.com\/de\/"},{"@type":"ListItem","position":2,"name":"Die Produkte","item":"https:\/\/www.anjouautomation.com\/de\/i-prodotti\/"},{"@type":"ListItem","position":3,"name":"Mechanisierung","item":"https:\/\/www.anjouautomation.com\/de\/categorie-produit\/mechanisierung\/"},{"@type":"ListItem","position":4,"name":"Anjou original drive (AOD):Dachfirstl\u00fcftung und Beschattung"}]},{"@type":"WebSite","@id":"https:\/\/www.anjouautomation.com\/de\/#website","url":"https:\/\/www.anjouautomation.com\/de\/","name":"Anjou Automation","description":"\u00c9quipements de r\u00e9gulation et d&#039;automatisme","publisher":{"@id":"https:\/\/www.anjouautomation.com\/de\/#organization"},"potentialAction":[{"@type":"SearchAction","target":{"@type":"EntryPoint","urlTemplate":"https:\/\/www.anjouautomation.com\/de\/?s={search_term_string}"},"query-input":{"@type":"PropertyValueSpecification","valueRequired":true,"valueName":"search_term_string"}}],"inLanguage":"de"},{"@type":"Organization","@id":"https:\/\/www.anjouautomation.com\/de\/#organization","name":"Anjou Automation","url":"https:\/\/www.anjouautomation.com\/de\/","logo":{"@type":"ImageObject","inLanguage":"de","@id":"https:\/\/www.anjouautomation.com\/de\/#\/schema\/logo\/image\/","url":"https:\/\/www.anjouautomation.com\/wp-content\/uploads\/2020\/05\/logo-anjou-automation.png","contentUrl":"https:\/\/www.anjouautomation.com\/wp-content\/uploads\/2020\/05\/logo-anjou-automation.png","width":301,"height":66,"caption":"Anjou Automation"},"image":{"@id":"https:\/\/www.anjouautomation.com\/de\/#\/schema\/logo\/image\/"}}]}},"_links":{"self":[{"href":"https:\/\/www.anjouautomation.com\/de\/wp-json\/wp\/v2\/product\/86026","targetHints":{"allow":["GET"]}}],"collection":[{"href":"https:\/\/www.anjouautomation.com\/de\/wp-json\/wp\/v2\/product"}],"about":[{"href":"https:\/\/www.anjouautomation.com\/de\/wp-json\/wp\/v2\/types\/product"}],"wp:featuredmedia":[{"embeddable":true,"href":"https:\/\/www.anjouautomation.com\/de\/wp-json\/wp\/v2\/media\/85512"}],"wp:attachment":[{"href":"https:\/\/www.anjouautomation.com\/de\/wp-json\/wp\/v2\/media?parent=86026"}],"wp:term":[{"taxonomy":"product_brand","embeddable":true,"href":"https:\/\/www.anjouautomation.com\/de\/wp-json\/wp\/v2\/product_brand?post=86026"},{"taxonomy":"product_cat","embeddable":true,"href":"https:\/\/www.anjouautomation.com\/de\/wp-json\/wp\/v2\/product_cat?post=86026"},{"taxonomy":"product_tag","embeddable":true,"href":"https:\/\/www.anjouautomation.com\/de\/wp-json\/wp\/v2\/product_tag?post=86026"}],"curies":[{"name":"wp","href":"https:\/\/api.w.org\/{rel}","templated":true}]}}