{"id":86010,"date":"2020-05-19T14:18:04","date_gmt":"2020-05-19T12:18:04","guid":{"rendered":"https:\/\/www.anjouautomation.com\/produit\/getriebe-direkte-wicklung\/"},"modified":"2026-01-14T15:05:31","modified_gmt":"2026-01-14T14:05:31","slug":"getriebe-direkte-wicklung","status":"publish","type":"product","link":"https:\/\/www.anjouautomation.com\/de\/produit\/getriebe-direkte-wicklung\/","title":{"rendered":"Getriebe direkte Wicklung"},"content":{"rendered":"","protected":false},"excerpt":{"rendered":"<p>\u2022 Handgetriebe f\u00fcr die Wicklung der Seitenbel\u00fcftung und des Ritzels direkt \u00fcber das Steuerrohr.<\/p>\n<p>\u2022 Mit verschiedenen Getrieben erh\u00e4ltlich: 1\/8, 1\/16 und 1\/23.<\/p>\n<p>\u2022 Mit verschiedenen Abtriebswellen verf\u00fcgbar: Rohr 1\u2019\u2019, Rohr 25 x 25 x 1,5 und Rohr 25 x 25 x 2.<\/p>\n","protected":false},"featured_media":85356,"template":"","meta":[],"product_brand":[],"product_cat":[186,184],"product_tag":[],"class_list":{"0":"post-86010","1":"product","2":"type-product","3":"status-publish","4":"has-post-thumbnail","6":"product_cat-handgetriebes","7":"product_cat-mechanisierung","9":"first","10":"instock","11":"downloadable","12":"shipping-taxable","13":"purchasable","14":"product-type-simple"},"yoast_head":"<!-- This site is optimized with the Yoast SEO plugin v27.5 - https:\/\/yoast.com\/product\/yoast-seo-wordpress\/ -->\n<title>Getriebe direkte Wicklung - Anjou Automation<\/title>\n<meta name=\"robots\" content=\"index, follow, max-snippet:-1, max-image-preview:large, max-video-preview:-1\" \/>\n<link rel=\"canonical\" href=\"https:\/\/www.anjouautomation.com\/de\/produit\/getriebe-direkte-wicklung\/\" \/>\n<meta property=\"og:locale\" content=\"de_DE\" \/>\n<meta property=\"og:type\" content=\"article\" \/>\n<meta property=\"og:title\" content=\"Getriebe direkte Wicklung - Anjou Automation\" \/>\n<meta property=\"og:description\" content=\"\u2022 Handgetriebe f\u00fcr die Wicklung der Seitenbel\u00fcftung und des Ritzels direkt \u00fcber das Steuerrohr.  \u2022 Mit verschiedenen Getrieben erh\u00e4ltlich: 1\/8, 1\/16 und 1\/23.  \u2022 Mit verschiedenen Abtriebswellen verf\u00fcgbar: Rohr 1\u2019\u2019, Rohr 25 x 25 x 1,5 und Rohr 25 x 25 x 2.\" \/>\n<meta property=\"og:url\" content=\"https:\/\/www.anjouautomation.com\/de\/produit\/getriebe-direkte-wicklung\/\" \/>\n<meta property=\"og:site_name\" content=\"Anjou Automation\" \/>\n<meta property=\"article:modified_time\" content=\"2026-01-14T14:05:31+00:00\" \/>\n<meta property=\"og:image\" content=\"https:\/\/www.anjouautomation.com\/wp-content\/uploads\/2020\/05\/reducteur-manuel-enroulement-direct.jpg\" \/>\n\t<meta property=\"og:image:width\" content=\"800\" \/>\n\t<meta property=\"og:image:height\" content=\"800\" \/>\n\t<meta property=\"og:image:type\" content=\"image\/jpeg\" \/>\n<meta name=\"twitter:card\" content=\"summary_large_image\" \/>\n<script type=\"application\/ld+json\" class=\"yoast-schema-graph\">{\"@context\":\"https:\\\/\\\/schema.org\",\"@graph\":[{\"@type\":\"WebPage\",\"@id\":\"https:\\\/\\\/www.anjouautomation.com\\\/de\\\/produit\\\/getriebe-direkte-wicklung\\\/\",\"url\":\"https:\\\/\\\/www.anjouautomation.com\\\/de\\\/produit\\\/getriebe-direkte-wicklung\\\/\",\"name\":\"Getriebe direkte Wicklung - Anjou Automation\",\"isPartOf\":{\"@id\":\"https:\\\/\\\/www.anjouautomation.com\\\/de\\\/#website\"},\"primaryImageOfPage\":{\"@id\":\"https:\\\/\\\/www.anjouautomation.com\\\/de\\\/produit\\\/getriebe-direkte-wicklung\\\/#primaryimage\"},\"image\":{\"@id\":\"https:\\\/\\\/www.anjouautomation.com\\\/de\\\/produit\\\/getriebe-direkte-wicklung\\\/#primaryimage\"},\"thumbnailUrl\":\"https:\\\/\\\/www.anjouautomation.com\\\/wp-content\\\/uploads\\\/2020\\\/05\\\/reducteur-manuel-enroulement-direct.jpg\",\"datePublished\":\"2020-05-19T12:18:04+00:00\",\"dateModified\":\"2026-01-14T14:05:31+00:00\",\"breadcrumb\":{\"@id\":\"https:\\\/\\\/www.anjouautomation.com\\\/de\\\/produit\\\/getriebe-direkte-wicklung\\\/#breadcrumb\"},\"inLanguage\":\"de\",\"potentialAction\":[{\"@type\":\"ReadAction\",\"target\":[\"https:\\\/\\\/www.anjouautomation.com\\\/de\\\/produit\\\/getriebe-direkte-wicklung\\\/\"]}]},{\"@type\":\"ImageObject\",\"inLanguage\":\"de\",\"@id\":\"https:\\\/\\\/www.anjouautomation.com\\\/de\\\/produit\\\/getriebe-direkte-wicklung\\\/#primaryimage\",\"url\":\"https:\\\/\\\/www.anjouautomation.com\\\/wp-content\\\/uploads\\\/2020\\\/05\\\/reducteur-manuel-enroulement-direct.jpg\",\"contentUrl\":\"https:\\\/\\\/www.anjouautomation.com\\\/wp-content\\\/uploads\\\/2020\\\/05\\\/reducteur-manuel-enroulement-direct.jpg\",\"width\":800,\"height\":800,\"caption\":\"Categorie r\u00e9ducteur manuel\"},{\"@type\":\"BreadcrumbList\",\"@id\":\"https:\\\/\\\/www.anjouautomation.com\\\/de\\\/produit\\\/getriebe-direkte-wicklung\\\/#breadcrumb\",\"itemListElement\":[{\"@type\":\"ListItem\",\"position\":1,\"name\":\"Startseite\",\"item\":\"https:\\\/\\\/www.anjouautomation.com\\\/de\\\/\"},{\"@type\":\"ListItem\",\"position\":2,\"name\":\"Die Produkte\",\"item\":\"https:\\\/\\\/www.anjouautomation.com\\\/de\\\/i-prodotti\\\/\"},{\"@type\":\"ListItem\",\"position\":3,\"name\":\"Mechanisierung\",\"item\":\"https:\\\/\\\/www.anjouautomation.com\\\/de\\\/categorie-produit\\\/mechanisierung\\\/\"},{\"@type\":\"ListItem\",\"position\":4,\"name\":\"Handgetriebes\",\"item\":\"https:\\\/\\\/www.anjouautomation.com\\\/de\\\/categorie-produit\\\/mechanisierung\\\/handgetriebes\\\/\"},{\"@type\":\"ListItem\",\"position\":5,\"name\":\"Getriebe direkte Wicklung\"}]},{\"@type\":\"WebSite\",\"@id\":\"https:\\\/\\\/www.anjouautomation.com\\\/de\\\/#website\",\"url\":\"https:\\\/\\\/www.anjouautomation.com\\\/de\\\/\",\"name\":\"Anjou Automation\",\"description\":\"\u00c9quipements de r\u00e9gulation et d&#039;automatisme\",\"publisher\":{\"@id\":\"https:\\\/\\\/www.anjouautomation.com\\\/de\\\/#organization\"},\"potentialAction\":[{\"@type\":\"SearchAction\",\"target\":{\"@type\":\"EntryPoint\",\"urlTemplate\":\"https:\\\/\\\/www.anjouautomation.com\\\/de\\\/?s={search_term_string}\"},\"query-input\":{\"@type\":\"PropertyValueSpecification\",\"valueRequired\":true,\"valueName\":\"search_term_string\"}}],\"inLanguage\":\"de\"},{\"@type\":\"Organization\",\"@id\":\"https:\\\/\\\/www.anjouautomation.com\\\/de\\\/#organization\",\"name\":\"Anjou Automation\",\"url\":\"https:\\\/\\\/www.anjouautomation.com\\\/de\\\/\",\"logo\":{\"@type\":\"ImageObject\",\"inLanguage\":\"de\",\"@id\":\"https:\\\/\\\/www.anjouautomation.com\\\/de\\\/#\\\/schema\\\/logo\\\/image\\\/\",\"url\":\"https:\\\/\\\/www.anjouautomation.com\\\/wp-content\\\/uploads\\\/2020\\\/05\\\/logo-anjou-automation.png\",\"contentUrl\":\"https:\\\/\\\/www.anjouautomation.com\\\/wp-content\\\/uploads\\\/2020\\\/05\\\/logo-anjou-automation.png\",\"width\":301,\"height\":66,\"caption\":\"Anjou Automation\"},\"image\":{\"@id\":\"https:\\\/\\\/www.anjouautomation.com\\\/de\\\/#\\\/schema\\\/logo\\\/image\\\/\"}}]}<\/script>\n<!-- \/ Yoast SEO plugin. -->","yoast_head_json":{"title":"Getriebe direkte Wicklung - Anjou Automation","robots":{"index":"index","follow":"follow","max-snippet":"max-snippet:-1","max-image-preview":"max-image-preview:large","max-video-preview":"max-video-preview:-1"},"canonical":"https:\/\/www.anjouautomation.com\/de\/produit\/getriebe-direkte-wicklung\/","og_locale":"de_DE","og_type":"article","og_title":"Getriebe direkte Wicklung - Anjou Automation","og_description":"\u2022 Handgetriebe f\u00fcr die Wicklung der Seitenbel\u00fcftung und des Ritzels direkt \u00fcber das Steuerrohr.  \u2022 Mit verschiedenen Getrieben erh\u00e4ltlich: 1\/8, 1\/16 und 1\/23.  \u2022 Mit verschiedenen Abtriebswellen verf\u00fcgbar: Rohr 1\u2019\u2019, Rohr 25 x 25 x 1,5 und Rohr 25 x 25 x 2.","og_url":"https:\/\/www.anjouautomation.com\/de\/produit\/getriebe-direkte-wicklung\/","og_site_name":"Anjou Automation","article_modified_time":"2026-01-14T14:05:31+00:00","og_image":[{"width":800,"height":800,"url":"https:\/\/www.anjouautomation.com\/wp-content\/uploads\/2020\/05\/reducteur-manuel-enroulement-direct.jpg","type":"image\/jpeg"}],"twitter_card":"summary_large_image","schema":{"@context":"https:\/\/schema.org","@graph":[{"@type":"WebPage","@id":"https:\/\/www.anjouautomation.com\/de\/produit\/getriebe-direkte-wicklung\/","url":"https:\/\/www.anjouautomation.com\/de\/produit\/getriebe-direkte-wicklung\/","name":"Getriebe direkte Wicklung - Anjou Automation","isPartOf":{"@id":"https:\/\/www.anjouautomation.com\/de\/#website"},"primaryImageOfPage":{"@id":"https:\/\/www.anjouautomation.com\/de\/produit\/getriebe-direkte-wicklung\/#primaryimage"},"image":{"@id":"https:\/\/www.anjouautomation.com\/de\/produit\/getriebe-direkte-wicklung\/#primaryimage"},"thumbnailUrl":"https:\/\/www.anjouautomation.com\/wp-content\/uploads\/2020\/05\/reducteur-manuel-enroulement-direct.jpg","datePublished":"2020-05-19T12:18:04+00:00","dateModified":"2026-01-14T14:05:31+00:00","breadcrumb":{"@id":"https:\/\/www.anjouautomation.com\/de\/produit\/getriebe-direkte-wicklung\/#breadcrumb"},"inLanguage":"de","potentialAction":[{"@type":"ReadAction","target":["https:\/\/www.anjouautomation.com\/de\/produit\/getriebe-direkte-wicklung\/"]}]},{"@type":"ImageObject","inLanguage":"de","@id":"https:\/\/www.anjouautomation.com\/de\/produit\/getriebe-direkte-wicklung\/#primaryimage","url":"https:\/\/www.anjouautomation.com\/wp-content\/uploads\/2020\/05\/reducteur-manuel-enroulement-direct.jpg","contentUrl":"https:\/\/www.anjouautomation.com\/wp-content\/uploads\/2020\/05\/reducteur-manuel-enroulement-direct.jpg","width":800,"height":800,"caption":"Categorie r\u00e9ducteur manuel"},{"@type":"BreadcrumbList","@id":"https:\/\/www.anjouautomation.com\/de\/produit\/getriebe-direkte-wicklung\/#breadcrumb","itemListElement":[{"@type":"ListItem","position":1,"name":"Startseite","item":"https:\/\/www.anjouautomation.com\/de\/"},{"@type":"ListItem","position":2,"name":"Die Produkte","item":"https:\/\/www.anjouautomation.com\/de\/i-prodotti\/"},{"@type":"ListItem","position":3,"name":"Mechanisierung","item":"https:\/\/www.anjouautomation.com\/de\/categorie-produit\/mechanisierung\/"},{"@type":"ListItem","position":4,"name":"Handgetriebes","item":"https:\/\/www.anjouautomation.com\/de\/categorie-produit\/mechanisierung\/handgetriebes\/"},{"@type":"ListItem","position":5,"name":"Getriebe direkte Wicklung"}]},{"@type":"WebSite","@id":"https:\/\/www.anjouautomation.com\/de\/#website","url":"https:\/\/www.anjouautomation.com\/de\/","name":"Anjou Automation","description":"\u00c9quipements de r\u00e9gulation et d&#039;automatisme","publisher":{"@id":"https:\/\/www.anjouautomation.com\/de\/#organization"},"potentialAction":[{"@type":"SearchAction","target":{"@type":"EntryPoint","urlTemplate":"https:\/\/www.anjouautomation.com\/de\/?s={search_term_string}"},"query-input":{"@type":"PropertyValueSpecification","valueRequired":true,"valueName":"search_term_string"}}],"inLanguage":"de"},{"@type":"Organization","@id":"https:\/\/www.anjouautomation.com\/de\/#organization","name":"Anjou Automation","url":"https:\/\/www.anjouautomation.com\/de\/","logo":{"@type":"ImageObject","inLanguage":"de","@id":"https:\/\/www.anjouautomation.com\/de\/#\/schema\/logo\/image\/","url":"https:\/\/www.anjouautomation.com\/wp-content\/uploads\/2020\/05\/logo-anjou-automation.png","contentUrl":"https:\/\/www.anjouautomation.com\/wp-content\/uploads\/2020\/05\/logo-anjou-automation.png","width":301,"height":66,"caption":"Anjou Automation"},"image":{"@id":"https:\/\/www.anjouautomation.com\/de\/#\/schema\/logo\/image\/"}}]}},"_links":{"self":[{"href":"https:\/\/www.anjouautomation.com\/de\/wp-json\/wp\/v2\/product\/86010","targetHints":{"allow":["GET"]}}],"collection":[{"href":"https:\/\/www.anjouautomation.com\/de\/wp-json\/wp\/v2\/product"}],"about":[{"href":"https:\/\/www.anjouautomation.com\/de\/wp-json\/wp\/v2\/types\/product"}],"wp:featuredmedia":[{"embeddable":true,"href":"https:\/\/www.anjouautomation.com\/de\/wp-json\/wp\/v2\/media\/85356"}],"wp:attachment":[{"href":"https:\/\/www.anjouautomation.com\/de\/wp-json\/wp\/v2\/media?parent=86010"}],"wp:term":[{"taxonomy":"product_brand","embeddable":true,"href":"https:\/\/www.anjouautomation.com\/de\/wp-json\/wp\/v2\/product_brand?post=86010"},{"taxonomy":"product_cat","embeddable":true,"href":"https:\/\/www.anjouautomation.com\/de\/wp-json\/wp\/v2\/product_cat?post=86010"},{"taxonomy":"product_tag","embeddable":true,"href":"https:\/\/www.anjouautomation.com\/de\/wp-json\/wp\/v2\/product_tag?post=86010"}],"curies":[{"name":"wp","href":"https:\/\/api.w.org\/{rel}","templated":true}]}}