{"id":86007,"date":"2020-05-19T14:08:55","date_gmt":"2020-05-19T12:08:55","guid":{"rendered":"https:\/\/www.anjouautomation.com\/produit\/teleskoparm-mit-laufrollen-set\/"},"modified":"2026-01-14T14:02:18","modified_gmt":"2026-01-14T13:02:18","slug":"teleskoparm-mit-laufrollen-set","status":"publish","type":"product","link":"https:\/\/www.anjouautomation.com\/de\/produit\/teleskoparm-mit-laufrollen-set\/","title":{"rendered":"Teleskoparm mit Laufrollen-Set"},"content":{"rendered":"","protected":false},"excerpt":{"rendered":"<p>\u2022 Mit diesem Mechanismus bietet Anjou Automation Ihnen die M\u00f6glichkeit, die Bet\u00e4tigungen Ihrer Bel\u00fcftungen per Aufwicklung auf Ihren tunnelf\u00f6rmigen oder mehrschiffigen Gew\u00e4chsh\u00e4usern auszuf\u00fchren.<\/p>\n<p>\u2022 Diese Teleskoparme k\u00f6nnen je nach Ihrem Bedarf manuell oder automatisch erfolgen.<\/p>\n<p>\u2022 Verf\u00fcgbar f\u00fcr verschiedene Wicklungsh\u00f6hen.<\/p>\n","protected":false},"featured_media":85317,"template":"","meta":[],"product_brand":[],"product_cat":[185,184],"product_tag":[],"class_list":{"0":"post-86007","1":"product","2":"type-product","3":"status-publish","4":"has-post-thumbnail","6":"product_cat-teleskoparms","7":"product_cat-mechanisierung","9":"first","10":"instock","11":"downloadable","12":"shipping-taxable","13":"purchasable","14":"product-type-simple"},"yoast_head":"<!-- This site is optimized with the Yoast SEO plugin v27.5 - https:\/\/yoast.com\/product\/yoast-seo-wordpress\/ -->\n<title>Teleskoparm mit Laufrollen-Set - Anjou Automation<\/title>\n<meta name=\"robots\" content=\"index, follow, max-snippet:-1, max-image-preview:large, max-video-preview:-1\" \/>\n<link rel=\"canonical\" href=\"https:\/\/www.anjouautomation.com\/de\/produit\/teleskoparm-mit-laufrollen-set\/\" \/>\n<meta property=\"og:locale\" content=\"de_DE\" \/>\n<meta property=\"og:type\" content=\"article\" \/>\n<meta property=\"og:title\" content=\"Teleskoparm mit Laufrollen-Set - Anjou Automation\" \/>\n<meta property=\"og:description\" content=\"\u2022 Mit diesem Mechanismus bietet Anjou Automation Ihnen die M\u00f6glichkeit, die Bet\u00e4tigungen Ihrer Bel\u00fcftungen per Aufwicklung auf Ihren tunnelf\u00f6rmigen oder mehrschiffigen Gew\u00e4chsh\u00e4usern auszuf\u00fchren.  \u2022 Diese Teleskoparme k\u00f6nnen je nach Ihrem Bedarf manuell oder automatisch erfolgen.  \u2022 Verf\u00fcgbar f\u00fcr verschiedene Wicklungsh\u00f6hen.\" \/>\n<meta property=\"og:url\" content=\"https:\/\/www.anjouautomation.com\/de\/produit\/teleskoparm-mit-laufrollen-set\/\" \/>\n<meta property=\"og:site_name\" content=\"Anjou Automation\" \/>\n<meta property=\"article:modified_time\" content=\"2026-01-14T13:02:18+00:00\" \/>\n<meta property=\"og:image\" content=\"https:\/\/www.anjouautomation.com\/wp-content\/uploads\/2020\/05\/bras-avec-roulette-1.jpg\" \/>\n\t<meta property=\"og:image:width\" content=\"800\" \/>\n\t<meta property=\"og:image:height\" content=\"800\" \/>\n\t<meta property=\"og:image:type\" content=\"image\/jpeg\" \/>\n<meta name=\"twitter:card\" content=\"summary_large_image\" \/>\n<script type=\"application\/ld+json\" class=\"yoast-schema-graph\">{\"@context\":\"https:\\\/\\\/schema.org\",\"@graph\":[{\"@type\":\"WebPage\",\"@id\":\"https:\\\/\\\/www.anjouautomation.com\\\/de\\\/produit\\\/teleskoparm-mit-laufrollen-set\\\/\",\"url\":\"https:\\\/\\\/www.anjouautomation.com\\\/de\\\/produit\\\/teleskoparm-mit-laufrollen-set\\\/\",\"name\":\"Teleskoparm mit Laufrollen-Set - Anjou Automation\",\"isPartOf\":{\"@id\":\"https:\\\/\\\/www.anjouautomation.com\\\/de\\\/#website\"},\"primaryImageOfPage\":{\"@id\":\"https:\\\/\\\/www.anjouautomation.com\\\/de\\\/produit\\\/teleskoparm-mit-laufrollen-set\\\/#primaryimage\"},\"image\":{\"@id\":\"https:\\\/\\\/www.anjouautomation.com\\\/de\\\/produit\\\/teleskoparm-mit-laufrollen-set\\\/#primaryimage\"},\"thumbnailUrl\":\"https:\\\/\\\/www.anjouautomation.com\\\/wp-content\\\/uploads\\\/2020\\\/05\\\/bras-avec-roulette-1.jpg\",\"datePublished\":\"2020-05-19T12:08:55+00:00\",\"dateModified\":\"2026-01-14T13:02:18+00:00\",\"breadcrumb\":{\"@id\":\"https:\\\/\\\/www.anjouautomation.com\\\/de\\\/produit\\\/teleskoparm-mit-laufrollen-set\\\/#breadcrumb\"},\"inLanguage\":\"de\",\"potentialAction\":[{\"@type\":\"ReadAction\",\"target\":[\"https:\\\/\\\/www.anjouautomation.com\\\/de\\\/produit\\\/teleskoparm-mit-laufrollen-set\\\/\"]}]},{\"@type\":\"ImageObject\",\"inLanguage\":\"de\",\"@id\":\"https:\\\/\\\/www.anjouautomation.com\\\/de\\\/produit\\\/teleskoparm-mit-laufrollen-set\\\/#primaryimage\",\"url\":\"https:\\\/\\\/www.anjouautomation.com\\\/wp-content\\\/uploads\\\/2020\\\/05\\\/bras-avec-roulette-1.jpg\",\"contentUrl\":\"https:\\\/\\\/www.anjouautomation.com\\\/wp-content\\\/uploads\\\/2020\\\/05\\\/bras-avec-roulette-1.jpg\",\"width\":800,\"height\":800},{\"@type\":\"BreadcrumbList\",\"@id\":\"https:\\\/\\\/www.anjouautomation.com\\\/de\\\/produit\\\/teleskoparm-mit-laufrollen-set\\\/#breadcrumb\",\"itemListElement\":[{\"@type\":\"ListItem\",\"position\":1,\"name\":\"Startseite\",\"item\":\"https:\\\/\\\/www.anjouautomation.com\\\/de\\\/\"},{\"@type\":\"ListItem\",\"position\":2,\"name\":\"Die Produkte\",\"item\":\"https:\\\/\\\/www.anjouautomation.com\\\/de\\\/i-prodotti\\\/\"},{\"@type\":\"ListItem\",\"position\":3,\"name\":\"Mechanisierung\",\"item\":\"https:\\\/\\\/www.anjouautomation.com\\\/de\\\/categorie-produit\\\/mechanisierung\\\/\"},{\"@type\":\"ListItem\",\"position\":4,\"name\":\"Teleskoparms\",\"item\":\"https:\\\/\\\/www.anjouautomation.com\\\/de\\\/categorie-produit\\\/mechanisierung\\\/teleskoparms\\\/\"},{\"@type\":\"ListItem\",\"position\":5,\"name\":\"Teleskoparm mit Laufrollen-Set\"}]},{\"@type\":\"WebSite\",\"@id\":\"https:\\\/\\\/www.anjouautomation.com\\\/de\\\/#website\",\"url\":\"https:\\\/\\\/www.anjouautomation.com\\\/de\\\/\",\"name\":\"Anjou Automation\",\"description\":\"\u00c9quipements de r\u00e9gulation et d&#039;automatisme\",\"publisher\":{\"@id\":\"https:\\\/\\\/www.anjouautomation.com\\\/de\\\/#organization\"},\"potentialAction\":[{\"@type\":\"SearchAction\",\"target\":{\"@type\":\"EntryPoint\",\"urlTemplate\":\"https:\\\/\\\/www.anjouautomation.com\\\/de\\\/?s={search_term_string}\"},\"query-input\":{\"@type\":\"PropertyValueSpecification\",\"valueRequired\":true,\"valueName\":\"search_term_string\"}}],\"inLanguage\":\"de\"},{\"@type\":\"Organization\",\"@id\":\"https:\\\/\\\/www.anjouautomation.com\\\/de\\\/#organization\",\"name\":\"Anjou Automation\",\"url\":\"https:\\\/\\\/www.anjouautomation.com\\\/de\\\/\",\"logo\":{\"@type\":\"ImageObject\",\"inLanguage\":\"de\",\"@id\":\"https:\\\/\\\/www.anjouautomation.com\\\/de\\\/#\\\/schema\\\/logo\\\/image\\\/\",\"url\":\"https:\\\/\\\/www.anjouautomation.com\\\/wp-content\\\/uploads\\\/2020\\\/05\\\/logo-anjou-automation.png\",\"contentUrl\":\"https:\\\/\\\/www.anjouautomation.com\\\/wp-content\\\/uploads\\\/2020\\\/05\\\/logo-anjou-automation.png\",\"width\":301,\"height\":66,\"caption\":\"Anjou Automation\"},\"image\":{\"@id\":\"https:\\\/\\\/www.anjouautomation.com\\\/de\\\/#\\\/schema\\\/logo\\\/image\\\/\"}}]}<\/script>\n<!-- \/ Yoast SEO plugin. -->","yoast_head_json":{"title":"Teleskoparm mit Laufrollen-Set - Anjou Automation","robots":{"index":"index","follow":"follow","max-snippet":"max-snippet:-1","max-image-preview":"max-image-preview:large","max-video-preview":"max-video-preview:-1"},"canonical":"https:\/\/www.anjouautomation.com\/de\/produit\/teleskoparm-mit-laufrollen-set\/","og_locale":"de_DE","og_type":"article","og_title":"Teleskoparm mit Laufrollen-Set - Anjou Automation","og_description":"\u2022 Mit diesem Mechanismus bietet Anjou Automation Ihnen die M\u00f6glichkeit, die Bet\u00e4tigungen Ihrer Bel\u00fcftungen per Aufwicklung auf Ihren tunnelf\u00f6rmigen oder mehrschiffigen Gew\u00e4chsh\u00e4usern auszuf\u00fchren.  \u2022 Diese Teleskoparme k\u00f6nnen je nach Ihrem Bedarf manuell oder automatisch erfolgen.  \u2022 Verf\u00fcgbar f\u00fcr verschiedene Wicklungsh\u00f6hen.","og_url":"https:\/\/www.anjouautomation.com\/de\/produit\/teleskoparm-mit-laufrollen-set\/","og_site_name":"Anjou Automation","article_modified_time":"2026-01-14T13:02:18+00:00","og_image":[{"width":800,"height":800,"url":"https:\/\/www.anjouautomation.com\/wp-content\/uploads\/2020\/05\/bras-avec-roulette-1.jpg","type":"image\/jpeg"}],"twitter_card":"summary_large_image","schema":{"@context":"https:\/\/schema.org","@graph":[{"@type":"WebPage","@id":"https:\/\/www.anjouautomation.com\/de\/produit\/teleskoparm-mit-laufrollen-set\/","url":"https:\/\/www.anjouautomation.com\/de\/produit\/teleskoparm-mit-laufrollen-set\/","name":"Teleskoparm mit Laufrollen-Set - Anjou Automation","isPartOf":{"@id":"https:\/\/www.anjouautomation.com\/de\/#website"},"primaryImageOfPage":{"@id":"https:\/\/www.anjouautomation.com\/de\/produit\/teleskoparm-mit-laufrollen-set\/#primaryimage"},"image":{"@id":"https:\/\/www.anjouautomation.com\/de\/produit\/teleskoparm-mit-laufrollen-set\/#primaryimage"},"thumbnailUrl":"https:\/\/www.anjouautomation.com\/wp-content\/uploads\/2020\/05\/bras-avec-roulette-1.jpg","datePublished":"2020-05-19T12:08:55+00:00","dateModified":"2026-01-14T13:02:18+00:00","breadcrumb":{"@id":"https:\/\/www.anjouautomation.com\/de\/produit\/teleskoparm-mit-laufrollen-set\/#breadcrumb"},"inLanguage":"de","potentialAction":[{"@type":"ReadAction","target":["https:\/\/www.anjouautomation.com\/de\/produit\/teleskoparm-mit-laufrollen-set\/"]}]},{"@type":"ImageObject","inLanguage":"de","@id":"https:\/\/www.anjouautomation.com\/de\/produit\/teleskoparm-mit-laufrollen-set\/#primaryimage","url":"https:\/\/www.anjouautomation.com\/wp-content\/uploads\/2020\/05\/bras-avec-roulette-1.jpg","contentUrl":"https:\/\/www.anjouautomation.com\/wp-content\/uploads\/2020\/05\/bras-avec-roulette-1.jpg","width":800,"height":800},{"@type":"BreadcrumbList","@id":"https:\/\/www.anjouautomation.com\/de\/produit\/teleskoparm-mit-laufrollen-set\/#breadcrumb","itemListElement":[{"@type":"ListItem","position":1,"name":"Startseite","item":"https:\/\/www.anjouautomation.com\/de\/"},{"@type":"ListItem","position":2,"name":"Die Produkte","item":"https:\/\/www.anjouautomation.com\/de\/i-prodotti\/"},{"@type":"ListItem","position":3,"name":"Mechanisierung","item":"https:\/\/www.anjouautomation.com\/de\/categorie-produit\/mechanisierung\/"},{"@type":"ListItem","position":4,"name":"Teleskoparms","item":"https:\/\/www.anjouautomation.com\/de\/categorie-produit\/mechanisierung\/teleskoparms\/"},{"@type":"ListItem","position":5,"name":"Teleskoparm mit Laufrollen-Set"}]},{"@type":"WebSite","@id":"https:\/\/www.anjouautomation.com\/de\/#website","url":"https:\/\/www.anjouautomation.com\/de\/","name":"Anjou Automation","description":"\u00c9quipements de r\u00e9gulation et d&#039;automatisme","publisher":{"@id":"https:\/\/www.anjouautomation.com\/de\/#organization"},"potentialAction":[{"@type":"SearchAction","target":{"@type":"EntryPoint","urlTemplate":"https:\/\/www.anjouautomation.com\/de\/?s={search_term_string}"},"query-input":{"@type":"PropertyValueSpecification","valueRequired":true,"valueName":"search_term_string"}}],"inLanguage":"de"},{"@type":"Organization","@id":"https:\/\/www.anjouautomation.com\/de\/#organization","name":"Anjou Automation","url":"https:\/\/www.anjouautomation.com\/de\/","logo":{"@type":"ImageObject","inLanguage":"de","@id":"https:\/\/www.anjouautomation.com\/de\/#\/schema\/logo\/image\/","url":"https:\/\/www.anjouautomation.com\/wp-content\/uploads\/2020\/05\/logo-anjou-automation.png","contentUrl":"https:\/\/www.anjouautomation.com\/wp-content\/uploads\/2020\/05\/logo-anjou-automation.png","width":301,"height":66,"caption":"Anjou Automation"},"image":{"@id":"https:\/\/www.anjouautomation.com\/de\/#\/schema\/logo\/image\/"}}]}},"_links":{"self":[{"href":"https:\/\/www.anjouautomation.com\/de\/wp-json\/wp\/v2\/product\/86007","targetHints":{"allow":["GET"]}}],"collection":[{"href":"https:\/\/www.anjouautomation.com\/de\/wp-json\/wp\/v2\/product"}],"about":[{"href":"https:\/\/www.anjouautomation.com\/de\/wp-json\/wp\/v2\/types\/product"}],"wp:featuredmedia":[{"embeddable":true,"href":"https:\/\/www.anjouautomation.com\/de\/wp-json\/wp\/v2\/media\/85317"}],"wp:attachment":[{"href":"https:\/\/www.anjouautomation.com\/de\/wp-json\/wp\/v2\/media?parent=86007"}],"wp:term":[{"taxonomy":"product_brand","embeddable":true,"href":"https:\/\/www.anjouautomation.com\/de\/wp-json\/wp\/v2\/product_brand?post=86007"},{"taxonomy":"product_cat","embeddable":true,"href":"https:\/\/www.anjouautomation.com\/de\/wp-json\/wp\/v2\/product_cat?post=86007"},{"taxonomy":"product_tag","embeddable":true,"href":"https:\/\/www.anjouautomation.com\/de\/wp-json\/wp\/v2\/product_tag?post=86007"}],"curies":[{"name":"wp","href":"https:\/\/api.w.org\/{rel}","templated":true}]}}