{"id":85984,"date":"2020-02-18T10:10:38","date_gmt":"2020-02-18T09:10:38","guid":{"rendered":"https:\/\/www.anjouautomation.com\/produit\/polyclim-reihe-2000\/"},"modified":"2025-12-10T09:46:41","modified_gmt":"2025-12-10T08:46:41","slug":"polyclim-reihe-2000","status":"publish","type":"product","link":"https:\/\/www.anjouautomation.com\/de\/produit\/polyclim-reihe-2000\/","title":{"rendered":"Polyclim Reihe 2000"},"content":{"rendered":"","protected":false},"excerpt":{"rendered":"<p>\u2022 Verwaltung der Bel\u00fcftungssteuerung. Automatische Steuerung durch Temperatursensor CTN (mitgeliefert) und proportionale Regulierung. Leistung nicht im Lieferumfang enthalten (siehe Seite \u201eC1MA\u201c in Schaltschr\u00e4nken).<\/p>\n<p>\u2022 Wettermessf\u00fchler k\u00f6nnen angeschlossen werden, um Ihre Anlage zu sichern.<\/p>\n<p>\u2022 Alle Regulatoren verf\u00fcgen \u00fcber die Funktionen Aufpumpen und Alarm. Manueller Modus integriert mithilfe von Schaltern Schlie\u00dfen\/0\/Auto\/0\/\u00d6ffnen.<\/p>\n<p>\u2022 4 Versionen der erh\u00e4ltlichen Regulatoren:<\/p>\n<ol>\n<li>Bel\u00fcftung 1 Seite<\/li>\n<li>Bel\u00fcftung 2 Seiten<\/li>\n<li>Bel\u00fcftung 1 Seite + Seitenbel\u00fcftungen<\/li>\n<li>Beschattung<\/li>\n<\/ol>\n","protected":false},"featured_media":85246,"template":"","meta":[],"product_brand":[],"product_cat":[178,179],"product_tag":[],"class_list":{"0":"post-85984","1":"product","2":"type-product","3":"status-publish","4":"has-post-thumbnail","6":"product_cat-klima-sensoren","7":"product_cat-klimaregulatoren","9":"first","10":"instock","11":"downloadable","12":"shipping-taxable","13":"purchasable","14":"product-type-simple"},"yoast_head":"<!-- This site is optimized with the Yoast SEO plugin v27.4 - https:\/\/yoast.com\/product\/yoast-seo-wordpress\/ -->\n<title>Polyclim Reihe 2000 - Anjou Automation<\/title>\n<meta name=\"robots\" content=\"index, follow, max-snippet:-1, max-image-preview:large, max-video-preview:-1\" \/>\n<link rel=\"canonical\" href=\"https:\/\/www.anjouautomation.com\/de\/produit\/polyclim-reihe-2000\/\" \/>\n<meta property=\"og:locale\" content=\"de_DE\" \/>\n<meta property=\"og:type\" content=\"article\" \/>\n<meta property=\"og:title\" content=\"Polyclim Reihe 2000 - Anjou Automation\" \/>\n<meta property=\"og:description\" content=\"\u2022 Verwaltung der Bel\u00fcftungssteuerung. Automatische Steuerung durch Temperatursensor CTN (mitgeliefert) und proportionale Regulierung. Leistung nicht im Lieferumfang enthalten (siehe Seite \u201eC1MA\u201c in Schaltschr\u00e4nken).  \u2022 Wettermessf\u00fchler k\u00f6nnen angeschlossen werden, um Ihre Anlage zu sichern.  \u2022 Alle Regulatoren verf\u00fcgen \u00fcber die Funktionen Aufpumpen und Alarm. Manueller Modus integriert mithilfe von Schaltern Schlie\u00dfen\/0\/Auto\/0\/\u00d6ffnen.  \u2022 4 Versionen der erh\u00e4ltlichen Regulatoren:   Bel\u00fcftung 1 Seite  Bel\u00fcftung 2 Seiten  Bel\u00fcftung 1 Seite + Seitenbel\u00fcftungen  Beschattung\" \/>\n<meta property=\"og:url\" content=\"https:\/\/www.anjouautomation.com\/de\/produit\/polyclim-reihe-2000\/\" \/>\n<meta property=\"og:site_name\" content=\"Anjou Automation\" \/>\n<meta property=\"article:modified_time\" content=\"2025-12-10T08:46:41+00:00\" \/>\n<meta property=\"og:image\" content=\"https:\/\/www.anjouautomation.com\/wp-content\/uploads\/2020\/02\/polyclim-2000.jpg\" \/>\n\t<meta property=\"og:image:width\" content=\"800\" \/>\n\t<meta property=\"og:image:height\" content=\"800\" \/>\n\t<meta property=\"og:image:type\" content=\"image\/jpeg\" \/>\n<meta name=\"twitter:card\" content=\"summary_large_image\" \/>\n<meta name=\"twitter:label1\" content=\"Gesch\u00e4tzte Lesezeit\" \/>\n\t<meta name=\"twitter:data1\" content=\"1\u00a0Minute\" \/>\n<script type=\"application\/ld+json\" class=\"yoast-schema-graph\">{\"@context\":\"https:\\\/\\\/schema.org\",\"@graph\":[{\"@type\":\"WebPage\",\"@id\":\"https:\\\/\\\/www.anjouautomation.com\\\/de\\\/produit\\\/polyclim-reihe-2000\\\/\",\"url\":\"https:\\\/\\\/www.anjouautomation.com\\\/de\\\/produit\\\/polyclim-reihe-2000\\\/\",\"name\":\"Polyclim Reihe 2000 - Anjou Automation\",\"isPartOf\":{\"@id\":\"https:\\\/\\\/www.anjouautomation.com\\\/de\\\/#website\"},\"primaryImageOfPage\":{\"@id\":\"https:\\\/\\\/www.anjouautomation.com\\\/de\\\/produit\\\/polyclim-reihe-2000\\\/#primaryimage\"},\"image\":{\"@id\":\"https:\\\/\\\/www.anjouautomation.com\\\/de\\\/produit\\\/polyclim-reihe-2000\\\/#primaryimage\"},\"thumbnailUrl\":\"https:\\\/\\\/www.anjouautomation.com\\\/wp-content\\\/uploads\\\/2020\\\/02\\\/polyclim-2000.jpg\",\"datePublished\":\"2020-02-18T09:10:38+00:00\",\"dateModified\":\"2025-12-10T08:46:41+00:00\",\"breadcrumb\":{\"@id\":\"https:\\\/\\\/www.anjouautomation.com\\\/de\\\/produit\\\/polyclim-reihe-2000\\\/#breadcrumb\"},\"inLanguage\":\"de\",\"potentialAction\":[{\"@type\":\"ReadAction\",\"target\":[\"https:\\\/\\\/www.anjouautomation.com\\\/de\\\/produit\\\/polyclim-reihe-2000\\\/\"]}]},{\"@type\":\"ImageObject\",\"inLanguage\":\"de\",\"@id\":\"https:\\\/\\\/www.anjouautomation.com\\\/de\\\/produit\\\/polyclim-reihe-2000\\\/#primaryimage\",\"url\":\"https:\\\/\\\/www.anjouautomation.com\\\/wp-content\\\/uploads\\\/2020\\\/02\\\/polyclim-2000.jpg\",\"contentUrl\":\"https:\\\/\\\/www.anjouautomation.com\\\/wp-content\\\/uploads\\\/2020\\\/02\\\/polyclim-2000.jpg\",\"width\":800,\"height\":800},{\"@type\":\"BreadcrumbList\",\"@id\":\"https:\\\/\\\/www.anjouautomation.com\\\/de\\\/produit\\\/polyclim-reihe-2000\\\/#breadcrumb\",\"itemListElement\":[{\"@type\":\"ListItem\",\"position\":1,\"name\":\"Startseite\",\"item\":\"https:\\\/\\\/www.anjouautomation.com\\\/de\\\/\"},{\"@type\":\"ListItem\",\"position\":2,\"name\":\"Die Produkte\",\"item\":\"https:\\\/\\\/www.anjouautomation.com\\\/de\\\/i-prodotti\\\/\"},{\"@type\":\"ListItem\",\"position\":3,\"name\":\"Klima \\\/ Sensoren\",\"item\":\"https:\\\/\\\/www.anjouautomation.com\\\/de\\\/categorie-produit\\\/klima-sensoren\\\/\"},{\"@type\":\"ListItem\",\"position\":4,\"name\":\"Polyclim Reihe 2000\"}]},{\"@type\":\"WebSite\",\"@id\":\"https:\\\/\\\/www.anjouautomation.com\\\/de\\\/#website\",\"url\":\"https:\\\/\\\/www.anjouautomation.com\\\/de\\\/\",\"name\":\"Anjou Automation\",\"description\":\"\u00c9quipements de r\u00e9gulation et d&#039;automatisme\",\"publisher\":{\"@id\":\"https:\\\/\\\/www.anjouautomation.com\\\/de\\\/#organization\"},\"potentialAction\":[{\"@type\":\"SearchAction\",\"target\":{\"@type\":\"EntryPoint\",\"urlTemplate\":\"https:\\\/\\\/www.anjouautomation.com\\\/de\\\/?s={search_term_string}\"},\"query-input\":{\"@type\":\"PropertyValueSpecification\",\"valueRequired\":true,\"valueName\":\"search_term_string\"}}],\"inLanguage\":\"de\"},{\"@type\":\"Organization\",\"@id\":\"https:\\\/\\\/www.anjouautomation.com\\\/de\\\/#organization\",\"name\":\"Anjou Automation\",\"url\":\"https:\\\/\\\/www.anjouautomation.com\\\/de\\\/\",\"logo\":{\"@type\":\"ImageObject\",\"inLanguage\":\"de\",\"@id\":\"https:\\\/\\\/www.anjouautomation.com\\\/de\\\/#\\\/schema\\\/logo\\\/image\\\/\",\"url\":\"https:\\\/\\\/www.anjouautomation.com\\\/wp-content\\\/uploads\\\/2020\\\/05\\\/logo-anjou-automation.png\",\"contentUrl\":\"https:\\\/\\\/www.anjouautomation.com\\\/wp-content\\\/uploads\\\/2020\\\/05\\\/logo-anjou-automation.png\",\"width\":301,\"height\":66,\"caption\":\"Anjou Automation\"},\"image\":{\"@id\":\"https:\\\/\\\/www.anjouautomation.com\\\/de\\\/#\\\/schema\\\/logo\\\/image\\\/\"}}]}<\/script>\n<!-- \/ Yoast SEO plugin. -->","yoast_head_json":{"title":"Polyclim Reihe 2000 - Anjou Automation","robots":{"index":"index","follow":"follow","max-snippet":"max-snippet:-1","max-image-preview":"max-image-preview:large","max-video-preview":"max-video-preview:-1"},"canonical":"https:\/\/www.anjouautomation.com\/de\/produit\/polyclim-reihe-2000\/","og_locale":"de_DE","og_type":"article","og_title":"Polyclim Reihe 2000 - Anjou Automation","og_description":"\u2022 Verwaltung der Bel\u00fcftungssteuerung. Automatische Steuerung durch Temperatursensor CTN (mitgeliefert) und proportionale Regulierung. Leistung nicht im Lieferumfang enthalten (siehe Seite \u201eC1MA\u201c in Schaltschr\u00e4nken).  \u2022 Wettermessf\u00fchler k\u00f6nnen angeschlossen werden, um Ihre Anlage zu sichern.  \u2022 Alle Regulatoren verf\u00fcgen \u00fcber die Funktionen Aufpumpen und Alarm. Manueller Modus integriert mithilfe von Schaltern Schlie\u00dfen\/0\/Auto\/0\/\u00d6ffnen.  \u2022 4 Versionen der erh\u00e4ltlichen Regulatoren:   Bel\u00fcftung 1 Seite  Bel\u00fcftung 2 Seiten  Bel\u00fcftung 1 Seite + Seitenbel\u00fcftungen  Beschattung","og_url":"https:\/\/www.anjouautomation.com\/de\/produit\/polyclim-reihe-2000\/","og_site_name":"Anjou Automation","article_modified_time":"2025-12-10T08:46:41+00:00","og_image":[{"width":800,"height":800,"url":"https:\/\/www.anjouautomation.com\/wp-content\/uploads\/2020\/02\/polyclim-2000.jpg","type":"image\/jpeg"}],"twitter_card":"summary_large_image","twitter_misc":{"Gesch\u00e4tzte Lesezeit":"1\u00a0Minute"},"schema":{"@context":"https:\/\/schema.org","@graph":[{"@type":"WebPage","@id":"https:\/\/www.anjouautomation.com\/de\/produit\/polyclim-reihe-2000\/","url":"https:\/\/www.anjouautomation.com\/de\/produit\/polyclim-reihe-2000\/","name":"Polyclim Reihe 2000 - Anjou Automation","isPartOf":{"@id":"https:\/\/www.anjouautomation.com\/de\/#website"},"primaryImageOfPage":{"@id":"https:\/\/www.anjouautomation.com\/de\/produit\/polyclim-reihe-2000\/#primaryimage"},"image":{"@id":"https:\/\/www.anjouautomation.com\/de\/produit\/polyclim-reihe-2000\/#primaryimage"},"thumbnailUrl":"https:\/\/www.anjouautomation.com\/wp-content\/uploads\/2020\/02\/polyclim-2000.jpg","datePublished":"2020-02-18T09:10:38+00:00","dateModified":"2025-12-10T08:46:41+00:00","breadcrumb":{"@id":"https:\/\/www.anjouautomation.com\/de\/produit\/polyclim-reihe-2000\/#breadcrumb"},"inLanguage":"de","potentialAction":[{"@type":"ReadAction","target":["https:\/\/www.anjouautomation.com\/de\/produit\/polyclim-reihe-2000\/"]}]},{"@type":"ImageObject","inLanguage":"de","@id":"https:\/\/www.anjouautomation.com\/de\/produit\/polyclim-reihe-2000\/#primaryimage","url":"https:\/\/www.anjouautomation.com\/wp-content\/uploads\/2020\/02\/polyclim-2000.jpg","contentUrl":"https:\/\/www.anjouautomation.com\/wp-content\/uploads\/2020\/02\/polyclim-2000.jpg","width":800,"height":800},{"@type":"BreadcrumbList","@id":"https:\/\/www.anjouautomation.com\/de\/produit\/polyclim-reihe-2000\/#breadcrumb","itemListElement":[{"@type":"ListItem","position":1,"name":"Startseite","item":"https:\/\/www.anjouautomation.com\/de\/"},{"@type":"ListItem","position":2,"name":"Die Produkte","item":"https:\/\/www.anjouautomation.com\/de\/i-prodotti\/"},{"@type":"ListItem","position":3,"name":"Klima \/ Sensoren","item":"https:\/\/www.anjouautomation.com\/de\/categorie-produit\/klima-sensoren\/"},{"@type":"ListItem","position":4,"name":"Polyclim Reihe 2000"}]},{"@type":"WebSite","@id":"https:\/\/www.anjouautomation.com\/de\/#website","url":"https:\/\/www.anjouautomation.com\/de\/","name":"Anjou Automation","description":"\u00c9quipements de r\u00e9gulation et d&#039;automatisme","publisher":{"@id":"https:\/\/www.anjouautomation.com\/de\/#organization"},"potentialAction":[{"@type":"SearchAction","target":{"@type":"EntryPoint","urlTemplate":"https:\/\/www.anjouautomation.com\/de\/?s={search_term_string}"},"query-input":{"@type":"PropertyValueSpecification","valueRequired":true,"valueName":"search_term_string"}}],"inLanguage":"de"},{"@type":"Organization","@id":"https:\/\/www.anjouautomation.com\/de\/#organization","name":"Anjou Automation","url":"https:\/\/www.anjouautomation.com\/de\/","logo":{"@type":"ImageObject","inLanguage":"de","@id":"https:\/\/www.anjouautomation.com\/de\/#\/schema\/logo\/image\/","url":"https:\/\/www.anjouautomation.com\/wp-content\/uploads\/2020\/05\/logo-anjou-automation.png","contentUrl":"https:\/\/www.anjouautomation.com\/wp-content\/uploads\/2020\/05\/logo-anjou-automation.png","width":301,"height":66,"caption":"Anjou Automation"},"image":{"@id":"https:\/\/www.anjouautomation.com\/de\/#\/schema\/logo\/image\/"}}]}},"_links":{"self":[{"href":"https:\/\/www.anjouautomation.com\/de\/wp-json\/wp\/v2\/product\/85984","targetHints":{"allow":["GET"]}}],"collection":[{"href":"https:\/\/www.anjouautomation.com\/de\/wp-json\/wp\/v2\/product"}],"about":[{"href":"https:\/\/www.anjouautomation.com\/de\/wp-json\/wp\/v2\/types\/product"}],"wp:featuredmedia":[{"embeddable":true,"href":"https:\/\/www.anjouautomation.com\/de\/wp-json\/wp\/v2\/media\/85246"}],"wp:attachment":[{"href":"https:\/\/www.anjouautomation.com\/de\/wp-json\/wp\/v2\/media?parent=85984"}],"wp:term":[{"taxonomy":"product_brand","embeddable":true,"href":"https:\/\/www.anjouautomation.com\/de\/wp-json\/wp\/v2\/product_brand?post=85984"},{"taxonomy":"product_cat","embeddable":true,"href":"https:\/\/www.anjouautomation.com\/de\/wp-json\/wp\/v2\/product_cat?post=85984"},{"taxonomy":"product_tag","embeddable":true,"href":"https:\/\/www.anjouautomation.com\/de\/wp-json\/wp\/v2\/product_tag?post=85984"}],"curies":[{"name":"wp","href":"https:\/\/api.w.org\/{rel}","templated":true}]}}