{"id":95814,"date":"2025-12-08T08:44:41","date_gmt":"2025-12-08T07:44:41","guid":{"rendered":"https:\/\/www.anjouautomation.com\/?page_id=95814"},"modified":"2025-12-08T08:48:38","modified_gmt":"2025-12-08T07:48:38","slug":"der-leitfaden","status":"publish","type":"page","link":"https:\/\/www.anjouautomation.com\/de\/dokumente\/der-leitfaden\/","title":{"rendered":"Der Leitfaden"},"content":{"rendered":"<div class=\"wpb-content-wrapper\"><p>[vc_row row_height_percent=&#8220;0&#8243; override_padding=&#8220;yes&#8220; h_padding=&#8220;2&#8243; top_padding=&#8220;3&#8243; bottom_padding=&#8220;3&#8243; back_image=&#8220;83618&#8243; back_repeat=&#8220;no-repeat&#8220; back_position=&#8220;center center&#8220; overlay_alpha=&#8220;50&#8243; gutter_size=&#8220;3&#8243; column_width_percent=&#8220;100&#8243; shift_y=&#8220;0&#8243; z_index=&#8220;0&#8243;][vc_column column_width_percent=&#8220;100&#8243; align_horizontal=&#8220;align_center&#8220; gutter_size=&#8220;2&#8243; style=&#8220;dark&#8220; overlay_alpha=&#8220;50&#8243; shift_x=&#8220;0&#8243; shift_y=&#8220;0&#8243; shift_y_down=&#8220;0&#8243; z_index=&#8220;0&#8243; medium_width=&#8220;0&#8243; mobile_width=&#8220;0&#8243; width=&#8220;1\/1&#8243;][vc_icon icon=&#8220;fa fa-book-open&#8220; icon_color=&#8220;blanc&#8220; size=&#8220;fa-2x&#8220;][\/vc_icon][vc_custom_heading heading_semantic=&#8220;h1&#8243; text_size=&#8220;h1&#8243; uncode_shortcode_id=&#8220;118910&#8243;]Der Leitfaden[\/vc_custom_heading][vc_column_text uncode_shortcode_id=&#8220;139291&#8243;]F\u00fcr Gew\u00e4chshausbetreiber ist die Wahl des richtigen Regelsystems entscheidend, um die Produktivit\u00e4t zu maximieren und gleichzeitig Energiekosten und Verluste zu minimieren. Unser Produktauswahlleitfaden ist ein wertvolles Hilfsmittel, um die f\u00fcr Ihre spezifischen Anforderungen am besten geeigneten Regelungsl\u00f6sungen zu finden.[\/vc_column_text][\/vc_column][\/vc_row][vc_row row_height_percent=&#8220;0&#8243; override_padding=&#8220;yes&#8220; h_padding=&#8220;2&#8243; top_padding=&#8220;3&#8243; bottom_padding=&#8220;3&#8243; overlay_alpha=&#8220;50&#8243; gutter_size=&#8220;3&#8243; column_width_percent=&#8220;100&#8243; shift_y=&#8220;0&#8243; z_index=&#8220;0&#8243; el_id=&#8220;dwnld_grid&#8220;][vc_column width=&#8220;1\/1&#8243;][vc_raw_html]W3NkbV9zaG93X2RsX2Zyb21fY2F0ZWdvcnkgY2F0ZWdvcnlfc2x1Zz0iR3VpZGUgZGUgY2hvaXgiIGZhbmN5PSIxIiBvcmRlcmJ5PSJ0aXRsZSIgb3JkZXI9ImFzYyIgYnV0dG9uX3RleHQ9IkhlcnVudGVybGFkZW4iXQ==[\/vc_raw_html][\/vc_column][\/vc_row]<\/p>\n<\/div>","protected":false},"excerpt":{"rendered":"<p>[vc_row row_height_percent=&#8220;0&#8243; override_padding=&#8220;yes&#8220; h_padding=&#8220;2&#8243; top_padding=&#8220;3&#8243; bottom_padding=&#8220;3&#8243; back_image=&#8220;83618&#8243; back_repeat=&#8220;no-repeat&#8220; back_position=&#8220;center center&#8220; overlay_alpha=&#8220;50&#8243; gutter_size=&#8220;3&#8243; column_width_percent=&#8220;100&#8243; shift_y=&#8220;0&#8243; z_index=&#8220;0&#8243;][vc_column column_width_percent=&#8220;100&#8243; align_horizontal=&#8220;align_center&#8220; gutter_size=&#8220;2&#8243; style=&#8220;dark&#8220; overlay_alpha=&#8220;50&#8243; [&hellip;]<\/p>\n","protected":false},"author":2,"featured_media":0,"parent":84682,"menu_order":0,"comment_status":"closed","ping_status":"closed","template":"","meta":{"footnotes":""},"class_list":["post-95814","page","type-page","status-publish","hentry"],"yoast_head":"<!-- This site is optimized with the Yoast SEO plugin v27.4 - https:\/\/yoast.com\/product\/yoast-seo-wordpress\/ -->\n<title>Der Leitfaden - Anjou Automation | Regulierungs- und Automatisierungsausr\u00fcstung<\/title>\n<meta name=\"description\" content=\"Hier finden Sie unsere kaufm\u00e4nnischen Produktunterlagen.\" \/>\n<meta name=\"robots\" content=\"index, follow, max-snippet:-1, max-image-preview:large, max-video-preview:-1\" \/>\n<link rel=\"canonical\" href=\"https:\/\/www.anjouautomation.com\/de\/dokumente\/der-leitfaden\/\" \/>\n<meta property=\"og:locale\" content=\"de_DE\" \/>\n<meta property=\"og:type\" content=\"article\" \/>\n<meta property=\"og:title\" content=\"Der Leitfaden - Anjou Automation | Regulierungs- und Automatisierungsausr\u00fcstung\" \/>\n<meta property=\"og:description\" content=\"Hier finden Sie unsere kaufm\u00e4nnischen Produktunterlagen.\" \/>\n<meta property=\"og:url\" content=\"https:\/\/www.anjouautomation.com\/de\/dokumente\/der-leitfaden\/\" \/>\n<meta property=\"og:site_name\" content=\"Anjou Automation\" \/>\n<meta property=\"article:modified_time\" content=\"2025-12-08T07:48:38+00:00\" \/>\n<meta property=\"og:image\" content=\"https:\/\/www.anjouautomation.com\/wp-content\/uploads\/2020\/07\/open-graph.jpg\" \/>\n\t<meta property=\"og:image:width\" content=\"1200\" \/>\n\t<meta property=\"og:image:height\" content=\"627\" \/>\n\t<meta property=\"og:image:type\" content=\"image\/jpeg\" \/>\n<meta name=\"twitter:card\" content=\"summary_large_image\" \/>\n<meta name=\"twitter:label1\" content=\"Gesch\u00e4tzte Lesezeit\" \/>\n\t<meta name=\"twitter:data1\" content=\"1\u00a0Minute\" \/>\n<script type=\"application\/ld+json\" class=\"yoast-schema-graph\">{\"@context\":\"https:\\\/\\\/schema.org\",\"@graph\":[{\"@type\":\"WebPage\",\"@id\":\"https:\\\/\\\/www.anjouautomation.com\\\/de\\\/dokumente\\\/der-leitfaden\\\/\",\"url\":\"https:\\\/\\\/www.anjouautomation.com\\\/de\\\/dokumente\\\/der-leitfaden\\\/\",\"name\":\"Der Leitfaden - Anjou Automation | Regulierungs- und Automatisierungsausr\u00fcstung\",\"isPartOf\":{\"@id\":\"https:\\\/\\\/www.anjouautomation.com\\\/de\\\/#website\"},\"datePublished\":\"2025-12-08T07:44:41+00:00\",\"dateModified\":\"2025-12-08T07:48:38+00:00\",\"description\":\"Hier finden Sie unsere kaufm\u00e4nnischen Produktunterlagen.\",\"breadcrumb\":{\"@id\":\"https:\\\/\\\/www.anjouautomation.com\\\/de\\\/dokumente\\\/der-leitfaden\\\/#breadcrumb\"},\"inLanguage\":\"de\",\"potentialAction\":[{\"@type\":\"ReadAction\",\"target\":[\"https:\\\/\\\/www.anjouautomation.com\\\/de\\\/dokumente\\\/der-leitfaden\\\/\"]}]},{\"@type\":\"BreadcrumbList\",\"@id\":\"https:\\\/\\\/www.anjouautomation.com\\\/de\\\/dokumente\\\/der-leitfaden\\\/#breadcrumb\",\"itemListElement\":[{\"@type\":\"ListItem\",\"position\":1,\"name\":\"Startseite\",\"item\":\"https:\\\/\\\/www.anjouautomation.com\\\/de\\\/\"},{\"@type\":\"ListItem\",\"position\":2,\"name\":\"Dokumente\",\"item\":\"https:\\\/\\\/www.anjouautomation.com\\\/de\\\/dokumente\\\/\"},{\"@type\":\"ListItem\",\"position\":3,\"name\":\"Der Leitfaden\"}]},{\"@type\":\"WebSite\",\"@id\":\"https:\\\/\\\/www.anjouautomation.com\\\/de\\\/#website\",\"url\":\"https:\\\/\\\/www.anjouautomation.com\\\/de\\\/\",\"name\":\"Anjou Automation\",\"description\":\"\u00c9quipements de r\u00e9gulation et d&#039;automatisme\",\"publisher\":{\"@id\":\"https:\\\/\\\/www.anjouautomation.com\\\/de\\\/#organization\"},\"potentialAction\":[{\"@type\":\"SearchAction\",\"target\":{\"@type\":\"EntryPoint\",\"urlTemplate\":\"https:\\\/\\\/www.anjouautomation.com\\\/de\\\/?s={search_term_string}\"},\"query-input\":{\"@type\":\"PropertyValueSpecification\",\"valueRequired\":true,\"valueName\":\"search_term_string\"}}],\"inLanguage\":\"de\"},{\"@type\":\"Organization\",\"@id\":\"https:\\\/\\\/www.anjouautomation.com\\\/de\\\/#organization\",\"name\":\"Anjou Automation\",\"url\":\"https:\\\/\\\/www.anjouautomation.com\\\/de\\\/\",\"logo\":{\"@type\":\"ImageObject\",\"inLanguage\":\"de\",\"@id\":\"https:\\\/\\\/www.anjouautomation.com\\\/de\\\/#\\\/schema\\\/logo\\\/image\\\/\",\"url\":\"https:\\\/\\\/www.anjouautomation.com\\\/wp-content\\\/uploads\\\/2020\\\/05\\\/logo-anjou-automation.png\",\"contentUrl\":\"https:\\\/\\\/www.anjouautomation.com\\\/wp-content\\\/uploads\\\/2020\\\/05\\\/logo-anjou-automation.png\",\"width\":301,\"height\":66,\"caption\":\"Anjou Automation\"},\"image\":{\"@id\":\"https:\\\/\\\/www.anjouautomation.com\\\/de\\\/#\\\/schema\\\/logo\\\/image\\\/\"}}]}<\/script>\n<!-- \/ Yoast SEO plugin. -->","yoast_head_json":{"title":"Der Leitfaden - Anjou Automation | Regulierungs- und Automatisierungsausr\u00fcstung","description":"Hier finden Sie unsere kaufm\u00e4nnischen Produktunterlagen.","robots":{"index":"index","follow":"follow","max-snippet":"max-snippet:-1","max-image-preview":"max-image-preview:large","max-video-preview":"max-video-preview:-1"},"canonical":"https:\/\/www.anjouautomation.com\/de\/dokumente\/der-leitfaden\/","og_locale":"de_DE","og_type":"article","og_title":"Der Leitfaden - Anjou Automation | Regulierungs- und Automatisierungsausr\u00fcstung","og_description":"Hier finden Sie unsere kaufm\u00e4nnischen Produktunterlagen.","og_url":"https:\/\/www.anjouautomation.com\/de\/dokumente\/der-leitfaden\/","og_site_name":"Anjou Automation","article_modified_time":"2025-12-08T07:48:38+00:00","og_image":[{"width":1200,"height":627,"url":"https:\/\/www.anjouautomation.com\/wp-content\/uploads\/2020\/07\/open-graph.jpg","type":"image\/jpeg"}],"twitter_card":"summary_large_image","twitter_misc":{"Gesch\u00e4tzte Lesezeit":"1\u00a0Minute"},"schema":{"@context":"https:\/\/schema.org","@graph":[{"@type":"WebPage","@id":"https:\/\/www.anjouautomation.com\/de\/dokumente\/der-leitfaden\/","url":"https:\/\/www.anjouautomation.com\/de\/dokumente\/der-leitfaden\/","name":"Der Leitfaden - Anjou Automation | Regulierungs- und Automatisierungsausr\u00fcstung","isPartOf":{"@id":"https:\/\/www.anjouautomation.com\/de\/#website"},"datePublished":"2025-12-08T07:44:41+00:00","dateModified":"2025-12-08T07:48:38+00:00","description":"Hier finden Sie unsere kaufm\u00e4nnischen Produktunterlagen.","breadcrumb":{"@id":"https:\/\/www.anjouautomation.com\/de\/dokumente\/der-leitfaden\/#breadcrumb"},"inLanguage":"de","potentialAction":[{"@type":"ReadAction","target":["https:\/\/www.anjouautomation.com\/de\/dokumente\/der-leitfaden\/"]}]},{"@type":"BreadcrumbList","@id":"https:\/\/www.anjouautomation.com\/de\/dokumente\/der-leitfaden\/#breadcrumb","itemListElement":[{"@type":"ListItem","position":1,"name":"Startseite","item":"https:\/\/www.anjouautomation.com\/de\/"},{"@type":"ListItem","position":2,"name":"Dokumente","item":"https:\/\/www.anjouautomation.com\/de\/dokumente\/"},{"@type":"ListItem","position":3,"name":"Der Leitfaden"}]},{"@type":"WebSite","@id":"https:\/\/www.anjouautomation.com\/de\/#website","url":"https:\/\/www.anjouautomation.com\/de\/","name":"Anjou Automation","description":"\u00c9quipements de r\u00e9gulation et d&#039;automatisme","publisher":{"@id":"https:\/\/www.anjouautomation.com\/de\/#organization"},"potentialAction":[{"@type":"SearchAction","target":{"@type":"EntryPoint","urlTemplate":"https:\/\/www.anjouautomation.com\/de\/?s={search_term_string}"},"query-input":{"@type":"PropertyValueSpecification","valueRequired":true,"valueName":"search_term_string"}}],"inLanguage":"de"},{"@type":"Organization","@id":"https:\/\/www.anjouautomation.com\/de\/#organization","name":"Anjou Automation","url":"https:\/\/www.anjouautomation.com\/de\/","logo":{"@type":"ImageObject","inLanguage":"de","@id":"https:\/\/www.anjouautomation.com\/de\/#\/schema\/logo\/image\/","url":"https:\/\/www.anjouautomation.com\/wp-content\/uploads\/2020\/05\/logo-anjou-automation.png","contentUrl":"https:\/\/www.anjouautomation.com\/wp-content\/uploads\/2020\/05\/logo-anjou-automation.png","width":301,"height":66,"caption":"Anjou Automation"},"image":{"@id":"https:\/\/www.anjouautomation.com\/de\/#\/schema\/logo\/image\/"}}]}},"_links":{"self":[{"href":"https:\/\/www.anjouautomation.com\/de\/wp-json\/wp\/v2\/pages\/95814","targetHints":{"allow":["GET"]}}],"collection":[{"href":"https:\/\/www.anjouautomation.com\/de\/wp-json\/wp\/v2\/pages"}],"about":[{"href":"https:\/\/www.anjouautomation.com\/de\/wp-json\/wp\/v2\/types\/page"}],"author":[{"embeddable":true,"href":"https:\/\/www.anjouautomation.com\/de\/wp-json\/wp\/v2\/users\/2"}],"replies":[{"embeddable":true,"href":"https:\/\/www.anjouautomation.com\/de\/wp-json\/wp\/v2\/comments?post=95814"}],"version-history":[{"count":10,"href":"https:\/\/www.anjouautomation.com\/de\/wp-json\/wp\/v2\/pages\/95814\/revisions"}],"predecessor-version":[{"id":95931,"href":"https:\/\/www.anjouautomation.com\/de\/wp-json\/wp\/v2\/pages\/95814\/revisions\/95931"}],"up":[{"embeddable":true,"href":"https:\/\/www.anjouautomation.com\/de\/wp-json\/wp\/v2\/pages\/84682"}],"wp:attachment":[{"href":"https:\/\/www.anjouautomation.com\/de\/wp-json\/wp\/v2\/media?parent=95814"}],"curies":[{"name":"wp","href":"https:\/\/api.w.org\/{rel}","templated":true}]}}