{"id":94921,"date":"2025-01-22T10:42:01","date_gmt":"2025-01-22T09:42:01","guid":{"rendered":"https:\/\/www.anjouautomation.com\/dokumentation\/verkaufsdokumentation-fuer-die-mechanisierung\/"},"modified":"2025-01-22T14:19:51","modified_gmt":"2025-01-22T13:19:51","slug":"mechanisierung","status":"publish","type":"page","link":"https:\/\/www.anjouautomation.com\/de\/dokumentation\/mechanisierung\/","title":{"rendered":"Verkaufsdokumentation f\u00fcr die Mechanisierung"},"content":{"rendered":"<div class=\"wpb-content-wrapper\"><p>[vc_row row_height_percent=&#8220;0&#8243; override_padding=&#8220;yes&#8220; h_padding=&#8220;2&#8243; top_padding=&#8220;3&#8243; bottom_padding=&#8220;3&#8243; back_image=&#8220;83618&#8243; back_repeat=&#8220;no-repeat&#8220; back_position=&#8220;center center&#8220; overlay_alpha=&#8220;50&#8243; gutter_size=&#8220;3&#8243; column_width_percent=&#8220;100&#8243; shift_y=&#8220;0&#8243; z_index=&#8220;0&#8243;][vc_column column_width_percent=&#8220;100&#8243; align_horizontal=&#8220;align_center&#8220; gutter_size=&#8220;2&#8243; style=&#8220;dark&#8220; overlay_alpha=&#8220;50&#8243; shift_x=&#8220;0&#8243; shift_y=&#8220;0&#8243; shift_y_down=&#8220;0&#8243; z_index=&#8220;0&#8243; medium_width=&#8220;0&#8243; mobile_width=&#8220;0&#8243; width=&#8220;1\/1&#8243;][vc_icon icon=&#8220;fa fa-document&#8220; icon_color=&#8220;blanc&#8220; size=&#8220;fa-2x&#8220; uncode_shortcode_id=&#8220;158637&#8243; icon_color_type=&#8220;uncode-palette&#8220;][\/vc_icon][vc_custom_heading auto_text=&#8220;yes&#8220; heading_semantic=&#8220;h1&#8243; text_size=&#8220;h1&#8243; uncode_shortcode_id=&#8220;108706&#8243;][\/vc_custom_heading][\/vc_column][\/vc_row][vc_row][vc_column column_width_percent=&#8220;100&#8243; align_horizontal=&#8220;align_center&#8220; gutter_size=&#8220;3&#8243; overlay_alpha=&#8220;50&#8243; shift_x=&#8220;0&#8243; shift_y=&#8220;0&#8243; shift_y_down=&#8220;0&#8243; z_index=&#8220;0&#8243; medium_width=&#8220;0&#8243; mobile_width=&#8220;0&#8243; width=&#8220;1\/1&#8243; uncode_shortcode_id=&#8220;152807&#8243; el_class=&#8220;grille-pdfs&#8220;][vc_icon icon_image=&#8220;91983&#8243; heading_semantic=&#8220;div&#8220; text_size=&#8220;h5&#8243; linked_title=&#8220;yes&#8220; uncode_shortcode_id=&#8220;171651&#8243; title=&#8220;GETRIEBEMOTOR BAHNEN-ABSTANDHALTER&#8220; link=&#8220;url:https%3A%2F%2Fwww.anjouautomation.com%2Fwp-content%2Fuploads%2F2025%2F01%2FALD-ecarteur-DE.pdf|target:_blank|&#8220;][\/vc_icon][vc_icon icon_image=&#8220;91971&#8243; heading_semantic=&#8220;div&#8220; text_size=&#8220;h5&#8243; linked_title=&#8220;yes&#8220; uncode_shortcode_id=&#8220;456261&#8243; title=&#8220;HALBMONDF\u00d6RMIGE BEL\u00dcFTUNG UND FALLFENSTER&#8220; link=&#8220;url:https%3A%2F%2Fwww.anjouautomation.com%2Fwp-content%2Fuploads%2F2025%2F01%2Faeration-demi-lune-et-guillotine-DE.pdf|target:_blank|&#8220;][\/vc_icon][vc_icon icon_image=&#8220;91995&#8243; heading_semantic=&#8220;div&#8220; text_size=&#8220;h5&#8243; linked_title=&#8220;yes&#8220; uncode_shortcode_id=&#8220;160442&#8243; title=&#8220;ALD ANTRIEB F\u00dcR WICKELL\u00dcFTUNG&#8220; link=&#8220;url:https%3A%2F%2Fwww.anjouautomation.com%2Fwp-content%2Fuploads%2F2025%2F01%2FALD-par-enroulement-D.pdf|target:_blank|&#8220;][\/vc_icon][vc_icon icon_image=&#8220;92007&#8243; heading_semantic=&#8220;div&#8220; text_size=&#8220;h5&#8243; linked_title=&#8220;yes&#8220; uncode_shortcode_id=&#8220;139951&#8243; title=&#8220;ALD GETRIEBEMOTOREN F\u00dcR BEL\u00dcFTUNG DACHFIRSTL\u00dcFTUNG \/ BESCHATTUNG&#8220; link=&#8220;url:https%3A%2F%2Fwww.anjouautomation.com%2Fwp-content%2Fuploads%2F2025%2F01%2FALD-par-faitage-DE.pdf|target:_blank|&#8220;][\/vc_icon][vc_icon icon_image=&#8220;92019&#8243; media_size=&#8220;Cart-monted gear motors&#8220; heading_semantic=&#8220;div&#8220; text_size=&#8220;h5&#8243; linked_title=&#8220;yes&#8220; uncode_shortcode_id=&#8220;210767&#8243; title=&#8220;ALD GETRIEBEMOTOR AM WAGEN&#8220; link=&#8220;url:https%3A%2F%2Fwww.anjouautomation.com%2Fwp-content%2Fuploads%2F2025%2F01%2FALD-sur-chariot-DE.pdf|target:_blank|&#8220;][\/vc_icon][vc_icon icon_image=&#8220;92031&#8243; heading_semantic=&#8220;div&#8220; text_size=&#8220;h5&#8243; linked_title=&#8220;yes&#8220; uncode_shortcode_id=&#8220;139763&#8243; title=&#8220;AOD GETRIEBEMOTOR BAHNEN-ABSTANDHALTER&#8220; link=&#8220;url:https%3A%2F%2Fwww.anjouautomation.com%2Fwp-content%2Fuploads%2F2025%2F01%2FAOD-ecarteur-DE.pdf|target:_blank|&#8220;][\/vc_icon][vc_icon icon_image=&#8220;91839&#8243; heading_semantic=&#8220;div&#8220; text_size=&#8220;h5&#8243; linked_title=&#8220;yes&#8220; uncode_shortcode_id=&#8220;282385&#8243; title=&#8220;AOD ANTRIEB F\u00dcR WICKELL\u00dcFTUNG&#8220; link=&#8220;url:https%3A%2F%2Fwww.anjouautomation.com%2Fwp-content%2Fuploads%2F2025%2F01%2FAOD-par-enroulement-DE.pdf|target:_blank|&#8220;][\/vc_icon][vc_icon icon_image=&#8220;91851&#8243; heading_semantic=&#8220;div&#8220; text_size=&#8220;h5&#8243; linked_title=&#8220;yes&#8220; uncode_shortcode_id=&#8220;156322&#8243; title=&#8220;AOD ANTRIEB F\u00dcR DACHFIRSTL\u00dcFTUNG \/ BESCHATTUNG&#8220; link=&#8220;url:https%3A%2F%2Fwww.anjouautomation.com%2Fwp-content%2Fuploads%2F2025%2F01%2FAOD-par-faitage-DE.pdf|target:_blank|&#8220;][\/vc_icon][vc_icon icon_image=&#8220;91863&#8243; heading_semantic=&#8220;div&#8220; text_size=&#8220;h5&#8243; linked_title=&#8220;yes&#8220; uncode_shortcode_id=&#8220;144669&#8243; title=&#8220;AOD GETRIEBEMOTOR AM WAGEN&#8220; link=&#8220;url:https%3A%2F%2Fwww.anjouautomation.com%2Fwp-content%2Fuploads%2F2025%2F01%2FAOD-par-enroulement-DE.pdf|target:_blank|&#8220;][\/vc_icon][vc_icon icon_image=&#8220;91875&#8243; heading_semantic=&#8220;div&#8220; text_size=&#8220;h5&#8243; linked_title=&#8220;yes&#8220; uncode_shortcode_id=&#8220;112152&#8243; title=&#8220;TELESKOPARM&#8220; link=&#8220;url:https%3A%2F%2Fwww.anjouautomation.com%2Fwp-content%2Fuploads%2F2025%2F01%2FAOD-par-faitage-DE.pdf|target:_blank|&#8220;][\/vc_icon][vc_icon icon_image=&#8220;91887&#8243; heading_semantic=&#8220;div&#8220; text_size=&#8220;h5&#8243; linked_title=&#8220;yes&#8220; uncode_shortcode_id=&#8220;715413&#8243; title=&#8220;WICKLUNG MIT TELESKOPARM&#8220; link=&#8220;url:https%3A%2F%2Fwww.anjouautomation.com%2Fwp-content%2Fuploads%2F2025%2F01%2Fenroulement-avec-bras-telescopique-DE.pdf|target:_blank|&#8220;][\/vc_icon][vc_icon icon_image=&#8220;91899&#8243; heading_semantic=&#8220;div&#8220; text_size=&#8220;h5&#8243; linked_title=&#8220;yes&#8220; uncode_shortcode_id=&#8220;191919&#8243; title=&#8220;WICKLUNG DIREKT AUF DEM WAGEN&#8220; link=&#8220;url:https%3A%2F%2Fwww.anjouautomation.com%2Fwp-content%2Fuploads%2F2025%2F01%2Fenroulement-direct-sur-chariot-DE.pdf|target:_blank|&#8220;][\/vc_icon][vc_icon icon_image=&#8220;91911&#8243; heading_semantic=&#8220;div&#8220; text_size=&#8220;h5&#8243; linked_title=&#8220;yes&#8220; uncode_shortcode_id=&#8220;309026&#8243; title=&#8220;DIREKTE WICKLUNG VIERKANTROHR&#8220; link=&#8220;url:https%3A%2F%2Fwww.anjouautomation.com%2Fwp-content%2Fuploads%2F2025%2F01%2Fenroulement-direct-tube-carre-DE.pdf|target:_blank|&#8220;][\/vc_icon][vc_icon icon_image=&#8220;91923&#8243; heading_semantic=&#8220;div&#8220; text_size=&#8220;h5&#8243; linked_title=&#8220;yes&#8220; uncode_shortcode_id=&#8220;208795&#8243; title=&#8220;DIREKTE WICKLUNG RUNDROHR&#8220; link=&#8220;url:https%3A%2F%2Fwww.anjouautomation.com%2Fwp-content%2Fuploads%2F2025%2F01%2Fenroulement-direct-tube-rond-DE.pdf|target:_blank|&#8220;][\/vc_icon][vc_icon icon_image=&#8220;91935&#8243; heading_semantic=&#8220;div&#8220; text_size=&#8220;h5&#8243; linked_title=&#8220;yes&#8220; uncode_shortcode_id=&#8220;845345&#8243; title=&#8220;ABSTANDHALTER&#8220; link=&#8220;url:https%3A%2F%2Fwww.anjouautomation.com%2Fwp-content%2Fuploads%2F2025%2F01%2Fenroulement-ecarteur-DE.pdf|target:_blank|&#8220;][\/vc_icon][vc_icon icon_image=&#8220;91947&#8243; heading_semantic=&#8220;div&#8220; text_size=&#8220;h5&#8243; linked_title=&#8220;yes&#8220; uncode_shortcode_id=&#8220;973984&#8243; title=&#8220;WICKLUNG AUSSENSEITE&#8220; link=&#8220;url:https%3A%2F%2Fwww.anjouautomation.com%2Fwp-content%2Fuploads%2F2025%2F01%2Fenroulement-facade-DE.pdf|target:_blank|&#8220;][\/vc_icon][vc_icon icon_image=&#8220;91959&#8243; heading_semantic=&#8220;div&#8220; text_size=&#8220;h5&#8243; linked_title=&#8220;yes&#8220; uncode_shortcode_id=&#8220;115335&#8243; title=&#8220;ECKUMLENKUNG&#8220; link=&#8220;url:https%3A%2F%2Fwww.anjouautomation.com%2Fwp-content%2Fuploads%2F2025%2F01%2Frenvoi-dangle-1-DE.pdf|target:_blank|&#8220;][\/vc_icon][vc_icon icon_image=&#8220;91959&#8243; heading_semantic=&#8220;div&#8220; text_size=&#8220;h5&#8243; linked_title=&#8220;yes&#8220; uncode_shortcode_id=&#8220;115335&#8243; title=&#8220;ECKUMLENKUNG&#8220; link=&#8220;url:https%3A%2F%2Fwww.anjouautomation.com%2Fwp-content%2Fuploads%2F2025%2F01%2Frenvoi-dangle-1-DE.pdf|target:_blank|&#8220;][\/vc_icon][vc_icon icon_image=&#8220;91959&#8243; heading_semantic=&#8220;div&#8220; text_size=&#8220;h5&#8243; linked_title=&#8220;yes&#8220; uncode_shortcode_id=&#8220;115335&#8243; title=&#8220;ECKUMLENKUNG&#8220; link=&#8220;url:https%3A%2F%2Fwww.anjouautomation.com%2Fwp-content%2Fuploads%2F2025%2F01%2Frenvoi-dangle-1-DE.pdf|target:_blank|&#8220;][\/vc_icon][\/vc_column][\/vc_row]<\/p>\n<\/div>","protected":false},"excerpt":{"rendered":"<p>[vc_row row_height_percent=&#8220;0&#8243; override_padding=&#8220;yes&#8220; h_padding=&#8220;2&#8243; top_padding=&#8220;3&#8243; bottom_padding=&#8220;3&#8243; back_image=&#8220;83618&#8243; back_repeat=&#8220;no-repeat&#8220; back_position=&#8220;center center&#8220; overlay_alpha=&#8220;50&#8243; gutter_size=&#8220;3&#8243; column_width_percent=&#8220;100&#8243; shift_y=&#8220;0&#8243; z_index=&#8220;0&#8243;][vc_column column_width_percent=&#8220;100&#8243; align_horizontal=&#8220;align_center&#8220; gutter_size=&#8220;2&#8243; style=&#8220;dark&#8220; overlay_alpha=&#8220;50&#8243; [&hellip;]<\/p>\n","protected":false},"author":1,"featured_media":0,"parent":90932,"menu_order":0,"comment_status":"closed","ping_status":"closed","template":"","meta":{"footnotes":""},"class_list":["post-94921","page","type-page","status-publish","hentry"],"yoast_head":"<!-- This site is optimized with the Yoast SEO plugin v27.5 - https:\/\/yoast.com\/product\/yoast-seo-wordpress\/ -->\n<title>Verkaufsdokumentation f\u00fcr die Mechanisierung - Anjou Automation<\/title>\n<meta name=\"robots\" content=\"noindex, nofollow\" \/>\n<meta property=\"og:locale\" content=\"de_DE\" \/>\n<meta property=\"og:type\" content=\"article\" \/>\n<meta property=\"og:title\" content=\"Verkaufsdokumentation f\u00fcr die Mechanisierung - Anjou Automation\" \/>\n<meta property=\"og:description\" content=\"[vc_row row_height_percent=&#8220;0&#8243; override_padding=&#8220;yes&#8220; h_padding=&#8220;2&#8243; top_padding=&#8220;3&#8243; bottom_padding=&#8220;3&#8243; back_image=&#8220;83618&#8243; back_repeat=&#8220;no-repeat&#8220; back_position=&#8220;center center&#8220; overlay_alpha=&#8220;50&#8243; gutter_size=&#8220;3&#8243; column_width_percent=&#8220;100&#8243; shift_y=&#8220;0&#8243; z_index=&#8220;0&#8243;][vc_column column_width_percent=&#8220;100&#8243; align_horizontal=&#8220;align_center&#8220; gutter_size=&#8220;2&#8243; style=&#8220;dark&#8220; overlay_alpha=&#8220;50&#8243; [&hellip;]\" \/>\n<meta property=\"og:url\" content=\"https:\/\/www.anjouautomation.com\/de\/dokumentation\/mechanisierung\/\" \/>\n<meta property=\"og:site_name\" content=\"Anjou Automation\" \/>\n<meta property=\"article:modified_time\" content=\"2025-01-22T13:19:51+00:00\" \/>\n<meta property=\"og:image\" content=\"https:\/\/www.anjouautomation.com\/wp-content\/uploads\/2020\/07\/open-graph.jpg\" \/>\n\t<meta property=\"og:image:width\" content=\"1200\" \/>\n\t<meta property=\"og:image:height\" content=\"627\" \/>\n\t<meta property=\"og:image:type\" content=\"image\/jpeg\" \/>\n<meta name=\"twitter:card\" content=\"summary_large_image\" \/>\n<meta name=\"twitter:label1\" content=\"Gesch\u00e4tzte Lesezeit\" \/>\n\t<meta name=\"twitter:data1\" content=\"4\u00a0Minuten\" \/>\n<script type=\"application\/ld+json\" class=\"yoast-schema-graph\">{\"@context\":\"https:\\\/\\\/schema.org\",\"@graph\":[{\"@type\":\"WebPage\",\"@id\":\"https:\\\/\\\/www.anjouautomation.com\\\/de\\\/dokumentation\\\/mechanisierung\\\/\",\"url\":\"https:\\\/\\\/www.anjouautomation.com\\\/de\\\/dokumentation\\\/mechanisierung\\\/\",\"name\":\"Verkaufsdokumentation f\u00fcr die Mechanisierung - Anjou Automation\",\"isPartOf\":{\"@id\":\"https:\\\/\\\/www.anjouautomation.com\\\/de\\\/#website\"},\"datePublished\":\"2025-01-22T09:42:01+00:00\",\"dateModified\":\"2025-01-22T13:19:51+00:00\",\"breadcrumb\":{\"@id\":\"https:\\\/\\\/www.anjouautomation.com\\\/de\\\/dokumentation\\\/mechanisierung\\\/#breadcrumb\"},\"inLanguage\":\"de\",\"potentialAction\":[{\"@type\":\"ReadAction\",\"target\":[\"https:\\\/\\\/www.anjouautomation.com\\\/de\\\/dokumentation\\\/mechanisierung\\\/\"]}]},{\"@type\":\"BreadcrumbList\",\"@id\":\"https:\\\/\\\/www.anjouautomation.com\\\/de\\\/dokumentation\\\/mechanisierung\\\/#breadcrumb\",\"itemListElement\":[{\"@type\":\"ListItem\",\"position\":1,\"name\":\"Startseite\",\"item\":\"https:\\\/\\\/www.anjouautomation.com\\\/de\\\/\"},{\"@type\":\"ListItem\",\"position\":2,\"name\":\"Produktbl\u00e4tter\",\"item\":\"https:\\\/\\\/www.anjouautomation.com\\\/de\\\/sales-documentation\\\/\"},{\"@type\":\"ListItem\",\"position\":3,\"name\":\"Verkaufsdokumentation f\u00fcr die Mechanisierung\"}]},{\"@type\":\"WebSite\",\"@id\":\"https:\\\/\\\/www.anjouautomation.com\\\/de\\\/#website\",\"url\":\"https:\\\/\\\/www.anjouautomation.com\\\/de\\\/\",\"name\":\"Anjou Automation\",\"description\":\"\u00c9quipements de r\u00e9gulation et d&#039;automatisme\",\"publisher\":{\"@id\":\"https:\\\/\\\/www.anjouautomation.com\\\/de\\\/#organization\"},\"potentialAction\":[{\"@type\":\"SearchAction\",\"target\":{\"@type\":\"EntryPoint\",\"urlTemplate\":\"https:\\\/\\\/www.anjouautomation.com\\\/de\\\/?s={search_term_string}\"},\"query-input\":{\"@type\":\"PropertyValueSpecification\",\"valueRequired\":true,\"valueName\":\"search_term_string\"}}],\"inLanguage\":\"de\"},{\"@type\":\"Organization\",\"@id\":\"https:\\\/\\\/www.anjouautomation.com\\\/de\\\/#organization\",\"name\":\"Anjou Automation\",\"url\":\"https:\\\/\\\/www.anjouautomation.com\\\/de\\\/\",\"logo\":{\"@type\":\"ImageObject\",\"inLanguage\":\"de\",\"@id\":\"https:\\\/\\\/www.anjouautomation.com\\\/de\\\/#\\\/schema\\\/logo\\\/image\\\/\",\"url\":\"https:\\\/\\\/www.anjouautomation.com\\\/wp-content\\\/uploads\\\/2020\\\/05\\\/logo-anjou-automation.png\",\"contentUrl\":\"https:\\\/\\\/www.anjouautomation.com\\\/wp-content\\\/uploads\\\/2020\\\/05\\\/logo-anjou-automation.png\",\"width\":301,\"height\":66,\"caption\":\"Anjou Automation\"},\"image\":{\"@id\":\"https:\\\/\\\/www.anjouautomation.com\\\/de\\\/#\\\/schema\\\/logo\\\/image\\\/\"}}]}<\/script>\n<!-- \/ Yoast SEO plugin. -->","yoast_head_json":{"title":"Verkaufsdokumentation f\u00fcr die Mechanisierung - Anjou Automation","robots":{"index":"noindex","follow":"nofollow"},"og_locale":"de_DE","og_type":"article","og_title":"Verkaufsdokumentation f\u00fcr die Mechanisierung - Anjou Automation","og_description":"[vc_row row_height_percent=&#8220;0&#8243; override_padding=&#8220;yes&#8220; h_padding=&#8220;2&#8243; top_padding=&#8220;3&#8243; bottom_padding=&#8220;3&#8243; back_image=&#8220;83618&#8243; back_repeat=&#8220;no-repeat&#8220; back_position=&#8220;center center&#8220; overlay_alpha=&#8220;50&#8243; gutter_size=&#8220;3&#8243; column_width_percent=&#8220;100&#8243; shift_y=&#8220;0&#8243; z_index=&#8220;0&#8243;][vc_column column_width_percent=&#8220;100&#8243; align_horizontal=&#8220;align_center&#8220; gutter_size=&#8220;2&#8243; style=&#8220;dark&#8220; overlay_alpha=&#8220;50&#8243; [&hellip;]","og_url":"https:\/\/www.anjouautomation.com\/de\/dokumentation\/mechanisierung\/","og_site_name":"Anjou Automation","article_modified_time":"2025-01-22T13:19:51+00:00","og_image":[{"width":1200,"height":627,"url":"https:\/\/www.anjouautomation.com\/wp-content\/uploads\/2020\/07\/open-graph.jpg","type":"image\/jpeg"}],"twitter_card":"summary_large_image","twitter_misc":{"Gesch\u00e4tzte Lesezeit":"4\u00a0Minuten"},"schema":{"@context":"https:\/\/schema.org","@graph":[{"@type":"WebPage","@id":"https:\/\/www.anjouautomation.com\/de\/dokumentation\/mechanisierung\/","url":"https:\/\/www.anjouautomation.com\/de\/dokumentation\/mechanisierung\/","name":"Verkaufsdokumentation f\u00fcr die Mechanisierung - Anjou Automation","isPartOf":{"@id":"https:\/\/www.anjouautomation.com\/de\/#website"},"datePublished":"2025-01-22T09:42:01+00:00","dateModified":"2025-01-22T13:19:51+00:00","breadcrumb":{"@id":"https:\/\/www.anjouautomation.com\/de\/dokumentation\/mechanisierung\/#breadcrumb"},"inLanguage":"de","potentialAction":[{"@type":"ReadAction","target":["https:\/\/www.anjouautomation.com\/de\/dokumentation\/mechanisierung\/"]}]},{"@type":"BreadcrumbList","@id":"https:\/\/www.anjouautomation.com\/de\/dokumentation\/mechanisierung\/#breadcrumb","itemListElement":[{"@type":"ListItem","position":1,"name":"Startseite","item":"https:\/\/www.anjouautomation.com\/de\/"},{"@type":"ListItem","position":2,"name":"Produktbl\u00e4tter","item":"https:\/\/www.anjouautomation.com\/de\/sales-documentation\/"},{"@type":"ListItem","position":3,"name":"Verkaufsdokumentation f\u00fcr die Mechanisierung"}]},{"@type":"WebSite","@id":"https:\/\/www.anjouautomation.com\/de\/#website","url":"https:\/\/www.anjouautomation.com\/de\/","name":"Anjou Automation","description":"\u00c9quipements de r\u00e9gulation et d&#039;automatisme","publisher":{"@id":"https:\/\/www.anjouautomation.com\/de\/#organization"},"potentialAction":[{"@type":"SearchAction","target":{"@type":"EntryPoint","urlTemplate":"https:\/\/www.anjouautomation.com\/de\/?s={search_term_string}"},"query-input":{"@type":"PropertyValueSpecification","valueRequired":true,"valueName":"search_term_string"}}],"inLanguage":"de"},{"@type":"Organization","@id":"https:\/\/www.anjouautomation.com\/de\/#organization","name":"Anjou Automation","url":"https:\/\/www.anjouautomation.com\/de\/","logo":{"@type":"ImageObject","inLanguage":"de","@id":"https:\/\/www.anjouautomation.com\/de\/#\/schema\/logo\/image\/","url":"https:\/\/www.anjouautomation.com\/wp-content\/uploads\/2020\/05\/logo-anjou-automation.png","contentUrl":"https:\/\/www.anjouautomation.com\/wp-content\/uploads\/2020\/05\/logo-anjou-automation.png","width":301,"height":66,"caption":"Anjou Automation"},"image":{"@id":"https:\/\/www.anjouautomation.com\/de\/#\/schema\/logo\/image\/"}}]}},"_links":{"self":[{"href":"https:\/\/www.anjouautomation.com\/de\/wp-json\/wp\/v2\/pages\/94921","targetHints":{"allow":["GET"]}}],"collection":[{"href":"https:\/\/www.anjouautomation.com\/de\/wp-json\/wp\/v2\/pages"}],"about":[{"href":"https:\/\/www.anjouautomation.com\/de\/wp-json\/wp\/v2\/types\/page"}],"author":[{"embeddable":true,"href":"https:\/\/www.anjouautomation.com\/de\/wp-json\/wp\/v2\/users\/1"}],"replies":[{"embeddable":true,"href":"https:\/\/www.anjouautomation.com\/de\/wp-json\/wp\/v2\/comments?post=94921"}],"version-history":[{"count":6,"href":"https:\/\/www.anjouautomation.com\/de\/wp-json\/wp\/v2\/pages\/94921\/revisions"}],"predecessor-version":[{"id":95000,"href":"https:\/\/www.anjouautomation.com\/de\/wp-json\/wp\/v2\/pages\/94921\/revisions\/95000"}],"up":[{"embeddable":true,"href":"https:\/\/www.anjouautomation.com\/de\/wp-json\/wp\/v2\/pages\/90932"}],"wp:attachment":[{"href":"https:\/\/www.anjouautomation.com\/de\/wp-json\/wp\/v2\/media?parent=94921"}],"curies":[{"name":"wp","href":"https:\/\/api.w.org\/{rel}","templated":true}]}}